{"id":674,"date":"2011-03-07T11:27:41","date_gmt":"2011-03-07T11:27:41","guid":{"rendered":"http:\/\/ailab.ijs.si\/"},"modified":"2021-07-28T17:06:26","modified_gmt":"2021-07-28T17:06:26","slug":"internal-seminar","status":"publish","type":"page","link":"https:\/\/ailab.ijs.si\/si\/internal-seminar\/","title":{"rendered":"Interni seminar"},"content":{"rendered":"<p>At the weekly department meetings the lab holds internal seminars presented by researchers or visiting guests.<\/p>\n<table width=\"568\">\n<tbody>\n<tr>\n<td width=\"84\"><strong>28.7.2021<\/strong><\/td>\n<td width=\"423\"><strong>Abdul Sittar<\/strong><\/td>\n<\/tr>\n<tr>\n<td><\/td>\n<td width=\"258\">Spatio-temporal analysis (Covid Crisis)<\/td>\n<\/tr>\n<tr>\n<td width=\"84\"><strong>21.7.2021<\/strong><\/td>\n<td width=\"423\"><strong>Elena Trajkova <\/strong><\/td>\n<\/tr>\n<tr>\n<td><\/td>\n<td width=\"258\">Monitoring stress with a wrist device using context<\/td>\n<\/tr>\n<tr>\n<td width=\"84\"><strong>14.7.2021<\/strong><\/td>\n<td width=\"423\"><strong>Alenka Gu\u010dek<\/strong><\/td>\n<\/tr>\n<tr>\n<td><\/td>\n<td width=\"258\">Lessons learned from the cell biology research<\/td>\n<\/tr>\n<tr>\n<td width=\"84\"><strong>7.7.2021<\/strong><\/td>\n<td width=\"423\"><strong>Filip Koprivec, Gregor Kr\u017emanc<\/strong><\/td>\n<\/tr>\n<tr>\n<td><\/td>\n<td width=\"258\">H2020 Infinitech<\/td>\n<\/tr>\n<tr>\n<td width=\"84\"><strong>30.6.2021<\/strong><\/td>\n<td width=\"423\"><strong>Alja\u017e Ko\u0161merlj, Erik Novak, <\/strong><strong>Patrik Zajec <\/strong><\/td>\n<\/tr>\n<tr>\n<td><\/td>\n<td width=\"258\">Automatic Anonymisation of Court Rulings<\/td>\n<\/tr>\n<tr>\n<td width=\"84\"><strong>23.6.2021<\/strong><\/td>\n<td width=\"423\"><strong>Gullal Singh Cheema<\/strong><\/td>\n<\/tr>\n<tr>\n<td><\/td>\n<td width=\"258\">Multimodal claim detection on Social Media<\/td>\n<\/tr>\n<tr>\n<td width=\"84\"><strong>16.6.2021<\/strong><\/td>\n<td width=\"423\"><strong>Gal Petkov\u0161ek<\/strong><\/td>\n<\/tr>\n<tr>\n<td><\/td>\n<td width=\"258\">Optimization of global production scheduling with deep reinforcement learning<\/td>\n<\/tr>\n<tr>\n<td width=\"84\"><strong>9.6.2021<\/strong><\/td>\n<td width=\"423\"><strong>Luis Rei<\/strong><\/td>\n<\/tr>\n<tr>\n<td><\/td>\n<td width=\"258\">H2020 project SILKNOW<\/td>\n<\/tr>\n<tr>\n<td width=\"84\"><strong>2.6.2021<\/strong><\/td>\n<td width=\"423\"><strong>Maja \u0160krjanc, Filip Koprivec and Gregor Kr\u017emanc<\/strong><\/td>\n<\/tr>\n<tr>\n<td><\/td>\n<td width=\"258\">H2020 project INFINITECH<\/td>\n<\/tr>\n<tr>\n<td width=\"84\"><strong>26.5.2021<\/strong><\/td>\n<td width=\"423\"><strong>Marko Grobelnik<\/strong><\/td>\n<\/tr>\n<tr>\n<td><\/td>\n<td width=\"258\">Overview of future Horizon proposals<\/td>\n<\/tr>\n<tr>\n<td width=\"84\"><strong>19.5.2021<\/strong><\/td>\n<td width=\"423\"><strong>Patrik Zajec<\/strong><\/td>\n<\/tr>\n<tr>\n<td><\/td>\n<td width=\"258\">Question generation<\/td>\n<\/tr>\n<tr>\n<td width=\"84\"><strong>11.5.2021<\/strong><\/td>\n<td width=\"423\"><strong>Dr. Miha Cimperman<\/strong><\/td>\n<\/tr>\n<tr>\n<td><\/td>\n<td width=\"258\">H2020 project Cog-Lo<\/td>\n<\/tr>\n<tr>\n<td width=\"84\"><strong>4.5.2021<\/strong><\/td>\n<td width=\"423\"><strong>Polona \u0160kraba Stani\u010d<\/strong><\/td>\n<\/tr>\n<tr>\n<td><\/td>\n<td width=\"258\">Overview of current proposals in the works<\/td>\n<\/tr>\n<tr>\n<td width=\"84\"><strong>28.4.2021<\/strong><\/td>\n<td width=\"423\"><strong>Abdul Sittar <\/strong><\/td>\n<\/tr>\n<tr>\n<td><\/td>\n<td width=\"258\">The 3rd Learning Week within the CLEOPATRA project<\/td>\n<\/tr>\n<tr>\n<td width=\"84\"><strong>21.4.2021<\/strong><\/td>\n<td width=\"423\"><strong>Mateja \u0160kraba<\/strong><\/td>\n<\/tr>\n<tr>\n<td><\/td>\n<td width=\"258\">Departmental promotion and dissemination material<\/td>\n<\/tr>\n<tr>\n<td width=\"84\"><strong>14.4.2021<\/strong><\/td>\n<td width=\"423\"><strong>Jo\u017ee Ro\u017eanec<\/strong><\/td>\n<\/tr>\n<tr>\n<td><\/td>\n<td width=\"258\">Explainable AI for decision-making<\/td>\n<\/tr>\n<tr>\n<td width=\"84\"><strong>7.4.2021<\/strong><\/td>\n<td width=\"423\"><strong>Dr. Andrej Bauer, FMF<\/strong><\/td>\n<\/tr>\n<tr>\n<td><\/td>\n<td width=\"258\">How do proof assistants?<\/td>\n<\/tr>\n<tr>\n<td width=\"84\"><strong>31.3.2021<\/strong><\/td>\n<td width=\"423\"><strong>Dr. Alja\u017e Ko\u0161merlj<\/strong><\/td>\n<\/tr>\n<tr>\n<td><\/td>\n<td width=\"258\">The Web Conference 2021<\/td>\n<\/tr>\n<tr>\n<td width=\"84\"><strong>24.3.2021<\/strong><\/td>\n<td width=\"423\"><strong>Matej Posinkovi\u0107, Matej Kova\u010di\u010d<\/strong><\/td>\n<\/tr>\n<tr>\n<td><\/td>\n<td width=\"258\">H2020 project: TheyBuyForYou<\/td>\n<\/tr>\n<tr>\n<td width=\"84\"><strong>17.3.2021<\/strong><\/td>\n<td width=\"423\"><strong>Besher Massri,<\/strong><strong>\u00a0Jakob Jelen\u010di\u010d <\/strong><\/td>\n<\/tr>\n<tr>\n<td><\/td>\n<td width=\"258\">OECD ongoing work<\/td>\n<\/tr>\n<tr>\n<td width=\"84\"><strong>10.3.2021<\/strong><\/td>\n<td width=\"423\"><strong> Martin Bo\u017ei\u010d\u00a0<\/strong><\/td>\n<\/tr>\n<tr>\n<td><\/td>\n<td width=\"258\"><strong>Vejice 1.0<\/strong> - \"The use of the BERT model in positioning commas in Slovenian texts\"<\/td>\n<\/tr>\n<tr>\n<td width=\"84\"><strong>3.3.2021<\/strong><\/td>\n<td width=\"423\"><strong>Dr. Dunja Mladeni\u0107 <\/strong><\/td>\n<\/tr>\n<tr>\n<td><\/td>\n<td width=\"258\">H2020 project SILKNOW<\/td>\n<\/tr>\n<tr>\n<td width=\"84\"><strong>24.2.2021<\/strong><\/td>\n<td width=\"423\"><strong>Dr. Alja\u017e Ko\u0161merlj, Jo\u017ee Ro\u017eanec\u00a0<\/strong><\/td>\n<\/tr>\n<tr>\n<td><\/td>\n<td width=\"258\">H2020 FACTLOG project progress<\/td>\n<\/tr>\n<tr>\n<td width=\"84\"><strong>17.2.2021<\/strong><\/td>\n<td width=\"423\"><strong>Dr. Ayse Saliha Sunar<\/strong><\/td>\n<\/tr>\n<tr>\n<td><\/td>\n<td width=\"258\">ERASMUS+ project BRIDGES: Bridging Educational Emergency to Digital Pedagogies<\/td>\n<\/tr>\n<tr>\n<td width=\"84\"><strong>10.2.2021<\/strong><\/td>\n<td width=\"423\"><strong>Dr. Inna Novalija<\/strong><\/td>\n<\/tr>\n<tr>\n<td><\/td>\n<td width=\"258\">H2020 project ODEUROPA<\/td>\n<\/tr>\n<tr>\n<td width=\"84\"><strong>3.2.2021<\/strong><\/td>\n<td width=\"423\"><strong>Dr. Bla\u017e Fortuna, Qlector<\/strong><\/td>\n<\/tr>\n<tr>\n<td><\/td>\n<td width=\"258\">H2020 projects in QLECTOR<\/td>\n<\/tr>\n<tr>\n<td width=\"84\"><strong>27.1.2021<\/strong><\/td>\n<td width=\"423\"><strong>Swati, Abdul Sittar <\/strong><\/td>\n<\/tr>\n<tr>\n<td><\/td>\n<td width=\"258\">CLEOPATRA Learning Week<\/td>\n<\/tr>\n<tr>\n<td width=\"84\"><strong>20.1.2021<\/strong><\/td>\n<td width=\"423\"><strong>Bla\u017e Fortuna, Alja\u017e Ko\u0161merlj, Klemen Kenda, Matic Erzno\u017enik, Gal Petkov\u0161ek<\/strong><\/td>\n<\/tr>\n<tr>\n<td><\/td>\n<td width=\"258\">H2020 STAR, FactLog, AquaSPICE and NAIDES<\/td>\n<\/tr>\n<tr>\n<td width=\"84\"><strong>13.1.2021<\/strong><\/td>\n<td width=\"423\"><strong>Erik Novak<\/strong><\/td>\n<\/tr>\n<tr>\n<td><\/td>\n<td width=\"258\">H2020 x5gon project<\/td>\n<\/tr>\n<tr>\n<td width=\"84\"><strong>6.1.2021<\/strong><\/td>\n<td width=\"423\"><strong>Dr. Joao Pita Costa<\/strong><\/td>\n<\/tr>\n<tr>\n<td><\/td>\n<td width=\"258\">NAIADES Water Observatory<\/td>\n<\/tr>\n<\/tbody>\n<\/table>\n<p><\/p>","protected":false},"excerpt":{"rendered":"<p>At the weekly department meetings the lab holds internal seminars presented by researchers or visiting guests. 28.7.2021 Abdul Sittar Spatio-temporal analysis (Covid Crisis) 21.7.2021 Elena Trajkova Monitoring stress with a wrist device using context 14.7.2021 Alenka Gu\u010dek Lessons learned from the cell biology research 7.7.2021 Filip Koprivec, Gregor Kr\u017emanc H2020 Infinitech 30.6.2021 Alja\u017e Ko\u0161merlj, Erik [&hellip;]<\/p>\n","protected":false},"author":42,"featured_media":0,"parent":0,"menu_order":7,"comment_status":"closed","ping_status":"closed","template":"","meta":{"footnotes":"","_links_to":"","_links_to_target":""},"class_list":["post-674","page","type-page","status-publish","hentry"],"_links":{"self":[{"href":"https:\/\/ailab.ijs.si\/si\/wp-json\/wp\/v2\/pages\/674","targetHints":{"allow":["GET"]}}],"collection":[{"href":"https:\/\/ailab.ijs.si\/si\/wp-json\/wp\/v2\/pages"}],"about":[{"href":"https:\/\/ailab.ijs.si\/si\/wp-json\/wp\/v2\/types\/page"}],"author":[{"embeddable":true,"href":"https:\/\/ailab.ijs.si\/si\/wp-json\/wp\/v2\/users\/42"}],"replies":[{"embeddable":true,"href":"https:\/\/ailab.ijs.si\/si\/wp-json\/wp\/v2\/comments?post=674"}],"version-history":[{"count":83,"href":"https:\/\/ailab.ijs.si\/si\/wp-json\/wp\/v2\/pages\/674\/revisions"}],"predecessor-version":[{"id":4550,"href":"https:\/\/ailab.ijs.si\/si\/wp-json\/wp\/v2\/pages\/674\/revisions\/4550"}],"wp:attachment":[{"href":"https:\/\/ailab.ijs.si\/si\/wp-json\/wp\/v2\/media?parent=674"}],"curies":[{"name":"wp","href":"https:\/\/api.w.org\/{rel}","templated":true}]}}