{"id":600,"date":"2011-01-24T12:57:51","date_gmt":"2011-01-24T12:57:51","guid":{"rendered":"http:\/\/ailab.ijs.si\/?page_id=600"},"modified":"2020-05-04T21:08:11","modified_gmt":"2020-05-04T21:08:11","slug":"misc","status":"publish","type":"page","link":"https:\/\/ailab.ijs.si\/si\/publications\/past-projects\/misc\/","title":{"rendered":"Misc"},"content":{"rendered":"<p><\/p>\n<div>\n<h1>\nMisc<\/h1>\n<p>Publications<\/p>\n<p>J. Davies, M. Grobelnik, D. Mladenic:\u00a0<a href=\"http:\/\/www.amazon.com\/Semantic-Knowledge-Management-Integrating-Technologies\/dp\/3540888446\/\">Semantic Knowledge Management: Integrating Ontology Management, Knowledge Discovery, and Human Language Technologies<\/a><\/p>\n<p>Igor Mozeti\u010d and Damjan Bojad\u017eiev:\u00a0<a href=\"http:\/\/ponta.ijs.si\/mozetic\/papers\/MozBoj-Context-CaO-06.pdf\">Reasoning with temporal context in news analysis<\/a><\/p>\n<p>Igor Mozeti\u010d -\u00a0<a href=\"http:\/\/ponta.ijs.si\/mozetic\/bibl\/\">List of Publications<\/a><\/p>\n<p>B. Fortuna, J. Shawe-Taylor: The use of machine translation tools for cross-lingual text mining. Learning With Multiple Views, Workshop at the 22nd International Conference on Machine Learning (ICML)<\/p>\n<p>Bo\u0161tjan Pajntar:\u00a0<a href=\"http:\/\/kt.ijs.si\/Dunja\/SiKDD2006\/Papers\/Pajntar.pdf\">Overview of Algorithms for Graph Drawing<\/a><\/p>\n<p>B. Fortuna, D. Mladenic: Using string kernels for classification of Slovenian Web documents. In the proceedings 29th Annual Conference of the German Classification Society (GfKl 2005).<\/p>\n<p>B. Fortuna, M. Grobelnik, D. Mladenic:\u00a0<a href=\"http:\/\/analytics.ijs.si\/~blazf\/papers\/OntoGen_ECML2005_jurnal.pdf\">Semi-automatic Construction of Topic Ontology<\/a>. Semantics, Web and Mining, Joint International Workshop, EWMF 2005 and KDO 2005, Porto, Portugal, October 3-7, 2005, Revised Selected Papers.<\/p>\n<p>B. Fortuna, M. Grobelnik, D. Mladenic:\u00a0<a href=\"http:\/\/analytics.ijs.si\/~blazf\/papers\/MultiView_WWW2006.pdf\">Background Knowledge for Ontology Construction<\/a>. Poster at WWW 2006, May 23.26, 2006, Edinburgh, Scotland.<\/p>\n<p>B. Fortuna, N. Cristianini, J. Shawe-Taylor: A Kernel Canonical Correlation Analysis For Learning The Semantics Of Text. Kernel methods in bioengineering, communications and image processing, edited by G. Camps-Valls, J. L. Rojo-\u00c1lvarez &amp; M. Mart\u00ednez-Ram\u00f3n. December 2006.<\/p>\n<p>D. Mladenic,\u00a0Ivan Bratko, Ray J. Paul, M. Grobelnik. Using machine learning techniques to interpret results from discrete event simulation. Machine Learning: ECML-94.\u00a0Volume 784\/1994. Springer Berlin \/ Heidelberg.<\/p>\n<p>D. Mladenic. Feature subset selection in text-learning. Machine Learning: ECML-98.\u00a0Volume 1398\/1998. Springer Berlin \/ Heidelberg.<\/p>\n<p>D. Mladenic.\u00a0<a href=\"http:\/\/www.springerlink.com\/content\/fl013363h1129xq2\/\">Feature Selection for Dimensionality Reduction. Subspace, latent Structure and feature Selection<\/a>. Volume 3940\/2006. Springer Berlin \/ Heidelberg.<\/p>\n<p>K.\u00a0Golub, A.\u00a0Ardo, D.\u00a0Mladenic, M. Grobelnik. Comparing and Combining Two Approaches to Automated Subject Classification of Text. Research and Advanced Technology for Digital Libraries. Volume 4172\/2006. Springer Berlin \/ Heidelberg.<\/p>\n<p>M.\u00a0Ackermann (Ed.), B.\u00a0Berendt (Ed.), M.\u00a0Grobelnik (Ed.), A.\u00a0Hotho (Ed.), D.\u00a0Mladenic (Ed.), G.\u00a0Semeraro (Ed.), M.\u00a0Spiliopoulou (Ed.), G.\u00a0Stumme (Ed.), V.\u00a0Svatek (Ed.), M.\u00a0van Someren (Ed.).\u00a0<a href=\"http:\/\/www.amazon.com\/Semantics-Web-Mining-International-Workshop\/dp\/3540476970\">Semantics, Web and Mining<\/a>. Joint International Workshop, EWMF 2005 and KDO 2005, Porto, Portugal, October 3-7, 2005, Revised Selected Papers (Lecture Notes in Computer Science).<\/p>\n<\/div>\n<p><\/p>","protected":false},"excerpt":{"rendered":"<p>Misc Publications J. Davies, M. Grobelnik, D. Mladenic:\u00a0Semantic Knowledge Management: Integrating Ontology Management, Knowledge Discovery, and Human Language Technologies Igor Mozeti\u010d and Damjan Bojad\u017eiev:\u00a0Reasoning with temporal context in news analysis Igor Mozeti\u010d -\u00a0List of Publications B. Fortuna, J. Shawe-Taylor: The use of machine translation tools for cross-lingual text mining. Learning With Multiple Views, Workshop at [&hellip;]<\/p>\n","protected":false},"author":2,"featured_media":0,"parent":4078,"menu_order":8,"comment_status":"closed","ping_status":"closed","template":"","meta":{"footnotes":"","_links_to":"","_links_to_target":""},"class_list":["post-600","page","type-page","status-publish","hentry"],"_links":{"self":[{"href":"https:\/\/ailab.ijs.si\/si\/wp-json\/wp\/v2\/pages\/600","targetHints":{"allow":["GET"]}}],"collection":[{"href":"https:\/\/ailab.ijs.si\/si\/wp-json\/wp\/v2\/pages"}],"about":[{"href":"https:\/\/ailab.ijs.si\/si\/wp-json\/wp\/v2\/types\/page"}],"author":[{"embeddable":true,"href":"https:\/\/ailab.ijs.si\/si\/wp-json\/wp\/v2\/users\/2"}],"replies":[{"embeddable":true,"href":"https:\/\/ailab.ijs.si\/si\/wp-json\/wp\/v2\/comments?post=600"}],"version-history":[{"count":1,"href":"https:\/\/ailab.ijs.si\/si\/wp-json\/wp\/v2\/pages\/600\/revisions"}],"predecessor-version":[{"id":4091,"href":"https:\/\/ailab.ijs.si\/si\/wp-json\/wp\/v2\/pages\/600\/revisions\/4091"}],"up":[{"embeddable":true,"href":"https:\/\/ailab.ijs.si\/si\/wp-json\/wp\/v2\/pages\/4078"}],"wp:attachment":[{"href":"https:\/\/ailab.ijs.si\/si\/wp-json\/wp\/v2\/media?parent=600"}],"curies":[{"name":"wp","href":"https:\/\/api.w.org\/{rel}","templated":true}]}}