{"id":598,"date":"2011-01-24T12:57:05","date_gmt":"2011-01-24T12:57:05","guid":{"rendered":"http:\/\/ailab.ijs.si\/?page_id=598"},"modified":"2020-05-04T21:07:39","modified_gmt":"2020-05-04T21:07:39","slug":"ist-world-portal","status":"publish","type":"page","link":"https:\/\/ailab.ijs.si\/si\/publications\/past-projects\/ist-world-portal\/","title":{"rendered":"IST World portal"},"content":{"rendered":"<p><\/p>\n<div>\n<div id=\"text\">\n<h1>Description of IST World portal<\/h1>\n<div>\n<div>\n<p>Purpose and Functionality<\/p>\n<p>The\u00a0<a href=\"http:\/\/www.ist-world.org\/\">IST World portal<\/a> offers information about experts, research groups, centers and companies involved in creating the technologies for the growing information society. Focus of the service is the expertise and experience of relevant players in European countries. The portal itself utilizes advanced technologies for gathering, extracting, classifying and condensing relevant information as well for the detection, visualization and prediction of connections and trends.<\/p>\n<p>Availability, Preconditions and Licensing<\/p>\n<p>The portal is available at\u00a0<a href=\"http:\/\/www.ist-world.org\/\">http:\/\/www.ist-world.org\/<\/a>.<\/p>\n<p>Publications<\/p>\n<p>FERLE\u017d, Jure.\u00a0<a href=\"http:\/\/kt.ijs.si\/Dunja\/SiKDD2006\/Papers\/Ferlez.pdf\">IST world-Machine learning and data mining at work<\/a>.\u00a0V: BOHANEC, Marko (ur.), GAMS, Matja\u017e (ur.), RAJKOVI\u010c, Vladislav (ur.), URBAN\u010cI\u010c, Tanja (ur.), BERNIK, Mojca (ur.), MLADENI\u0106, Dunja (ur.), GROBELNIK, Marko (ur.), HERI\u010cKO, Marjan (ur.), KORDE\u0160, Urban (ur.), MARKI\u010c, Olga (ur.), MUSEK, Janek (ur.), OSREDKAR, Mari Jo\u017ee (ur.), KONONENKO, Igor (ur.), NOVAK \u0160KARJA, Barbara (ur.).\u00a0Zbornik 9. mednarodne multikonference Informacijska dru\u017eba IS 2006, 9. do 14. oktober 2006, (Informacijska dru\u017eba). Ljubljana: Institut \"Jo\u017eef Stefan\", 2006, str. 247-250. [COBISS.SI-ID\u00a0<a href=\"http:\/\/cobiss.izum.si\/scripts\/cobiss?command=DISPLAY&amp;lani=en&amp;base=COBIB&amp;RID=20215335\" target=\"_blank\" rel=\"noopener noreferrer\">20215335<\/a>]<\/p>\n<p>RADOVANOVI\u0106, Milo\u0161, FERLE\u017d, Jure, MLADENI\u0106, Dunja, GROBELNIK, Marko, IVANOVI\u0106, Mirjana.\u00a0Extending the IST - world database with Serbian research publications. V: BOHANEC, Marko (ur.), GAMS, Matja\u017e (ur.), RAJKOVI\u010c, Vladislav (ur.), URBAN\u010cI\u010c, Tanja (ur.), BERNIK, Mojca (ur.), MLADENI\u0106, Dunja (ur.), GROBELNIK, Marko (ur.), HERI\u010cKO, Marjan (ur.), KORDE\u0160, Urban (ur.), MARKI\u010c, Olga (ur.), MUSEK, Janek (ur.), OSREDKAR, Mari Jo\u017ee (ur.), KONONENKO, Igor (ur.), NOVAK \u0160KARJA, Barbara (ur.).\u00a0Zbornik 9. mednarodne multikonference Informacijska dru\u017eba IS 2006, 9. do 14. oktober 2006, (Informacijska dru\u017eba). Ljubljana: Institut \"Jo\u017eef Stefan\", 2006, str. 251-254.<\/p>\n<p>FERLE\u017d, Jure, JORG\u00a0Brigitte, GRABCEWSKI, Edward, Jermol Mitja.\u00a0<a href=\"http:\/\/epubs.cclrc.ac.uk\/bitstream\/905\/ISTWorld01.pdf\">IST World: European RTD Information and Service Portal.<\/a><\/p>\n<\/div>\n<\/div>\n<\/div>\n<\/div>\n<p><\/p>","protected":false},"excerpt":{"rendered":"<p>Description of IST World portal Purpose and Functionality The\u00a0IST World portal offers information about experts, research groups, centers and companies involved in creating the technologies for the growing information society. Focus of the service is the expertise and experience of relevant players in European countries. The portal itself utilizes advanced technologies for gathering, extracting, classifying [&hellip;]<\/p>\n","protected":false},"author":2,"featured_media":0,"parent":4078,"menu_order":6,"comment_status":"closed","ping_status":"closed","template":"","meta":{"footnotes":"","_links_to":"","_links_to_target":""},"class_list":["post-598","page","type-page","status-publish","hentry"],"_links":{"self":[{"href":"https:\/\/ailab.ijs.si\/si\/wp-json\/wp\/v2\/pages\/598","targetHints":{"allow":["GET"]}}],"collection":[{"href":"https:\/\/ailab.ijs.si\/si\/wp-json\/wp\/v2\/pages"}],"about":[{"href":"https:\/\/ailab.ijs.si\/si\/wp-json\/wp\/v2\/types\/page"}],"author":[{"embeddable":true,"href":"https:\/\/ailab.ijs.si\/si\/wp-json\/wp\/v2\/users\/2"}],"replies":[{"embeddable":true,"href":"https:\/\/ailab.ijs.si\/si\/wp-json\/wp\/v2\/comments?post=598"}],"version-history":[{"count":1,"href":"https:\/\/ailab.ijs.si\/si\/wp-json\/wp\/v2\/pages\/598\/revisions"}],"predecessor-version":[{"id":4089,"href":"https:\/\/ailab.ijs.si\/si\/wp-json\/wp\/v2\/pages\/598\/revisions\/4089"}],"up":[{"embeddable":true,"href":"https:\/\/ailab.ijs.si\/si\/wp-json\/wp\/v2\/pages\/4078"}],"wp:attachment":[{"href":"https:\/\/ailab.ijs.si\/si\/wp-json\/wp\/v2\/media?parent=598"}],"curies":[{"name":"wp","href":"https:\/\/api.w.org\/{rel}","templated":true}]}}