{"id":594,"date":"2011-01-24T12:55:32","date_gmt":"2011-01-24T12:55:32","guid":{"rendered":"http:\/\/ailab.ijs.si\/?page_id=594"},"modified":"2020-05-04T21:08:25","modified_gmt":"2020-05-04T21:08:25","slug":"sektbar","status":"publish","type":"page","link":"https:\/\/ailab.ijs.si\/si\/publications\/past-projects\/sektbar\/","title":{"rendered":"SEKTbar"},"content":{"rendered":"<p><\/p>\n<div>\n<h1>\nDescription of SEKTbar<\/h1>\n<p>Purpose and Functionality<\/p>\n<p>Internet Explorer plugin for monitoring user activities at the client side and server side components for collaborative filtering support \u2013 the software builds user profiles from users\u2019 activities, shares them in collaborative mode and exports them into PROTON.<\/p>\n<p>Availability, Preconditions and Licensing<\/p>\n<p>Components are publicly available in binaries at www.textmining.net<br \/>\nThe software runs under Windows platform.<\/p>\n<p>The tool is free for research purposes.<\/p>\n<p>Integration with other SEKT Tools<\/p>\n<p>Developed on the top of Text-Garden tool and integrated with Text Garden, development so far inside the SEKT project.<br \/>\nUser profiling components used in SEKTbar are integrated in Knowledge Spaces tool of SEKT WP5 [1].<\/p>\n<p>Publications<\/p>\n<p>DAVIES, J., DUKE, Alistair, KINGS, Nick, MLADENI\u0106, Dunja, BONTCHEVA, Kalina, GR\u010cAR, Miha, BENJAMINS, Richard, CONTRERAS, Jesus, BLAZQUES C\u00cdVICO, Mercedes, GLOVER, Tim. Next generation knowledge access.\u00a0Journal of knowledge management, 2005, vol. 9, 64-84<\/p>\n<p>GR\u010cAR, Miha, MLADENI\u0106, Dunja, GROBELNIK, Marko. User profiling for interest-focused browsing history. In:\u00a0Proceedings of the 8th International multi-conference Information Society IS-2005,\u00a0MARKI\u010c, Olga, GAMS, Matja\u017e, KORDE\u0160, Urban, HERI\u010cKO, Marjan, MLADENI\u0106, Dunja, GROBELNIK, Marko, ROZMAN, Ivan, RAJKOVI\u010c, Vladislav, URBAN\u010cI\u010c, Tanja, BERNIK, Mojca, BOHANEC, Marko (eds.), October 2005, Ljubljana: Institut \"Jo\u017eef Stefan\", 2005, 182-185.<\/p>\n<p>GR\u010cAR, Miha, MLADENI\u0106, Dunja, FORTUNA, Bla\u017e, GROBELNIK, Marko. Data sparsity issues in the collaborative filtering framework. In:\u00a0Advances in web mining and web usage analysis : 7th International Workshop on Knowledge Discovery on the Web, WebKDD 2005, Chicago, IL, USA, August 21, 2005 : revised papers, Lecture notes in computer science, Lecture notes in artificial intelligence, vol. 4198. Berlin; Heidelberg; New York: Springer, cop. 2006, 58-76.<\/p>\n<p>GR\u010cAR, Miha, MLADENI\u0106, Dunja, GROBELNIK, Marko. Applying collaborative filtering to real-life corporate data. In:\u00a0From data and information analysis to knowledge engineering : proceedings of the 29th annual conference of the Gesellschaft f\u00fcr Klassifikation e.V., University of Magdeburg, March 9-11, 2005, Studies in classification, data analysis, and knowledge organization. Berlin: Springer, 2006, 374-381.<\/p>\n<p>GR\u010cAR, Miha, MLADENI\u0106, Dunja, GROBELNIK, Marko. User profiling for the web.\u00a0Comput. Sci. Inf. Syst., 2006, vol. 3, no. 2, 1-29.<\/p>\n<p>[1] DAVIES, J., DUKE, Alistair, KINGS, Nick, MLADENI\u0106, Dunja, BONTCHEVA, Kalina, GR\u010cAR, Miha, BENJAMINS, Richard, CONTRERAS, Jesus, BLAZQUES C\u00cdVICO, Mercedes, GLOVER, Tim. Next generation knowledge access.\u00a0Journal of knowledge management, 2005, vol. 9, pp. 64-84.<\/p>\n<\/div>\n<p><\/p>","protected":false},"excerpt":{"rendered":"<p>Description of SEKTbar Purpose and Functionality Internet Explorer plugin for monitoring user activities at the client side and server side components for collaborative filtering support \u2013 the software builds user profiles from users\u2019 activities, shares them in collaborative mode and exports them into PROTON. Availability, Preconditions and Licensing Components are publicly available in binaries at [&hellip;]<\/p>\n","protected":false},"author":2,"featured_media":0,"parent":4078,"menu_order":4,"comment_status":"closed","ping_status":"closed","template":"","meta":{"footnotes":"","_links_to":"","_links_to_target":""},"class_list":["post-594","page","type-page","status-publish","hentry"],"_links":{"self":[{"href":"https:\/\/ailab.ijs.si\/si\/wp-json\/wp\/v2\/pages\/594","targetHints":{"allow":["GET"]}}],"collection":[{"href":"https:\/\/ailab.ijs.si\/si\/wp-json\/wp\/v2\/pages"}],"about":[{"href":"https:\/\/ailab.ijs.si\/si\/wp-json\/wp\/v2\/types\/page"}],"author":[{"embeddable":true,"href":"https:\/\/ailab.ijs.si\/si\/wp-json\/wp\/v2\/users\/2"}],"replies":[{"embeddable":true,"href":"https:\/\/ailab.ijs.si\/si\/wp-json\/wp\/v2\/comments?post=594"}],"version-history":[{"count":1,"href":"https:\/\/ailab.ijs.si\/si\/wp-json\/wp\/v2\/pages\/594\/revisions"}],"predecessor-version":[{"id":4092,"href":"https:\/\/ailab.ijs.si\/si\/wp-json\/wp\/v2\/pages\/594\/revisions\/4092"}],"up":[{"embeddable":true,"href":"https:\/\/ailab.ijs.si\/si\/wp-json\/wp\/v2\/pages\/4078"}],"wp:attachment":[{"href":"https:\/\/ailab.ijs.si\/si\/wp-json\/wp\/v2\/media?parent=594"}],"curies":[{"name":"wp","href":"https:\/\/api.w.org\/{rel}","templated":true}]}}