{"id":592,"date":"2011-01-24T12:54:54","date_gmt":"2011-01-24T12:54:54","guid":{"rendered":"http:\/\/ailab.ijs.si\/?page_id=592"},"modified":"2020-05-04T21:07:23","modified_gmt":"2020-05-04T21:07:23","slug":"documentatlas","status":"publish","type":"page","link":"https:\/\/ailab.ijs.si\/si\/publications\/past-projects\/documentatlas\/","title":{"rendered":"DocumentAtlas"},"content":{"rendered":"<p><\/p>\n<div>\n<h1>Description of DocumentAtlas<\/h1>\n<p>Purpose and Functionality<\/p>\n<p>Software for visualization and interactive browsing of textual documents \u2013 it supports 2D view and 3D (VRML) view to the contents of visualized documents. It is based on using dimensionality reduction for document visualization by first extracting main concepts from documents and than using this information to position documents on a two dimensional plane via multidimensional scaling. The final output is graphical presentation of a document set that can be plotted on a computer screen.<\/p>\n<p>Availability, Preconditions and Licensing<\/p>\n<p>Installation is publicly available in binaries at\u00a0<a href=\"http:\/\/docatlas.ijs.si\/\">http:\/\/docatlas.ijs.si\/<\/a>The software runs under Windows platform .NET framework 2.0.<\/p>\n<p>The tool is free for research purposes.<\/p>\n<p>Integration with other SEKT Tools<\/p>\n<p>Developed on the top of Text-Garden tool and integrated with Text Garden, development so far inside the SEKT project.<br \/>\nDocument Atlas is standalone tool but also integrated into OntoGen tool for semi-automatic ontology construction.<\/p>\n<p>Publications<\/p>\n<p>FORTUNA, Bla\u017e, MLADENI\u0106, Dunja, GROBELNIK, Marko. Visualization of text document corpus. Informatica (Ljublj.), 2005, vol. 29, no. 4, 497-502.<\/p>\n<p>FORTUNA, Bla\u017e, GROBELNIK, Marko, MLADENI\u0106, Dunja. Visualization of document corpus. V: AN\u017dI\u010c, Tina (ur.), GROBELNIK, Marko (ur.), HORVAT, Boris (ur.), MLADENI\u0106, Dunja (ur.), PISANSKI, Toma\u017e (ur.), SHAWE-TAYLOR, John (ur.), \u0160KVAR\u010c, Smiljana (ur.), \u017dEROVNIK, Janez (ur.). Complex objects visualization - COV 2005 : proceedings. Ljubljana: Jo\u017eef Stefan Institute: IMFM - Institute of Mathematics, Physics and Mechanics; Koper: UP - PINT, 2006.<\/p>\n<p>GROBELNIK, Marko, MLADENI\u0106, Dunja.\u00a0<a href=\"http:\/\/www.springerlink.com\/content\/1cuyk3ux3yeewv2h\/\">Visualizing Very Large Graphs Using Clustering Neighborhoods<\/a>. V: Local Pattern Detection. Volume 3539\/2005. Springer Berlin \/ Heidelberg.<\/p>\n<\/div>\n<p><\/p>","protected":false},"excerpt":{"rendered":"<p>Description of DocumentAtlas Purpose and Functionality Software for visualization and interactive browsing of textual documents \u2013 it supports 2D view and 3D (VRML) view to the contents of visualized documents. It is based on using dimensionality reduction for document visualization by first extracting main concepts from documents and than using this information to position documents [&hellip;]<\/p>\n","protected":false},"author":2,"featured_media":0,"parent":4078,"menu_order":3,"comment_status":"closed","ping_status":"closed","template":"","meta":{"footnotes":"","_links_to":"","_links_to_target":""},"class_list":["post-592","page","type-page","status-publish","hentry"],"_links":{"self":[{"href":"https:\/\/ailab.ijs.si\/si\/wp-json\/wp\/v2\/pages\/592","targetHints":{"allow":["GET"]}}],"collection":[{"href":"https:\/\/ailab.ijs.si\/si\/wp-json\/wp\/v2\/pages"}],"about":[{"href":"https:\/\/ailab.ijs.si\/si\/wp-json\/wp\/v2\/types\/page"}],"author":[{"embeddable":true,"href":"https:\/\/ailab.ijs.si\/si\/wp-json\/wp\/v2\/users\/2"}],"replies":[{"embeddable":true,"href":"https:\/\/ailab.ijs.si\/si\/wp-json\/wp\/v2\/comments?post=592"}],"version-history":[{"count":1,"href":"https:\/\/ailab.ijs.si\/si\/wp-json\/wp\/v2\/pages\/592\/revisions"}],"predecessor-version":[{"id":4088,"href":"https:\/\/ailab.ijs.si\/si\/wp-json\/wp\/v2\/pages\/592\/revisions\/4088"}],"up":[{"embeddable":true,"href":"https:\/\/ailab.ijs.si\/si\/wp-json\/wp\/v2\/pages\/4078"}],"wp:attachment":[{"href":"https:\/\/ailab.ijs.si\/si\/wp-json\/wp\/v2\/media?parent=592"}],"curies":[{"name":"wp","href":"https:\/\/api.w.org\/{rel}","templated":true}]}}