{"id":590,"date":"2011-01-24T12:53:02","date_gmt":"2011-01-24T12:53:02","guid":{"rendered":"http:\/\/ailab.ijs.si\/?page_id=590"},"modified":"2020-05-04T21:09:36","modified_gmt":"2020-05-04T21:09:36","slug":"ontogen","status":"publish","type":"page","link":"https:\/\/ailab.ijs.si\/si\/publications\/past-projects\/ontogen\/","title":{"rendered":"OntoGen"},"content":{"rendered":"<p><\/p>\n<div>\n<div id=\"text\">\n<h1>Description of OntoGen<\/h1>\n<div>\n<p>Purpose and Functionality<\/p>\n<p>Software tool for semiautomatic ontology generation from text. Current version supports building taxonomies, future versions will support building ontologies with multiple relationships.<\/p>\n<p>Availability, Preconditions and Licensing<\/p>\n<p>Installation package is publicly available in binaries at\u00a0<a href=\"http:\/\/ontogen.ijs.si\/\">ontogen.ijs.si<\/a><\/p>\n<p>The software runs under Windows platform\u00a0.NET framework 2.0.<\/p>\n<p>The tool is free for research purposes.<\/p>\n<p>Integration with other SEKT Tools<\/p>\n<p>Developed on the top of Text-Garden tool and integrated with Text Garden, development so far inside the SEKT project.<\/p>\n<p>OntoGen is standalone tool but also integrated into OntoStudio [1].<\/p>\n<p>Publications<\/p>\n<p>FORTUNA, Bla\u017e, GROBELNIK, Marko, MLADENI\u0106, Dunja. Semi-automatic data-driven ontology construction system. In:\u00a0Proceedings of the 9th\u00a0International multi-conference Information Society IS-2006,\u00a0BOHANEC, Marko, GAMS, Matja\u017e, RAJKOVI\u010c, Vladislav, URBAN\u010cI\u010c, Tanja, BERNIK, Mojca, MLADENI\u0106, Dunja, GROBELNIK, Marko, HERI\u010cKO, Marjan, KORDE\u0160, Urban, MARKI\u010c, Olga, MUSEK, Janek, OSREDKAR, Mari Jo\u017ee, KONONENKO, Igor, NOVAK \u0160KARJA, Barbara (eds.), October 2006, Ljubljana: Institut \"Jo\u017eef Stefan\", 2006, 223-226.<\/p>\n<p>FORTUNA, Bla\u017e, GROBELNIK, Marko, MLADENI\u0106, Dunja. Background knowledge for ontology construction. In:\u00a0Contexts and ontologies: theory, practice and applications, C&amp;O-2006 : papers from the ECAI workshop : [Trentino, Riva del Garda, Italy, 28 August - 1 September 2006]. [Trento: ITC-IRST], 2006, 74-80, also inPoster at WWW 2006, May 23.26, 2006, Edinburgh, Scotland<\/p>\n<p>FORTUNA, Bla\u017e, MLADENI\u0106, Dunja, GROBELNIK, Marko. Semi-automatic construction of topic ontology. In:\u00a0Proceedings of the 8th International multi-conference Information Society IS-2005,\u00a0MARKI\u010c, Olga, GAMS, Matja\u017e, KORDE\u0160, Urban, HERI\u010cKO, Marjan, MLADENI\u0106, Dunja, GROBELNIK, Marko, ROZMAN, Ivan, RAJKOVI\u010c, Vladislav, URBAN\u010cI\u010c, Tanja, BERNIK, Mojca, BOHANEC, Marko (eds.), October 2005, Ljubljana: Institut \"Jo\u017eef Stefan\", 2005, 170-173also atThe Second International Workshop on Knowledge Discovery and Ontologies at ECML 2005.<\/p>\n<p>B. Fortuna, M. Grobelnik, D. Mladenic,\u00a0System for Semi-automatic Ontology Construction,\u00a0Demo at ESWC 2006, June 11-14, 2006, Budva, Montenegro<\/p>\n<p>FORTUNA, Bla\u017e, MLADENI\u0106, Dunja, GROBELNIK, Marko. Ontologies. In: ACKERMANN, Markus (ed.), BERENDT, Bettina (ed.), GROBELNIK, Marko (ed.), MLADENI\u0106, Dunja (ed.).\u00a0Semantics, web and mining : joint international workshops, EWMF 2005 and KDO 2005, Porto, Portugal, October 3 and 7, 2005 : revised selected papers, (Lecture notes in computer science, Lecture notes in artifical intelligence, vol. 4289). Berlin; Heidelberg; New York: Springer, 2006, 121-131.<\/p>\n<p>Publications of Applications built on the top of the tool<\/p>\n<p>LJUBI\u010c, Peter, LAVRA\u010c, Nada, PLISSON, Jo\u00ebl, MLADENI\u0106, Dunja, BOLLHALTER, Stefan, JERMOL, Mitja. Automated structuring of company competencies in virtual organizations. In:\u00a0Proceedings of the 8th\u00a0International multi-conference Information Society IS-2005,\u00a0MARKI\u010c, Olga, GAMS, Matja\u017e, KORDE\u0160, Urban, HERI\u010cKO, Marjan, MLADENI\u0106, Dunja, GROBELNIK, Marko, ROZMAN, Ivan, RAJKOVI\u010c, Vladislav, URBAN\u010cI\u010c, Tanja, BERNIK, Mojca, BOHANEC, Marko (eds.), October 2005, Ljubljana: Institut \"Jo\u017eef Stefan\", 2005, 190-193.<\/p>\n<p>PLISSON, Jo\u00ebl, MLADENI\u0106, Dunja, LJUBI\u010c, Peter, LAVRA\u010c, Nada, GROBELNIK, Marko. Using machine learning to structure the expertise of companies : analysis of the Yahoo! business data. In:\u00a0Proceedings of the 8th\u00a0International multi-conference Information Society IS-2005,\u00a0MARKI\u010c, Olga, GAMS, Matja\u017e, KORDE\u0160, Urban, HERI\u010cKO, Marjan, MLADENI\u0106, Dunja, GROBELNIK, Marko, ROZMAN, Ivan, RAJKOVI\u010c, Vladislav, URBAN\u010cI\u010c, Tanja, BERNIK, Mojca, BOHANEC, Marko (eds.), October 2005, Ljubljana: Institut \"Jo\u017eef Stefan\", 2005, 186-189.<\/p>\n<p>LJUBI\u010c, Peter, LAVRA\u010c, Nada, MLADENI\u0106, Dunja, PLISSON, Jo\u00ebl, MOZETI\u010c, Igor. Automated structuring of company profiles.\u00a0Metodol. zv. (Ljubl.), 2006, vol. 3, no. 2, str. 369-380, graf. prikazi.<\/p>\n<p>BRANK, Janez, GROBELNIK, Marko, MLADENI\u0106, Dunja. A survey of ontology evaluation techniques. V: MARKI\u010c, Olga (ur.), GAMS, Matja\u017e (ur.), KORDE\u0160, Urban (ur.), HERI\u010cKO, Marjan (ur.), MLADENI\u0106, Dunja (ur.), GROBELNIK, Marko (ur.), ROZMAN, Ivan (ur.), RAJKOVI\u010c, Vladislav (ur.), URBAN\u010cI\u010c, Tanja (ur.), BERNIK, Mojca (ur.), BOHANEC, Marko (ur.).\u00a0Zbornik 8. mednarodne multikonference Informacijska dru\u017eba IS 2005, 11. do 17. oktober 2005, (Informacijska dru\u017eba). Ljubljana: Institut \"Jo\u017eef Stefan\", 2005, 166-169.<\/p>\n<p>JAKULIN, Aleks, MLADENI\u0106, Dunja. Ontology grounding. In:\u00a0Proceedings of the 8th\u00a0International multi-conference Information Society IS-2005,\u00a0MARKI\u010c, Olga, GAMS, Matja\u017e, KORDE\u0160, Urban, HERI\u010cKO, Marjan, MLADENI\u0106, Dunja, GROBELNIK, Marko, ROZMAN, Ivan, RAJKOVI\u010c, Vladislav, URBAN\u010cI\u010c, Tanja, BERNIK, Mojca, BOHANEC, Marko (eds.), October 2005, Ljubljana: Institut \"Jo\u017eef Stefan\", 2005, 174-177.<\/p>\n<div>\n<hr size=\"1\" \/>\n<div id=\"ftn1\">\n<p>[1]\u00a0OntoStudio, Ontoprise GmbH, Germany, \u00a0http:\/\/www.ontoprise.de\/content\/e1171\/e1249\/index_eng.html<\/p>\n<\/div>\n<\/div>\n<\/div>\n<\/div>\n<\/div>\n<p><\/p>","protected":false},"excerpt":{"rendered":"<p>Description of OntoGen Purpose and Functionality Software tool for semiautomatic ontology generation from text. Current version supports building taxonomies, future versions will support building ontologies with multiple relationships. Availability, Preconditions and Licensing Installation package is publicly available in binaries at\u00a0ontogen.ijs.si The software runs under Windows platform\u00a0.NET framework 2.0. The tool is free for research purposes. [&hellip;]<\/p>\n","protected":false},"author":2,"featured_media":0,"parent":4078,"menu_order":2,"comment_status":"closed","ping_status":"closed","template":"","meta":{"footnotes":"","_links_to":"","_links_to_target":""},"class_list":["post-590","page","type-page","status-publish","hentry"],"_links":{"self":[{"href":"https:\/\/ailab.ijs.si\/si\/wp-json\/wp\/v2\/pages\/590","targetHints":{"allow":["GET"]}}],"collection":[{"href":"https:\/\/ailab.ijs.si\/si\/wp-json\/wp\/v2\/pages"}],"about":[{"href":"https:\/\/ailab.ijs.si\/si\/wp-json\/wp\/v2\/types\/page"}],"author":[{"embeddable":true,"href":"https:\/\/ailab.ijs.si\/si\/wp-json\/wp\/v2\/users\/2"}],"replies":[{"embeddable":true,"href":"https:\/\/ailab.ijs.si\/si\/wp-json\/wp\/v2\/comments?post=590"}],"version-history":[{"count":1,"href":"https:\/\/ailab.ijs.si\/si\/wp-json\/wp\/v2\/pages\/590\/revisions"}],"predecessor-version":[{"id":4083,"href":"https:\/\/ailab.ijs.si\/si\/wp-json\/wp\/v2\/pages\/590\/revisions\/4083"}],"up":[{"embeddable":true,"href":"https:\/\/ailab.ijs.si\/si\/wp-json\/wp\/v2\/pages\/4078"}],"wp:attachment":[{"href":"https:\/\/ailab.ijs.si\/si\/wp-json\/wp\/v2\/media?parent=590"}],"curies":[{"name":"wp","href":"https:\/\/api.w.org\/{rel}","templated":true}]}}