{"id":588,"date":"2011-01-24T12:51:19","date_gmt":"2011-01-24T12:51:19","guid":{"rendered":"http:\/\/ailab.ijs.si\/?page_id=588"},"modified":"2020-05-04T21:05:56","modified_gmt":"2020-05-04T21:05:56","slug":"ontoclassify","status":"publish","type":"page","link":"https:\/\/ailab.ijs.si\/si\/publications\/past-projects\/ontoclassify\/","title":{"rendered":"Ontoclassify"},"content":{"rendered":"<p><\/p>\n<div>\n<h1>\nDescription of OntoClassify<\/h1>\n<p>Purpose and Functionality<\/p>\n<p>System for scalable classification of text into large topic ontologies currently including DMoz and Inspec.<\/p>\n<p>Availability, Preconditions and Licensing<\/p>\n<p>The system is available as Web service. The software runs under Windows platform. The tool is free for research purposes.<\/p>\n<p>Integration with other SEKT Tools<\/p>\n<p>Developed on the top of Text-Garden tool and integrated with Text Garden, extended for the needs of the SEKT project.<br \/>\nClassifier into Inspec is integrated in Search and Browse tool of SEKT WP5 [1].<\/p>\n<p>Publications<\/p>\n<p>MLADENI\u0106, Dunja, GROBELNIK, Marko. Feature selection on hierarchy of web documents.\u00a0Decision support systems, 2003, vol. 35, 45-87.<\/p>\n<p>MLADENI\u0106, Dunja, GROBELNIK, Marko. Mapping documents onto web page ontology. In: BERENDT, B. et al (eds.)\u00a0Web mining : from web to semantic web : First European Web Mining Forum\u00a0(Lecture notes in artificial inteligence, Lecture notes in computer science, vol. 3209). Berlin; Heidelberg; New York: Springer, 2004, 77-96.<\/p>\n<p>MLADENI\u0106, Dunja, BRANK, Janez, GROBELNIK, Marko, MILI\u0106-FRAYLING, Nata\u0161a. Feature selection using linear classifier weights : interaction with classification models. V:\u00a0Proceedings of SIGIR 2004 : the Twenty-Seventh Annual International ACM SIGIR Conference on Research and Development in Information Retrieval, [Sheffield], July 25th-29th. New York: Association for Computing Machinery, 2004, 234-241.<\/p>\n<p>GROBELNIK, Marko, MLADENI\u0106, Dunja. Simple classification into large topic ontology of web documents.\u00a0CIT. Journal of Comput. Inf. Technol., 2005, vol. 13, 279-285.<\/p>\n<p>GROBELNIK, Marko, BRANK, Janez, MLADENI\u0106, Dunja, NOVAK, Bla\u017e, FORTUNA, Bla\u017e. Using DMoz for constructing ontology from data stream. In: 28th International Conference on Information Technology Interfaces, LU\u017dAR - STIFFLER, Vesna, HLJUZ DOBRI\u0106, Vesna (eds.), June 19-22, 2006, Cavtat\/Dubrovnik, Croatia.\u00a0ITI 2006 : proceedings of the 28th International Conference on Information Technology Interfaces, June 19-22, 2006, Cavtat\/Dubrovnik, Croatia, (IEEE Catalog, No. 06EX1244). Zagreb: University of Zagreb, SRCE University Computing Centre, cop. 2006, 439-444.<\/p>\n<p>FORTUNA, Bla\u017e, GROBELNIK, Marko, MLADENI\u0106, Dunja. Classification of documents into hierarchy using string kernels. In: 29th Annual Conference of the German Classification Society, March 9-11, 2005, Magdeburg.\u00a0From data and information analysis to knowledge engineering : program and abstracts. Magdeburg: Otto-von-Guericke-University, 2005, str. 223.<\/p>\n<p>RADO\u0160EVI\u0106, Daniel, DOB\u0160A, Jasminka, MLADENI\u0106, Dunja. Flexible length phrases in document classification. V: LU\u017dAR - STIFFLER, Vesna (ur.), HLJUZ DOBRI\u0106, Vesna (ur.). 28th International Conference on Information Technology Interfaces, June 19-22, 2006, Cavtat\/Dubrovnik, Croatia.\u00a0ITI 2006 : proceedings of the 28th International Conference on Information Technology Interfaces, June 19-22, 2006, Cavtat\/Dubrovnik, Croatia, (IEEE Catalog, No. 06EX1244). Zagreb: University of Zagreb, SRCE University Computing Centre, cop. 2006, 457-462.<\/p>\n<p>RADO\u0160EVI\u0106, Daniel, DOB\u0160A, Jasminka, MLADENI\u0106, Dunja, STAPI\u0106, Zlatko, NOVAK, Miroslav. Genre document classification using flexible length phrases. V: AURER, Boris (ur.), BA\u010cA, Miroslav (ur.). 17th International Conference on Information and Intelligent Systems, September 20-22, 2006, Vara\u017edin, Croatia.Conference proceedings. Vara\u017edin: Faculty of Organisation and Informatics, FOI, cop. 2006, 23-28.<\/p>\n<p>[1] DAVIES, J., DUKE, Alistair, KINGS, Nick, MLADENI\u0106, Dunja, BONTCHEVA, Kalina, GR\u010cAR, Miha, BENJAMINS, Richard, CONTRERAS, Jesus, BLAZQUES C\u00cdVICO, Mercedes, GLOVER, Tim. Next generation knowledge access.\u00a0Journal of knowledge management, 2005, vol. 9, pp. 64-84.<\/p>\n<\/div>\n<p><\/p>","protected":false},"excerpt":{"rendered":"<p>Description of OntoClassify Purpose and Functionality System for scalable classification of text into large topic ontologies currently including DMoz and Inspec. Availability, Preconditions and Licensing The system is available as Web service. The software runs under Windows platform. The tool is free for research purposes. Integration with other SEKT Tools Developed on the top of [&hellip;]<\/p>\n","protected":false},"author":2,"featured_media":0,"parent":4078,"menu_order":1,"comment_status":"closed","ping_status":"closed","template":"","meta":{"footnotes":"","_links_to":"","_links_to_target":""},"class_list":["post-588","page","type-page","status-publish","hentry"],"_links":{"self":[{"href":"https:\/\/ailab.ijs.si\/si\/wp-json\/wp\/v2\/pages\/588","targetHints":{"allow":["GET"]}}],"collection":[{"href":"https:\/\/ailab.ijs.si\/si\/wp-json\/wp\/v2\/pages"}],"about":[{"href":"https:\/\/ailab.ijs.si\/si\/wp-json\/wp\/v2\/types\/page"}],"author":[{"embeddable":true,"href":"https:\/\/ailab.ijs.si\/si\/wp-json\/wp\/v2\/users\/2"}],"replies":[{"embeddable":true,"href":"https:\/\/ailab.ijs.si\/si\/wp-json\/wp\/v2\/comments?post=588"}],"version-history":[{"count":2,"href":"https:\/\/ailab.ijs.si\/si\/wp-json\/wp\/v2\/pages\/588\/revisions"}],"predecessor-version":[{"id":4085,"href":"https:\/\/ailab.ijs.si\/si\/wp-json\/wp\/v2\/pages\/588\/revisions\/4085"}],"up":[{"embeddable":true,"href":"https:\/\/ailab.ijs.si\/si\/wp-json\/wp\/v2\/pages\/4078"}],"wp:attachment":[{"href":"https:\/\/ailab.ijs.si\/si\/wp-json\/wp\/v2\/media?parent=588"}],"curies":[{"name":"wp","href":"https:\/\/api.w.org\/{rel}","templated":true}]}}