{"id":4445,"date":"2021-04-19T22:17:28","date_gmt":"2021-04-19T22:17:28","guid":{"rendered":"https:\/\/ailab.ijs.si\/?page_id=4445"},"modified":"2021-04-19T22:20:36","modified_gmt":"2021-04-19T22:20:36","slug":"highlights-in-2019","status":"publish","type":"page","link":"https:\/\/ailab.ijs.si\/si\/publications\/highlights\/highlights-in-2019\/","title":{"rendered":"Highlights in 2019"},"content":{"rendered":"<h3>Highlights in 2019<\/h3>\n<table width=\"568\">\n<tbody>\n<tr>\n<td width=\"20\">1<\/td>\n<td width=\"420\">UURTIO, Viivi, MONTEIRO, Jo\u00e3o M., KANDOLA, Jaz, <strong>SHAWE-TAYLOR, John<\/strong>, FERNANDEZ-REYES, Reyes, ROUSU, Juho. A tutorial on canonical correlation methods. ACM computing surveys, ISSN 0360-0300. [Print ed.], 2019, vol. 50, no. 6, str. 95-1-95-5.<\/td>\n<\/tr>\n<tr>\n<td>2<\/td>\n<td width=\"462\"><strong>SENO\u017dETNIK, Matej, BRADE\u0160KO, Luka, \u0160UBIC, Tine, HERGA, Zala, URBAN\u010cI\u010c, Jasna, \u0160KRABA, Primo\u017e, MLADENI\u0106, Dunja<\/strong>. Estimating point-of-interest rating based on visitors geospatial behaviour. Computer science and information systems, ISSN 1820-0214. [Print ed.], 2019, vol. 16, no. 1, str. 131-154.<\/td>\n<\/tr>\n<tr>\n<td>3<\/td>\n<td width=\"462\">\u017dITNIK, Marinka, NGUYEN, Francis, WANG, Bo, <strong>LESKOVEC, Jurij<\/strong>, GOLDENBERG, Anna, HOFFMAN, Michael M. Machine learning for integrating data in biology and medicine : principles, practice, and opportunities. Information fusion, ISSN 1566-2535, Oct. 2019, vol. 50, str. 71-91, ilustr. https:\/\/www.sciencedirect.com\/science\/article\/pii\/S1566253518304482#!<\/td>\n<\/tr>\n<tr>\n<td>4<\/td>\n<td width=\"462\">DOYLE, Casey,\u00a0<strong>HERGA, Zala<\/strong>, DIPPLE, Stephen, SZYMA\u0143SKI, Boles\u013aaw K., KORNISS, Gyorgy, <strong>MLADENI\u0106, Dunja<\/strong>. Predicting complex user behavior from CDR based social networks. Information sciences, ISSN 0020-0255. [Print ed.], 2019, vol. 500, 217-228.<\/td>\n<\/tr>\n<tr>\n<td>5<\/td>\n<td width=\"462\"><strong>\u0160TAJNER, Tadej, MLADENI\u0106, Dunja<\/strong>. Cross-lingual document similarity estimation and dictionary generation with comparable corpora. Knowledge and information systems, ISSN 0219-1377. [Print ed.], 2019, vol. 58, no. 3, str. 729-743.<\/td>\n<\/tr>\n<tr>\n<td>6<\/td>\n<td width=\"462\">URBAN\u010cI\u010c, Tanja, <strong>POLAJNAR, Anja, JERMOL, Mitja<\/strong>. Open education for a better world : a mentoring programme fostering design and reuse of open educational resources for sustainable development goals. Open praxis, ISSN 1369-9997, 2019, vol. 11, no. 4, str. 1-18.<\/td>\n<\/tr>\n<tr>\n<td>7<\/td>\n<td width=\"462\"><strong>KENDA, Klemen, KA\u017dI\u010c, Bla\u017e, NOVAK, Erik, MLADENI\u0106, Dunja<\/strong>. Streaming data fusion for the internet of things. Sensors, ISSN 1424-8220, 2019, vol. 19, no. 8, 1955-1-1955-27.<\/td>\n<\/tr>\n<\/tbody>\n<\/table>\n<p>&nbsp;<\/p>\n","protected":false},"excerpt":{"rendered":"<p>Highlights in 2019 1 UURTIO, Viivi, MONTEIRO, Jo\u00e3o M., KANDOLA, Jaz, SHAWE-TAYLOR, John, FERNANDEZ-REYES, Reyes, ROUSU, Juho. A tutorial on canonical correlation methods. ACM computing surveys, ISSN 0360-0300. [Print ed.], 2019, vol. 50, no. 6, str. 95-1-95-5. 2 SENO\u017dETNIK, Matej, BRADE\u0160KO, Luka, \u0160UBIC, Tine, HERGA, Zala, URBAN\u010cI\u010c, Jasna, \u0160KRABA, Primo\u017e, MLADENI\u0106, Dunja. Estimating point-of-interest rating [&hellip;]<\/p>\n","protected":false},"author":42,"featured_media":0,"parent":4080,"menu_order":0,"comment_status":"closed","ping_status":"closed","template":"","meta":{"footnotes":"","_links_to":"","_links_to_target":""},"class_list":["post-4445","page","type-page","status-publish","hentry"],"_links":{"self":[{"href":"https:\/\/ailab.ijs.si\/si\/wp-json\/wp\/v2\/pages\/4445","targetHints":{"allow":["GET"]}}],"collection":[{"href":"https:\/\/ailab.ijs.si\/si\/wp-json\/wp\/v2\/pages"}],"about":[{"href":"https:\/\/ailab.ijs.si\/si\/wp-json\/wp\/v2\/types\/page"}],"author":[{"embeddable":true,"href":"https:\/\/ailab.ijs.si\/si\/wp-json\/wp\/v2\/users\/42"}],"replies":[{"embeddable":true,"href":"https:\/\/ailab.ijs.si\/si\/wp-json\/wp\/v2\/comments?post=4445"}],"version-history":[{"count":7,"href":"https:\/\/ailab.ijs.si\/si\/wp-json\/wp\/v2\/pages\/4445\/revisions"}],"predecessor-version":[{"id":4456,"href":"https:\/\/ailab.ijs.si\/si\/wp-json\/wp\/v2\/pages\/4445\/revisions\/4456"}],"up":[{"embeddable":true,"href":"https:\/\/ailab.ijs.si\/si\/wp-json\/wp\/v2\/pages\/4080"}],"wp:attachment":[{"href":"https:\/\/ailab.ijs.si\/si\/wp-json\/wp\/v2\/media?parent=4445"}],"curies":[{"name":"wp","href":"https:\/\/api.w.org\/{rel}","templated":true}]}}