{"id":4337,"date":"2021-01-06T04:54:21","date_gmt":"2021-01-06T04:54:21","guid":{"rendered":"https:\/\/ailab.ijs.si\/?page_id=4337"},"modified":"2021-01-06T04:54:21","modified_gmt":"2021-01-06T04:54:21","slug":"seminars-in-2020","status":"publish","type":"page","link":"https:\/\/ailab.ijs.si\/si\/internal-seminar\/seminars-in-2020\/","title":{"rendered":"Seminarji v 2020"},"content":{"rendered":"<table width=\"568\">\n<tbody>\n<tr>\n<td width=\"84\"><strong>23.12.2020<\/strong><\/td>\n<td width=\"423\"><strong>Vid Kocjan<\/strong><\/td>\n<\/tr>\n<tr>\n<td><\/td>\n<td width=\"258\">Methods for measuring bias in Natural Language Processing and their drawbacks<\/td>\n<\/tr>\n<tr>\n<td><\/td>\n<td width=\"258\"><\/td>\n<\/tr>\n<tr>\n<td width=\"84\"><strong>16.12.2020<\/strong><\/td>\n<td width=\"423\"><strong>Patrik Zajec<\/strong><\/td>\n<\/tr>\n<tr>\n<td><\/td>\n<td width=\"258\">Slot-Filling and Relation Extraction<\/td>\n<\/tr>\n<tr>\n<td><\/td>\n<td width=\"258\"><\/td>\n<\/tr>\n<tr>\n<td width=\"84\"><strong>9.12.2020<\/strong><\/td>\n<td width=\"423\"><strong>Gregor Kikelj<\/strong><\/td>\n<\/tr>\n<tr>\n<td><\/td>\n<td width=\"258\">Solving self-driving cars<\/td>\n<\/tr>\n<tr>\n<td><\/td>\n<td width=\"258\"><\/td>\n<\/tr>\n<tr>\n<td width=\"84\"><strong>2.12.2020<\/strong><\/td>\n<td width=\"423\"><strong>Erik Novak, Maja \u0160krjanc<\/strong><\/td>\n<\/tr>\n<tr>\n<td><\/td>\n<td width=\"258\">H2020 project INFINITECH<\/td>\n<\/tr>\n<tr>\n<td><\/td>\n<td width=\"258\"><\/td>\n<\/tr>\n<tr>\n<td width=\"84\"><strong>25.11.2020<\/strong><\/td>\n<td width=\"423\"><strong>Dr. Inna Novalija<\/strong><\/td>\n<\/tr>\n<tr>\n<td><\/td>\n<td width=\"258\">H2020 project DataBench<\/td>\n<\/tr>\n<tr>\n<td><\/td>\n<td width=\"258\"><\/td>\n<\/tr>\n<tr>\n<td width=\"84\"><strong>18.11.2020<\/strong><\/td>\n<td width=\"423\"><strong>prof. John Shawe-Taylor<\/strong><\/td>\n<\/tr>\n<tr>\n<td><\/td>\n<td width=\"258\">A presentation regarding the ongoing work of <strong>IRCAI - the International Research Centre On Artificial Intelligence<\/strong><\/td>\n<\/tr>\n<tr>\n<td><\/td>\n<td width=\"258\"><\/td>\n<\/tr>\n<tr>\n<td width=\"84\"><strong>11.11.2020<\/strong><\/td>\n<td width=\"423\"><strong>Dr. \u017diga Zaplotnik, FMF<\/strong><\/td>\n<\/tr>\n<tr>\n<td><\/td>\n<td width=\"258\">Simulation of the COVID-19 epidemic on the simplified social network of Slovenia<\/td>\n<\/tr>\n<tr>\n<td><\/td>\n<td width=\"258\"><\/td>\n<\/tr>\n<tr>\n<td width=\"84\"><strong>4.11.2020<\/strong><\/td>\n<td width=\"423\"><strong>Dr. Miha Cimperman<\/strong><\/td>\n<\/tr>\n<tr>\n<td><\/td>\n<td width=\"258\">H2020 project COG-LO<\/td>\n<\/tr>\n<tr>\n<td><\/td>\n<td width=\"258\"><\/td>\n<\/tr>\n<tr>\n<td width=\"84\"><strong>28.10.2020<\/strong><\/td>\n<td width=\"423\"><strong>Jakob Jelen\u010di\u010d<\/strong><\/td>\n<\/tr>\n<tr>\n<td><\/td>\n<td width=\"258\">New method for creating efficient domain tailored text embeddings using wikifier and latent dirichlect allocation<\/td>\n<\/tr>\n<tr>\n<td><\/td>\n<td width=\"258\"><\/td>\n<\/tr>\n<tr>\n<td width=\"84\"><strong>21.10.2020<\/strong><\/td>\n<td width=\"423\"><strong>Matej Kova\u010di\u010d<\/strong><\/td>\n<\/tr>\n<tr>\n<td><\/td>\n<td width=\"258\">H2020 project CyberSane<\/td>\n<\/tr>\n<tr>\n<td><\/td>\n<td width=\"258\"><\/td>\n<\/tr>\n<tr>\n<td width=\"84\"><strong>14.10.2020<\/strong><\/td>\n<td width=\"423\"><strong>Jasna Urban\u010di\u010d, QMUL<\/strong><\/td>\n<\/tr>\n<tr>\n<td><\/td>\n<td width=\"258\">Optimizing Embeddings using Persistence<\/td>\n<\/tr>\n<tr>\n<td><\/td>\n<td width=\"258\"><\/td>\n<\/tr>\n<tr>\n<td width=\"84\"><strong>7.10.2020<\/strong><\/td>\n<td width=\"423\"><strong>Boris Cergol, <\/strong>Head of AI at Comtrade Digital Services<\/td>\n<\/tr>\n<tr>\n<td><\/td>\n<td width=\"258\">Generative Pre-trained Transformer 3 (GPT-3)<\/td>\n<\/tr>\n<tr>\n<td><\/td>\n<td width=\"258\"><\/td>\n<\/tr>\n<tr>\n<td width=\"84\"><strong>30.9.2020<\/strong><\/td>\n<td width=\"423\"><strong>Gregor \u017duni\u010d<\/strong><\/td>\n<\/tr>\n<tr>\n<td><\/td>\n<td width=\"258\">Hierarchical Classification of Educational Resources<\/td>\n<\/tr>\n<tr>\n<td><\/td>\n<td width=\"258\"><\/td>\n<\/tr>\n<tr>\n<td width=\"84\"><strong>23.9.2020<\/strong><\/td>\n<td width=\"423\"><strong>Matej Posinkovi\u0107<\/strong><\/td>\n<\/tr>\n<tr>\n<td><\/td>\n<td width=\"258\">H2020 project TheyBuyForYou<\/td>\n<\/tr>\n<tr>\n<td><\/td>\n<td width=\"258\"><\/td>\n<\/tr>\n<tr>\n<td width=\"84\"><strong>16.9.2020<\/strong><\/td>\n<td width=\"423\"><strong>Dr. Luka Brade\u0161ko<\/strong><\/td>\n<\/tr>\n<tr>\n<td><\/td>\n<td width=\"258\">Curious Cat app<\/td>\n<\/tr>\n<tr>\n<td><\/td>\n<td width=\"258\"><\/td>\n<\/tr>\n<tr>\n<td width=\"84\"><strong>9.9.2020<\/strong><\/td>\n<td width=\"423\"><strong>Mihajela \u010crnko<\/strong><\/td>\n<\/tr>\n<tr>\n<td><\/td>\n<td width=\"258\">videolectures.net<\/td>\n<\/tr>\n<tr>\n<td><\/td>\n<td width=\"258\"><\/td>\n<\/tr>\n<tr>\n<td width=\"84\"><strong>2.9.2020<\/strong><\/td>\n<td width=\"423\"><strong>Klemen Kenda<\/strong><\/td>\n<\/tr>\n<tr>\n<td><\/td>\n<td width=\"258\">H2020 project STAR -\u00a0 Safe and Trusted Human Centric Artificial Intelligence in Future Manufacturing Lines<\/td>\n<\/tr>\n<tr>\n<td><\/td>\n<td width=\"258\"><\/td>\n<\/tr>\n<tr>\n<td width=\"84\"><strong>19.8.2020<\/strong><\/td>\n<td width=\"423\"><strong>Beno \u0160ircelj, Jo\u017ee Peternelj, Matej \u010cerin, Filip Koprivec<\/strong><\/td>\n<\/tr>\n<tr>\n<td><\/td>\n<td width=\"258\">An overview of the work completed within the H2020 project PerceptiveSentinel<\/td>\n<\/tr>\n<tr>\n<td><\/td>\n<td width=\"258\"><\/td>\n<\/tr>\n<tr>\n<td width=\"84\"><strong>29.7.2020<\/strong><\/td>\n<td width=\"423\"><strong>Dr. Alja\u017e Ko\u0161merlj<\/strong><\/td>\n<\/tr>\n<tr>\n<td><\/td>\n<td width=\"258\">Update on the project \"FACTLOG: Energy-aware Factory Analytics for Process Industries\"<\/td>\n<\/tr>\n<tr>\n<td><\/td>\n<td width=\"258\"><\/td>\n<\/tr>\n<tr>\n<td width=\"84\"><strong>22.7.2020<\/strong><\/td>\n<td width=\"423\"><strong>prof. John Shawe-Taylor<\/strong><\/td>\n<\/tr>\n<tr>\n<td><\/td>\n<td width=\"258\">Humane AI flagship project: overview and prospects<\/td>\n<\/tr>\n<tr>\n<td><\/td>\n<td width=\"258\"><\/td>\n<\/tr>\n<tr>\n<td width=\"84\"><strong>15.7.2020<\/strong><\/td>\n<td width=\"423\"><strong>Marko Grobelnik<\/strong><\/td>\n<\/tr>\n<tr>\n<td><\/td>\n<td width=\"258\">Article in Scientific American \"Is Inequality Inevitable?\"<\/td>\n<\/tr>\n<tr>\n<td><\/td>\n<td width=\"258\"><\/td>\n<\/tr>\n<tr>\n<td width=\"84\"><strong>8.7.2020<\/strong><\/td>\n<td width=\"423\"><strong>Swati, Abdul Sittar<\/strong><\/td>\n<\/tr>\n<tr>\n<td><\/td>\n<td width=\"258\">The outcomes of the CLEOPATRA Learning Week<\/td>\n<\/tr>\n<tr>\n<td><\/td>\n<td width=\"258\"><\/td>\n<\/tr>\n<tr>\n<td width=\"84\"><strong>1.7.2020<\/strong><\/td>\n<td width=\"423\"><strong>M.Besher Massri<\/strong><\/td>\n<\/tr>\n<tr>\n<td><\/td>\n<td width=\"258\">Coronavirus Observatory<\/td>\n<\/tr>\n<tr>\n<td><\/td>\n<td width=\"258\"><\/td>\n<\/tr>\n<tr>\n<td width=\"84\"><strong>24.6.2020<\/strong><\/td>\n<td width=\"423\"><strong>Marko Grobelnik<\/strong><\/td>\n<\/tr>\n<tr>\n<td><\/td>\n<td width=\"258\">H2020 project DataBench<\/td>\n<\/tr>\n<tr>\n<td><\/td>\n<td width=\"258\"><\/td>\n<\/tr>\n<tr>\n<td width=\"84\"><strong>17.6.2020<\/strong><\/td>\n<td width=\"423\"><strong>Dr. Janez Brank<\/strong><\/td>\n<\/tr>\n<tr>\n<td><\/td>\n<td width=\"258\">Google trends API<\/td>\n<\/tr>\n<tr>\n<td><\/td>\n<td width=\"258\"><\/td>\n<\/tr>\n<tr>\n<td width=\"84\"><strong>10.6.2020<\/strong><\/td>\n<td width=\"423\"><strong>Dr. Ayse Saliha Sunar<\/strong><\/td>\n<\/tr>\n<tr>\n<td><\/td>\n<td width=\"258\">Users' Learning Pathways on Cross-Site Open Educational Resources<\/td>\n<\/tr>\n<tr>\n<td><\/td>\n<td width=\"258\"><\/td>\n<\/tr>\n<tr>\n<td width=\"84\"><strong>3.6.2020<\/strong><\/td>\n<td width=\"423\"><strong>Dr. Branko Kav\u0161ek, FAMNIT<\/strong><\/td>\n<\/tr>\n<tr>\n<td><\/td>\n<td width=\"258\">CMAC: Clustering class association rules to form a Compact and Meaningful Associative Classifier<\/td>\n<\/tr>\n<tr>\n<td><\/td>\n<td width=\"258\"><\/td>\n<\/tr>\n<tr>\n<td width=\"84\"><strong>27.5.2020<\/strong><\/td>\n<td width=\"423\"><strong>Pawel Dlotko, Swansea University<\/strong><\/td>\n<\/tr>\n<tr>\n<td><\/td>\n<td width=\"258\">TDA for medical data analysis, how can we help in the current pandemic?<\/td>\n<\/tr>\n<tr>\n<td><\/td>\n<td width=\"258\"><\/td>\n<\/tr>\n<tr>\n<td width=\"84\"><strong>20.5.2020<\/strong><\/td>\n<td width=\"423\"><strong>Luka Bizjak<\/strong><\/td>\n<\/tr>\n<tr>\n<td><\/td>\n<td width=\"258\">Introducing a course on Optimal Transport<\/td>\n<\/tr>\n<tr>\n<td><\/td>\n<td width=\"258\"><\/td>\n<\/tr>\n<tr>\n<td width=\"84\"><strong>13.5.2020<\/strong><\/td>\n<td width=\"423\"><strong>Dr. Joao Pita Costa<\/strong><\/td>\n<\/tr>\n<tr>\n<td><\/td>\n<td width=\"258\">MIDAS contribution to the global COVID-19\u00a0monitoring strategy<\/td>\n<\/tr>\n<tr>\n<td><\/td>\n<td width=\"258\"><\/td>\n<\/tr>\n<tr>\n<td width=\"84\"><strong>6.5.2020<\/strong><\/td>\n<td width=\"423\"><strong>Dr. Bla\u017e Fortuna<\/strong><\/td>\n<\/tr>\n<tr>\n<td><\/td>\n<td width=\"258\">Digital twins and new industrial directions<\/td>\n<\/tr>\n<tr>\n<td><\/td>\n<td width=\"258\"><\/td>\n<\/tr>\n<tr>\n<td width=\"84\"><strong>29.4.2020<\/strong><\/td>\n<td width=\"423\"><strong>Filip Kropivec, Beno \u0160ircelj, Klemen Kenda <\/strong><\/td>\n<\/tr>\n<tr>\n<td><\/td>\n<td width=\"258\">FASTENER - Feature Selection Genetic Algorithm for Land-Use Classification<\/td>\n<\/tr>\n<tr>\n<td><\/td>\n<td width=\"258\"><\/td>\n<\/tr>\n<tr>\n<td width=\"84\"><strong>22.4.2020<\/strong><\/td>\n<td width=\"423\"><strong>Jo\u017ee Ro\u017eanec<\/strong><\/td>\n<\/tr>\n<tr>\n<td><\/td>\n<td width=\"258\">A presentation entitled: Demand forecasting of discrete components in the automotive industry<\/td>\n<\/tr>\n<tr>\n<td><\/td>\n<td width=\"258\"><\/td>\n<\/tr>\n<tr>\n<td width=\"84\"><strong>15.4.2020<\/strong><\/td>\n<td width=\"423\"><strong>Matej Posinkovi\u0107<\/strong><\/td>\n<\/tr>\n<tr>\n<td><\/td>\n<td width=\"258\">A presentation entitled: TBFY 1.0 - the first final version<\/td>\n<\/tr>\n<tr>\n<td><\/td>\n<td width=\"258\"><\/td>\n<\/tr>\n<tr>\n<td><strong>8.4.2020<\/strong><\/td>\n<td width=\"258\"><strong>Swati, Abdul Sittar<\/strong><\/td>\n<\/tr>\n<tr>\n<td><\/td>\n<td width=\"258\">Learning week in the H2020 CLEOPATRA project\u00a0 - Cross-lingual Event-centric Open Analytics Research Academy Home<\/td>\n<\/tr>\n<tr>\n<td><\/td>\n<td width=\"258\"><\/td>\n<\/tr>\n<tr>\n<td><strong>1.4.2020<\/strong><\/td>\n<td width=\"258\"><strong>Erik Novak<\/strong><\/td>\n<\/tr>\n<tr>\n<td><\/td>\n<td width=\"258\">H2020 x5Gon project\u00a0 - Cross Modal, Cross Cultural, Cross Lingual, Cross Domain, and Cross Site Global OER Network<\/td>\n<\/tr>\n<tr>\n<td><\/td>\n<td width=\"258\"><\/td>\n<\/tr>\n<tr>\n<td><strong>25.3.2020<\/strong><\/td>\n<td width=\"258\"><strong>Dr. Simon Krek<\/strong><\/td>\n<\/tr>\n<tr>\n<td><\/td>\n<td width=\"258\">H2020 ELEXIS project\u00a0 - European Lexicographic Infrastructure<\/td>\n<\/tr>\n<tr>\n<td><\/td>\n<td width=\"258\"><\/td>\n<\/tr>\n<tr>\n<td><strong>18.3.2020<\/strong><\/td>\n<td width=\"258\"><strong>Luis Rei<\/strong><\/td>\n<\/tr>\n<tr>\n<td><\/td>\n<td width=\"258\">A presentation of his previous work and experiences<\/td>\n<\/tr>\n<tr>\n<td><\/td>\n<td width=\"258\"><\/td>\n<\/tr>\n<tr>\n<td><strong>11.3.2020<\/strong><\/td>\n<td width=\"258\"><strong>Marko Grobelnik<\/strong><\/td>\n<\/tr>\n<tr>\n<td><\/td>\n<td width=\"258\">Presentation of some of the CoronaVirus data, graphs and articles - first version of our IRCAI\/JSI CoronaVirus Dashboard<\/td>\n<\/tr>\n<tr>\n<td><\/td>\n<td width=\"258\"><\/td>\n<\/tr>\n<tr>\n<td><strong>4.3.2020<\/strong><\/td>\n<td width=\"258\"><strong>Dr. Alja\u017e Ko\u0161merlj<\/strong><\/td>\n<\/tr>\n<tr>\n<td><\/td>\n<td width=\"258\">Results of the EW-Shopp project after the final project review meeting<\/td>\n<\/tr>\n<tr>\n<td><\/td>\n<td width=\"258\"><\/td>\n<\/tr>\n<tr>\n<td><strong>19.2.2020<\/strong><\/td>\n<td width=\"258\"><strong>Swati<\/strong><\/td>\n<\/tr>\n<tr>\n<td><\/td>\n<td width=\"258\">A presentation of her previous work and experiences<\/td>\n<\/tr>\n<tr>\n<td><\/td>\n<td width=\"258\"><\/td>\n<\/tr>\n<tr>\n<td><strong>12.2.2020<\/strong><\/td>\n<td width=\"258\"><strong>Abdul Sittar<\/strong><\/td>\n<\/tr>\n<tr>\n<td><\/td>\n<td width=\"258\">A presentation of his previous work and experiences<\/td>\n<\/tr>\n<tr>\n<td><\/td>\n<td width=\"258\"><\/td>\n<\/tr>\n<tr>\n<td><strong>5.2.2020<\/strong><\/td>\n<td width=\"258\"><strong>Dr. Luka Brade\u0161ko<\/strong><\/td>\n<\/tr>\n<tr>\n<td><\/td>\n<td width=\"258\">A presentation concerning the current status of the company Solvesall and the application NextPin<\/td>\n<\/tr>\n<tr>\n<td><\/td>\n<td width=\"258\"><\/td>\n<\/tr>\n<tr>\n<td><strong>29.1.2020<\/strong><\/td>\n<td width=\"258\"><strong>Dr. Miha Cimperman<\/strong><\/td>\n<\/tr>\n<tr>\n<td><\/td>\n<td width=\"258\">A presentation regarding the ongoing work on the EU project COG-LO: Future COGnitive Logistics Operations through Social Internet of Things<\/td>\n<\/tr>\n<tr>\n<td><\/td>\n<td width=\"258\"><\/td>\n<\/tr>\n<tr>\n<td><strong>22.1.2020<\/strong><\/td>\n<td width=\"258\"><strong>Luka Bizjak, dr. Alja\u017e Ko\u0161merlj<\/strong><\/td>\n<\/tr>\n<tr>\n<td><\/td>\n<td width=\"258\">Presentation regarding the 8th European Congress of Mathematics<\/td>\n<\/tr>\n<tr>\n<td><\/td>\n<td width=\"258\"><\/td>\n<\/tr>\n<tr>\n<td><strong>15.1.2020<\/strong><\/td>\n<td width=\"258\"><strong>Matej Guid, insta text<\/strong><\/td>\n<\/tr>\n<tr>\n<td><\/td>\n<td width=\"258\">Improving academic writing using InstaText<\/td>\n<\/tr>\n<tr>\n<td><\/td>\n<td width=\"258\"><\/td>\n<\/tr>\n<tr>\n<td><strong>8.1.2020<\/strong><\/td>\n<td width=\"258\"><strong>Erik Novak<\/strong><\/td>\n<\/tr>\n<tr>\n<td><\/td>\n<td width=\"258\">H2020 project enviroLENS : Copernicus for environmental law enforcement support<\/td>\n<\/tr>\n<\/tbody>\n<\/table>\n","protected":false},"excerpt":{"rendered":"<p>23.12.2020 Vid Kocjan Methods for measuring bias in Natural Language Processing and their drawbacks 16.12.2020 Patrik Zajec Slot-Filling and Relation Extraction 9.12.2020 Gregor Kikelj Solving self-driving cars 2.12.2020 Erik Novak, Maja \u0160krjanc H2020 project INFINITECH 25.11.2020 Dr. Inna Novalija H2020 project DataBench 18.11.2020 prof. John Shawe-Taylor A presentation regarding the ongoing work of IRCAI - [&hellip;]<\/p>\n","protected":false},"author":42,"featured_media":0,"parent":674,"menu_order":0,"comment_status":"closed","ping_status":"closed","template":"","meta":{"footnotes":"","_links_to":"","_links_to_target":""},"class_list":["post-4337","page","type-page","status-publish","hentry"],"_links":{"self":[{"href":"https:\/\/ailab.ijs.si\/si\/wp-json\/wp\/v2\/pages\/4337","targetHints":{"allow":["GET"]}}],"collection":[{"href":"https:\/\/ailab.ijs.si\/si\/wp-json\/wp\/v2\/pages"}],"about":[{"href":"https:\/\/ailab.ijs.si\/si\/wp-json\/wp\/v2\/types\/page"}],"author":[{"embeddable":true,"href":"https:\/\/ailab.ijs.si\/si\/wp-json\/wp\/v2\/users\/42"}],"replies":[{"embeddable":true,"href":"https:\/\/ailab.ijs.si\/si\/wp-json\/wp\/v2\/comments?post=4337"}],"version-history":[{"count":3,"href":"https:\/\/ailab.ijs.si\/si\/wp-json\/wp\/v2\/pages\/4337\/revisions"}],"predecessor-version":[{"id":4340,"href":"https:\/\/ailab.ijs.si\/si\/wp-json\/wp\/v2\/pages\/4337\/revisions\/4340"}],"up":[{"embeddable":true,"href":"https:\/\/ailab.ijs.si\/si\/wp-json\/wp\/v2\/pages\/674"}],"wp:attachment":[{"href":"https:\/\/ailab.ijs.si\/si\/wp-json\/wp\/v2\/media?parent=4337"}],"curies":[{"name":"wp","href":"https:\/\/api.w.org\/{rel}","templated":true}]}}