{"id":4080,"date":"2020-05-04T20:35:26","date_gmt":"2020-05-04T20:35:26","guid":{"rendered":"https:\/\/ailab.ijs.si\/?page_id=4080"},"modified":"2021-04-19T23:21:51","modified_gmt":"2021-04-19T23:21:51","slug":"highlights","status":"publish","type":"page","link":"https:\/\/ailab.ijs.si\/si\/publications\/highlights\/","title":{"rendered":"Highlights"},"content":{"rendered":"<h3>Highlights in 2020<\/h3>\n<table width=\"568\">\n<tbody>\n<tr>\n<td width=\"20\">1<\/td>\n<td width=\"420\">P\u00c9REZ, Manolo, <strong>MLADENI\u0106, Dunja<\/strong>, et al. From historical silk fabrics to their interactive virtual representation and 3D printing. <em>Sustainability<\/em>. 2020, vol. 12, no. 18, str. 7539-1-7539-22 [<a href=\"https:\/\/ailab.ijs.si\/wp-content\/uploads\/2021\/04\/silk.pdf\">pdf<\/a>]<\/td>\n<\/tr>\n<tr>\n<td>2<\/td>\n<td width=\"601\"><strong>KOPRIVEC, Filip, KENDA, Klemen, \u0160IRCELJ, Beno<\/strong>. FASTENER feature selection for Inference from Earth observation data. Entropy. 2020, vol. 22, no.11, str. 1198-1-1198-27 [<a href=\"https:\/\/ailab.ijs.si\/wp-content\/uploads\/2021\/04\/fastener.pdf\">pdf<\/a>]<\/td>\n<\/tr>\n<tr>\n<td>3<\/td>\n<td width=\"601\"><strong>KENDA, Klemen, PETERNELJ, Jo\u017ee<\/strong>, MELLIOS, Nikos, KOFINAS, Dimitris, <strong>\u010cERIN, Matej, RO\u017dANEC, Jo\u017ee M.<\/strong> Usage of statistical modeling techniques in surface and groundwater level prediction. Journal of water supply: research and technology - aqua. 2020, str.15 [<a href=\"https:\/\/ailab.ijs.si\/wp-content\/uploads\/2021\/04\/usage.pdf\">pdf<\/a>]<\/td>\n<\/tr>\n<tr>\n<td>4<\/td>\n<td width=\"601\"><strong>TAHERIZADEH, Salman, GROBELNIK, Marko<\/strong>. Key influencing factors of the Kubernetes auto-scaler for computing-intensive microservice-native cloud-based applications. Advances in engineering software. [Print ed.]. 2020, vol. 140, str. 102734-1-102734-11 [<a href=\"https:\/\/ailab.ijs.si\/wp-content\/uploads\/2021\/04\/key-infl.pdf\">pdf<\/a>]<\/td>\n<\/tr>\n<tr>\n<td>5<\/td>\n<td width=\"601\"><strong>PITA COSTA, Jo\u00e3o, GROBELNIK, Marko<\/strong>, FUART, Flavio, STOPAR, Luka. Meaningful Big Data Integration for a Global COVID-19 strategy. <em>IEEE computational intelligence magazine<\/em>. [Print ed.]. 2020, vol. 15, no. 4, str. 51-61 [<a href=\"https:\/\/ailab.ijs.si\/wp-content\/uploads\/2021\/04\/covid-19.pdf\">pdf<\/a>]<\/td>\n<\/tr>\n<tr>\n<td>6<\/td>\n<td width=\"601\"><strong>KOSEM, Iztok, KREK, Simon<\/strong>, GANTAR, Polona. Defining collocation for Slovenian lexical resources. V: KOSEM, Iztok (ur.), GANTAR, Polona (ur.). Kolokacije v leksikografiji : obstoje\u010de re\u0161itve in izzivi za prihodnost = Collocations in lexicography : existing solutions and future challenges. Ljubljana: Znanstvena zalo\u017eba Filozofske fakultete, 2020. Letn. 8, \u0161t. 2, str. 1-27, ilustr. Sloven\u0161\u010dina 2.0, 2, 2020 [<a href=\"https:\/\/ailab.ijs.si\/wp-content\/uploads\/2021\/04\/collocation.pdf\">pdf<\/a>]<\/td>\n<\/tr>\n<tr>\n<td>7<\/td>\n<td width=\"601\"><strong>DOBROVOLJC, Kaja<\/strong>. Identifying dictionary-relevant formulaic sequences in written and spoken corpora. International journal of lexicography. 26 str. [<a href=\"https:\/\/ailab.ijs.si\/wp-content\/uploads\/2021\/04\/identifying.pdf\">pdf<\/a>]<\/td>\n<\/tr>\n<\/tbody>\n<\/table>\n","protected":false},"excerpt":{"rendered":"<p>Highlights in 2020 1 P\u00c9REZ, Manolo, MLADENI\u0106, Dunja, et al. From historical silk fabrics to their interactive virtual representation and 3D printing. Sustainability. 2020, vol. 12, no. 18, str. 7539-1-7539-22 [pdf] 2 KOPRIVEC, Filip, KENDA, Klemen, \u0160IRCELJ, Beno. FASTENER feature selection for Inference from Earth observation data. Entropy. 2020, vol. 22, no.11, str. 1198-1-1198-27 [pdf] [&hellip;]<\/p>\n","protected":false},"author":42,"featured_media":0,"parent":582,"menu_order":0,"comment_status":"closed","ping_status":"closed","template":"","meta":{"footnotes":"","_links_to":"","_links_to_target":""},"class_list":["post-4080","page","type-page","status-publish","hentry"],"_links":{"self":[{"href":"https:\/\/ailab.ijs.si\/si\/wp-json\/wp\/v2\/pages\/4080","targetHints":{"allow":["GET"]}}],"collection":[{"href":"https:\/\/ailab.ijs.si\/si\/wp-json\/wp\/v2\/pages"}],"about":[{"href":"https:\/\/ailab.ijs.si\/si\/wp-json\/wp\/v2\/types\/page"}],"author":[{"embeddable":true,"href":"https:\/\/ailab.ijs.si\/si\/wp-json\/wp\/v2\/users\/42"}],"replies":[{"embeddable":true,"href":"https:\/\/ailab.ijs.si\/si\/wp-json\/wp\/v2\/comments?post=4080"}],"version-history":[{"count":16,"href":"https:\/\/ailab.ijs.si\/si\/wp-json\/wp\/v2\/pages\/4080\/revisions"}],"predecessor-version":[{"id":4466,"href":"https:\/\/ailab.ijs.si\/si\/wp-json\/wp\/v2\/pages\/4080\/revisions\/4466"}],"up":[{"embeddable":true,"href":"https:\/\/ailab.ijs.si\/si\/wp-json\/wp\/v2\/pages\/582"}],"wp:attachment":[{"href":"https:\/\/ailab.ijs.si\/si\/wp-json\/wp\/v2\/media?parent=4080"}],"curies":[{"name":"wp","href":"https:\/\/api.w.org\/{rel}","templated":true}]}}