{"id":4070,"date":"2020-05-04T19:30:45","date_gmt":"2020-05-04T19:30:45","guid":{"rendered":"https:\/\/ailab.ijs.si\/?page_id=4070"},"modified":"2021-04-19T22:18:24","modified_gmt":"2021-04-19T22:18:24","slug":"highlights-in-2018","status":"publish","type":"page","link":"https:\/\/ailab.ijs.si\/si\/publications\/highlights\/highlights-in-2018\/","title":{"rendered":"Highlights in 2018"},"content":{"rendered":"<table width=\"568\">\n<tbody>\n<tr>\n<td width=\"20\">1<\/td>\n<td width=\"420\"><strong>KENDA, Klemen<\/strong>, <strong>MLADENI\u0106, Dunja<\/strong>. Autonomous sensor data cleaning in stream mining setting. Business systems research journal : international journal of the Society for Promotion of Business Information Technology (BIT), ISSN 1847-8344, 2018, vol. 9, no. 2, str. 69-79, doi: 10.2478\/bsrj-2018-0020. [COBISS.SI-ID 31531815], [WoS do 10. 8. 2018: \u0161t. citatov (TC): 0, \u010distih citatov (CI): 0, Scopus do 8. 12. 2018: \u0161t. citatov (TC): 0, \u010distih citatov (CI): 0]<\/td>\n<\/tr>\n<tr>\n<td>2<\/td>\n<td width=\"601\"><strong>STOPAR, Luka<\/strong>, <strong>\u0160KRABA, Primo\u017e<\/strong>, <strong>GROBELNIK, Marko<\/strong>, <strong>MLADENI\u0106, Dunja<\/strong>. StreamStory : exploring multivariate time series on multiple scales. IEEE transactions on visualization and computer graphics, ISSN 1077-2626. [Print ed.], [in press] 2018, 14 str., doi: 10.1109\/TVCG.2018.2825424. [COBISS.SI-ID 31346727], [JCR, SNIP, Scopus do 30. 11. 2018: \u0161t. citatov (TC): 1, \u010distih citatov (CI): 1]<\/td>\n<\/tr>\n<tr>\n<td>3<\/td>\n<td width=\"601\">BELYAEVA, Evgenia, <strong>KO\u0160MERLJ, Alja\u017e<\/strong>, <strong>MLADENI\u0106, Dunja<\/strong>, <strong>LEBAN, Gregor<\/strong>. Automatic estimation of news values reflecting importance and closeness of news events. Informatica : an international journal of computing and informatics, ISSN 0350-5596, 2018, vol. 42, no. 4, str. 527-533, doi: 10.31449\/inf.v42i4.1132. [COBISS.SI-ID 31985959], [SNIP, WoS do 12. 1. 2019: \u0161t. citatov (TC): 0, \u010distih citatov (CI): 0, Scopus do 26. 1. 2019: \u0161t. citatov (TC): 0, \u010distih citatov (CI): 0]<\/td>\n<\/tr>\n<tr>\n<td>4<\/td>\n<td width=\"601\"><strong>TAHERIZADEH, Salman<\/strong>, STANKOVSKI, Vlado, <strong>GROBELNIK, Marko<\/strong>. A capillary computing architecture for dynamic internet of things - orchestration of microservices from edge devices to fog and cloud providers : 2938. Sensors, ISSN 1424-8220, 2018, letn. 18, \u0161t. 9, str. 1-23, ilustr. http:\/\/www.mdpi.com\/1424-8220\/18\/9\/2938, doi: 10.3390\/s18092938. [COBISS.SI-ID 8522593], [JCR, SNIP, WoS do 10. 2. 2019: \u0161t. citatov (TC): 1, \u010distih citatov (CI): 1, Scopus do 29. 12. 2018: \u0161t. citatov (TC): 1, \u010distih citatov (CI): 1]<\/td>\n<\/tr>\n<tr>\n<td>5<\/td>\n<td width=\"601\"><strong>GOVC, Dejan<\/strong>, <strong>\u0160KRABA, Primo\u017e<\/strong>. An approximate nerve theorem. Foundations of computational mathematics, ISSN 1615-3375, Oct. 2018, vol. 18, iss. 5, str. 1245-1297. https:\/\/link.springer.com\/article\/10.1007\/s10208-017-9368-6, doi: 10.1007\/s10208-017-9368-6. [COBISS.SI-ID 18110809], [JCR, SNIP, WoS do 13. 10. 2018: \u0161t. citatov (TC): 0, \u010distih citatov (CI): 0, Scopus do 23. 9. 2017: \u0161t. citatov (TC): 0, \u010distih citatov (CI): 0]<\/td>\n<\/tr>\n<tr>\n<td>6<\/td>\n<td width=\"601\">ARHAR HOLDT, \u0160pela, <strong>DOBROVOLJC, Kaja<\/strong>, LOGAR, Nata\u0161a. Simplicity matters : user evaluation of the Slovene reference corpus. Language resources and evaluation, ISSN 1574-020X, 2018, vol. , no. , str. 1-18, graf. prikazi. https:\/\/link.springer.com\/article\/10.1007\/s10579-018-9429-8, doi: 10.1007\/s10579-018-9429-8. [COBISS.SI-ID 1538050243], [JCR, SNIP, Scopus do 28. 11. 2018: \u0161t. citatov (TC): 0, \u010distih citatov (CI): 0]<\/td>\n<\/tr>\n<tr>\n<td>7<\/td>\n<td width=\"601\"><strong>DOBROVOLJC, Kaja<\/strong>. Raba tipi\u010dno govorjenih diskurznih ozna\u010devalcev na spletu. Slavisti\u010dna revija : \u010dasopis za jezikoslovje in literarne vede, ISSN 0350-6894. [Tiskana izd.], 2018, letn. 66, \u0161t. 4, str. 497-513. https:\/\/srl.si\/ojs\/srl\/article\/view\/2018-4-1-6. [COBISS.SI-ID 32007719], [SNIP, Scopus do 10. 2. 2019: \u0161t. citatov (TC): 0, \u010distih citatov (CI): 0]<\/td>\n<\/tr>\n<tr>\n<td>8<\/td>\n<td width=\"601\"><strong>DOBROVOLJC, Kaja<\/strong>. Formulai\u010dnost v slovenskem jeziku. Sloven\u0161\u010dina 2.0 : empiri\u010dne, aplikativne in interdisciplinarne raziskave, ISSN 2335-2736, 2018, vol. 6, no. 2, str. 67-95, doi: 10.4312\/slo2.0.2018.2.67-95. [COBISS.SI-ID 32115751]<\/td>\n<\/tr>\n<tr>\n<td>9<\/td>\n<td width=\"601\">ANAGNOSTOPOULOU, Elena, <strong>URBAN\u010cI\u010c, Jasna<\/strong>, BOTHOS, Efhimios, MAGOUTAS, Babis, <strong>BRADE\u0160KO, Luka<\/strong>, SCHRAMMEL, Johann, MENTZAS, Gregoris. From mobility patterns to behavioural change : leveraging travel behaviour and personality profiles to nudge for sustainable transportation. Journal of intelligent information systems, ISSN 0925-9902, [in press] 2018, pg. 22.<\/td>\n<\/tr>\n<\/tbody>\n<\/table>\n<p>&nbsp;<\/p>\n","protected":false},"excerpt":{"rendered":"<p>1 KENDA, Klemen, MLADENI\u0106, Dunja. Autonomous sensor data cleaning in stream mining setting. Business systems research journal : international journal of the Society for Promotion of Business Information Technology (BIT), ISSN 1847-8344, 2018, vol. 9, no. 2, str. 69-79, doi: 10.2478\/bsrj-2018-0020. [COBISS.SI-ID 31531815], [WoS do 10. 8. 2018: \u0161t. citatov (TC): 0, \u010distih citatov (CI): [&hellip;]<\/p>\n","protected":false},"author":42,"featured_media":0,"parent":4080,"menu_order":1,"comment_status":"closed","ping_status":"closed","template":"","meta":{"footnotes":"","_links_to":"","_links_to_target":""},"class_list":["post-4070","page","type-page","status-publish","hentry"],"_links":{"self":[{"href":"https:\/\/ailab.ijs.si\/si\/wp-json\/wp\/v2\/pages\/4070","targetHints":{"allow":["GET"]}}],"collection":[{"href":"https:\/\/ailab.ijs.si\/si\/wp-json\/wp\/v2\/pages"}],"about":[{"href":"https:\/\/ailab.ijs.si\/si\/wp-json\/wp\/v2\/types\/page"}],"author":[{"embeddable":true,"href":"https:\/\/ailab.ijs.si\/si\/wp-json\/wp\/v2\/users\/42"}],"replies":[{"embeddable":true,"href":"https:\/\/ailab.ijs.si\/si\/wp-json\/wp\/v2\/comments?post=4070"}],"version-history":[{"count":3,"href":"https:\/\/ailab.ijs.si\/si\/wp-json\/wp\/v2\/pages\/4070\/revisions"}],"predecessor-version":[{"id":4101,"href":"https:\/\/ailab.ijs.si\/si\/wp-json\/wp\/v2\/pages\/4070\/revisions\/4101"}],"up":[{"embeddable":true,"href":"https:\/\/ailab.ijs.si\/si\/wp-json\/wp\/v2\/pages\/4080"}],"wp:attachment":[{"href":"https:\/\/ailab.ijs.si\/si\/wp-json\/wp\/v2\/media?parent=4070"}],"curies":[{"name":"wp","href":"https:\/\/api.w.org\/{rel}","templated":true}]}}