{"id":4068,"date":"2020-05-04T19:23:35","date_gmt":"2020-05-04T19:23:35","guid":{"rendered":"https:\/\/ailab.ijs.si\/?page_id=4068"},"modified":"2021-04-19T22:18:45","modified_gmt":"2021-04-19T22:18:45","slug":"highlights-in-2017","status":"publish","type":"page","link":"https:\/\/ailab.ijs.si\/si\/publications\/highlights\/highlights-in-2017\/","title":{"rendered":"Highlights in 2017"},"content":{"rendered":"<table width=\"568\">\n<tbody>\n<tr>\n<td width=\"20\">1<\/td>\n<td width=\"420\"><strong>KA\u017dI\u010c, Bla\u017e<\/strong>, <strong>RUPNIK, Jan<\/strong>, <strong>\u0160KRABA, Primo\u017e<\/strong>, <strong>BRADE\u0160KO, Luka<\/strong>, <strong>MLADENI\u0106, Dunja<\/strong>. Predicting users' mobility using Monte Carlo simulations. IEEE access, ISSN 2169-3536, [in press] 2017, 20 pages [<a href=\"https:\/\/ieeexplore.ieee.org\/stamp\/stamp.jsp?tp=&amp;arnumber=8089732\">pdf<\/a>]<\/td>\n<\/tr>\n<tr>\n<td>2<\/td>\n<td width=\"488\"><strong>STARC, Janez<\/strong>, <strong>MLADENI\u0106, Dunja<\/strong>. Joint learning of ontology and semantic parser from text. Intelligent data analysis, ISSN 1088-467X. [Print ed.], 2017, vol. 21, no. 1, pp. 19-38 [<a href=\"https:\/\/ailab.ijs.si\/wp-content\/uploads\/2020\/05\/Joint-learning-of-ontology-and-semantic-parser-from-text.pdf\">pdf<\/a>]<\/td>\n<\/tr>\n<tr>\n<td>3<\/td>\n<td width=\"488\"><strong>BRADE\u0160KO, Luka<\/strong>, WITBROCK, Michael J., <strong>STARC, Janez<\/strong>, <strong>HERGA, Zala<\/strong>, <strong>GROBELNIK, Marko<\/strong>, <strong>MLADENI\u0106, Dunja<\/strong>. Curious cat--mobile, context-aware conversational crowdsourcing knowledge acquisition. V: RIJKE, Maarten de (ur.). ACM Transactions on Information Systems (TOIS) : special issue Search, Mining and their Applications on Mobile Devices, 2017, vol. 35, no. 4, pp. 33-1-33-46 [<a href=\"http:\/\/www.optimumproject.eu\/uploads\/documents\/Papers\/Curious%20Cat%20%E2%80%93%20Mobile,%20Context-Aware%20Conversational%20Crowdsourcing%20Knowledge%20Acquisition.pdf\">pdf<\/a>]<\/td>\n<\/tr>\n<tr>\n<td>4<\/td>\n<td width=\"488\">KUNTARI\u010c, Sa\u0161o, <strong>KREK, Simon<\/strong>, ROBNIK \u0160IKONJA, Marko. Primerjava obi\u010dajnih in faktorskih modelov pri statisti\u010dnem strojnem prevajanju iz angle\u0161\u010dine v sloven\u0161\u010dino z orodjem Moses. Sloven\u0161\u010dina 2.0 : empiri\u010dne, aplikativne in interdisciplinarne raziskave, ISSN 2335-2736, 2017, letn. 5, \u0161t. 1, pp. 1-25 [<a href=\"https:\/\/ailab.ijs.si\/wp-content\/uploads\/2020\/05\/Primerjava-obi\u010dajnih-in-faktorskih-modelov-pri-statisti\u010dnem-strojnem-prevajanju-iz-angle\u0161\u010dine-v-sloven\u0161\u010dino-z-orodjem-Moses.pdf\">pdf<\/a>]<\/td>\n<\/tr>\n<tr>\n<td>5<\/td>\n<td width=\"488\">BOBROWSKI, Omer, KAHLE, Matthew, <strong>\u0160KRABA, Primo\u017e<\/strong>. Maximally persistent cycles in random geometric complexes. Annals of applied probability, ISSN 1050-5164, 2017, vol. 27, no. 4, pp. 2032-2060 [<a href=\"https:\/\/ailab.ijs.si\/wp-content\/uploads\/2020\/05\/Maximally-persistent-cycles-in-random-geometric-complexes.pdf\">pdf<\/a>]<\/td>\n<\/tr>\n<tr>\n<td>6<\/td>\n<td width=\"488\">MOLE, Maru\u0161ka, WANG, Longlong, STANI\u010c, Samo, BERGANT, Klemen, EICHINGER, William, OCA\u00d1A, Francisco, STRAJNAR, Benedikt, <strong>\u0160KRABA, Primo\u017e<\/strong>, VU\u010cKOVI\u0106, Marko, WILLIS, William B. Lidar measurements of Bora wind effects on aerosol loading. Journal of quantitative spectroscopy &amp; radiative transfer : JQSRT, ISSN 0022-4073. [Print ed.], Feb. 2017, vol. 188, pp. 39-45<\/td>\n<\/tr>\n<tr>\n<td>7<\/td>\n<td width=\"488\"><strong>KUDRYAVTSEVA, Ganna<\/strong>, <strong>\u0160KRABA, Primo\u017e<\/strong>. The principal bundles over an inverse semigroup. Semigroup forum, ISSN 0037-1912, 2017, vol. 94, iss. 3, pp. 674-695 [<a href=\"https:\/\/ailab.ijs.si\/wp-content\/uploads\/2020\/05\/The-principal-bundles-over-an-inverse-semigroup-1.pdf\">pdf<\/a>]<\/td>\n<\/tr>\n<tr>\n<td>8<\/td>\n<td width=\"488\">Representation Learning on Graphs: Methods and Applications. W. Hamilton, R. Ying, <strong>Jurij Leskovec<\/strong>. IEEE Data Engineering Bulletin, 2017 [<a href=\"https:\/\/ailab.ijs.si\/wp-content\/uploads\/2020\/05\/Representation-Learning-on-Graphs-Methods-and-Applications.pdf\">pdf<\/a>]<\/td>\n<\/tr>\n<tr>\n<td>9<\/td>\n<td width=\"488\">Human Decisions and Machine Predictions. J. Kleinberg, H. Lakkaraju, <strong>J. Leskovec<\/strong>, J. Ludwig, S. Mullainathan. Quarterly Journal of Economics, 2017 [<a href=\"https:\/\/ailab.ijs.si\/wp-content\/uploads\/2020\/05\/Human-Decisions-and-Machine-Predictions.pdf\">pdf<\/a>]<\/td>\n<\/tr>\n<tr>\n<td>10<\/td>\n<td width=\"488\">Large-scale physical activity data reveal worldwide activity inequality. T. Althoff, R. Sosic, J. L. Hicks, A. C. King, S. L. Delp, <strong>J. Leskovec<\/strong>. Nature, 547.7663, 2017 [<a href=\"https:\/\/cs.stanford.edu\/people\/jure\/pubs\/activity-inequality-nature17.pdf\">pdf<\/a>]<\/td>\n<\/tr>\n<tr>\n<td>11<\/td>\n<td width=\"488\">Predicting multicellular function through multi-layer tissue networks. M. Zitnik, <strong>J. Leskovec<\/strong>. Bioinformatics, 33 (14): i190-i198, 2017.12<\/td>\n<\/tr>\n<tr>\n<td>12<\/td>\n<td width=\"488\">SnapVX: A Network-Based Convex Optimization Solver. D. Hallac, C. Wong, S. Diamond, A. Sharang, R. Sosi\u010d, S. Boyd, <strong>J. Leskovec.<\/strong> Journal of Machine Learning Research (JMLR), 18(4):1\u22125, 2017 [<a href=\"https:\/\/ailab.ijs.si\/wp-content\/uploads\/2020\/05\/SnapVX-A-Network-Based-Convex-Optimization-Solver_J.Leskovec.pdf\">pdf<\/a>]<\/td>\n<\/tr>\n<tr>\n<td>13<\/td>\n<td width=\"488\">Network Analysis: A novel Method for Mapping Neonatal Acute Transport Patterns in California. S.N. Kunz, J.A.F. Zupancic, J. Rigdon, C.S. Phibbs, H.C. Lee, J.B. Gould, <strong>J. Leskovec<\/strong>, J. Profit. Journal of Perinatology, 2017 [<a href=\"https:\/\/ailab.ijs.si\/wp-content\/uploads\/2020\/05\/Network-Analysis-A-novel-Method-for-Mapping-Neonatal-Acute-Transport-Patterns-in-California.pdf\">pdf<\/a>]<\/td>\n<\/tr>\n<\/tbody>\n<\/table>\n","protected":false},"excerpt":{"rendered":"<p>1 KA\u017dI\u010c, Bla\u017e, RUPNIK, Jan, \u0160KRABA, Primo\u017e, BRADE\u0160KO, Luka, MLADENI\u0106, Dunja. Predicting users' mobility using Monte Carlo simulations. IEEE access, ISSN 2169-3536, [in press] 2017, 20 pages [pdf] 2 STARC, Janez, MLADENI\u0106, Dunja. Joint learning of ontology and semantic parser from text. Intelligent data analysis, ISSN 1088-467X. [Print ed.], 2017, vol. 21, no. 1, pp. [&hellip;]<\/p>\n","protected":false},"author":42,"featured_media":0,"parent":4080,"menu_order":2,"comment_status":"closed","ping_status":"closed","template":"","meta":{"footnotes":"","_links_to":"","_links_to_target":""},"class_list":["post-4068","page","type-page","status-publish","hentry"],"_links":{"self":[{"href":"https:\/\/ailab.ijs.si\/si\/wp-json\/wp\/v2\/pages\/4068","targetHints":{"allow":["GET"]}}],"collection":[{"href":"https:\/\/ailab.ijs.si\/si\/wp-json\/wp\/v2\/pages"}],"about":[{"href":"https:\/\/ailab.ijs.si\/si\/wp-json\/wp\/v2\/types\/page"}],"author":[{"embeddable":true,"href":"https:\/\/ailab.ijs.si\/si\/wp-json\/wp\/v2\/users\/42"}],"replies":[{"embeddable":true,"href":"https:\/\/ailab.ijs.si\/si\/wp-json\/wp\/v2\/comments?post=4068"}],"version-history":[{"count":8,"href":"https:\/\/ailab.ijs.si\/si\/wp-json\/wp\/v2\/pages\/4068\/revisions"}],"predecessor-version":[{"id":4206,"href":"https:\/\/ailab.ijs.si\/si\/wp-json\/wp\/v2\/pages\/4068\/revisions\/4206"}],"up":[{"embeddable":true,"href":"https:\/\/ailab.ijs.si\/si\/wp-json\/wp\/v2\/pages\/4080"}],"wp:attachment":[{"href":"https:\/\/ailab.ijs.si\/si\/wp-json\/wp\/v2\/media?parent=4068"}],"curies":[{"name":"wp","href":"https:\/\/api.w.org\/{rel}","templated":true}]}}