{"id":4064,"date":"2020-05-04T19:12:15","date_gmt":"2020-05-04T19:12:15","guid":{"rendered":"https:\/\/ailab.ijs.si\/?page_id=4064"},"modified":"2021-04-19T22:19:10","modified_gmt":"2021-04-19T22:19:10","slug":"highlights-in-2015","status":"publish","type":"page","link":"https:\/\/ailab.ijs.si\/si\/publications\/highlights\/highlights-in-2015\/","title":{"rendered":"Highlights in 2015"},"content":{"rendered":"<table width=\"568\">\n<tbody>\n<tr>\n<td width=\"20\">1<\/td>\n<td width=\"420\"><strong>Evgenia Belyaeva<\/strong>, <strong>Alja\u017e Ko\u0161merlj<\/strong>, <strong>Andrej Muhi\u010d<\/strong>, <strong>Jan Rupnik<\/strong>, <strong>Flavio Fuart<\/strong>, Using Semantic Data to Improve Linking of cross\u2013lingual Clusters, Journal of Web Semantics: Science, Services and Agents on the World Wide Web, pp 64-70, volume 32:2, Elsevier, 2015 [<a href=\"https:\/\/ailab.ijs.si\/wp-content\/uploads\/2020\/05\/Using-Semantic-Data-to-Improve-Linking-of-cross\u2013lingual-Clusters.pdf\">pdf<\/a>]<\/td>\n<\/tr>\n<tr>\n<td>2<\/td>\n<td width=\"445\"><strong>Mario Karlov\u010dec<\/strong>, <strong>Dunja Mladeni\u0107<\/strong>, Interdisciplinarity of scientific fields and its evolution based on graph of project collaboration and co-authoring, Scientometrics, ISSN 0138-9130, v102:1, 2015 [<a href=\"https:\/\/s3.amazonaws.com\/academia.edu.documents\/56362575\/Interdisciplinarity_of_scientific_fields_and_its_evolution_based_on_graph_of_project_collaboration_and_co-authoring.pdf?response-content-disposition=inline%3B%20filename%3DInterdisciplinarity_of_scientific_fields.pdf&amp;X-Amz-Algorithm=AWS4-HMAC-SHA256&amp;X-Amz-Credential=ASIATUSBJ6BALF3V6R2Z%2F20200518%2Fus-east-1%2Fs3%2Faws4_request&amp;X-Amz-Date=20200518T171026Z&amp;X-Amz-Expires=3600&amp;X-Amz-SignedHeaders=host&amp;X-Amz-Security-Token=IQoJb3JpZ2luX2VjEJD%2F%2F%2F%2F%2F%2F%2F%2F%2F%2FwEaCXVzLWVhc3QtMSJGMEQCICAR%2FEdcHgzQCXTBxi7prRggPOfEKhN70qhFARGwpjndAiAlp7hQwn5cPQgJotyDdThH%2BB%2F7OZETNstY5OFyCcJpTCq9AwjZ%2F%2F%2F%2F%2F%2F%2F%2F%2F%2F8BEAAaDDI1MDMxODgxMTIwMCIMomdF6jpjhE1afKzhKpEDC4i2Y0amoI1dijx6EPWpmKJ9xpDi6Qji0Z065t6PhuBzz23FB1QkSROAf26pP%2Fq%2BMYMJF%2BiRTF6XWZwxP%2BelisgjCY48WvBH7Ur4kfKg3hORpdQGay9oyNPyBAPwSqPz9F7HS5mf6Or8ArqJk3SZEIaMAH%2B4m4498rL1WyLajKeqqGroDHa%2BZUpurD0a%2FhHKxOtjm%2B1MUEqjQXpfL7PyByms7X13Z0cbHKiUtkjFjlqPoXM1OM8x1Bp3se04uhyJtg0XprVNq3rWjBH1DrCcgRdy8%2Bop%2BeKryCjyP8yGxA3sJS2XkttYlhcMHmDGlqCmYzbrG7aXJ6bfpPTLgJDbxEBfPadJdYJPf2T8rR9hnsxXvzJNh%2FfHrI0B%2B4PiZOoX%2FGFO0LcOefZJvDqJq%2Fw05%2FSKYAXFsHM3qI9w2rWQKRV%2BGTffB%2F%2Br%2BjnAVV19xdY51Sj1JkB64KV0Rm5oGwuhULCTAfaib0nofVBHsB4jyVQFRUUc0wG9HBG72JvhHsgX%2B7%2BgNROXqy0s69nl462r1ZUw%2BuKK9gU67AEzo0y7esIT2PriE9AEHxC2SDkyrDmshp1MfHo2ruV65Kpr25qT%2FuXk6l5Vxf9bP3gc8qeb0Cx3s9Ap23C9tL5wDYpKM%2BtZERxMYP85LEWPkXrkQwoO4aGWg44yOECVdCdT6ejAeRZkWVqt7iRrKURDPAjUz8DtygUpfW8zLYtdww%2BmtmsboIKJ6lTYBEkOG3jxnu5Y%2FpC5MFCACj9KKeLXPMwGnGsbsrUbG0Y7z9nD4ehKBmrYPFw27KrGauYBYJwC268uV64DEw%2BFFGMj%2FslwmtMP7pgFkPReudtr5swc67lNOiW7Te7ycWAufQ%3D%3D&amp;X-Amz-Signature=fe38f2e6ad3206dc539806ebc124a0e1bb2fa854e9cdee3adb66923c5aa94490\">pdf<\/a>]<\/td>\n<\/tr>\n<tr>\n<td>3<\/td>\n<td width=\"445\"><strong>\u0160kraba, Primo\u017e<\/strong>, Wang, Bei, Chen, Guoning, Rosen, Paul. Robustness-based simplification of 2D steady and unsteady vector fields. IEEE transactions on visualization and computer graphics, ISSN 1077-2626, 2015 [<a href=\"https:\/\/ailab.ijs.si\/primoz_skraba\/papers\/Robustness_Unsteady_VF_BeiWang_2015.pdf\">pdf<\/a>]<\/td>\n<\/tr>\n<tr>\n<td>4<\/td>\n<td width=\"445\">Michiel E. Hochstenbach, <strong>Andrej Muhi\u010d<\/strong>, Bor Plestenjak, \"Jacobi-Davidson methods for polynomial two-parameter eigenvalue problems\", J. comput. appl. math., vol. 288, str. 251-263, 2015 [<a href=\"https:\/\/ailab.ijs.si\/wp-content\/uploads\/2020\/05\/Jacobi-Davidson-methods-for-polynomial-two-parameter-eigenvalue-problems.pdf\">pdf<\/a>]<\/td>\n<\/tr>\n<tr>\n<td>5<\/td>\n<td width=\"445\"><strong>Dejan Govc<\/strong>, \"On the definition of the homological critical value\", J. Homotopy Relat. Struct., 9 str., 2015 [<a href=\"https:\/\/ailab.ijs.si\/wp-content\/uploads\/2020\/05\/On-the-definition-of-the-homological-critical-value.pdf\">pdf<\/a>]<\/td>\n<\/tr>\n<tr>\n<td>6<\/td>\n<td width=\"445\">Alison Callahan, Igor Pernek, Gregor \u0160tiglic, <strong>Jurij Leskovec<\/strong>, Howard R. Strasberg, Nigam Haresh Shah, \"Analyzing information seeking and drug-safety alert response by health care professionals as ew methods for surveillance\", JMIR, J. med. internet res., vol. 17, no. 8, str. [1-22], 2015<\/td>\n<\/tr>\n<tr>\n<td>7<\/td>\n<td width=\"445\">Mikael Vejdemo-Johansson, Florian T. Pokorny, <strong>Primo\u017e \u0160kraba<\/strong>, Danica Kragi\u010d, \"Cohomological learning of periodic motion\", Appl. algebra eng. commun. comput., vol. 26, no. 1\/2, str. 5-26, 2015 [<a href=\"https:\/\/ailab.ijs.si\/wp-content\/uploads\/2020\/05\/Cohomological-learning-of-periodic-motion.pdf\">pdf<\/a>]<\/td>\n<\/tr>\n<\/tbody>\n<\/table>\n<p>&nbsp;<\/p>\n","protected":false},"excerpt":{"rendered":"<p>1 Evgenia Belyaeva, Alja\u017e Ko\u0161merlj, Andrej Muhi\u010d, Jan Rupnik, Flavio Fuart, Using Semantic Data to Improve Linking of cross\u2013lingual Clusters, Journal of Web Semantics: Science, Services and Agents on the World Wide Web, pp 64-70, volume 32:2, Elsevier, 2015 [pdf] 2 Mario Karlov\u010dec, Dunja Mladeni\u0107, Interdisciplinarity of scientific fields and its evolution based on graph [&hellip;]<\/p>\n","protected":false},"author":42,"featured_media":0,"parent":4080,"menu_order":4,"comment_status":"closed","ping_status":"closed","template":"","meta":{"footnotes":"","_links_to":"","_links_to_target":""},"class_list":["post-4064","page","type-page","status-publish","hentry"],"_links":{"self":[{"href":"https:\/\/ailab.ijs.si\/si\/wp-json\/wp\/v2\/pages\/4064","targetHints":{"allow":["GET"]}}],"collection":[{"href":"https:\/\/ailab.ijs.si\/si\/wp-json\/wp\/v2\/pages"}],"about":[{"href":"https:\/\/ailab.ijs.si\/si\/wp-json\/wp\/v2\/types\/page"}],"author":[{"embeddable":true,"href":"https:\/\/ailab.ijs.si\/si\/wp-json\/wp\/v2\/users\/42"}],"replies":[{"embeddable":true,"href":"https:\/\/ailab.ijs.si\/si\/wp-json\/wp\/v2\/comments?post=4064"}],"version-history":[{"count":5,"href":"https:\/\/ailab.ijs.si\/si\/wp-json\/wp\/v2\/pages\/4064\/revisions"}],"predecessor-version":[{"id":4169,"href":"https:\/\/ailab.ijs.si\/si\/wp-json\/wp\/v2\/pages\/4064\/revisions\/4169"}],"up":[{"embeddable":true,"href":"https:\/\/ailab.ijs.si\/si\/wp-json\/wp\/v2\/pages\/4080"}],"wp:attachment":[{"href":"https:\/\/ailab.ijs.si\/si\/wp-json\/wp\/v2\/media?parent=4064"}],"curies":[{"name":"wp","href":"https:\/\/api.w.org\/{rel}","templated":true}]}}