{"id":4062,"date":"2020-05-04T19:08:29","date_gmt":"2020-05-04T19:08:29","guid":{"rendered":"https:\/\/ailab.ijs.si\/?page_id=4062"},"modified":"2021-04-19T22:19:17","modified_gmt":"2021-04-19T22:19:17","slug":"highlights-in-2014","status":"publish","type":"page","link":"https:\/\/ailab.ijs.si\/si\/publications\/highlights\/highlights-in-2014\/","title":{"rendered":"Highlights in 2014"},"content":{"rendered":"<table width=\"568\">\n<tbody>\n<tr>\n<td width=\"20\">1<\/td>\n<td width=\"420\"><strong>LESKOVEC, Jurij<\/strong>, RAJARAMAN, Anand, ULLMAN, Jeffrey David. Mining of massive datasets. 2nd ed. Cambridge: Cambridge University Press, 2014. XI, 467 pages [<a href=\"http:\/\/infolab.stanford.edu\/~ullman\/mmds\/book.pdf\">pdf<\/a>]<\/td>\n<\/tr>\n<tr>\n<td>2<\/td>\n<td width=\"388\"><strong>TOMA\u0160EV, Nenad<\/strong>, RADOVANOVI\u0106, Milo\u0161, <strong>MLADENI\u0106, Dunja<\/strong>, IVANOVI\u0106, Mirjana. The role of Hubness in clustering high-dimensional data. IEEE transactions on knowledge and data engineering, ISSN 1041-4347. [Print ed.], 2014, vol. 26:3, pp. 739-751 [<a href=\"https:\/\/ailab.ijs.si\/wp-content\/uploads\/2020\/05\/The-Role-Of-Hubness-in-High-dimensional-Data-Analysis.pdf\">pdf<\/a>]<\/td>\n<\/tr>\n<tr>\n<td>3<\/td>\n<td width=\"388\"><strong>\u0160KRABA, Primo\u017e<\/strong>, WANG, Bei. Interpreting feature tracking through the lens of robustness. In: BREMER, Peer-Timo (ed.). Topological methods in data analysis and visualization III : theory, algorithms applications : [presented at TopoInVis 2013, March 4-6, 2013, Davis, USA], (Mathematics and visualization). Cham: Springer, 2014, pp. 19-37 [<a href=\"http:\/\/www.sci.utah.edu\/~beiwang\/publications\/Feature_Tracking_Robustness_BeiWang_2013.pdf\">pdf<\/a>]<\/td>\n<\/tr>\n<tr>\n<td>4<\/td>\n<td width=\"388\">MCAULEY, Julian John, <strong>LESKOVEC, Jurij<\/strong>. Discovering social circles in ego networks. ACM transactions on knowledge discovery from data, ISSN 1556-4681, 2014, vol. 8:1, pp. 4-1-4-28 [<a href=\"https:\/\/ailab.ijs.si\/wp-content\/uploads\/2020\/05\/Discovering-Social-Circles-in-Ego-Networks_J.Leskovec.pdf\">pdf<\/a>]<\/td>\n<\/tr>\n<tr>\n<td>5<\/td>\n<td width=\"388\">REHM, Georg, <strong>GROBELNIK, Marko<\/strong>, <strong>KREK, Simon<\/strong>, et al. The strategic impact of META-NET on the regional, national and international level : a large-scale evaluation. In Ninth International Conference on Language Resources and Evaluation, May 26-31, 2014, Reykjavik, Iceland. CALZOLARI, Nicoletta (ed.). LREC 2014 : proceedings. [S. l.]: ELRA, 2014, pp. 1517-1524 [<a href=\"https:\/\/ailab.ijs.si\/wp-content\/uploads\/2020\/05\/The-strategic-impact-of-META-NET-on-the-regional-national-and-international-level-a-large-scale-evaluation.pdf\">pdf<\/a>]<\/td>\n<\/tr>\n<\/tbody>\n<\/table>\n","protected":false},"excerpt":{"rendered":"<p>1 LESKOVEC, Jurij, RAJARAMAN, Anand, ULLMAN, Jeffrey David. Mining of massive datasets. 2nd ed. Cambridge: Cambridge University Press, 2014. XI, 467 pages [pdf] 2 TOMA\u0160EV, Nenad, RADOVANOVI\u0106, Milo\u0161, MLADENI\u0106, Dunja, IVANOVI\u0106, Mirjana. The role of Hubness in clustering high-dimensional data. IEEE transactions on knowledge and data engineering, ISSN 1041-4347. [Print ed.], 2014, vol. 26:3, pp. [&hellip;]<\/p>\n","protected":false},"author":42,"featured_media":0,"parent":4080,"menu_order":5,"comment_status":"closed","ping_status":"closed","template":"","meta":{"footnotes":"","_links_to":"","_links_to_target":""},"class_list":["post-4062","page","type-page","status-publish","hentry"],"_links":{"self":[{"href":"https:\/\/ailab.ijs.si\/si\/wp-json\/wp\/v2\/pages\/4062","targetHints":{"allow":["GET"]}}],"collection":[{"href":"https:\/\/ailab.ijs.si\/si\/wp-json\/wp\/v2\/pages"}],"about":[{"href":"https:\/\/ailab.ijs.si\/si\/wp-json\/wp\/v2\/types\/page"}],"author":[{"embeddable":true,"href":"https:\/\/ailab.ijs.si\/si\/wp-json\/wp\/v2\/users\/42"}],"replies":[{"embeddable":true,"href":"https:\/\/ailab.ijs.si\/si\/wp-json\/wp\/v2\/comments?post=4062"}],"version-history":[{"count":7,"href":"https:\/\/ailab.ijs.si\/si\/wp-json\/wp\/v2\/pages\/4062\/revisions"}],"predecessor-version":[{"id":4162,"href":"https:\/\/ailab.ijs.si\/si\/wp-json\/wp\/v2\/pages\/4062\/revisions\/4162"}],"up":[{"embeddable":true,"href":"https:\/\/ailab.ijs.si\/si\/wp-json\/wp\/v2\/pages\/4080"}],"wp:attachment":[{"href":"https:\/\/ailab.ijs.si\/si\/wp-json\/wp\/v2\/media?parent=4062"}],"curies":[{"name":"wp","href":"https:\/\/api.w.org\/{rel}","templated":true}]}}