{"id":4059,"date":"2020-05-04T19:02:50","date_gmt":"2020-05-04T19:02:50","guid":{"rendered":"https:\/\/ailab.ijs.si\/?page_id=4059"},"modified":"2021-04-19T22:19:25","modified_gmt":"2021-04-19T22:19:25","slug":"highlights-in-2013","status":"publish","type":"page","link":"https:\/\/ailab.ijs.si\/si\/publications\/highlights\/highlights-in-2013\/","title":{"rendered":"Highlights in 2013"},"content":{"rendered":"<table width=\"568\">\n<tbody>\n<tr>\n<td width=\"20\">1<\/td>\n<td width=\"420\"><strong>NOVALIJA, Inna<\/strong>, <strong>MLADENI\u0106, Dunja<\/strong>. Applying semantic technology to business news analysis. Applied artificial intelligence, 27:6, pp. 520-550, 2013<\/td>\n<\/tr>\n<tr>\n<td>2<\/td>\n<td width=\"469\">CHAZAL, Fr\u00e9d\u00e9ric, GUIBAS, Leonidas J., OUDOT, Steve, <strong>\u0160KRABA, Primo\u017e<\/strong>. Persistence-based clustering in riemannian manifolds. Journal of the ACM, December 2013 [<a href=\"https:\/\/ailab.ijs.si\/primoz_skraba\/papers\/clustering.pdf\">pdf<\/a>]<\/td>\n<\/tr>\n<tr>\n<td>3<\/td>\n<td width=\"469\"><strong>TOMA\u0160EV, Nenad<\/strong>, <strong>MLADENI\u0106, Dunja<\/strong>. Class imbalance and the curse of minority hubs. Knowledge-based systems, 2013 [<a href=\"https:\/\/ailab.ijs.si\/wp-content\/uploads\/2020\/05\/Class-imbalance-and-the-curse-of-minority-hubs.pdf\">pdf<\/a>]<\/td>\n<\/tr>\n<tr>\n<td>4<\/td>\n<td width=\"469\">ANDERSON, Ashton, HUTTENLOCHER, Daniel P., KLEINBERG, Jon, <strong>LESKOVEC, Jurij<\/strong>. Steering user behavior with badges. In 22nd World Wide Web Conference, WWW- 2013, pp 95-106, May 2013 [<a href=\"https:\/\/ailab.ijs.si\/wp-content\/uploads\/2020\/05\/Steering-User-Behavior-with-Badges_J.Leskovec.pdf\">pdf<\/a>]<\/td>\n<\/tr>\n<tr>\n<td>5<\/td>\n<td width=\"469\"><strong>KENDA, Klemen<\/strong>, FORTUNA, Carolina, <strong>MORARU, Alexandra<\/strong>, <strong>MLADENI\u0106, Dunja<\/strong>, <strong>FORTUNA, Bla\u017e<\/strong>, <strong>GROBELNIK, Marko<\/strong>. Mashups for the web of things. In: ENDRES-NIGGEMEYER, Brigitte (ed.). Semantic mashups : intelligent reuse of web resources, pp. 145-169, Berlin; Heidelberg: Springer, 2013.<\/td>\n<\/tr>\n<\/tbody>\n<\/table>\n<p>&nbsp;<\/p>\n","protected":false},"excerpt":{"rendered":"<p>1 NOVALIJA, Inna, MLADENI\u0106, Dunja. Applying semantic technology to business news analysis. Applied artificial intelligence, 27:6, pp. 520-550, 2013 2 CHAZAL, Fr\u00e9d\u00e9ric, GUIBAS, Leonidas J., OUDOT, Steve, \u0160KRABA, Primo\u017e. Persistence-based clustering in riemannian manifolds. Journal of the ACM, December 2013 [pdf] 3 TOMA\u0160EV, Nenad, MLADENI\u0106, Dunja. Class imbalance and the curse of minority hubs. Knowledge-based [&hellip;]<\/p>\n","protected":false},"author":42,"featured_media":0,"parent":4080,"menu_order":6,"comment_status":"closed","ping_status":"closed","template":"","meta":{"footnotes":"","_links_to":"","_links_to_target":""},"class_list":["post-4059","page","type-page","status-publish","hentry"],"_links":{"self":[{"href":"https:\/\/ailab.ijs.si\/si\/wp-json\/wp\/v2\/pages\/4059","targetHints":{"allow":["GET"]}}],"collection":[{"href":"https:\/\/ailab.ijs.si\/si\/wp-json\/wp\/v2\/pages"}],"about":[{"href":"https:\/\/ailab.ijs.si\/si\/wp-json\/wp\/v2\/types\/page"}],"author":[{"embeddable":true,"href":"https:\/\/ailab.ijs.si\/si\/wp-json\/wp\/v2\/users\/42"}],"replies":[{"embeddable":true,"href":"https:\/\/ailab.ijs.si\/si\/wp-json\/wp\/v2\/comments?post=4059"}],"version-history":[{"count":6,"href":"https:\/\/ailab.ijs.si\/si\/wp-json\/wp\/v2\/pages\/4059\/revisions"}],"predecessor-version":[{"id":4156,"href":"https:\/\/ailab.ijs.si\/si\/wp-json\/wp\/v2\/pages\/4059\/revisions\/4156"}],"up":[{"embeddable":true,"href":"https:\/\/ailab.ijs.si\/si\/wp-json\/wp\/v2\/pages\/4080"}],"wp:attachment":[{"href":"https:\/\/ailab.ijs.si\/si\/wp-json\/wp\/v2\/media?parent=4059"}],"curies":[{"name":"wp","href":"https:\/\/api.w.org\/{rel}","templated":true}]}}