{"id":4056,"date":"2020-05-04T18:57:56","date_gmt":"2020-05-04T18:57:56","guid":{"rendered":"https:\/\/ailab.ijs.si\/?page_id=4056"},"modified":"2021-04-19T22:21:08","modified_gmt":"2021-04-19T22:21:08","slug":"highlights-in-2012","status":"publish","type":"page","link":"https:\/\/ailab.ijs.si\/si\/publications\/highlights\/highlights-in-2012\/","title":{"rendered":"Highlights in 2012"},"content":{"rendered":"<table width=\"568\">\n<tbody>\n<tr>\n<td width=\"20\">1<\/td>\n<td width=\"420\">CHAZAL, Fr\u00e9d\u00e9ric, <strong>\u0160KRABA, Primo\u017e<\/strong>, PATEL, Amit. Computing well diagrams for vector fields on R[sup]n. Appl. math. lett.. [Print ed.], 2012, vol. 25, no. 11, pp. 1725-1728 [<a href=\"https:\/\/ailab.ijs.si\/wp-content\/uploads\/2020\/05\/Computing-well-diagrams-for-vector-fields-on-R.pdf\">pdf<\/a>]<\/td>\n<\/tr>\n<tr>\n<td>2<\/td>\n<td width=\"444\"><strong>TOMA\u0160EV, Nenad<\/strong>, RADOVANOVI\u0106, Milo\u0161, <strong>MLADENI\u0106, Dunja<\/strong>, IVANOVI\u0106, Mirjana. Hubness-based fuzzy measures for high-dimensiona k-nearest neighbor classification. Int. j. mach. learn. cybern. (Print), 2012, pp 14 [<a href=\"https:\/\/ailab.ijs.si\/wp-content\/uploads\/2020\/05\/Hubness-based-fuzzy-measures-for-high-dimensiona-k-nearest-neighbor-classification.pdf\">pdf<\/a>]<\/td>\n<\/tr>\n<tr>\n<td>3<\/td>\n<td width=\"444\"><strong>DALI, Lorand<\/strong>, <strong>FORTUNA, Bla\u017e<\/strong>, TRAN, Thanh, MLADENI\u0106, Dunja. Query-independent learning to rank for RDF entity search. Lect. notes comput. sci., 2012, lNCS 7295, pp. 486-513 [<a href=\"https:\/\/ailab.ijs.si\/wp-content\/uploads\/2020\/05\/Query-independent-learning-to-rank-for-RDF-entity-search.pdf\">pdf<\/a>]<\/td>\n<\/tr>\n<tr>\n<td>4<\/td>\n<td width=\"444\">FORTUNA, Carolina, <strong>GROBELNIK, Marko<\/strong>. From sensors to real-time analytics. Elektrotehni\u0161ki vestnik. [Slovenska tiskana izd.], 2012, vol. 79, no. 5, pp. 273-277 [<a href=\"https:\/\/ailab.ijs.si\/wp-content\/uploads\/2020\/05\/From-Sensors-to-Real-time-Analytics.pdf\">pdf<\/a>]<\/td>\n<\/tr>\n<tr>\n<td>5<\/td>\n<td width=\"444\"><strong>\u0160KRBEC, Jasna<\/strong>, <strong>GROBELNIK, Marko<\/strong>, <strong>FORTUNA, Bla\u017e<\/strong>. Exploring history through newspaper archives : presented at the Extended Semantic Web Conference, ESWC 2012, Heraklion, Crete, Greece, May 27-30, 2012. 2012 [<a href=\"https:\/\/ailab.ijs.si\/wp-content\/uploads\/2020\/05\/Exploring-history-through-newspaper-archives.pdf\">pdf<\/a>]<\/td>\n<\/tr>\n<\/tbody>\n<\/table>\n","protected":false},"excerpt":{"rendered":"<p>1 CHAZAL, Fr\u00e9d\u00e9ric, \u0160KRABA, Primo\u017e, PATEL, Amit. Computing well diagrams for vector fields on R[sup]n. Appl. math. lett.. [Print ed.], 2012, vol. 25, no. 11, pp. 1725-1728 [pdf] 2 TOMA\u0160EV, Nenad, RADOVANOVI\u0106, Milo\u0161, MLADENI\u0106, Dunja, IVANOVI\u0106, Mirjana. Hubness-based fuzzy measures for high-dimensiona k-nearest neighbor classification. Int. j. mach. learn. cybern. (Print), 2012, pp 14 [pdf] [&hellip;]<\/p>\n","protected":false},"author":42,"featured_media":0,"parent":4080,"menu_order":7,"comment_status":"closed","ping_status":"closed","template":"","meta":{"footnotes":"","_links_to":"","_links_to_target":""},"class_list":["post-4056","page","type-page","status-publish","hentry"],"_links":{"self":[{"href":"https:\/\/ailab.ijs.si\/si\/wp-json\/wp\/v2\/pages\/4056","targetHints":{"allow":["GET"]}}],"collection":[{"href":"https:\/\/ailab.ijs.si\/si\/wp-json\/wp\/v2\/pages"}],"about":[{"href":"https:\/\/ailab.ijs.si\/si\/wp-json\/wp\/v2\/types\/page"}],"author":[{"embeddable":true,"href":"https:\/\/ailab.ijs.si\/si\/wp-json\/wp\/v2\/users\/42"}],"replies":[{"embeddable":true,"href":"https:\/\/ailab.ijs.si\/si\/wp-json\/wp\/v2\/comments?post=4056"}],"version-history":[{"count":5,"href":"https:\/\/ailab.ijs.si\/si\/wp-json\/wp\/v2\/pages\/4056\/revisions"}],"predecessor-version":[{"id":4153,"href":"https:\/\/ailab.ijs.si\/si\/wp-json\/wp\/v2\/pages\/4056\/revisions\/4153"}],"up":[{"embeddable":true,"href":"https:\/\/ailab.ijs.si\/si\/wp-json\/wp\/v2\/pages\/4080"}],"wp:attachment":[{"href":"https:\/\/ailab.ijs.si\/si\/wp-json\/wp\/v2\/media?parent=4056"}],"curies":[{"name":"wp","href":"https:\/\/api.w.org\/{rel}","templated":true}]}}