{"id":4051,"date":"2020-05-04T18:52:44","date_gmt":"2020-05-04T18:52:44","guid":{"rendered":"https:\/\/ailab.ijs.si\/?page_id=4051"},"modified":"2021-04-19T22:21:16","modified_gmt":"2021-04-19T22:21:16","slug":"highlights-in-2011","status":"publish","type":"page","link":"https:\/\/ailab.ijs.si\/si\/publications\/highlights\/highlights-in-2011\/","title":{"rendered":"Highlights in 2011"},"content":{"rendered":"<table width=\"568\">\n<tbody>\n<tr>\n<td width=\"20\">1<\/td>\n<td width=\"420\"><strong>Inna Novalija<\/strong>, <strong>Dunja Mladeni\u0107<\/strong>, <strong>Luka Brade\u0161ko<\/strong>. OntoPlus : text-driven ontology extension using ontology content, structure and co-occurrence information. Knowl.-based syst. [Print ed.], 2011, vol. 24, no. 8, pp. 1261-1276, doi: 10.1016\/j.knosys.2011.06.002. [<a href=\"https:\/\/ailab.ijs.si\/wp-content\/uploads\/2020\/05\/OntoPlus-Text-driven-ontology-extension-using-ontology-content-structure-and-co-occurrence-information.pdf\">pdf<\/a>]<\/td>\n<\/tr>\n<tr>\n<td>2<\/td>\n<td width=\"467\"><strong>Nenad Toma\u0161ev<\/strong>, Milo\u0161 Radovanovi\u0107, <strong>Dunja Mladeni\u0107<\/strong>, Mirjana Ivanovi\u0107. Hubness-based fuzzy measures for high-dimensional k-nearest neighbor classification. Lect. Notes Comput. Sci., 2011, vol. 6871, pp. 16-30. [<a href=\"https:\/\/ailab.ijs.si\/wp-content\/uploads\/2020\/05\/Hubness-based-fuzzy-measures-for-high-dimensional-k-nearest-neighbor-classification.pdf\">pdf<\/a>]<\/td>\n<\/tr>\n<tr>\n<td>3<\/td>\n<td width=\"467\"><strong>Dunja Mladeni\u0107<\/strong>, <strong>Janez Brank<\/strong>, <strong>Marko Grobelnik<\/strong>. Document classification. In: Sammut, Webb, (eds.). Encyclopedia of machine learning : with 293 figures and 78 tables. New York: Springer, 2011, pp. 289-293.<\/td>\n<\/tr>\n<tr>\n<td>4<\/td>\n<td width=\"467\">Vadim Ermolayev, Frank Dengler, Carolina Fortuna, <strong>Tadej \u0160tajner<\/strong>, Tom B\u00f6sser, Elke-Maria Melchior. Increasing predictability and sharing tacit knowledge in electronic design. In: Warren, Davies, Simperl (eds.). Context and semantics for knowledge management: technologies for personal productivity. Heidelberg: Springer, 2011, pp. 189-212. [<a href=\"https:\/\/ailab.ijs.si\/wp-content\/uploads\/2020\/05\/Increasing-predictability-and-sharing-tacit-knowledge-in-electronic-design.pdf\">pdf<\/a>]<\/td>\n<\/tr>\n<tr>\n<td>5<\/td>\n<td width=\"467\">Polona Domadenik, <strong>Marko Grobelnik<\/strong>, Luka Pataky, Janez Pra\u0161nikar. Politically connected supervisory board members in Slovenian firms. In: Pra\u0161nikar (ed.). Slovenian economy stranded in recovery. 1st printing. Ljubljana: \u010casnik Finance, 2011, pp. 91-107.<\/td>\n<\/tr>\n<\/tbody>\n<\/table>\n","protected":false},"excerpt":{"rendered":"<p>1 Inna Novalija, Dunja Mladeni\u0107, Luka Brade\u0161ko. OntoPlus : text-driven ontology extension using ontology content, structure and co-occurrence information. Knowl.-based syst. [Print ed.], 2011, vol. 24, no. 8, pp. 1261-1276, doi: 10.1016\/j.knosys.2011.06.002. [pdf] 2 Nenad Toma\u0161ev, Milo\u0161 Radovanovi\u0107, Dunja Mladeni\u0107, Mirjana Ivanovi\u0107. Hubness-based fuzzy measures for high-dimensional k-nearest neighbor classification. Lect. Notes Comput. Sci., 2011, [&hellip;]<\/p>\n","protected":false},"author":42,"featured_media":0,"parent":4080,"menu_order":8,"comment_status":"closed","ping_status":"closed","template":"","meta":{"footnotes":"","_links_to":"","_links_to_target":""},"class_list":["post-4051","page","type-page","status-publish","hentry"],"_links":{"self":[{"href":"https:\/\/ailab.ijs.si\/si\/wp-json\/wp\/v2\/pages\/4051","targetHints":{"allow":["GET"]}}],"collection":[{"href":"https:\/\/ailab.ijs.si\/si\/wp-json\/wp\/v2\/pages"}],"about":[{"href":"https:\/\/ailab.ijs.si\/si\/wp-json\/wp\/v2\/types\/page"}],"author":[{"embeddable":true,"href":"https:\/\/ailab.ijs.si\/si\/wp-json\/wp\/v2\/users\/42"}],"replies":[{"embeddable":true,"href":"https:\/\/ailab.ijs.si\/si\/wp-json\/wp\/v2\/comments?post=4051"}],"version-history":[{"count":7,"href":"https:\/\/ailab.ijs.si\/si\/wp-json\/wp\/v2\/pages\/4051\/revisions"}],"predecessor-version":[{"id":4146,"href":"https:\/\/ailab.ijs.si\/si\/wp-json\/wp\/v2\/pages\/4051\/revisions\/4146"}],"up":[{"embeddable":true,"href":"https:\/\/ailab.ijs.si\/si\/wp-json\/wp\/v2\/pages\/4080"}],"wp:attachment":[{"href":"https:\/\/ailab.ijs.si\/si\/wp-json\/wp\/v2\/media?parent=4051"}],"curies":[{"name":"wp","href":"https:\/\/api.w.org\/{rel}","templated":true}]}}