{"id":3762,"date":"2020-04-21T18:22:22","date_gmt":"2020-04-21T18:22:22","guid":{"rendered":"https:\/\/ailab.ijs.si\/?page_id=3762"},"modified":"2021-01-06T04:56:53","modified_gmt":"2021-01-06T04:56:53","slug":"seminars-in-2019","status":"publish","type":"page","link":"https:\/\/ailab.ijs.si\/si\/internal-seminar\/seminars-in-2019\/","title":{"rendered":"Seminarji v 2019"},"content":{"rendered":"<p>1<\/p>\n<table width=\"568\">\n<tbody>\n<tr>\n<td width=\"84\"><strong>18.12.2019<\/strong><\/td>\n<td width=\"423\"><strong>Dr. Joao Pita Costa, JSI<\/strong><\/td>\n<\/tr>\n<tr>\n<td><\/td>\n<td width=\"331\">Meaningful Integration of Data Analytics and Services in Public Health and Healthcare: a wrap-up of activities and assets that we refocused, developed and have ready to integrate in future initiatives<\/td>\n<\/tr>\n<tr>\n<td><\/td>\n<td width=\"331\"><\/td>\n<\/tr>\n<tr>\n<td><strong>11.12.2019<\/strong><\/td>\n<td width=\"331\"><strong>Tin Ku\u010dulo, Leibniz Universit\u00e4t Hannover<\/strong><\/td>\n<\/tr>\n<tr>\n<td><\/td>\n<td width=\"331\">ESR CLEOPATRA secondment at JSI<\/td>\n<\/tr>\n<tr>\n<td><\/td>\n<td width=\"331\"><\/td>\n<\/tr>\n<tr>\n<td><strong>4.12.2019<\/strong><\/td>\n<td width=\"331\"><strong>Erik Novak, JSI<\/strong><\/td>\n<\/tr>\n<tr>\n<td><\/td>\n<td width=\"331\">RENOIR secondment at Carnegie Mellon University<\/td>\n<\/tr>\n<tr>\n<td><\/td>\n<td width=\"331\"><\/td>\n<\/tr>\n<tr>\n<td><strong>27.11.2019<\/strong><\/td>\n<td width=\"331\"><strong>Luka Bizjak, JSI<\/strong><\/td>\n<\/tr>\n<tr>\n<td><\/td>\n<td width=\"331\">Probabilistic Soft Logic - Theory and Practice<\/td>\n<\/tr>\n<tr>\n<td><\/td>\n<td width=\"331\"><\/td>\n<\/tr>\n<tr>\n<td><strong>20.11.2019<\/strong><\/td>\n<td width=\"331\"><strong>Dr. Miha Cimperman, dr. Luka Stopar, JSI<\/strong><\/td>\n<\/tr>\n<tr>\n<td><\/td>\n<td width=\"331\">RENOIR secondment at ITMO University, High Performance Computing Department<\/td>\n<\/tr>\n<tr>\n<td><\/td>\n<td width=\"331\"><\/td>\n<\/tr>\n<tr>\n<td><strong>13.11.2019<\/strong><\/td>\n<td width=\"331\"><strong>Maja \u0160krjanc, JSI<\/strong><\/td>\n<\/tr>\n<tr>\n<td><\/td>\n<td width=\"331\">NFINITECH project\u00a0 - Tailored IoT &amp; BigData Sandboxes and Testbeds for Smart, Autonomous and Personalized Services in the European Finance and Insurance Services Ecosystem<\/td>\n<\/tr>\n<tr>\n<td><\/td>\n<td width=\"331\"><\/td>\n<\/tr>\n<tr>\n<td><strong>6.11.2019<\/strong><\/td>\n<td width=\"331\"><strong>M.Besher Massri, JSI<\/strong><\/td>\n<\/tr>\n<tr>\n<td><\/td>\n<td width=\"331\">OECD: AI Observatory<\/td>\n<\/tr>\n<tr>\n<td><\/td>\n<td width=\"331\"><\/td>\n<\/tr>\n<tr>\n<td><strong>30.10.2019<\/strong><\/td>\n<td width=\"331\"><strong>Jo\u017ee Peternelj, JSI<\/strong><\/td>\n<\/tr>\n<tr>\n<td><\/td>\n<td width=\"331\">Usage of Batch and Incremental Machine Learning Techniques in Water Management<\/td>\n<\/tr>\n<tr>\n<td><\/td>\n<td width=\"331\"><\/td>\n<\/tr>\n<tr>\n<td><strong>23.10.2019<\/strong><\/td>\n<td width=\"331\"><strong>Prof. John Shawe Taylor, University College London<\/strong><\/td>\n<\/tr>\n<tr>\n<td><\/td>\n<td width=\"331\">Humane AI flagship project: overview and prospects<\/td>\n<\/tr>\n<tr>\n<td><\/td>\n<td width=\"331\"><\/td>\n<\/tr>\n<tr>\n<td><strong>16.10.2019<\/strong><\/td>\n<td width=\"331\"><strong>Matej Posinkovi\u0107, JSI<\/strong><\/td>\n<\/tr>\n<tr>\n<td><\/td>\n<td width=\"331\">NAIADES - A holistic water ecosystem for digitisation of urban water sector<\/td>\n<\/tr>\n<tr>\n<td><\/td>\n<td width=\"331\"><\/td>\n<\/tr>\n<tr>\n<td><strong>9.10.2019<\/strong><\/td>\n<td width=\"331\"><strong>Maja \u0160krjanc, JSI<\/strong><\/td>\n<\/tr>\n<tr>\n<td><\/td>\n<td width=\"331\">Machine learning in industry: the good, the bad and the ugly<\/td>\n<\/tr>\n<tr>\n<td><\/td>\n<td width=\"331\"><\/td>\n<\/tr>\n<tr>\n<td><strong>2.10.2019<\/strong><\/td>\n<td width=\"331\"><strong>Ale\u0161 Zavr\u0161nik<\/strong><\/td>\n<\/tr>\n<tr>\n<td><\/td>\n<td width=\"331\">Automating criminal justice<\/td>\n<\/tr>\n<tr>\n<td><\/td>\n<td width=\"331\"><\/td>\n<\/tr>\n<tr>\n<td><strong>25.9.2019<\/strong><\/td>\n<td width=\"331\"><strong>Erik Novak, JSI<\/strong><\/td>\n<\/tr>\n<tr>\n<td><\/td>\n<td width=\"331\">Enabling Research In Konferences @ IJCAI<\/td>\n<\/tr>\n<tr>\n<td><\/td>\n<td width=\"331\"><\/td>\n<\/tr>\n<tr>\n<td><strong>11.9.2019<\/strong><\/td>\n<td width=\"331\"><strong>Giulio Trichilo, \u00c9cole polytechnique f\u00e9d\u00e9rale de Lausanne<\/strong><\/td>\n<\/tr>\n<tr>\n<td><\/td>\n<td width=\"331\">Deep Language Classification for Relabeling of Financial News and its application in Stock Price Forecasting<\/td>\n<\/tr>\n<tr>\n<td><\/td>\n<td width=\"331\"><\/td>\n<\/tr>\n<tr>\n<td><strong>4.9.2019<\/strong><\/td>\n<td width=\"331\"><strong>Anna Chmiel<\/strong><\/td>\n<\/tr>\n<tr>\n<td><\/td>\n<td width=\"331\">Spreading of diseases through comorbidity networks across life and gender<\/td>\n<\/tr>\n<tr>\n<td><\/td>\n<td width=\"331\"><\/td>\n<\/tr>\n<tr>\n<td><strong>28.8.2019<\/strong><\/td>\n<td width=\"331\"><strong>Dr. Salman Taherizadeh, JSI<\/strong><\/td>\n<\/tr>\n<tr>\n<td><\/td>\n<td width=\"331\">Ongoing work within the H2020 project PrestoCloud<\/td>\n<\/tr>\n<tr>\n<td><\/td>\n<td width=\"331\"><\/td>\n<\/tr>\n<tr>\n<td><strong>21.8.2019<\/strong><\/td>\n<td width=\"331\"><strong>Avgu\u0161tin Kastelic, dr. Dunja Mladeni\u0107, JSI<\/strong><\/td>\n<\/tr>\n<tr>\n<td><\/td>\n<td width=\"331\">Ongoing work within the H2020 project SILKNOW<\/td>\n<\/tr>\n<tr>\n<td><\/td>\n<td width=\"331\"><\/td>\n<\/tr>\n<tr>\n<td><strong>17.7.2019<\/strong><\/td>\n<td width=\"331\"><strong>Dr. Miha Cimperman, Klemen Kenda, JSI<\/strong><\/td>\n<\/tr>\n<tr>\n<td><\/td>\n<td width=\"331\">RENOIR secondment at ITMO University, High Performance Computing Department<\/td>\n<\/tr>\n<tr>\n<td><\/td>\n<td width=\"331\"><\/td>\n<\/tr>\n<tr>\n<td><strong>10.7.2019<\/strong><\/td>\n<td width=\"331\"><strong>Mihajela \u010crnko, JSI<\/strong><\/td>\n<\/tr>\n<tr>\n<td><\/td>\n<td width=\"331\">The award winning academic online video repository Videolectures.net<\/td>\n<\/tr>\n<tr>\n<td><\/td>\n<td width=\"331\"><\/td>\n<\/tr>\n<tr>\n<td><strong>3.7.2019<\/strong><\/td>\n<td width=\"331\"><strong>Dr. Branko Kav\u0161ek, dr. Dunja Mladeni\u0107, JSI<\/strong><\/td>\n<\/tr>\n<tr>\n<td><\/td>\n<td width=\"331\">Observing User Mobility<\/td>\n<\/tr>\n<tr>\n<td><\/td>\n<td width=\"331\"><\/td>\n<\/tr>\n<tr>\n<td><strong>26.6.2019<\/strong><\/td>\n<td width=\"331\"><strong>Dr. Mateja Jamnik, Univeristy of Cambridge, Cambridge<\/strong><\/td>\n<\/tr>\n<tr>\n<td><\/td>\n<td width=\"331\">Inspection and selection of representations<\/td>\n<\/tr>\n<tr>\n<td><\/td>\n<td width=\"331\"><\/td>\n<\/tr>\n<tr>\n<td><strong>19.6.2019<\/strong><\/td>\n<td width=\"331\"><strong>Dr. Daniel Schwabe, Pontificia Universidade Cat\u00f3lica<\/strong><\/td>\n<\/tr>\n<tr>\n<td><\/td>\n<td width=\"331\">A Framework for Data Exploration Environments<\/td>\n<\/tr>\n<tr>\n<td><\/td>\n<td width=\"331\"><\/td>\n<\/tr>\n<tr>\n<td><strong>12.6.2019<\/strong><\/td>\n<td width=\"331\"><strong>Dr. Alja\u017e Ko\u0161merlj, JSI<\/strong><\/td>\n<\/tr>\n<tr>\n<td><\/td>\n<td width=\"331\">EW-Shopp-Supporting Event and Weather-based Data Analytics\u00a0 and Marketing along the Shopper Journey<\/td>\n<\/tr>\n<tr>\n<td><\/td>\n<td width=\"331\"><\/td>\n<\/tr>\n<tr>\n<td><strong>5.6.2019<\/strong><\/td>\n<td width=\"331\"><strong>Dr. Bla\u017e Fortuna, JSI<\/strong><\/td>\n<\/tr>\n<tr>\n<td><\/td>\n<td width=\"331\">Qminer: Analytic engine for real-time large-scale streams of structured and unstructured data<\/td>\n<\/tr>\n<tr>\n<td><\/td>\n<td width=\"331\"><\/td>\n<\/tr>\n<tr>\n<td><strong>29.5.2019<\/strong><\/td>\n<td width=\"331\"><strong>Jakob Jelen\u010di\u010d, Matej \u010cerin, Jo\u017ee Peternelj, JSI<\/strong><\/td>\n<\/tr>\n<tr>\n<td><\/td>\n<td width=\"331\">Mercator Innovative Allnighter 2019 \/ ESA: Living Planet Symposium Milan 2019<\/td>\n<\/tr>\n<tr>\n<td><\/td>\n<td width=\"331\"><\/td>\n<\/tr>\n<tr>\n<td><strong>22.5.2019<\/strong><\/td>\n<td width=\"331\"><strong>Dr. Inna Novalijam, JSI<\/strong><\/td>\n<\/tr>\n<tr>\n<td><\/td>\n<td width=\"331\">euBusinessGraph Review, Luxemburg<\/td>\n<\/tr>\n<tr>\n<td><\/td>\n<td width=\"331\"><\/td>\n<\/tr>\n<tr>\n<td><strong>15.5.2019<\/strong><\/td>\n<td width=\"331\"><strong>Dr. Gregor Leban, JSI<\/strong><\/td>\n<\/tr>\n<tr>\n<td><\/td>\n<td width=\"331\">EventRegistry: overview and progress<\/td>\n<\/tr>\n<tr>\n<td><\/td>\n<td width=\"331\"><\/td>\n<\/tr>\n<tr>\n<td><strong>8.5.2019<\/strong><\/td>\n<td width=\"331\"><strong>Matej Posinkovi\u0107, JSI<\/strong><\/td>\n<\/tr>\n<tr>\n<td><\/td>\n<td width=\"331\">TBFY public spending and procurement data analysis<\/td>\n<\/tr>\n<tr>\n<td><\/td>\n<td width=\"331\"><\/td>\n<\/tr>\n<tr>\n<td><strong>24.4.2019<\/strong><\/td>\n<td width=\"331\"><strong>Dr. Daniel Schwabe, Pontificia Universidade Cat\u00f3lica<\/strong><\/td>\n<\/tr>\n<tr>\n<td><\/td>\n<td width=\"331\">Trust, Privacy and Transparency in Knowledge Graphs<\/td>\n<\/tr>\n<tr>\n<td><\/td>\n<td width=\"331\"><\/td>\n<\/tr>\n<tr>\n<td><strong>17.4.2019<\/strong><\/td>\n<td width=\"331\"><strong>Klemen Kenda, JSI<\/strong><\/td>\n<\/tr>\n<tr>\n<td><\/td>\n<td width=\"331\">PerceptiveSentinel: review meeting preparation<\/td>\n<\/tr>\n<tr>\n<td><\/td>\n<td width=\"331\"><\/td>\n<\/tr>\n<tr>\n<td><strong>10.4.2019<\/strong><\/td>\n<td width=\"331\"><strong>Chiara Perillo, JSI<\/strong><\/td>\n<\/tr>\n<tr>\n<td><\/td>\n<td width=\"331\">BigDataFinance: The stock market response to Quantitative Easing<\/td>\n<\/tr>\n<tr>\n<td><\/td>\n<td width=\"331\"><\/td>\n<\/tr>\n<tr>\n<td><strong>3.4.2019<\/strong><\/td>\n<td width=\"331\"><strong>Dimitris Kofinas<\/strong><\/td>\n<\/tr>\n<tr>\n<td><\/td>\n<td width=\"331\">Water4Cities: Spatio-temporal Simulation of the Urban Water Supply of Skiathos<\/td>\n<\/tr>\n<tr>\n<td><\/td>\n<td width=\"331\"><\/td>\n<\/tr>\n<tr>\n<td><strong>27.3.2019<\/strong><\/td>\n<td width=\"331\"><strong>Dr. Jan Rupnik, JSI<\/strong><\/td>\n<\/tr>\n<tr>\n<td><\/td>\n<td width=\"331\">What is Qlector?<\/td>\n<\/tr>\n<tr>\n<td><\/td>\n<td width=\"331\"><\/td>\n<\/tr>\n<tr>\n<td><strong>20.3.2019<\/strong><\/td>\n<td width=\"331\"><strong>Dr. Simon Krek, JSI<\/strong><\/td>\n<\/tr>\n<tr>\n<td><\/td>\n<td width=\"331\">ELEXIS: European lexicographic infrastructure<\/td>\n<\/tr>\n<tr>\n<td><\/td>\n<td width=\"331\"><\/td>\n<\/tr>\n<tr>\n<td><strong>13.3.2019<\/strong><\/td>\n<td width=\"331\"><strong>Dr. Branko Kav\u0161ek, JSI<\/strong><\/td>\n<\/tr>\n<tr>\n<td><\/td>\n<td width=\"331\">Using Words from Daily News Headlines to Predict the Movement of Stock Market Indices<\/td>\n<\/tr>\n<tr>\n<td><\/td>\n<td width=\"331\"><\/td>\n<\/tr>\n<tr>\n<td><strong>6.3.2019<\/strong><\/td>\n<td width=\"331\"><strong>Dr. Janez Brank, JSI<\/strong><\/td>\n<\/tr>\n<tr>\n<td><\/td>\n<td width=\"331\">Annotating documents with\u00a0 relevant Wikipedia concepts<\/td>\n<\/tr>\n<tr>\n<td><\/td>\n<td width=\"331\"><\/td>\n<\/tr>\n<tr>\n<td><strong>27.2.2019<\/strong><\/td>\n<td width=\"331\"><strong>Mihajela \u010crnko, JSI<\/strong><\/td>\n<\/tr>\n<tr>\n<td><\/td>\n<td width=\"331\">MicroHe: Supporting Future Learning Excellence through Micro-Credentialing in Higher Education - Erasmus+<\/td>\n<\/tr>\n<tr>\n<td><\/td>\n<td width=\"331\"><\/td>\n<\/tr>\n<tr>\n<td><strong>20.2.2019<\/strong><\/td>\n<td width=\"331\"><strong>Marko Grobelnik, JSI<\/strong><\/td>\n<\/tr>\n<tr>\n<td><\/td>\n<td width=\"331\">OECD Expert group on AI (AIGO)<\/td>\n<\/tr>\n<tr>\n<td><\/td>\n<td width=\"331\"><\/td>\n<\/tr>\n<tr>\n<td><strong>13.2.2019<\/strong><\/td>\n<td width=\"331\"><strong>Erik Novak, JSI<\/strong><\/td>\n<\/tr>\n<tr>\n<td><\/td>\n<td width=\"331\">x5Gon: Cross Modal, Cross Cultural, Cross Lingual, Cross Domain, and Cross Site Global OER Network - Project Overview<\/td>\n<\/tr>\n<tr>\n<td><\/td>\n<td width=\"331\"><\/td>\n<\/tr>\n<tr>\n<td><strong>6.2.2019<\/strong><\/td>\n<td width=\"331\"><strong>Miha Torkar, JSI<\/strong><\/td>\n<\/tr>\n<tr>\n<td><\/td>\n<td width=\"331\">From Word Embeddings To Document Distances<\/td>\n<\/tr>\n<tr>\n<td><\/td>\n<td width=\"331\"><\/td>\n<\/tr>\n<tr>\n<td><strong>30.1.2019<\/strong><\/td>\n<td width=\"331\"><strong>Matej Posinkovi\u0107, JSI<\/strong><\/td>\n<\/tr>\n<tr>\n<td><\/td>\n<td width=\"331\">OpenProf presentationa and background<\/td>\n<\/tr>\n<tr>\n<td><\/td>\n<td width=\"331\"><\/td>\n<\/tr>\n<tr>\n<td><strong>23.1.2019<\/strong><\/td>\n<td width=\"331\"><strong>Dr. Salman Taherizadeh, JSI<\/strong><\/td>\n<\/tr>\n<tr>\n<td><\/td>\n<td width=\"331\">PrEstoCloud: JSI responsibilities \/ Demo presentation<\/td>\n<\/tr>\n<tr>\n<td><\/td>\n<td width=\"331\"><\/td>\n<\/tr>\n<tr>\n<td><strong>16.1.2019<\/strong><\/td>\n<td width=\"331\"><strong>Dr. Inna Novalija, JSI<\/strong><\/td>\n<\/tr>\n<tr>\n<td><\/td>\n<td width=\"331\">euBusinessGraph AiLab task overview \/ Graph Based Analytics API Modelling overview<\/td>\n<\/tr>\n<tr>\n<td><\/td>\n<td width=\"331\"><\/td>\n<\/tr>\n<tr>\n<td><strong>9.1.2019<\/strong><\/td>\n<td width=\"331\"><strong>Luka \u010car, Klemen Kenda, Samo Kralj, Erik Novak, JSI<\/strong><\/td>\n<\/tr>\n<tr>\n<td><\/td>\n<td width=\"331\">H2020 enviroLENS overview<\/td>\n<\/tr>\n<\/tbody>\n<\/table>\n<p><\/p>","protected":false},"excerpt":{"rendered":"<p>1 18.12.2019 Dr. Joao Pita Costa, JSI Meaningful Integration of Data Analytics and Services in Public Health and Healthcare: a wrap-up of activities and assets that we refocused, developed and have ready to integrate in future initiatives 11.12.2019 Tin Ku\u010dulo, Leibniz Universit\u00e4t Hannover ESR CLEOPATRA secondment at JSI 4.12.2019 Erik Novak, JSI RENOIR secondment at [&hellip;]<\/p>\n","protected":false},"author":42,"featured_media":0,"parent":674,"menu_order":1,"comment_status":"closed","ping_status":"closed","template":"","meta":{"footnotes":"","_links_to":"","_links_to_target":""},"class_list":["post-3762","page","type-page","status-publish","hentry"],"_links":{"self":[{"href":"https:\/\/ailab.ijs.si\/si\/wp-json\/wp\/v2\/pages\/3762","targetHints":{"allow":["GET"]}}],"collection":[{"href":"https:\/\/ailab.ijs.si\/si\/wp-json\/wp\/v2\/pages"}],"about":[{"href":"https:\/\/ailab.ijs.si\/si\/wp-json\/wp\/v2\/types\/page"}],"author":[{"embeddable":true,"href":"https:\/\/ailab.ijs.si\/si\/wp-json\/wp\/v2\/users\/42"}],"replies":[{"embeddable":true,"href":"https:\/\/ailab.ijs.si\/si\/wp-json\/wp\/v2\/comments?post=3762"}],"version-history":[{"count":6,"href":"https:\/\/ailab.ijs.si\/si\/wp-json\/wp\/v2\/pages\/3762\/revisions"}],"predecessor-version":[{"id":4341,"href":"https:\/\/ailab.ijs.si\/si\/wp-json\/wp\/v2\/pages\/3762\/revisions\/4341"}],"up":[{"embeddable":true,"href":"https:\/\/ailab.ijs.si\/si\/wp-json\/wp\/v2\/pages\/674"}],"wp:attachment":[{"href":"https:\/\/ailab.ijs.si\/si\/wp-json\/wp\/v2\/media?parent=3762"}],"curies":[{"name":"wp","href":"https:\/\/api.w.org\/{rel}","templated":true}]}}