{"id":3698,"date":"2020-04-21T17:53:47","date_gmt":"2020-04-21T17:53:47","guid":{"rendered":"https:\/\/ailab.ijs.si\/?page_id=3698"},"modified":"2021-01-06T04:56:29","modified_gmt":"2021-01-06T04:56:29","slug":"seminars-in-2017","status":"publish","type":"page","link":"https:\/\/ailab.ijs.si\/si\/internal-seminar\/seminars-in-2017\/","title":{"rendered":"Seminarji v 2017"},"content":{"rendered":"<table width=\"568\">\n<tbody>\n<tr>\n<td width=\"84\"><strong>20.12.2017<\/strong><\/td>\n<td width=\"423\"><strong>Joao Pita Costa, JSI<\/strong><\/td>\n<\/tr>\n<tr>\n<td><\/td>\n<td width=\"202\">MIDAS first year report<\/td>\n<\/tr>\n<tr>\n<td><\/td>\n<td width=\"202\"><\/td>\n<\/tr>\n<tr>\n<td><strong>13.12.2017<\/strong><\/td>\n<td width=\"202\"><strong>Simon Krek, JSI<\/strong><\/td>\n<\/tr>\n<tr>\n<td><\/td>\n<td width=\"202\">ELEXIS project introduction<\/td>\n<\/tr>\n<tr>\n<td><\/td>\n<td width=\"202\"><\/td>\n<\/tr>\n<tr>\n<td><strong>6.12.2017<\/strong><\/td>\n<td width=\"202\"><strong>Pat Moore, Bloomberg<\/strong><\/td>\n<\/tr>\n<tr>\n<td><\/td>\n<td width=\"202\">AiQ: its potential and future work<\/td>\n<\/tr>\n<tr>\n<td><\/td>\n<td width=\"202\"><\/td>\n<\/tr>\n<tr>\n<td><strong>29.11.2017<\/strong><\/td>\n<td width=\"202\"><strong>Alja\u017e Ko\u0161merlj, JSI<\/strong><\/td>\n<\/tr>\n<tr>\n<td><\/td>\n<td width=\"202\">EWShopp first year report<\/td>\n<\/tr>\n<tr>\n<td><\/td>\n<td width=\"202\"><\/td>\n<\/tr>\n<tr>\n<td><strong>22.11.2017<\/strong><\/td>\n<td width=\"202\"><strong>Inna Novalija, Matja\u017e Rihtar, JSI<\/strong><\/td>\n<\/tr>\n<tr>\n<td><\/td>\n<td width=\"202\">EUBusinessGraph first year report<\/td>\n<\/tr>\n<tr>\n<td><\/td>\n<td width=\"202\"><\/td>\n<\/tr>\n<tr>\n<td><strong>15.11.2017<\/strong><\/td>\n<td width=\"202\"><strong>Jan Cho\u0142oniewski, Politechnika Warszawska<\/strong><\/td>\n<\/tr>\n<tr>\n<td><\/td>\n<td width=\"202\">Presentation of work completed during the RENOIR secondment and possible future work<\/td>\n<\/tr>\n<tr>\n<td><\/td>\n<td width=\"202\"><\/td>\n<\/tr>\n<tr>\n<td><strong>8.11.2017<\/strong><\/td>\n<td width=\"202\"><strong>Mitja Jermol, JSI<\/strong><\/td>\n<\/tr>\n<tr>\n<td><\/td>\n<td width=\"202\">X5Gon project kick-off<\/td>\n<\/tr>\n<tr>\n<td><\/td>\n<td width=\"202\"><\/td>\n<\/tr>\n<tr>\n<td><strong>25.10.2017<\/strong><\/td>\n<td width=\"202\"><strong>Inna Novalija, JSI<\/strong><\/td>\n<\/tr>\n<tr>\n<td><\/td>\n<td width=\"202\">Training strategy for Big Data in official statistics<\/td>\n<\/tr>\n<tr>\n<td><\/td>\n<td width=\"202\"><\/td>\n<\/tr>\n<tr>\n<td><strong>18.10.2017<\/strong><\/td>\n<td width=\"202\"><strong>Gregor Leban, JSI<\/strong><\/td>\n<\/tr>\n<tr>\n<td><\/td>\n<td width=\"202\">EventRegistry project progress report<\/td>\n<\/tr>\n<tr>\n<td><\/td>\n<td width=\"202\"><\/td>\n<\/tr>\n<tr>\n<td><strong>11.10.2017<\/strong><\/td>\n<td width=\"202\"><strong>Tilen Marc, IMFM<\/strong><\/td>\n<\/tr>\n<tr>\n<td><\/td>\n<td width=\"202\">Embedding of temporal networks for vandals detection<\/td>\n<\/tr>\n<tr>\n<td><\/td>\n<td width=\"202\"><\/td>\n<\/tr>\n<tr>\n<td><strong>11.10.2017<\/strong><\/td>\n<td width=\"202\"><strong>Patrik Zajec, JSI<\/strong><\/td>\n<\/tr>\n<tr>\n<td><\/td>\n<td width=\"202\">Using social media to uncover customer decision making<\/td>\n<\/tr>\n<tr>\n<td><\/td>\n<td width=\"202\"><\/td>\n<\/tr>\n<tr>\n<td><strong>4.10.2017<\/strong><\/td>\n<td width=\"202\"><strong>Klemen Kenda, JSI<\/strong><\/td>\n<\/tr>\n<tr>\n<td><\/td>\n<td width=\"202\">Usage of SVM for a Triggering Mechanism for Higgs Boson Detection<\/td>\n<\/tr>\n<tr>\n<td><\/td>\n<td width=\"202\"><\/td>\n<\/tr>\n<tr>\n<td><strong>27.9.2017<\/strong><\/td>\n<td width=\"202\"><strong>Erik Novak, JSI<\/strong><\/td>\n<\/tr>\n<tr>\n<td><\/td>\n<td width=\"202\">Connecting Professional Skill Demand with Supply<\/td>\n<\/tr>\n<tr>\n<td><\/td>\n<td width=\"202\"><\/td>\n<\/tr>\n<tr>\n<td><strong>20.9.2017<\/strong><\/td>\n<td width=\"202\"><strong>Matej Seno\u017eetnik, JSI<\/strong><\/td>\n<\/tr>\n<tr>\n<td><\/td>\n<td width=\"202\">Estimating point-of-interest rating based on visitor's geospatial behavior<\/td>\n<\/tr>\n<tr>\n<td><\/td>\n<td width=\"202\"><\/td>\n<\/tr>\n<tr>\n<td><strong>13.9.2017<\/strong><\/td>\n<td width=\"202\"><strong>Miha Torkar, JSI<\/strong><\/td>\n<\/tr>\n<tr>\n<td><\/td>\n<td width=\"202\">BigDataFinance Dubrovnik Summer School<\/td>\n<\/tr>\n<tr>\n<td><\/td>\n<td width=\"202\"><\/td>\n<\/tr>\n<tr>\n<td><strong>6.9.2017<\/strong><\/td>\n<td width=\"202\"><strong>Piotr Szymanski, Univerze Politechnika Wroclawska<\/strong><\/td>\n<\/tr>\n<tr>\n<td><\/td>\n<td width=\"202\">Presentation of work completed during the RENOIR secondment and possible future work<\/td>\n<\/tr>\n<tr>\n<td><\/td>\n<td width=\"202\"><\/td>\n<\/tr>\n<tr>\n<td><strong>30.8.2017<\/strong><\/td>\n<td width=\"202\"><strong>Tine \u0160ubic, JSI<\/strong><\/td>\n<\/tr>\n<tr>\n<td><\/td>\n<td width=\"202\">LPP\/Optimum API &amp; Access Management<\/td>\n<\/tr>\n<tr>\n<td><\/td>\n<td width=\"202\"><\/td>\n<\/tr>\n<tr>\n<td><strong>23.8.2017<\/strong><\/td>\n<td width=\"202\"><strong>Sebastjan Fabijan, JSI<\/strong><\/td>\n<\/tr>\n<tr>\n<td><\/td>\n<td width=\"202\">predstavitev pa o projektu Optimum in napravi MACH.<\/td>\n<\/tr>\n<tr>\n<td><\/td>\n<td width=\"202\"><\/td>\n<\/tr>\n<tr>\n<td><strong>9.8.2017<\/strong><\/td>\n<td width=\"202\"><strong>Primo\u017e \u0160kraba, JSI<\/strong><\/td>\n<\/tr>\n<tr>\n<td><\/td>\n<td width=\"202\">Delo na projektu U\u010denje Topolo\u0161kih Reprezentacij<\/td>\n<\/tr>\n<tr>\n<td><\/td>\n<td width=\"202\"><\/td>\n<\/tr>\n<tr>\n<td><strong>2.8.2017<\/strong><\/td>\n<td width=\"202\"><strong>Klemen Kenda, JSI<\/strong><\/td>\n<\/tr>\n<tr>\n<td><\/td>\n<td width=\"202\">PerceptiveSentinel project introduction<\/td>\n<\/tr>\n<tr>\n<td><\/td>\n<td width=\"202\"><\/td>\n<\/tr>\n<tr>\n<td><strong>26.7.2017<\/strong><\/td>\n<td width=\"202\"><strong>Krzysztof Suchecki, Warsaw University of Technology<\/strong><\/td>\n<\/tr>\n<tr>\n<td><\/td>\n<td width=\"202\">Presentation of work completed during the RENOIR secondment and possible future work<\/td>\n<\/tr>\n<tr>\n<td><\/td>\n<td width=\"202\"><\/td>\n<\/tr>\n<tr>\n<td><strong>19.7.2017<\/strong><\/td>\n<td width=\"202\"><strong>Zala Herga, JSI<\/strong><\/td>\n<\/tr>\n<tr>\n<td><\/td>\n<td width=\"202\">RENOIR secondment report at RPI<\/td>\n<\/tr>\n<tr>\n<td><\/td>\n<td width=\"202\"><\/td>\n<\/tr>\n<tr>\n<td><strong>12.7.2017<\/strong><\/td>\n<td width=\"202\"><strong>Matic Kladnik, JSI<\/strong><\/td>\n<\/tr>\n<tr>\n<td><\/td>\n<td width=\"202\">AiQ on AWS<\/td>\n<\/tr>\n<tr>\n<td><\/td>\n<td width=\"202\"><\/td>\n<\/tr>\n<tr>\n<td><strong>12.7.2017<\/strong><\/td>\n<td width=\"202\"><strong>Jasna Urban\u010di\u010d, JSI<\/strong><\/td>\n<\/tr>\n<tr>\n<td><\/td>\n<td width=\"202\">Transportation Mode Detection Based on Accelerometer Readings<\/td>\n<\/tr>\n<tr>\n<td><\/td>\n<td width=\"202\"><\/td>\n<\/tr>\n<tr>\n<td><strong>5.7.2017<\/strong><\/td>\n<td width=\"202\"><strong>Inna Novalija, JSI<\/strong><\/td>\n<\/tr>\n<tr>\n<td><\/td>\n<td width=\"202\">Demand and supply in Data Science in Europe<\/td>\n<\/tr>\n<tr>\n<td><\/td>\n<td width=\"202\"><\/td>\n<\/tr>\n<tr>\n<td><strong>28.6.2017<\/strong><\/td>\n<td width=\"202\"><strong>Julian Sienkiewicz, Warsaw University of Technology<\/strong><\/td>\n<\/tr>\n<tr>\n<td><\/td>\n<td width=\"202\">Presentation of work completed during the RENOIR secondment and possible future work<\/td>\n<\/tr>\n<tr>\n<td><\/td>\n<td width=\"202\"><\/td>\n<\/tr>\n<tr>\n<td><strong>21.6.2017<\/strong><\/td>\n<td width=\"202\"><strong>Matja\u017e Rihtar, JSI<\/strong><\/td>\n<\/tr>\n<tr>\n<td><\/td>\n<td width=\"202\">Aquasmart final review<\/td>\n<\/tr>\n<tr>\n<td><\/td>\n<td width=\"202\"><\/td>\n<\/tr>\n<tr>\n<td><strong>14.6.2017<\/strong><\/td>\n<td width=\"202\"><strong>Bla\u017e Ka\u017ei\u010d, Klemen Kenda, JSI<\/strong><\/td>\n<\/tr>\n<tr>\n<td><\/td>\n<td width=\"202\">Sunseed project progress report<\/td>\n<\/tr>\n<tr>\n<td><\/td>\n<td width=\"202\"><\/td>\n<\/tr>\n<tr>\n<td><strong>7.6.2017<\/strong><\/td>\n<td width=\"202\"><strong>Anja Polajnar, JSI<\/strong><\/td>\n<\/tr>\n<tr>\n<td><\/td>\n<td width=\"202\">Water4Cities project kick-off<\/td>\n<\/tr>\n<tr>\n<td><\/td>\n<td width=\"202\"><\/td>\n<\/tr>\n<tr>\n<td><strong>31.5.2017<\/strong><\/td>\n<td width=\"202\"><strong>Simon Krek, JSI<\/strong><\/td>\n<\/tr>\n<tr>\n<td><\/td>\n<td width=\"202\">Nova slovnica sodobne standardne sloven\u0161\u010dine: viri in metode<\/td>\n<\/tr>\n<tr>\n<td><\/td>\n<td width=\"202\"><\/td>\n<\/tr>\n<tr>\n<td><strong>17.5.2017<\/strong><\/td>\n<td width=\"202\"><strong>Joao Pita Costa, JSI<\/strong><\/td>\n<\/tr>\n<tr>\n<td><\/td>\n<td width=\"202\">MIDAS project kick-off<\/td>\n<\/tr>\n<tr>\n<td><\/td>\n<td width=\"202\"><\/td>\n<\/tr>\n<tr>\n<td><strong>10.5.2017<\/strong><\/td>\n<td width=\"202\"><strong>Mihajela \u010crnko, Ana Fabijan, Zala Herga, Erik Novak, Anja Polajnar, JSI<\/strong><\/td>\n<\/tr>\n<tr>\n<td><\/td>\n<td width=\"202\">RENOIR secondment report at NTU<\/td>\n<\/tr>\n<tr>\n<td><\/td>\n<td width=\"202\"><\/td>\n<\/tr>\n<tr>\n<td><strong>3.5.2017<\/strong><\/td>\n<td width=\"202\"><strong>Mihajela \u010crnko, JSI<\/strong><\/td>\n<\/tr>\n<tr>\n<td><\/td>\n<td width=\"202\">Moving project kick-off<\/td>\n<\/tr>\n<tr>\n<td><\/td>\n<td width=\"202\"><\/td>\n<\/tr>\n<tr>\n<td><strong>19.4.2017<\/strong><\/td>\n<td width=\"202\"><strong>Inna Novalija, JSI<\/strong><\/td>\n<\/tr>\n<tr>\n<td><\/td>\n<td width=\"202\">Big data for official statistics<\/td>\n<\/tr>\n<tr>\n<td><\/td>\n<td width=\"202\"><\/td>\n<\/tr>\n<tr>\n<td><strong>12.4.2017<\/strong><\/td>\n<td width=\"202\"><strong>Luka Brade\u0161ko, JSI<\/strong><\/td>\n<\/tr>\n<tr>\n<td><\/td>\n<td width=\"202\">Mining moving patterns<\/td>\n<\/tr>\n<tr>\n<td><\/td>\n<td width=\"202\"><\/td>\n<\/tr>\n<tr>\n<td><strong>5.4.2017<\/strong><\/td>\n<td width=\"202\"><strong>Sebastjan Fabijan, JSI<\/strong><\/td>\n<\/tr>\n<tr>\n<td><\/td>\n<td width=\"202\">Introduction of personal studies<\/td>\n<\/tr>\n<tr>\n<td><\/td>\n<td width=\"202\"><\/td>\n<\/tr>\n<tr>\n<td><strong>29.3.2017<\/strong><\/td>\n<td width=\"202\"><strong>Marko Grobelnik, Bla\u017e Novak, JSI<\/strong><\/td>\n<\/tr>\n<tr>\n<td><\/td>\n<td width=\"202\">Prestocloud project kick-off<\/td>\n<\/tr>\n<tr>\n<td><\/td>\n<td width=\"202\"><\/td>\n<\/tr>\n<tr>\n<td><strong>15.3.2017<\/strong><\/td>\n<td width=\"202\"><strong>Bla\u017e Fortuna, JSI<\/strong><\/td>\n<\/tr>\n<tr>\n<td><\/td>\n<td width=\"202\">Hot to apply to MSC IF projects<\/td>\n<\/tr>\n<tr>\n<td><\/td>\n<td width=\"202\"><\/td>\n<\/tr>\n<tr>\n<td><strong>8.3.2017<\/strong><\/td>\n<td width=\"202\"><strong>Alja\u017e Ko\u0161merlj, JSI<\/strong><\/td>\n<\/tr>\n<tr>\n<td><\/td>\n<td width=\"202\">EWShopp project kick-off<\/td>\n<\/tr>\n<tr>\n<td><\/td>\n<td width=\"202\"><\/td>\n<\/tr>\n<tr>\n<td><strong>1.3.2017<\/strong><\/td>\n<td width=\"202\"><strong>\u0141ukasz Augustyniak, Piotr Szymanski, Univerza Politechnika Wroclawska<\/strong><\/td>\n<\/tr>\n<tr>\n<td><\/td>\n<td width=\"202\">Presentation of work completed during the RENOIR secondment and possible future work<\/td>\n<\/tr>\n<tr>\n<td><\/td>\n<td width=\"202\"><\/td>\n<\/tr>\n<tr>\n<td><strong>22.2.2017<\/strong><\/td>\n<td width=\"202\"><strong>Matja\u017e Rihtar, JSI<\/strong><\/td>\n<\/tr>\n<tr>\n<td><\/td>\n<td width=\"202\">EUBusinessGraph project kick-off<\/td>\n<\/tr>\n<tr>\n<td><\/td>\n<td width=\"202\"><\/td>\n<\/tr>\n<tr>\n<td><strong>15.2.2017<\/strong><\/td>\n<td width=\"202\"><strong>Luka Stopar, JSI<\/strong><\/td>\n<\/tr>\n<tr>\n<td><\/td>\n<td width=\"202\">Proasense project progress report<\/td>\n<\/tr>\n<tr>\n<td><\/td>\n<td width=\"202\"><\/td>\n<\/tr>\n<tr>\n<td><strong>25.1.2017<\/strong><\/td>\n<td width=\"202\"><strong>Gregor Leban, JSI<\/strong><\/td>\n<\/tr>\n<tr>\n<td><\/td>\n<td width=\"202\">EventRegistry project presentation<\/td>\n<\/tr>\n<tr>\n<td><\/td>\n<td width=\"202\"><\/td>\n<\/tr>\n<tr>\n<td><strong>18.1.2017<\/strong><\/td>\n<td width=\"202\"><strong>Miha Torkar, JSI<\/strong><\/td>\n<\/tr>\n<tr>\n<td><\/td>\n<td width=\"202\">Winter School on Complex Financial Networks within BigDataFinance Project<\/td>\n<\/tr>\n<tr>\n<td><\/td>\n<td width=\"202\"><\/td>\n<\/tr>\n<tr>\n<td><strong>11.1.2017<\/strong><\/td>\n<td width=\"202\"><strong>Polona \u0160kraba Stani\u010d, JSI<\/strong><\/td>\n<\/tr>\n<tr>\n<td><\/td>\n<td width=\"202\">Overview of calls and proposals<\/td>\n<\/tr>\n<tr>\n<td><\/td>\n<td width=\"202\"><\/td>\n<\/tr>\n<tr>\n<td><strong>4.1.2017<\/strong><\/td>\n<td width=\"202\"><strong>Primo\u017e \u0160kraba, JSI<\/strong><\/td>\n<\/tr>\n<tr>\n<td><\/td>\n<td width=\"202\">Predstavitev projekta U\u010denje Topolo\u0161kih Reprezentacij<\/td>\n<\/tr>\n<\/tbody>\n<\/table>\n","protected":false},"excerpt":{"rendered":"<p>20.12.2017 Joao Pita Costa, JSI MIDAS first year report 13.12.2017 Simon Krek, JSI ELEXIS project introduction 6.12.2017 Pat Moore, Bloomberg AiQ: its potential and future work 29.11.2017 Alja\u017e Ko\u0161merlj, JSI EWShopp first year report 22.11.2017 Inna Novalija, Matja\u017e Rihtar, JSI EUBusinessGraph first year report 15.11.2017 Jan Cho\u0142oniewski, Politechnika Warszawska Presentation of work completed during the [&hellip;]<\/p>\n","protected":false},"author":42,"featured_media":0,"parent":674,"menu_order":3,"comment_status":"closed","ping_status":"closed","template":"","meta":{"footnotes":"","_links_to":"","_links_to_target":""},"class_list":["post-3698","page","type-page","status-publish","hentry"],"_links":{"self":[{"href":"https:\/\/ailab.ijs.si\/si\/wp-json\/wp\/v2\/pages\/3698","targetHints":{"allow":["GET"]}}],"collection":[{"href":"https:\/\/ailab.ijs.si\/si\/wp-json\/wp\/v2\/pages"}],"about":[{"href":"https:\/\/ailab.ijs.si\/si\/wp-json\/wp\/v2\/types\/page"}],"author":[{"embeddable":true,"href":"https:\/\/ailab.ijs.si\/si\/wp-json\/wp\/v2\/users\/42"}],"replies":[{"embeddable":true,"href":"https:\/\/ailab.ijs.si\/si\/wp-json\/wp\/v2\/comments?post=3698"}],"version-history":[{"count":13,"href":"https:\/\/ailab.ijs.si\/si\/wp-json\/wp\/v2\/pages\/3698\/revisions"}],"predecessor-version":[{"id":4007,"href":"https:\/\/ailab.ijs.si\/si\/wp-json\/wp\/v2\/pages\/3698\/revisions\/4007"}],"up":[{"embeddable":true,"href":"https:\/\/ailab.ijs.si\/si\/wp-json\/wp\/v2\/pages\/674"}],"wp:attachment":[{"href":"https:\/\/ailab.ijs.si\/si\/wp-json\/wp\/v2\/media?parent=3698"}],"curies":[{"name":"wp","href":"https:\/\/api.w.org\/{rel}","templated":true}]}}