{"id":3683,"date":"2020-04-21T17:34:39","date_gmt":"2020-04-21T17:34:39","guid":{"rendered":"https:\/\/ailab.ijs.si\/?page_id=3683"},"modified":"2021-01-06T04:57:12","modified_gmt":"2021-01-06T04:57:12","slug":"seminars-in-2016","status":"publish","type":"page","link":"https:\/\/ailab.ijs.si\/si\/internal-seminar\/seminars-in-2016\/","title":{"rendered":"Seminarji v 2016"},"content":{"rendered":"<table width=\"568\">\n<tbody>\n<tr>\n<td width=\"84\"><strong>21.12.2016<\/strong><\/td>\n<td width=\"423\"><strong>Jose Luis Machado Rei, JSI<\/strong><\/td>\n<\/tr>\n<tr>\n<td><\/td>\n<td width=\"362\">Predstavitev zaklju\u010dka projekta Symphony<\/td>\n<\/tr>\n<tr>\n<td><\/td>\n<td width=\"362\"><\/td>\n<\/tr>\n<tr>\n<td><strong>14.12.2016<\/strong><\/td>\n<td width=\"362\"><strong>Mihajela \u010crnko, JSI<\/strong><\/td>\n<\/tr>\n<tr>\n<td><\/td>\n<td width=\"362\">Predstavitev poteka dela na VideoLectures<\/td>\n<\/tr>\n<tr>\n<td><\/td>\n<td width=\"362\"><\/td>\n<\/tr>\n<tr>\n<td><strong>7.12.2016<\/strong><\/td>\n<td width=\"362\"><strong>Bla\u017e Ka\u017ei\u010d, JSI<\/strong><\/td>\n<\/tr>\n<tr>\n<td><\/td>\n<td width=\"362\">Predstavitev teko\u010dega dela na projektu SUNSEED<\/td>\n<\/tr>\n<tr>\n<td><\/td>\n<td width=\"362\"><\/td>\n<\/tr>\n<tr>\n<td><strong>30.11.2016<\/strong><\/td>\n<td width=\"362\"><strong>Branko Kav\u0161ek, JSI<\/strong><\/td>\n<\/tr>\n<tr>\n<td><\/td>\n<td width=\"362\">Predstavitev dela in sodelovanja z Univerzo na Primorskem<\/td>\n<\/tr>\n<tr>\n<td><\/td>\n<td width=\"362\"><\/td>\n<\/tr>\n<tr>\n<td><strong>23.11.2016<\/strong><\/td>\n<td width=\"362\"><strong>Bla\u017e Novak, JSI<\/strong><\/td>\n<\/tr>\n<tr>\n<td><\/td>\n<td width=\"362\">Predstavitev zaklju\u010dka projekta Xlime<\/td>\n<\/tr>\n<tr>\n<td><\/td>\n<td width=\"362\"><\/td>\n<\/tr>\n<tr>\n<td><strong>16.11.2016<\/strong><\/td>\n<td width=\"362\"><strong>Flavio Fuart, JSI<\/strong><\/td>\n<\/tr>\n<tr>\n<td><\/td>\n<td width=\"362\">Predstavitev teko\u010dega dela na projektu MIDAS<\/td>\n<\/tr>\n<tr>\n<td><\/td>\n<td width=\"362\"><\/td>\n<\/tr>\n<tr>\n<td><strong>9.11.2016<\/strong><\/td>\n<td width=\"362\"><strong>Inna Novalija, JSI<\/strong><\/td>\n<\/tr>\n<tr>\n<td><\/td>\n<td width=\"362\">Predstavitev teko\u010dega dela na projektu EDSA<\/td>\n<\/tr>\n<tr>\n<td><\/td>\n<td width=\"362\"><\/td>\n<\/tr>\n<tr>\n<td><strong>2.11.2016<\/strong><\/td>\n<td width=\"362\"><strong>Luka Brade\u0161ko, JSI<\/strong><\/td>\n<\/tr>\n<tr>\n<td><\/td>\n<td width=\"362\">Predstavitev teko\u010dega dela na projektu Optimum<\/td>\n<\/tr>\n<tr>\n<td><\/td>\n<td width=\"362\"><\/td>\n<\/tr>\n<tr>\n<td><strong>26.10.2016<\/strong><\/td>\n<td width=\"362\"><strong>Alja\u017e Ko\u0161merlj, Matja\u017e Rihtar, JSI<\/strong><\/td>\n<\/tr>\n<tr>\n<td><\/td>\n<td width=\"362\">Predstavitev projektev EWShoppe in AQUASMART<\/td>\n<\/tr>\n<tr>\n<td><\/td>\n<td width=\"362\"><\/td>\n<\/tr>\n<tr>\n<td><strong>19.10.2016<\/strong><\/td>\n<td width=\"362\"><strong>Klemen Kenda, JSI<\/strong><\/td>\n<\/tr>\n<tr>\n<td><\/td>\n<td width=\"362\">Predstavitev novega orodja<\/td>\n<\/tr>\n<tr>\n<td><\/td>\n<td width=\"362\"><\/td>\n<\/tr>\n<tr>\n<td><strong>12.10.2016<\/strong><\/td>\n<td width=\"362\"><strong>Miha Torkar, JSI<\/strong><\/td>\n<\/tr>\n<tr>\n<td><\/td>\n<td width=\"362\">Predstavitev novega projekta BigDataFinance<\/td>\n<\/tr>\n<tr>\n<td><\/td>\n<td width=\"362\"><\/td>\n<\/tr>\n<tr>\n<td><strong>5.10.2016<\/strong><\/td>\n<td width=\"362\"><strong>Primo\u017e \u0160kraba, JSI<\/strong><\/td>\n<\/tr>\n<tr>\n<td><\/td>\n<td width=\"362\">Vaja za konferenco SiKDD<\/td>\n<\/tr>\n<tr>\n<td><\/td>\n<td width=\"362\"><\/td>\n<\/tr>\n<tr>\n<td><strong>28.9.2016<\/strong><\/td>\n<td width=\"362\"><strong>Luka Stopar, JSI<\/strong><\/td>\n<\/tr>\n<tr>\n<td><\/td>\n<td width=\"362\">Predstavitev teko\u010dega dela na projektu Proasense<\/td>\n<\/tr>\n<tr>\n<td><\/td>\n<td width=\"362\"><\/td>\n<\/tr>\n<tr>\n<td><strong>21.9.2016<\/strong><\/td>\n<td width=\"362\"><strong>Flavio Fuart, JSI<\/strong><\/td>\n<\/tr>\n<tr>\n<td><\/td>\n<td width=\"362\">Predstavitev novega projekta MIDAS<\/td>\n<\/tr>\n<tr>\n<td><\/td>\n<td width=\"362\"><\/td>\n<\/tr>\n<tr>\n<td><strong>14.9.2016<\/strong><\/td>\n<td width=\"362\"><strong>Alja\u017e Ko\u0161merlj, Gregor Leban, JSI<\/strong><\/td>\n<\/tr>\n<tr>\n<td><\/td>\n<td width=\"362\">Predstavitev novih projektiv EWShoppe in EUBusinessGraph<\/td>\n<\/tr>\n<tr>\n<td><\/td>\n<td width=\"362\"><\/td>\n<\/tr>\n<tr>\n<td><strong>7.9.2016<\/strong><\/td>\n<td width=\"362\"><strong>Gaber Cerle, JSI<\/strong><\/td>\n<\/tr>\n<tr>\n<td><\/td>\n<td width=\"362\">Predstavitev novega projekta MOVING<\/td>\n<\/tr>\n<tr>\n<td><\/td>\n<td width=\"362\"><\/td>\n<\/tr>\n<tr>\n<td><strong>31.8.2016<\/strong><\/td>\n<td width=\"362\"><strong>Nina Troha, JSI<\/strong><\/td>\n<\/tr>\n<tr>\n<td><\/td>\n<td width=\"362\">Predstavitev magistrske naloge<\/td>\n<\/tr>\n<tr>\n<td><\/td>\n<td width=\"362\"><\/td>\n<\/tr>\n<tr>\n<td><strong>24.8.2016<\/strong><\/td>\n<td width=\"362\"><strong>Inna Novalija, JSI<\/strong><\/td>\n<\/tr>\n<tr>\n<td><\/td>\n<td width=\"362\">Predstavitev teko\u010dega dela na projektu EDSA<\/td>\n<\/tr>\n<tr>\n<td><\/td>\n<td width=\"362\"><\/td>\n<\/tr>\n<tr>\n<td><strong>17.8.2016<\/strong><\/td>\n<td width=\"362\"><strong>Jan Ber\u010di\u010d,JSI<\/strong><\/td>\n<\/tr>\n<tr>\n<td><\/td>\n<td width=\"362\">Predstavitev \u0161tudijskega dela<\/td>\n<\/tr>\n<tr>\n<td><\/td>\n<td width=\"362\"><\/td>\n<\/tr>\n<tr>\n<td><strong>3.8.2016<\/strong><\/td>\n<td width=\"362\"><strong>Luka Brade\u0161ko, JSI<\/strong><\/td>\n<\/tr>\n<tr>\n<td><\/td>\n<td width=\"362\">Predstavitev teko\u010dega dela na projektu Optimum<\/td>\n<\/tr>\n<tr>\n<td><\/td>\n<td width=\"362\"><\/td>\n<\/tr>\n<tr>\n<td><strong>27.7.2016<\/strong><\/td>\n<td width=\"362\"><strong>Bla\u017e Novak, JSI<\/strong><\/td>\n<\/tr>\n<tr>\n<td><\/td>\n<td width=\"362\">Predstavitev teko\u010dega dela na projektu Xlime<\/td>\n<\/tr>\n<tr>\n<td><\/td>\n<td width=\"362\"><\/td>\n<\/tr>\n<tr>\n<td><strong>20.7.2016<\/strong><\/td>\n<td width=\"362\"><strong>Krzysztof Suchecki, Warsaw University of Technology<\/strong><\/td>\n<\/tr>\n<tr>\n<td><\/td>\n<td width=\"362\">Predstavitev rezultatov dela na projektu RENOIR<\/td>\n<\/tr>\n<tr>\n<td><\/td>\n<td width=\"362\"><\/td>\n<\/tr>\n<tr>\n<td><strong>13.7.2016<\/strong><\/td>\n<td width=\"362\"><strong>Bla\u017e Ka\u017ei\u010d, JSI<\/strong><\/td>\n<\/tr>\n<tr>\n<td><\/td>\n<td width=\"362\">Predstavitev teko\u010dega dela na projektu SUNSEED<\/td>\n<\/tr>\n<tr>\n<td><\/td>\n<td width=\"362\"><\/td>\n<\/tr>\n<tr>\n<td><strong>6.7.2016<\/strong><\/td>\n<td width=\"362\"><strong>Jan Cho\u0142oniewski, Politechnika Warszawska<\/strong><\/td>\n<\/tr>\n<tr>\n<td><\/td>\n<td width=\"362\">Predstavitev rezultatov dela na projektu RENOIR<\/td>\n<\/tr>\n<tr>\n<td><\/td>\n<td width=\"362\"><\/td>\n<\/tr>\n<tr>\n<td><strong>29.6.2016<\/strong><\/td>\n<td width=\"362\"><strong>Simon Krek, Matja\u017e Rihtar, JSI<\/strong><\/td>\n<\/tr>\n<tr>\n<td><\/td>\n<td width=\"362\">Predstavitev teko\u010dega dela na projektu AQUASMART<\/td>\n<\/tr>\n<tr>\n<td><\/td>\n<td width=\"362\"><\/td>\n<\/tr>\n<tr>\n<td><strong>22.6.2016<\/strong><\/td>\n<td width=\"362\"><strong>Mario Karlov\u010dec, JSI<\/strong><\/td>\n<\/tr>\n<tr>\n<td><\/td>\n<td width=\"362\">Predstavitev teko\u010dega dela na projektu FI-IMPACT<\/td>\n<\/tr>\n<tr>\n<td><\/td>\n<td width=\"362\"><\/td>\n<\/tr>\n<tr>\n<td><strong>8.6.2016<\/strong><\/td>\n<td width=\"362\"><strong>Marko Grobelnik, JSI<\/strong><\/td>\n<\/tr>\n<tr>\n<td><\/td>\n<td width=\"362\">Predstavitev podjetja Elaphe<\/td>\n<\/tr>\n<tr>\n<td><\/td>\n<td width=\"362\"><\/td>\n<\/tr>\n<tr>\n<td><strong>1.6.2016<\/strong><\/td>\n<td width=\"362\"><strong>Patrik Zajec, JSI<\/strong><\/td>\n<\/tr>\n<tr>\n<td><\/td>\n<td width=\"362\">Predstavitev \u0161tudijskega dela na tematiko sodbe<\/td>\n<\/tr>\n<tr>\n<td><\/td>\n<td width=\"362\"><\/td>\n<\/tr>\n<tr>\n<td><strong>25.5.2016<\/strong><\/td>\n<td width=\"362\"><strong>Gregor Leban, JSI<\/strong><\/td>\n<\/tr>\n<tr>\n<td><\/td>\n<td width=\"362\">Predstavitev teko\u010dega dela na projektu Xlime<\/td>\n<\/tr>\n<tr>\n<td><\/td>\n<td width=\"362\"><\/td>\n<\/tr>\n<tr>\n<td><strong>18.5.2016<\/strong><\/td>\n<td width=\"362\"><strong>Katja Ber\u010di\u010d, JSI<\/strong><\/td>\n<\/tr>\n<tr>\n<td><\/td>\n<td width=\"362\">Predstavitev teko\u010dega dela na projektu FI-IMPACT<\/td>\n<\/tr>\n<tr>\n<td><\/td>\n<td width=\"362\"><\/td>\n<\/tr>\n<tr>\n<td><strong>11.5.2016<\/strong><\/td>\n<td width=\"362\"><strong>Jan Cho\u0142oniewski, Politechnika Warszawska<\/strong><\/td>\n<\/tr>\n<tr>\n<td><\/td>\n<td width=\"362\">Predstavitev rezultatov dela na projektu RENOIR<\/td>\n<\/tr>\n<tr>\n<td><\/td>\n<td width=\"362\"><\/td>\n<\/tr>\n<tr>\n<td><strong>4.5.2016<\/strong><\/td>\n<td width=\"362\"><strong>Jose Luis Machado Rei, JSI<\/strong><\/td>\n<\/tr>\n<tr>\n<td><\/td>\n<td width=\"362\">Predstavitev teko\u010dega dela na projektu Symphony<\/td>\n<\/tr>\n<tr>\n<td><\/td>\n<td width=\"362\"><\/td>\n<\/tr>\n<tr>\n<td><strong>20.4.2016<\/strong><\/td>\n<td width=\"362\"><strong>Jan Rupnik, JSI<\/strong><\/td>\n<\/tr>\n<tr>\n<td><\/td>\n<td width=\"362\">Predstavitev objavljenega \u010dlanka<\/td>\n<\/tr>\n<tr>\n<td><\/td>\n<td width=\"362\"><\/td>\n<\/tr>\n<tr>\n<td><strong>13.4.2016<\/strong><\/td>\n<td width=\"362\"><strong>Luka Stopar, JSI<\/strong><\/td>\n<\/tr>\n<tr>\n<td><\/td>\n<td width=\"362\">Predstavitev objavljenega \u010dlanka<\/td>\n<\/tr>\n<tr>\n<td><\/td>\n<td width=\"362\"><\/td>\n<\/tr>\n<tr>\n<td><strong>6.4.2016<\/strong><\/td>\n<td width=\"362\"><strong>Polona \u0160kraba Stani\u010d, JSI<\/strong><\/td>\n<\/tr>\n<tr>\n<td><\/td>\n<td width=\"362\">Predstavitev ARRS razpisov<\/td>\n<\/tr>\n<tr>\n<td><\/td>\n<td width=\"362\"><\/td>\n<\/tr>\n<tr>\n<td><strong>30.3.2016<\/strong><\/td>\n<td width=\"362\"><strong>Inna Novalija, JSI<\/strong><\/td>\n<\/tr>\n<tr>\n<td><\/td>\n<td width=\"362\">Predstavitev teko\u010dega dela na projektu EDSA<\/td>\n<\/tr>\n<tr>\n<td><\/td>\n<td width=\"362\"><\/td>\n<\/tr>\n<tr>\n<td><strong>23.3.2016<\/strong><\/td>\n<td width=\"362\"><strong>Marko Grobelnik, JSI<\/strong><\/td>\n<\/tr>\n<tr>\n<td><\/td>\n<td width=\"362\">Predstavitev novih predlogov projektov<\/td>\n<\/tr>\n<tr>\n<td><\/td>\n<td width=\"362\"><\/td>\n<\/tr>\n<tr>\n<td><strong>16.3.2016<\/strong><\/td>\n<td width=\"362\"><strong>Matja\u017e Rihtar, JSI<\/strong><\/td>\n<\/tr>\n<tr>\n<td><\/td>\n<td width=\"362\">Predstavitev teko\u010dega dela na projektu Aquasmart<\/td>\n<\/tr>\n<tr>\n<td><\/td>\n<td width=\"362\"><\/td>\n<\/tr>\n<tr>\n<td><strong>9.3.2016<\/strong><\/td>\n<td width=\"362\"><strong>Janez Starc, JSI<\/strong><\/td>\n<\/tr>\n<tr>\n<td><\/td>\n<td width=\"362\">Predstavitev doktorske disertacije<\/td>\n<\/tr>\n<tr>\n<td><\/td>\n<td width=\"362\"><\/td>\n<\/tr>\n<tr>\n<td><strong>2.3.2016<\/strong><\/td>\n<td width=\"362\"><strong>Luka Brade\u0161ko, JSI<\/strong><\/td>\n<\/tr>\n<tr>\n<td><\/td>\n<td width=\"362\">Predstavitev teko\u010dega dela na projektu Optimum<\/td>\n<\/tr>\n<tr>\n<td><\/td>\n<td width=\"362\"><\/td>\n<\/tr>\n<tr>\n<td><strong>24.2.2016<\/strong><\/td>\n<td width=\"362\"><strong>Bla\u017e Novak, JSI<\/strong><\/td>\n<\/tr>\n<tr>\n<td><\/td>\n<td width=\"362\">Predstavitev teko\u010dega dela na projektu Xlime<\/td>\n<\/tr>\n<tr>\n<td><\/td>\n<td width=\"362\"><\/td>\n<\/tr>\n<tr>\n<td><strong>17.2.2016<\/strong><\/td>\n<td width=\"362\"><strong>Bla\u017e Ka\u017ei\u010d, JSI<\/strong><\/td>\n<\/tr>\n<tr>\n<td><\/td>\n<td width=\"362\">Predstavitev teko\u010dega dela na projektu SUNSEED<\/td>\n<\/tr>\n<tr>\n<td><\/td>\n<td width=\"362\"><\/td>\n<\/tr>\n<tr>\n<td><strong>10.2.2016<\/strong><\/td>\n<td width=\"362\"><strong>Bla\u017e Fortuna, JSI<\/strong><\/td>\n<\/tr>\n<tr>\n<td><\/td>\n<td width=\"362\">Predstavitev industrijskega projekta s Po\u0161to Slovenije<\/td>\n<\/tr>\n<tr>\n<td><\/td>\n<td width=\"362\"><\/td>\n<\/tr>\n<tr>\n<td><strong>3.2.2016<\/strong><\/td>\n<td width=\"362\"><strong>Flavio Fuart, JSI<\/strong><\/td>\n<\/tr>\n<tr>\n<td><\/td>\n<td width=\"362\">Predstavitev teko\u010dega dela na projektu FI-IMPACT<\/td>\n<\/tr>\n<tr>\n<td><\/td>\n<td width=\"362\"><\/td>\n<\/tr>\n<tr>\n<td><strong>27.1.2016<\/strong><\/td>\n<td width=\"362\"><strong>Luka Stopar, JSI<\/strong><\/td>\n<\/tr>\n<tr>\n<td><\/td>\n<td width=\"362\">Predstavitev teko\u010dega dela na projektu Proasense<\/td>\n<\/tr>\n<tr>\n<td><\/td>\n<td width=\"362\"><\/td>\n<\/tr>\n<tr>\n<td><strong>20.1.2016<\/strong><\/td>\n<td width=\"362\"><strong>Jose Luis Machado Machado Rei, JSI<\/strong><\/td>\n<\/tr>\n<tr>\n<td><\/td>\n<td width=\"362\">Predstavitev teko\u010dega dela na projektu Symphony<\/td>\n<\/tr>\n<tr>\n<td><\/td>\n<td width=\"362\"><\/td>\n<\/tr>\n<tr>\n<td><strong>13.1.2016<\/strong><\/td>\n<td width=\"362\"><strong>Polona \u0160kraba Stani\u010d, JSI<\/strong><\/td>\n<\/tr>\n<tr>\n<td><\/td>\n<td width=\"362\">Predstavitev novega projekta RENOIR<\/td>\n<\/tr>\n<tr>\n<td><\/td>\n<td width=\"362\"><\/td>\n<\/tr>\n<tr>\n<td><strong>6.1.2016<\/strong><\/td>\n<td width=\"362\"><strong>Marko Grobelnik, JSI<\/strong><\/td>\n<\/tr>\n<tr>\n<td><\/td>\n<td width=\"362\">Pregled prijav v H2020<\/td>\n<\/tr>\n<\/tbody>\n<\/table>\n","protected":false},"excerpt":{"rendered":"<p>21.12.2016 Jose Luis Machado Rei, JSI Predstavitev zaklju\u010dka projekta Symphony 14.12.2016 Mihajela \u010crnko, JSI Predstavitev poteka dela na VideoLectures 7.12.2016 Bla\u017e Ka\u017ei\u010d, JSI Predstavitev teko\u010dega dela na projektu SUNSEED 30.11.2016 Branko Kav\u0161ek, JSI Predstavitev dela in sodelovanja z Univerzo na Primorskem 23.11.2016 Bla\u017e Novak, JSI Predstavitev zaklju\u010dka projekta Xlime 16.11.2016 Flavio Fuart, JSI Predstavitev teko\u010dega [&hellip;]<\/p>\n","protected":false},"author":42,"featured_media":0,"parent":674,"menu_order":4,"comment_status":"closed","ping_status":"closed","template":"","meta":{"footnotes":"","_links_to":"","_links_to_target":""},"class_list":["post-3683","page","type-page","status-publish","hentry"],"_links":{"self":[{"href":"https:\/\/ailab.ijs.si\/si\/wp-json\/wp\/v2\/pages\/3683","targetHints":{"allow":["GET"]}}],"collection":[{"href":"https:\/\/ailab.ijs.si\/si\/wp-json\/wp\/v2\/pages"}],"about":[{"href":"https:\/\/ailab.ijs.si\/si\/wp-json\/wp\/v2\/types\/page"}],"author":[{"embeddable":true,"href":"https:\/\/ailab.ijs.si\/si\/wp-json\/wp\/v2\/users\/42"}],"replies":[{"embeddable":true,"href":"https:\/\/ailab.ijs.si\/si\/wp-json\/wp\/v2\/comments?post=3683"}],"version-history":[{"count":9,"href":"https:\/\/ailab.ijs.si\/si\/wp-json\/wp\/v2\/pages\/3683\/revisions"}],"predecessor-version":[{"id":4006,"href":"https:\/\/ailab.ijs.si\/si\/wp-json\/wp\/v2\/pages\/3683\/revisions\/4006"}],"up":[{"embeddable":true,"href":"https:\/\/ailab.ijs.si\/si\/wp-json\/wp\/v2\/pages\/674"}],"wp:attachment":[{"href":"https:\/\/ailab.ijs.si\/si\/wp-json\/wp\/v2\/media?parent=3683"}],"curies":[{"name":"wp","href":"https:\/\/api.w.org\/{rel}","templated":true}]}}