{"id":3680,"date":"2020-04-21T17:15:51","date_gmt":"2020-04-21T17:15:51","guid":{"rendered":"https:\/\/ailab.ijs.si\/?page_id=3680"},"modified":"2021-01-06T04:57:19","modified_gmt":"2021-01-06T04:57:19","slug":"seminars-in-2015","status":"publish","type":"page","link":"https:\/\/ailab.ijs.si\/si\/internal-seminar\/seminars-in-2015\/","title":{"rendered":"Seminarji v 2015"},"content":{"rendered":"<table width=\"568\">\n<tbody>\n<tr>\n<td width=\"84\"><strong>30.12.2015<\/strong><\/td>\n<td width=\"423\"><strong>Primo\u017e \u0160kraba, JSI<\/strong><\/td>\n<\/tr>\n<tr>\n<td width=\"84\"><\/td>\n<td width=\"289\">Big fat quiz of the year 2015<\/td>\n<\/tr>\n<tr>\n<td width=\"84\"><\/td>\n<td width=\"289\"><\/td>\n<\/tr>\n<tr>\n<td width=\"84\"><strong>23.12.2015<\/strong><\/td>\n<td width=\"289\"><strong>Klemen Kenda, JSI<\/strong><\/td>\n<\/tr>\n<tr>\n<td width=\"84\"><\/td>\n<td width=\"289\">NRG4Cast<\/td>\n<\/tr>\n<tr>\n<td width=\"84\"><\/td>\n<td width=\"289\"><\/td>\n<\/tr>\n<tr>\n<td><strong>16.12.2015<\/strong><\/td>\n<td width=\"289\"><strong>Luka Brade\u0161ko, JSI<\/strong><\/td>\n<\/tr>\n<tr>\n<td><\/td>\n<td width=\"289\">Optimum<\/td>\n<\/tr>\n<tr>\n<td><\/td>\n<td width=\"289\"><\/td>\n<\/tr>\n<tr>\n<td><strong>9.12.2015<\/strong><\/td>\n<td width=\"289\"><strong>Erik Novak, Inna Novalija, JSI<\/strong><\/td>\n<\/tr>\n<tr>\n<td><\/td>\n<td width=\"289\">EDSA<\/td>\n<\/tr>\n<tr>\n<td><\/td>\n<td width=\"289\"><\/td>\n<\/tr>\n<tr>\n<td><strong>2.12.2015<\/strong><\/td>\n<td width=\"289\"><strong>Jan Rupnik, JSI<\/strong><\/td>\n<\/tr>\n<tr>\n<td><\/td>\n<td width=\"289\">Rapid Development of Data Mining Applications in Node.js<\/td>\n<\/tr>\n<tr>\n<td><\/td>\n<td width=\"289\"><\/td>\n<\/tr>\n<tr>\n<td><strong>25.11.2015<\/strong><\/td>\n<td width=\"289\"><strong>Primo\u017e \u0160kraba, JSI<\/strong><\/td>\n<\/tr>\n<tr>\n<td><\/td>\n<td width=\"289\">Toposys overview<\/td>\n<\/tr>\n<tr>\n<td><\/td>\n<td width=\"289\"><\/td>\n<\/tr>\n<tr>\n<td><strong>18.11.2015<\/strong><\/td>\n<td width=\"289\"><strong>Polona \u0160kraba Stani\u010d, JSI<\/strong><\/td>\n<\/tr>\n<tr>\n<td><\/td>\n<td width=\"289\">AiLab funding<\/td>\n<\/tr>\n<tr>\n<td><\/td>\n<td width=\"289\"><\/td>\n<\/tr>\n<tr>\n<td><strong>11.11.2015<\/strong><\/td>\n<td width=\"289\"><strong>Kristijan Mir\u010deta, JSI<\/strong><\/td>\n<\/tr>\n<tr>\n<td><\/td>\n<td width=\"289\">Extracting temporal knowldege through event detection\u00a0in news articles<\/td>\n<\/tr>\n<tr>\n<td><\/td>\n<td width=\"289\"><\/td>\n<\/tr>\n<tr>\n<td><strong>4.11.2015<\/strong><\/td>\n<td width=\"289\"><strong>\u017diga Vu\u010dko, JSI<\/strong><\/td>\n<\/tr>\n<tr>\n<td><\/td>\n<td width=\"289\">Predicting categories of news articles using meatadata from the web<\/td>\n<\/tr>\n<tr>\n<td><\/td>\n<td width=\"289\"><\/td>\n<\/tr>\n<tr>\n<td width=\"84\"><strong>28.10.2015<\/strong><\/td>\n<td width=\"289\"><strong>Simon Krek, JSI<\/strong><\/td>\n<\/tr>\n<tr>\n<td width=\"84\"><\/td>\n<td width=\"289\">Evropska in slovenska raziskovalna infrastruktura CLARIN<\/td>\n<\/tr>\n<tr>\n<td width=\"84\"><\/td>\n<td width=\"289\"><\/td>\n<\/tr>\n<tr>\n<td width=\"84\"><strong>21.10.2015<\/strong><\/td>\n<td width=\"289\"><strong>Luka Brade\u0161ko, JSI<\/strong><\/td>\n<\/tr>\n<tr>\n<td width=\"84\"><\/td>\n<td width=\"289\">H2020 Optimum pregled dela na projektu<\/td>\n<\/tr>\n<tr>\n<td width=\"84\"><\/td>\n<td width=\"289\"><\/td>\n<\/tr>\n<tr>\n<td width=\"84\"><strong>14.10.2015<\/strong><\/td>\n<td width=\"289\"><strong>Luka Stopar, JSI<\/strong><\/td>\n<\/tr>\n<tr>\n<td width=\"84\"><\/td>\n<td width=\"289\">SiKDD 2015 conference<\/td>\n<\/tr>\n<tr>\n<td width=\"84\"><\/td>\n<td width=\"289\"><\/td>\n<\/tr>\n<tr>\n<td width=\"84\"><strong>7.10.2015<\/strong><\/td>\n<td width=\"289\"><strong>Simon Krek, JSI<\/strong><\/td>\n<\/tr>\n<tr>\n<td width=\"84\"><\/td>\n<td width=\"289\">PARSEME 5th general meeting<\/td>\n<\/tr>\n<tr>\n<td width=\"84\"><\/td>\n<td width=\"289\"><\/td>\n<\/tr>\n<tr>\n<td><strong>30.9.2015<\/strong><\/td>\n<td width=\"289\"><strong>Jan Cho\u0142oniewski, Robert Paluch, Politechnika Warszawska<\/strong><\/td>\n<\/tr>\n<tr>\n<td><\/td>\n<td width=\"289\">Analyzing New York Times articles<\/td>\n<\/tr>\n<tr>\n<td><\/td>\n<td width=\"289\"><\/td>\n<\/tr>\n<tr>\n<td><strong>23.9.2015<\/strong><\/td>\n<td width=\"289\"><strong>Zala Herga, Erik Novak, Patrik Zajec, JSI<\/strong><\/td>\n<\/tr>\n<tr>\n<td><\/td>\n<td width=\"289\">ESWC Summer School 2015<\/td>\n<\/tr>\n<tr>\n<td><\/td>\n<td width=\"289\"><\/td>\n<\/tr>\n<tr>\n<td><strong>16.9.2015<\/strong><\/td>\n<td width=\"289\"><strong>Alex Bozic, Bloomberg LP<\/strong><\/td>\n<\/tr>\n<tr>\n<td><\/td>\n<td width=\"289\">The History of Bloomberg<\/td>\n<\/tr>\n<tr>\n<td><\/td>\n<td width=\"289\"><\/td>\n<\/tr>\n<tr>\n<td><strong>9.9.2015<\/strong><\/td>\n<td width=\"289\"><strong>Mario Karlov\u010dec, JSI<\/strong><\/td>\n<\/tr>\n<tr>\n<td><\/td>\n<td width=\"289\">Data mining for social good<\/td>\n<\/tr>\n<tr>\n<td><\/td>\n<td width=\"289\"><\/td>\n<\/tr>\n<tr>\n<td><strong>2.9.2015<\/strong><\/td>\n<td width=\"289\"><strong>Katja Ber\u010di\u010d, JSI<\/strong><\/td>\n<\/tr>\n<tr>\n<td><\/td>\n<td width=\"289\">Avtorsko delo na FI-IMPACT<\/td>\n<\/tr>\n<tr>\n<td><\/td>\n<td width=\"289\"><\/td>\n<\/tr>\n<tr>\n<td><strong>26.8.2015<\/strong><\/td>\n<td width=\"289\"><strong>Marko Grobelnik, JSI<\/strong><\/td>\n<\/tr>\n<tr>\n<td><\/td>\n<td width=\"289\">KDD 2015 overview<\/td>\n<\/tr>\n<tr>\n<td><\/td>\n<td width=\"289\"><\/td>\n<\/tr>\n<tr>\n<td><strong>19.8.2015<\/strong><\/td>\n<td width=\"289\"><strong>Primo\u017e \u0160kraba, JSI<\/strong><\/td>\n<\/tr>\n<tr>\n<td><\/td>\n<td width=\"289\">DyToComp 2015<\/td>\n<\/tr>\n<tr>\n<td><\/td>\n<td width=\"289\"><\/td>\n<\/tr>\n<tr>\n<td><strong>12.8.2015<\/strong><\/td>\n<td width=\"289\"><strong>Primo\u017e \u0160kraba, JSI<\/strong><\/td>\n<\/tr>\n<tr>\n<td><\/td>\n<td width=\"289\">SoCG 2015 konferenca<\/td>\n<\/tr>\n<tr>\n<td><\/td>\n<td width=\"289\"><\/td>\n<\/tr>\n<tr>\n<td><strong>5.8.2015<\/strong><\/td>\n<td width=\"289\"><strong>Klemen Kenda, JSI<\/strong><\/td>\n<\/tr>\n<tr>\n<td><\/td>\n<td width=\"289\">ISI 2015 konferenca<\/td>\n<\/tr>\n<tr>\n<td><\/td>\n<td width=\"289\"><\/td>\n<\/tr>\n<tr>\n<td><strong>29.7.2015<\/strong><\/td>\n<td width=\"289\"><strong>Luka Stopar, JSI<\/strong><\/td>\n<\/tr>\n<tr>\n<td><\/td>\n<td width=\"289\">ProaSense meeting<\/td>\n<\/tr>\n<tr>\n<td><\/td>\n<td width=\"289\"><\/td>\n<\/tr>\n<tr>\n<td><strong>22.7.2015<\/strong><\/td>\n<td width=\"289\"><strong>Matja\u017e Rihtar, JSI<\/strong><\/td>\n<\/tr>\n<tr>\n<td><\/td>\n<td width=\"289\">Aquasmart - Let's pray for the fish<\/td>\n<\/tr>\n<tr>\n<td><\/td>\n<td width=\"289\"><\/td>\n<\/tr>\n<tr>\n<td><strong>15.7.2015<\/strong><\/td>\n<td width=\"289\"><strong>Bla\u017e Fortuna, JSI<\/strong><\/td>\n<\/tr>\n<tr>\n<td><\/td>\n<td width=\"289\">Postdoc in Gent<\/td>\n<\/tr>\n<tr>\n<td><\/td>\n<td width=\"289\"><\/td>\n<\/tr>\n<tr>\n<td><strong>8.7.2015<\/strong><\/td>\n<td width=\"289\"><strong>Marko Grobelnik, JSI<\/strong><\/td>\n<\/tr>\n<tr>\n<td><\/td>\n<td width=\"289\">Overview of ERC proposals<\/td>\n<\/tr>\n<tr>\n<td><\/td>\n<td width=\"289\"><\/td>\n<\/tr>\n<tr>\n<td><strong>1.7.2015<\/strong><\/td>\n<td width=\"289\"><strong>Mitja Jermol, JSI<\/strong><\/td>\n<\/tr>\n<tr>\n<td><\/td>\n<td width=\"289\">Opening Up Slovenia<\/td>\n<\/tr>\n<tr>\n<td><\/td>\n<td width=\"289\"><\/td>\n<\/tr>\n<tr>\n<td><strong>24.6.2015<\/strong><\/td>\n<td width=\"289\"><strong>Jan Ber\u010di\u010d, JSI<\/strong><\/td>\n<\/tr>\n<tr>\n<td><\/td>\n<td width=\"289\">3XL News<\/td>\n<\/tr>\n<tr>\n<td><\/td>\n<td width=\"289\"><\/td>\n<\/tr>\n<tr>\n<td><strong>10.6.2015<\/strong><\/td>\n<td width=\"289\"><strong>Zala Herga, JSI<\/strong><\/td>\n<\/tr>\n<tr>\n<td><\/td>\n<td width=\"289\">Pregled projekta 7.OP MOBIS<\/td>\n<\/tr>\n<tr>\n<td><\/td>\n<td width=\"289\"><\/td>\n<\/tr>\n<tr>\n<td><strong>3.6.2015<\/strong><\/td>\n<td width=\"289\"><strong>Joao Paulo Pita da Costa, JSI<\/strong><\/td>\n<\/tr>\n<tr>\n<td><\/td>\n<td width=\"289\">Highlights of ESWC 2015 conference<\/td>\n<\/tr>\n<tr>\n<td><\/td>\n<td width=\"289\"><\/td>\n<\/tr>\n<tr>\n<td><strong>20.5.2015<\/strong><\/td>\n<td width=\"289\"><strong>Alja\u017e Ko\u0161merlj, JSI<\/strong><\/td>\n<\/tr>\n<tr>\n<td><\/td>\n<td width=\"289\">Highlights of WWW 2015 conference<\/td>\n<\/tr>\n<tr>\n<td><\/td>\n<td width=\"289\"><\/td>\n<\/tr>\n<tr>\n<td><strong>17.5.2015<\/strong><\/td>\n<td width=\"289\"><strong>Jose Luis Machado Machado Rei, JSI<\/strong><\/td>\n<\/tr>\n<tr>\n<td><\/td>\n<td width=\"289\">7.OP Symphony<\/td>\n<\/tr>\n<tr>\n<td><\/td>\n<td width=\"289\"><\/td>\n<\/tr>\n<tr>\n<td><strong>13.5.2015<\/strong><\/td>\n<td width=\"289\"><strong>Luka Brade\u0161ko, JSI<\/strong><\/td>\n<\/tr>\n<tr>\n<td><\/td>\n<td width=\"289\">Personalized mobility patterns<\/td>\n<\/tr>\n<tr>\n<td><\/td>\n<td width=\"289\"><\/td>\n<\/tr>\n<tr>\n<td><strong>6.5.2015<\/strong><\/td>\n<td width=\"289\"><strong>Patrik Zajec, JSI<\/strong><\/td>\n<\/tr>\n<tr>\n<td><\/td>\n<td width=\"289\">Semantic enrichment part of Nrg4cast project<\/td>\n<\/tr>\n<tr>\n<td><\/td>\n<td width=\"289\"><\/td>\n<\/tr>\n<tr>\n<td><strong>29.4.2015<\/strong><\/td>\n<td width=\"289\"><strong>Miha Gazvoda, JSI<\/strong><\/td>\n<\/tr>\n<tr>\n<td><\/td>\n<td width=\"289\">Use case: Gearbox and Swivel monitoring<\/td>\n<\/tr>\n<tr>\n<td><\/td>\n<td width=\"289\"><\/td>\n<\/tr>\n<tr>\n<td><strong>29.4.2015<\/strong><\/td>\n<td width=\"289\"><strong>Alma Osmi\u010d, JSI<\/strong><\/td>\n<\/tr>\n<tr>\n<td><\/td>\n<td width=\"289\">Use case: Set point deviation<\/td>\n<\/tr>\n<tr>\n<td><\/td>\n<td width=\"289\"><\/td>\n<\/tr>\n<tr>\n<td><strong>22.4.2015<\/strong><\/td>\n<td width=\"289\"><strong>Philippe Meerkamp, Bloomberg LP<\/strong><\/td>\n<\/tr>\n<tr>\n<td><\/td>\n<td width=\"289\">MSG Mining<\/td>\n<\/tr>\n<tr>\n<td><\/td>\n<td width=\"289\"><\/td>\n<\/tr>\n<tr>\n<td><strong>15.4.2015<\/strong><\/td>\n<td width=\"289\"><strong>Gregor Leban, JSI<\/strong><\/td>\n<\/tr>\n<tr>\n<td><\/td>\n<td width=\"289\">Nowcasting in Symphony<\/td>\n<\/tr>\n<tr>\n<td><\/td>\n<td width=\"289\"><\/td>\n<\/tr>\n<tr>\n<td><strong>8.4.2015<\/strong><\/td>\n<td width=\"289\"><strong>Mario Karlov\u010dec, Matja\u017e Krnc, JSI<\/strong><\/td>\n<\/tr>\n<tr>\n<td><\/td>\n<td width=\"289\">Group degree centralization<\/td>\n<\/tr>\n<tr>\n<td><\/td>\n<td width=\"289\"><\/td>\n<\/tr>\n<tr>\n<td><strong>1.4.2015<\/strong><\/td>\n<td width=\"289\"><strong>Maja \u0160krjanc, JSI<\/strong><\/td>\n<\/tr>\n<tr>\n<td><\/td>\n<td width=\"289\">Sunseed workshop<\/td>\n<\/tr>\n<tr>\n<td><\/td>\n<td width=\"289\"><\/td>\n<\/tr>\n<tr>\n<td><strong>25.3.2015<\/strong><\/td>\n<td width=\"289\"><strong>Zala Herga, JSI<\/strong><\/td>\n<\/tr>\n<tr>\n<td><\/td>\n<td width=\"289\">Arbitrage in networks<\/td>\n<\/tr>\n<tr>\n<td><\/td>\n<td width=\"289\"><\/td>\n<\/tr>\n<tr>\n<td><strong>18.3.2015<\/strong><\/td>\n<td width=\"289\"><strong>Ganna Kudryavtseva, JSI<\/strong><\/td>\n<\/tr>\n<tr>\n<td><\/td>\n<td width=\"289\">Sheaves, toposes and inverse semigroups<\/td>\n<\/tr>\n<tr>\n<td><\/td>\n<td width=\"289\"><\/td>\n<\/tr>\n<tr>\n<td><strong>11.3.2015<\/strong><\/td>\n<td width=\"289\"><strong>Marko Grobelnik, JSI<\/strong><\/td>\n<\/tr>\n<tr>\n<td><\/td>\n<td width=\"289\">H2020 EDSA project<\/td>\n<\/tr>\n<tr>\n<td><\/td>\n<td width=\"289\"><\/td>\n<\/tr>\n<tr>\n<td><strong>4.3.2015<\/strong><\/td>\n<td width=\"289\"><strong>Matja\u017e Rihtar, JSI<\/strong><\/td>\n<\/tr>\n<tr>\n<td><\/td>\n<td width=\"289\">H2020\u00a0Aquasmart project<\/td>\n<\/tr>\n<tr>\n<td><\/td>\n<td width=\"289\"><\/td>\n<\/tr>\n<tr>\n<td><strong>25.2.2015<\/strong><\/td>\n<td width=\"289\"><strong>Alja\u017e Ko\u0161merlj, JSI<\/strong><\/td>\n<\/tr>\n<tr>\n<td><\/td>\n<td width=\"289\">Towards the complete event type taxonomy<\/td>\n<\/tr>\n<tr>\n<td><\/td>\n<td width=\"289\"><\/td>\n<\/tr>\n<tr>\n<td><strong>18.2.2015<\/strong><\/td>\n<td width=\"289\"><strong>Jaka \u0160peh, JSI<\/strong><\/td>\n<\/tr>\n<tr>\n<td><\/td>\n<td width=\"289\">Life after AiLab<\/td>\n<\/tr>\n<tr>\n<td><\/td>\n<td width=\"289\"><\/td>\n<\/tr>\n<tr>\n<td><strong>11.2.2015<\/strong><\/td>\n<td width=\"289\"><strong>Kristijan Mir\u010deta, \u017diga Vu\u010dko, JSI<\/strong><\/td>\n<\/tr>\n<tr>\n<td><\/td>\n<td width=\"289\">Measuring centrality in newspaper networks<\/td>\n<\/tr>\n<tr>\n<td><\/td>\n<td width=\"289\"><\/td>\n<\/tr>\n<tr>\n<td><strong>28.1.2015<\/strong><\/td>\n<td width=\"289\"><strong>Matja\u017e Rihtar, JSI<\/strong><\/td>\n<\/tr>\n<tr>\n<td><\/td>\n<td width=\"289\">Presenting the overview of Aquasmart project<\/td>\n<\/tr>\n<tr>\n<td><\/td>\n<td width=\"289\"><\/td>\n<\/tr>\n<tr>\n<td><strong>21.1.2015<\/strong><\/td>\n<td width=\"289\"><strong>Dunja Mladeni\u0107, JSI<\/strong><\/td>\n<\/tr>\n<tr>\n<td><\/td>\n<td width=\"289\">LAKE - enabling data navigation &amp; exploitation<\/td>\n<\/tr>\n<tr>\n<td><\/td>\n<td width=\"289\"><\/td>\n<\/tr>\n<tr>\n<td><strong>14.1.2015<\/strong><\/td>\n<td width=\"289\"><strong>Matja\u017e Rihtar, JSI<\/strong><\/td>\n<\/tr>\n<tr>\n<td><\/td>\n<td width=\"289\">Translectures review<\/td>\n<\/tr>\n<tr>\n<td><\/td>\n<td width=\"289\"><\/td>\n<\/tr>\n<tr>\n<td><strong>7.1.2015<\/strong><\/td>\n<td width=\"289\"><strong>Alexandra Moraru, JSI<\/strong><\/td>\n<\/tr>\n<tr>\n<td><\/td>\n<td width=\"289\">Complex event detection<\/td>\n<\/tr>\n<\/tbody>\n<\/table>\n","protected":false},"excerpt":{"rendered":"<p>30.12.2015 Primo\u017e \u0160kraba, JSI Big fat quiz of the year 2015 23.12.2015 Klemen Kenda, JSI NRG4Cast 16.12.2015 Luka Brade\u0161ko, JSI Optimum 9.12.2015 Erik Novak, Inna Novalija, JSI EDSA 2.12.2015 Jan Rupnik, JSI Rapid Development of Data Mining Applications in Node.js 25.11.2015 Primo\u017e \u0160kraba, JSI Toposys overview 18.11.2015 Polona \u0160kraba Stani\u010d, JSI AiLab funding 11.11.2015 Kristijan [&hellip;]<\/p>\n","protected":false},"author":42,"featured_media":0,"parent":674,"menu_order":5,"comment_status":"closed","ping_status":"closed","template":"","meta":{"footnotes":"","_links_to":"","_links_to_target":""},"class_list":["post-3680","page","type-page","status-publish","hentry"],"_links":{"self":[{"href":"https:\/\/ailab.ijs.si\/si\/wp-json\/wp\/v2\/pages\/3680","targetHints":{"allow":["GET"]}}],"collection":[{"href":"https:\/\/ailab.ijs.si\/si\/wp-json\/wp\/v2\/pages"}],"about":[{"href":"https:\/\/ailab.ijs.si\/si\/wp-json\/wp\/v2\/types\/page"}],"author":[{"embeddable":true,"href":"https:\/\/ailab.ijs.si\/si\/wp-json\/wp\/v2\/users\/42"}],"replies":[{"embeddable":true,"href":"https:\/\/ailab.ijs.si\/si\/wp-json\/wp\/v2\/comments?post=3680"}],"version-history":[{"count":6,"href":"https:\/\/ailab.ijs.si\/si\/wp-json\/wp\/v2\/pages\/3680\/revisions"}],"predecessor-version":[{"id":4005,"href":"https:\/\/ailab.ijs.si\/si\/wp-json\/wp\/v2\/pages\/3680\/revisions\/4005"}],"up":[{"embeddable":true,"href":"https:\/\/ailab.ijs.si\/si\/wp-json\/wp\/v2\/pages\/674"}],"wp:attachment":[{"href":"https:\/\/ailab.ijs.si\/si\/wp-json\/wp\/v2\/media?parent=3680"}],"curies":[{"name":"wp","href":"https:\/\/api.w.org\/{rel}","templated":true}]}}