{"id":3678,"date":"2020-04-21T04:13:26","date_gmt":"2020-04-21T04:13:26","guid":{"rendered":"https:\/\/ailab.ijs.si\/?page_id=3678"},"modified":"2021-01-06T04:57:27","modified_gmt":"2021-01-06T04:57:27","slug":"seminars-in-2014","status":"publish","type":"page","link":"https:\/\/ailab.ijs.si\/si\/internal-seminar\/seminars-in-2014\/","title":{"rendered":"Seminarji v 2014"},"content":{"rendered":"<table width=\"568\">\n<tbody>\n<tr>\n<td width=\"84\"><strong>17.12.2014<\/strong><\/td>\n<td width=\"423\"><strong>Klemen Kenda, JSI<\/strong><\/td>\n<\/tr>\n<tr>\n<td width=\"69\"><\/td>\n<td width=\"281\">Deliverable NRG4Cast<\/td>\n<\/tr>\n<tr>\n<td width=\"69\"><\/td>\n<td width=\"281\"><\/td>\n<\/tr>\n<tr>\n<td width=\"69\"><strong>10.12.2014<\/strong><\/td>\n<td width=\"281\"><strong>Evgenia Belyaeva, JSI<\/strong><\/td>\n<\/tr>\n<tr>\n<td width=\"69\"><\/td>\n<td width=\"281\">Automatic detection News Values<\/td>\n<\/tr>\n<tr>\n<td width=\"69\"><\/td>\n<td width=\"281\"><\/td>\n<\/tr>\n<tr>\n<td width=\"69\"><strong>3.12.2014<\/strong><\/td>\n<td width=\"281\"><strong>Primo\u017e \u0160kraba, JSI<\/strong><\/td>\n<\/tr>\n<tr>\n<td width=\"69\"><\/td>\n<td width=\"281\">Auction Algorithm for matching<\/td>\n<\/tr>\n<tr>\n<td width=\"69\"><\/td>\n<td width=\"281\"><\/td>\n<\/tr>\n<tr>\n<td width=\"69\"><strong>26.11.2014<\/strong><\/td>\n<td width=\"281\"><strong>Joao Pita Costa, JSI<\/strong><\/td>\n<\/tr>\n<tr>\n<td width=\"69\"><\/td>\n<td width=\"281\">Influenzanet<\/td>\n<\/tr>\n<tr>\n<td width=\"69\"><\/td>\n<td width=\"281\"><\/td>\n<\/tr>\n<tr>\n<td width=\"69\"><strong>19.12.2014<\/strong><\/td>\n<td width=\"281\"><strong>Zala Herga, JSI<\/strong><\/td>\n<\/tr>\n<tr>\n<td width=\"69\"><\/td>\n<td width=\"281\">Deliverable 4.3 MOBIS<\/td>\n<\/tr>\n<tr>\n<td width=\"69\"><\/td>\n<td width=\"281\"><\/td>\n<\/tr>\n<tr>\n<td width=\"69\"><strong>12.11.2014<\/strong><\/td>\n<td width=\"281\"><strong>Bla\u017e Ka\u017ei\u010d, Alexandra Moraru, JSI<\/strong><\/td>\n<\/tr>\n<tr>\n<td width=\"69\"><\/td>\n<td width=\"281\">Complex Events forecasting Service<\/td>\n<\/tr>\n<tr>\n<td width=\"69\"><\/td>\n<td width=\"281\"><\/td>\n<\/tr>\n<tr>\n<td width=\"69\"><strong>5.11.2014<\/strong><\/td>\n<td width=\"281\"><strong>Marko Grobelnik, JSI<\/strong><\/td>\n<\/tr>\n<tr>\n<td width=\"69\"><\/td>\n<td width=\"281\">MLSS Highlights<\/td>\n<\/tr>\n<tr>\n<td width=\"69\"><\/td>\n<td width=\"281\"><\/td>\n<\/tr>\n<tr>\n<td width=\"69\"><strong>29.10.2014<\/strong><\/td>\n<td width=\"281\"><strong>Gregor Leban, JSI<\/strong><\/td>\n<\/tr>\n<tr>\n<td width=\"69\"><\/td>\n<td width=\"281\">ISWC 2014 conference Highlights<\/td>\n<\/tr>\n<tr>\n<td width=\"69\"><\/td>\n<td width=\"281\"><\/td>\n<\/tr>\n<tr>\n<td width=\"69\"><strong>15.10.2014<\/strong><\/td>\n<td width=\"281\"><strong>Mitja Trampu\u0161, JSI<\/strong><\/td>\n<\/tr>\n<tr>\n<td width=\"69\"><\/td>\n<td width=\"281\">Predicting context-aware hypernyms<\/td>\n<\/tr>\n<tr>\n<td width=\"69\"><\/td>\n<td width=\"281\"><\/td>\n<\/tr>\n<tr>\n<td width=\"69\"><strong>8.10.2014<\/strong><\/td>\n<td width=\"281\"><strong>Iztok Savnik, JSI<\/strong><\/td>\n<\/tr>\n<tr>\n<td width=\"69\"><\/td>\n<td width=\"281\">Design of Distributed Storage Manager for Large-Scale RDF Graphs<\/td>\n<\/tr>\n<tr>\n<td width=\"69\"><\/td>\n<td width=\"281\"><\/td>\n<\/tr>\n<tr>\n<td width=\"69\"><strong>1.10.2014<\/strong><\/td>\n<td width=\"281\"><strong>Dejan Govc, JSI<\/strong><\/td>\n<\/tr>\n<tr>\n<td width=\"69\"><\/td>\n<td width=\"281\">Unimodal Categories<\/td>\n<\/tr>\n<tr>\n<td width=\"69\"><\/td>\n<td width=\"281\"><\/td>\n<\/tr>\n<tr>\n<td width=\"69\"><strong>24.9.2014<\/strong><\/td>\n<td width=\"281\"><strong>Janez Starc, JSI<\/strong><\/td>\n<\/tr>\n<tr>\n<td width=\"69\"><\/td>\n<td width=\"281\">Semantic parsing and context free grammar induction<\/td>\n<\/tr>\n<tr>\n<td width=\"69\"><\/td>\n<td width=\"281\"><\/td>\n<\/tr>\n<tr>\n<td width=\"69\"><strong>17.9.2014<\/strong><\/td>\n<td width=\"281\"><strong>Alja\u017e Ko\u0161merlj, JSI<\/strong><\/td>\n<\/tr>\n<tr>\n<td width=\"69\"><\/td>\n<td width=\"281\">News KDD 2014<\/td>\n<\/tr>\n<tr>\n<td width=\"69\"><\/td>\n<td width=\"281\"><\/td>\n<\/tr>\n<tr>\n<td width=\"69\"><strong>10.9.2014<\/strong><\/td>\n<td width=\"281\"><strong>Alja\u017e Ko\u0161merlj, JSI<\/strong><\/td>\n<\/tr>\n<tr>\n<td width=\"69\"><\/td>\n<td width=\"281\">ESWC Summer School Highlights<\/td>\n<\/tr>\n<tr>\n<td width=\"69\"><\/td>\n<td width=\"281\"><\/td>\n<\/tr>\n<tr>\n<td width=\"69\"><strong>27.8.2014<\/strong><\/td>\n<td width=\"281\"><strong>Bla\u017e Sovdat, JSI<\/strong><\/td>\n<\/tr>\n<tr>\n<td width=\"69\"><\/td>\n<td width=\"281\">Regression trees in streaming data<\/td>\n<\/tr>\n<tr>\n<td width=\"69\"><\/td>\n<td width=\"281\"><\/td>\n<\/tr>\n<tr>\n<td width=\"69\"><strong>20.8.2014<\/strong><\/td>\n<td width=\"281\"><strong>Luis Rei, JSI<\/strong><\/td>\n<\/tr>\n<tr>\n<td width=\"69\"><\/td>\n<td width=\"281\">A semi-automatic, collaborative, data exploration<\/td>\n<\/tr>\n<tr>\n<td width=\"69\"><\/td>\n<td width=\"281\"><\/td>\n<\/tr>\n<tr>\n<td width=\"69\"><strong>6.8.2014<\/strong><\/td>\n<td width=\"281\"><strong>Bla\u017e Ka\u017ei\u010d, Alexandra Moraru, JSI<\/strong><\/td>\n<\/tr>\n<tr>\n<td width=\"69\"><\/td>\n<td width=\"281\">Lipari summer school \u2013 Smart Cities<\/td>\n<\/tr>\n<tr>\n<td width=\"69\"><\/td>\n<td width=\"281\"><\/td>\n<\/tr>\n<tr>\n<td width=\"69\"><strong>30.7.2014<\/strong><\/td>\n<td width=\"281\"><strong>Miha Papler, JSI<\/strong><\/td>\n<\/tr>\n<tr>\n<td width=\"69\"><\/td>\n<td width=\"281\">Symphony meeting Athens<\/td>\n<\/tr>\n<tr>\n<td width=\"69\"><\/td>\n<td width=\"281\"><\/td>\n<\/tr>\n<tr>\n<td width=\"69\"><strong>23.7.2014<\/strong><\/td>\n<td width=\"281\"><strong>Zala Herga, JSI<\/strong><\/td>\n<\/tr>\n<tr>\n<td width=\"69\"><\/td>\n<td width=\"281\">Advacend statistics and data mining summer school<\/td>\n<\/tr>\n<tr>\n<td width=\"69\"><\/td>\n<td width=\"281\"><\/td>\n<\/tr>\n<tr>\n<td width=\"69\"><strong>9.7.2014<\/strong><\/td>\n<td width=\"281\"><strong>Bla\u017e Novak, JSI<\/strong><\/td>\n<\/tr>\n<tr>\n<td width=\"69\"><\/td>\n<td width=\"281\">Demo Xlime<\/td>\n<\/tr>\n<tr>\n<td width=\"69\"><\/td>\n<td width=\"281\"><\/td>\n<\/tr>\n<tr>\n<td width=\"69\"><strong>2.7.2014<\/strong><\/td>\n<td width=\"281\"><strong>Janez Starc, JSI<\/strong><\/td>\n<\/tr>\n<tr>\n<td width=\"69\"><\/td>\n<td width=\"281\">Poro\u010dilo o internshipu na Bloombergu<\/td>\n<\/tr>\n<tr>\n<td width=\"69\"><\/td>\n<td width=\"281\"><\/td>\n<\/tr>\n<tr>\n<td width=\"69\"><strong>11.6.2014<\/strong><\/td>\n<td width=\"281\"><strong>Bla\u017e Fortuna, JSI<\/strong><\/td>\n<\/tr>\n<tr>\n<td width=\"69\"><\/td>\n<td width=\"281\">QMiner<\/td>\n<\/tr>\n<tr>\n<td width=\"69\"><\/td>\n<td width=\"281\"><\/td>\n<\/tr>\n<tr>\n<td width=\"69\"><strong>4.6.2014<\/strong><\/td>\n<td width=\"281\"><strong>Joao Pita Costa, JSI<\/strong><\/td>\n<\/tr>\n<tr>\n<td width=\"69\"><\/td>\n<td width=\"281\">ATMCS 2014<\/td>\n<\/tr>\n<tr>\n<td width=\"69\"><\/td>\n<td width=\"281\"><\/td>\n<\/tr>\n<tr>\n<td width=\"69\"><strong>21.5.2014<\/strong><\/td>\n<td width=\"281\"><strong>Inna Novalija, JSI<\/strong><\/td>\n<\/tr>\n<tr>\n<td width=\"69\"><\/td>\n<td width=\"281\">Tweet observatory<\/td>\n<\/tr>\n<tr>\n<td width=\"69\"><\/td>\n<td width=\"281\"><\/td>\n<\/tr>\n<tr>\n<td width=\"69\"><strong>14.5.2014<\/strong><\/td>\n<td width=\"281\"><strong>Bla\u017e Fortuna, JSI<\/strong><\/td>\n<\/tr>\n<tr>\n<td width=\"69\"><\/td>\n<td width=\"281\">SWANK 2014 workshop<\/td>\n<\/tr>\n<tr>\n<td width=\"69\"><\/td>\n<td width=\"281\"><\/td>\n<\/tr>\n<tr>\n<td width=\"69\"><strong>7.5.2014<\/strong><\/td>\n<td width=\"281\"><strong>Alja\u017e Ko\u0161merlj, JSI<\/strong><\/td>\n<\/tr>\n<tr>\n<td width=\"69\"><\/td>\n<td width=\"281\">Crowdsourcing event Anotation<\/td>\n<\/tr>\n<tr>\n<td width=\"69\"><\/td>\n<td width=\"281\"><\/td>\n<\/tr>\n<tr>\n<td width=\"69\"><strong>30.4.2014<\/strong><\/td>\n<td width=\"281\"><strong>Marko Grobelnik, JSI<\/strong><\/td>\n<\/tr>\n<tr>\n<td width=\"69\"><\/td>\n<td width=\"281\">SWANK 2014 workshop<\/td>\n<\/tr>\n<tr>\n<td width=\"69\"><\/td>\n<td width=\"281\"><\/td>\n<\/tr>\n<tr>\n<td width=\"69\"><strong>2.4.2014<\/strong><\/td>\n<td width=\"281\"><strong>Alja\u017e Ko\u0161merlj, JSI<\/strong><\/td>\n<\/tr>\n<tr>\n<td width=\"69\"><\/td>\n<td width=\"281\">TAC KBP 2014<\/td>\n<\/tr>\n<tr>\n<td width=\"69\"><\/td>\n<td width=\"281\"><\/td>\n<\/tr>\n<tr>\n<td width=\"69\"><strong>19.3.2014<\/strong><\/td>\n<td width=\"281\"><strong>Matja\u017e Krnc, JSI<\/strong><\/td>\n<\/tr>\n<tr>\n<td width=\"69\"><\/td>\n<td width=\"281\">Network centrality<\/td>\n<\/tr>\n<tr>\n<td width=\"69\"><\/td>\n<td width=\"281\"><\/td>\n<\/tr>\n<tr>\n<td width=\"69\"><strong>12.3.2014<\/strong><\/td>\n<td width=\"281\"><strong>Mario Karlov\u010dec, JSI<\/strong><\/td>\n<\/tr>\n<tr>\n<td width=\"69\"><\/td>\n<td width=\"281\">Proposal of Project based on network analysis of scidb<\/td>\n<\/tr>\n<tr>\n<td width=\"69\"><\/td>\n<td width=\"281\"><\/td>\n<\/tr>\n<tr>\n<td width=\"69\"><strong>5.3.2014<\/strong><\/td>\n<td width=\"281\"><strong>Eva \u017dnidar<\/strong><\/td>\n<\/tr>\n<tr>\n<td width=\"69\"><\/td>\n<td width=\"281\">Prepoznavanje \u010dustev<\/td>\n<\/tr>\n<tr>\n<td width=\"69\"><\/td>\n<td width=\"281\"><\/td>\n<\/tr>\n<tr>\n<td width=\"69\"><strong>26.2.2014<\/strong><\/td>\n<td width=\"281\"><strong>Primo\u017e \u0160kraba, JSI<\/strong><\/td>\n<\/tr>\n<tr>\n<td width=\"69\"><\/td>\n<td width=\"281\">Algebraic Topology in Dynamics, Differential Equations, and \u00a0Experimental Data<\/td>\n<\/tr>\n<tr>\n<td width=\"69\"><\/td>\n<td width=\"281\"><\/td>\n<\/tr>\n<tr>\n<td width=\"69\"><strong>19.2.2014<\/strong><\/td>\n<td width=\"281\"><strong>Joao Pita Costa, JSI<\/strong><\/td>\n<\/tr>\n<tr>\n<td width=\"69\"><\/td>\n<td width=\"281\">Towards a topos foundation for persistence with\u00a0potential applications to epidemiology<\/td>\n<\/tr>\n<tr>\n<td width=\"69\"><\/td>\n<td width=\"281\"><\/td>\n<\/tr>\n<tr>\n<td width=\"69\"><strong>12.2.2014<\/strong><\/td>\n<td width=\"281\"><strong>Janez Starc, JSI<\/strong><\/td>\n<\/tr>\n<tr>\n<td width=\"69\"><\/td>\n<td width=\"281\">TextToLogic \u2013 multilingual semi-automatic information extraction<\/td>\n<\/tr>\n<tr>\n<td width=\"69\"><\/td>\n<td width=\"281\"><\/td>\n<\/tr>\n<tr>\n<td width=\"69\"><strong>5.2.2014<\/strong><\/td>\n<td width=\"281\"><strong>Inna Novalija, JSI<\/strong><\/td>\n<\/tr>\n<tr>\n<td width=\"69\"><\/td>\n<td width=\"281\">AiLab IoT Projects Overview<\/td>\n<\/tr>\n<tr>\n<td width=\"69\"><\/td>\n<td width=\"281\"><\/td>\n<\/tr>\n<tr>\n<td width=\"69\"><strong>29.1.2014<\/strong><\/td>\n<td width=\"281\"><strong>Alja\u017e Ko\u0161merlj, JSI<\/strong><\/td>\n<\/tr>\n<tr>\n<td width=\"69\"><\/td>\n<td width=\"281\">Autonomous modelling of robot actions<\/td>\n<\/tr>\n<tr>\n<td width=\"69\"><\/td>\n<td width=\"281\"><\/td>\n<\/tr>\n<tr>\n<td width=\"69\"><strong>22.1.2014<\/strong><\/td>\n<td width=\"281\"><strong>Tadej \u0160tajner, JSI<\/strong><\/td>\n<\/tr>\n<tr>\n<td width=\"69\"><\/td>\n<td width=\"281\">Learning text representations<\/td>\n<\/tr>\n<tr>\n<td width=\"69\"><\/td>\n<td width=\"281\"><\/td>\n<\/tr>\n<tr>\n<td width=\"69\"><strong>8.1.2014<\/strong><\/td>\n<td width=\"281\"><strong>Luis Rei, JSI<\/strong><\/td>\n<\/tr>\n<tr>\n<td width=\"69\"><\/td>\n<td width=\"281\">Ontogen W3<\/td>\n<\/tr>\n<\/tbody>\n<\/table>\n","protected":false},"excerpt":{"rendered":"<p>17.12.2014 Klemen Kenda, JSI Deliverable NRG4Cast 10.12.2014 Evgenia Belyaeva, JSI Automatic detection News Values 3.12.2014 Primo\u017e \u0160kraba, JSI Auction Algorithm for matching 26.11.2014 Joao Pita Costa, JSI Influenzanet 19.12.2014 Zala Herga, JSI Deliverable 4.3 MOBIS 12.11.2014 Bla\u017e Ka\u017ei\u010d, Alexandra Moraru, JSI Complex Events forecasting Service 5.11.2014 Marko Grobelnik, JSI MLSS Highlights 29.10.2014 Gregor Leban, JSI [&hellip;]<\/p>\n","protected":false},"author":42,"featured_media":0,"parent":674,"menu_order":6,"comment_status":"closed","ping_status":"closed","template":"","meta":{"footnotes":"","_links_to":"","_links_to_target":""},"class_list":["post-3678","page","type-page","status-publish","hentry"],"_links":{"self":[{"href":"https:\/\/ailab.ijs.si\/si\/wp-json\/wp\/v2\/pages\/3678","targetHints":{"allow":["GET"]}}],"collection":[{"href":"https:\/\/ailab.ijs.si\/si\/wp-json\/wp\/v2\/pages"}],"about":[{"href":"https:\/\/ailab.ijs.si\/si\/wp-json\/wp\/v2\/types\/page"}],"author":[{"embeddable":true,"href":"https:\/\/ailab.ijs.si\/si\/wp-json\/wp\/v2\/users\/42"}],"replies":[{"embeddable":true,"href":"https:\/\/ailab.ijs.si\/si\/wp-json\/wp\/v2\/comments?post=3678"}],"version-history":[{"count":11,"href":"https:\/\/ailab.ijs.si\/si\/wp-json\/wp\/v2\/pages\/3678\/revisions"}],"predecessor-version":[{"id":4003,"href":"https:\/\/ailab.ijs.si\/si\/wp-json\/wp\/v2\/pages\/3678\/revisions\/4003"}],"up":[{"embeddable":true,"href":"https:\/\/ailab.ijs.si\/si\/wp-json\/wp\/v2\/pages\/674"}],"wp:attachment":[{"href":"https:\/\/ailab.ijs.si\/si\/wp-json\/wp\/v2\/media?parent=3678"}],"curies":[{"name":"wp","href":"https:\/\/api.w.org\/{rel}","templated":true}]}}