{"id":3675,"date":"2020-04-21T04:13:41","date_gmt":"2020-04-21T04:13:41","guid":{"rendered":"https:\/\/ailab.ijs.si\/?page_id=3675"},"modified":"2021-01-06T04:57:33","modified_gmt":"2021-01-06T04:57:33","slug":"seminars-in-2013","status":"publish","type":"page","link":"https:\/\/ailab.ijs.si\/si\/internal-seminar\/seminars-in-2013\/","title":{"rendered":"Seminarji v 2013"},"content":{"rendered":"<table width=\"568\">\n<tbody>\n<tr>\n<td width=\"84\"><strong>18.12.2013<\/strong><\/td>\n<td width=\"423\"><strong>Mitja Trampu\u0161, JSI<\/strong><\/td>\n<\/tr>\n<tr>\n<td><\/td>\n<td>NIPS 2013 konferenca<\/td>\n<\/tr>\n<tr>\n<td><\/td>\n<td><\/td>\n<\/tr>\n<tr>\n<td><strong>11.12.2013<\/strong><\/td>\n<td><strong>Nenad Toma\u0161ev, JSI<\/strong><\/td>\n<\/tr>\n<tr>\n<td><\/td>\n<td>Google Internship<\/td>\n<\/tr>\n<tr>\n<td><\/td>\n<td><\/td>\n<\/tr>\n<tr>\n<td><strong>4.12.2013<\/strong><\/td>\n<td><strong>Flavio Fuart, JSI<\/strong><\/td>\n<\/tr>\n<tr>\n<td><\/td>\n<td>RENDER review meeting, JRC Ispra visit<\/td>\n<\/tr>\n<tr>\n<td><\/td>\n<td><\/td>\n<\/tr>\n<tr>\n<td><strong>20.11.2013<\/strong><\/td>\n<td><strong>Bla\u017e Ka\u017ei\u010d, JSI<\/strong><\/td>\n<\/tr>\n<tr>\n<td><\/td>\n<td>Overview of FP7 MOBIS<\/td>\n<\/tr>\n<tr>\n<td><\/td>\n<td><\/td>\n<\/tr>\n<tr>\n<td><strong>13.11.2013<\/strong><\/td>\n<td><strong>Branko Kav\u0161ek, JSI<\/strong><\/td>\n<\/tr>\n<tr>\n<td><\/td>\n<td width=\"513\">Work on the SIGMA project:\u00a0Olive fly infestation model for the Slovenian coastal region<\/td>\n<\/tr>\n<tr>\n<td><\/td>\n<td><\/td>\n<\/tr>\n<tr>\n<td><strong>6.11.2013<\/strong><\/td>\n<td><strong>Gregor Leban, JSI<\/strong><\/td>\n<\/tr>\n<tr>\n<td><\/td>\n<td>Event Registry<\/td>\n<\/tr>\n<tr>\n<td><\/td>\n<td><\/td>\n<\/tr>\n<tr>\n<td><strong>30.10.2013<\/strong><\/td>\n<td><strong>Bla\u017e Fortuna, JSI<\/strong><\/td>\n<\/tr>\n<tr>\n<td><\/td>\n<td>Conference ISWC 2013<\/td>\n<\/tr>\n<tr>\n<td><\/td>\n<td><\/td>\n<\/tr>\n<tr>\n<td><strong>23.10.2013<\/strong><\/td>\n<td><strong>Flavio Fuart, Jan Ber\u010di\u010d, JSI<\/strong><\/td>\n<\/tr>\n<tr>\n<td><\/td>\n<td>iDiversiNews<\/td>\n<\/tr>\n<tr>\n<td><\/td>\n<td><\/td>\n<\/tr>\n<tr>\n<td><strong>16.10.2013<\/strong><\/td>\n<td><strong>Jan Rupnik, JSI<\/strong><\/td>\n<\/tr>\n<tr>\n<td><\/td>\n<td>SYMPHONY kick-off meeting<\/td>\n<\/tr>\n<tr>\n<td><\/td>\n<td><\/td>\n<\/tr>\n<tr>\n<td><strong>9.10.2013<\/strong><\/td>\n<td><strong>Mojca Mikac, JSI<\/strong><\/td>\n<\/tr>\n<tr>\n<td><\/td>\n<td>Projekt s FDV<\/td>\n<\/tr>\n<tr>\n<td><\/td>\n<td><\/td>\n<\/tr>\n<tr>\n<td><strong>2.10.2013<\/strong><\/td>\n<td><strong>Dunja Mladeni\u0107, JSI<\/strong><\/td>\n<\/tr>\n<tr>\n<td><\/td>\n<td>Pregled prijav na ARRS razpis<\/td>\n<\/tr>\n<tr>\n<td><\/td>\n<td><\/td>\n<\/tr>\n<tr>\n<td><strong>18.9.2013<\/strong><\/td>\n<td><strong>Janez Starc, JSI<\/strong><\/td>\n<\/tr>\n<tr>\n<td><\/td>\n<td>ESWC poletna \u0161ola 2013<\/td>\n<\/tr>\n<tr>\n<td><\/td>\n<td><\/td>\n<\/tr>\n<tr>\n<td><strong>11.9.2013<\/strong><\/td>\n<td><strong>Calin Railean, JSI<\/strong><\/td>\n<\/tr>\n<tr>\n<td><\/td>\n<td>Discovering event popularity from tweets<\/td>\n<\/tr>\n<tr>\n<td><\/td>\n<td><\/td>\n<\/tr>\n<tr>\n<td><strong>4.9.2013<\/strong><\/td>\n<td><strong>Tadej \u0160tajner, JSI<\/strong><\/td>\n<\/tr>\n<tr>\n<td><\/td>\n<td>Conference KDD 2013<\/td>\n<\/tr>\n<tr>\n<td><\/td>\n<td><\/td>\n<\/tr>\n<tr>\n<td><strong>28.8.2013<\/strong><\/td>\n<td><strong>Polona \u0160kraba Stani\u010d, JSI<\/strong><\/td>\n<\/tr>\n<tr>\n<td><\/td>\n<td>Predstavitev ARRS razpisov<\/td>\n<\/tr>\n<tr>\n<td><\/td>\n<td><\/td>\n<\/tr>\n<tr>\n<td><strong>21.8.2013<\/strong><\/td>\n<td><strong>Marko Grobelnik, JSI<\/strong><\/td>\n<\/tr>\n<tr>\n<td><\/td>\n<td>Report on \u00a0ML summer school Brazil, ICDM conference<\/td>\n<\/tr>\n<tr>\n<td><\/td>\n<td><\/td>\n<\/tr>\n<tr>\n<td><strong>17.8.2013<\/strong><\/td>\n<td><strong>Bla\u017e Fortuna, JSI<\/strong><\/td>\n<\/tr>\n<tr>\n<td><\/td>\n<td>Glib review<\/td>\n<\/tr>\n<tr>\n<td><\/td>\n<td><\/td>\n<\/tr>\n<tr>\n<td><strong>7.8.2013<\/strong><\/td>\n<td><strong>Luka Stopar, JSI<\/strong><\/td>\n<\/tr>\n<tr>\n<td><\/td>\n<td>Mimicking Arm Gestures<\/td>\n<\/tr>\n<tr>\n<td><\/td>\n<td><\/td>\n<\/tr>\n<tr>\n<td><strong>31.7.2013<\/strong><\/td>\n<td><strong>Joao Pita Costa, JSI<\/strong><\/td>\n<\/tr>\n<tr>\n<td><\/td>\n<td>Applied Topology konferenca - Bedlewo<\/td>\n<\/tr>\n<tr>\n<td><\/td>\n<td><\/td>\n<\/tr>\n<tr>\n<td><strong>27.7.2013<\/strong><\/td>\n<td><strong>Alexandra Moraru, JSI<\/strong><\/td>\n<\/tr>\n<tr>\n<td><\/td>\n<td>INIT AEARFAI summer school 2013<\/td>\n<\/tr>\n<tr>\n<td><\/td>\n<td><\/td>\n<\/tr>\n<tr>\n<td><strong>17.7.2013<\/strong><\/td>\n<td><strong>Mario Karlov\u010dec, JSI<\/strong><\/td>\n<\/tr>\n<tr>\n<td><\/td>\n<td>Slovenian Science Atlas - web application<\/td>\n<\/tr>\n<tr>\n<td><\/td>\n<td><\/td>\n<\/tr>\n<tr>\n<td><strong>10.7.2013<\/strong><\/td>\n<td><strong>Dunja Mladeni\u0107, JSI<\/strong><\/td>\n<\/tr>\n<tr>\n<td><\/td>\n<td>Overview of Big Data analytics<\/td>\n<\/tr>\n<tr>\n<td><\/td>\n<td><\/td>\n<\/tr>\n<tr>\n<td><strong>3.7.2013<\/strong><\/td>\n<td><strong>Zala Herga, JSI<\/strong><\/td>\n<\/tr>\n<tr>\n<td><\/td>\n<td>Call centre KA prototype<\/td>\n<\/tr>\n<tr>\n<td><\/td>\n<td><\/td>\n<\/tr>\n<tr>\n<td><strong>26.6.2013<\/strong><\/td>\n<td><strong>Mitja Trampu\u0161, JSI<\/strong><\/td>\n<\/tr>\n<tr>\n<td><\/td>\n<td>Research @ Twitter<\/td>\n<\/tr>\n<tr>\n<td><\/td>\n<td><\/td>\n<\/tr>\n<tr>\n<td><strong>19.6.2013<\/strong><\/td>\n<td><strong>Jaka \u0160peh, JSI<\/strong><\/td>\n<\/tr>\n<tr>\n<td><\/td>\n<td>Algorithms of the LDA model<\/td>\n<\/tr>\n<tr>\n<td><\/td>\n<td><\/td>\n<\/tr>\n<tr>\n<td><strong>12.6.2013<\/strong><\/td>\n<td><strong>Delia Rusu, JSI<\/strong><\/td>\n<\/tr>\n<tr>\n<td><\/td>\n<td>Text annotation using background knowledge<\/td>\n<\/tr>\n<tr>\n<td><\/td>\n<td><\/td>\n<\/tr>\n<tr>\n<td><strong>29.5.2013<\/strong><\/td>\n<td><strong>Mitja Trampu\u0161, JSI<\/strong><\/td>\n<\/tr>\n<tr>\n<td><\/td>\n<td>Poro\u010dilo s strokovnega izpopolnjevanja na Facebook-u<\/td>\n<\/tr>\n<tr>\n<td><\/td>\n<td><\/td>\n<\/tr>\n<tr>\n<td><strong>22.5.2013<\/strong><\/td>\n<td><strong>Klemen Simoni\u010d, JSI<\/strong><\/td>\n<\/tr>\n<tr>\n<td><\/td>\n<td>Network structural properties and their application to missing property prediction<\/td>\n<\/tr>\n<tr>\n<td><\/td>\n<td><\/td>\n<\/tr>\n<tr>\n<td><strong>15.5.2013<\/strong><\/td>\n<td><strong>Joao Pita Costa, JSI<\/strong><\/td>\n<\/tr>\n<tr>\n<td><\/td>\n<td>The Persistence Lattice<\/td>\n<\/tr>\n<tr>\n<td><\/td>\n<td><\/td>\n<\/tr>\n<tr>\n<td><strong>8.5.2013<\/strong><\/td>\n<td><strong>Gvozden Savanovi\u0107<\/strong><\/td>\n<\/tr>\n<tr>\n<td><\/td>\n<td width=\"513\">Community social capital in the context of the natural resources management: Social network analysis of the farmers' networks in the village of Blat, South Lebanon<\/td>\n<\/tr>\n<tr>\n<td><\/td>\n<td><\/td>\n<\/tr>\n<tr>\n<td><strong>24.4.2013<\/strong><\/td>\n<td><strong>Primo\u017e \u0160kraba, JSI<\/strong><\/td>\n<\/tr>\n<tr>\n<td><\/td>\n<td>Simplification of Vector Fields - FP7 TOPOSYS<\/td>\n<\/tr>\n<tr>\n<td><\/td>\n<td><\/td>\n<\/tr>\n<tr>\n<td><strong>17.4.2013<\/strong><\/td>\n<td><strong>Miha Papler, JSI<\/strong><\/td>\n<\/tr>\n<tr>\n<td><\/td>\n<td>Financial time series processing<\/td>\n<\/tr>\n<tr>\n<td><\/td>\n<td><\/td>\n<\/tr>\n<tr>\n<td><strong>10.4.2013<\/strong><\/td>\n<td><strong>Dejan Govc, JSI<\/strong><\/td>\n<\/tr>\n<tr>\n<td><\/td>\n<td>Homological critical values and persistence based\u00a0clustering for wikipedia<\/td>\n<\/tr>\n<tr>\n<td><\/td>\n<td><\/td>\n<\/tr>\n<tr>\n<td><strong>3.4.2013<\/strong><\/td>\n<td><strong>Jan Rupnik, JSI<\/strong><\/td>\n<\/tr>\n<tr>\n<td><\/td>\n<td>Financial time series processing<\/td>\n<\/tr>\n<tr>\n<td><\/td>\n<td><\/td>\n<\/tr>\n<tr>\n<td><strong>20.3.2013<\/strong><\/td>\n<td><strong>Jaka \u0160peh, JSI<\/strong><\/td>\n<\/tr>\n<tr>\n<td><\/td>\n<td>Introduction to Latent Dirichlet Allocation<\/td>\n<\/tr>\n<tr>\n<td><\/td>\n<td><\/td>\n<\/tr>\n<tr>\n<td><strong>13.3.2013<\/strong><\/td>\n<td><strong>Inna Novalija, JSI<\/strong><\/td>\n<\/tr>\n<tr>\n<td><\/td>\n<td>ANNORAnK: Semantic Annotation with Ranking<\/td>\n<\/tr>\n<tr>\n<td><\/td>\n<td><\/td>\n<\/tr>\n<tr>\n<td><strong>6.3.2013<\/strong><\/td>\n<td><strong>Nenad Toma\u0161ev, JSI<\/strong><\/td>\n<\/tr>\n<tr>\n<td><\/td>\n<td>Image Hub-Explorer Demo<\/td>\n<\/tr>\n<tr>\n<td><\/td>\n<td><\/td>\n<\/tr>\n<tr>\n<td><strong>27.2.2013<\/strong><\/td>\n<td><strong>Klemen Simoni\u010d, JSI<\/strong><\/td>\n<\/tr>\n<tr>\n<td><\/td>\n<td>Introduction to SNAP library + Some advance SNAP components<\/td>\n<\/tr>\n<tr>\n<td><\/td>\n<td><\/td>\n<\/tr>\n<tr>\n<td><strong>20.2.2013<\/strong><\/td>\n<td><strong>Iztok Savnik, JSI<\/strong><\/td>\n<\/tr>\n<tr>\n<td><\/td>\n<td>Query Processing System for RDF<\/td>\n<\/tr>\n<tr>\n<td><\/td>\n<td><\/td>\n<\/tr>\n<tr>\n<td><strong>13.2.2013<\/strong><\/td>\n<td><strong>Tadej \u0160tajner, JSI<\/strong><\/td>\n<\/tr>\n<tr>\n<td><\/td>\n<td>Compressive canonical correlation analysis<\/td>\n<\/tr>\n<tr>\n<td><\/td>\n<td><\/td>\n<\/tr>\n<tr>\n<td><strong>6.2.2013<\/strong><\/td>\n<td><strong>Visit of Rachel Jones from Instrata Ltd.<\/strong><\/td>\n<\/tr>\n<tr>\n<td><\/td>\n<td><\/td>\n<\/tr>\n<tr>\n<td><strong>30.1.2013<\/strong><\/td>\n<td><strong>Mario Karlov\u010dev, JSI<\/strong><\/td>\n<\/tr>\n<tr>\n<td><\/td>\n<td>Analyzing research connections over time<\/td>\n<\/tr>\n<tr>\n<td><\/td>\n<td><\/td>\n<\/tr>\n<tr>\n<td><strong>23.1.2013<\/strong><\/td>\n<td><strong>Flavio Fuart, JSI<\/strong><\/td>\n<\/tr>\n<tr>\n<td><\/td>\n<td>Europe Media Monitor<\/td>\n<\/tr>\n<tr>\n<td><\/td>\n<td><\/td>\n<\/tr>\n<tr>\n<td><strong>16.1.2013<\/strong><\/td>\n<td><strong>Luka Brade\u0161ko, JSI<\/strong><\/td>\n<\/tr>\n<tr>\n<td><\/td>\n<td>Prijava na FP7 Call 10 - predstavitev proposla Knightrider<\/td>\n<\/tr>\n<tr>\n<td><\/td>\n<td><\/td>\n<\/tr>\n<tr>\n<td><strong>9.1.2013<\/strong><\/td>\n<td><strong>Dunja Mladeni\u0107, JSI<\/strong><\/td>\n<\/tr>\n<tr>\n<td><\/td>\n<td>Var\u010devalni ukrepi v JU in SVIZ-u<\/td>\n<\/tr>\n<\/tbody>\n<\/table>\n","protected":false},"excerpt":{"rendered":"<p>18.12.2013 Mitja Trampu\u0161, JSI NIPS 2013 konferenca 11.12.2013 Nenad Toma\u0161ev, JSI Google Internship 4.12.2013 Flavio Fuart, JSI RENDER review meeting, JRC Ispra visit 20.11.2013 Bla\u017e Ka\u017ei\u010d, JSI Overview of FP7 MOBIS 13.11.2013 Branko Kav\u0161ek, JSI Work on the SIGMA project:\u00a0Olive fly infestation model for the Slovenian coastal region 6.11.2013 Gregor Leban, JSI Event Registry 30.10.2013 [&hellip;]<\/p>\n","protected":false},"author":42,"featured_media":0,"parent":674,"menu_order":7,"comment_status":"closed","ping_status":"closed","template":"","meta":{"footnotes":"","_links_to":"","_links_to_target":""},"class_list":["post-3675","page","type-page","status-publish","hentry"],"_links":{"self":[{"href":"https:\/\/ailab.ijs.si\/si\/wp-json\/wp\/v2\/pages\/3675","targetHints":{"allow":["GET"]}}],"collection":[{"href":"https:\/\/ailab.ijs.si\/si\/wp-json\/wp\/v2\/pages"}],"about":[{"href":"https:\/\/ailab.ijs.si\/si\/wp-json\/wp\/v2\/types\/page"}],"author":[{"embeddable":true,"href":"https:\/\/ailab.ijs.si\/si\/wp-json\/wp\/v2\/users\/42"}],"replies":[{"embeddable":true,"href":"https:\/\/ailab.ijs.si\/si\/wp-json\/wp\/v2\/comments?post=3675"}],"version-history":[{"count":6,"href":"https:\/\/ailab.ijs.si\/si\/wp-json\/wp\/v2\/pages\/3675\/revisions"}],"predecessor-version":[{"id":4004,"href":"https:\/\/ailab.ijs.si\/si\/wp-json\/wp\/v2\/pages\/3675\/revisions\/4004"}],"up":[{"embeddable":true,"href":"https:\/\/ailab.ijs.si\/si\/wp-json\/wp\/v2\/pages\/674"}],"wp:attachment":[{"href":"https:\/\/ailab.ijs.si\/si\/wp-json\/wp\/v2\/media?parent=3675"}],"curies":[{"name":"wp","href":"https:\/\/api.w.org\/{rel}","templated":true}]}}