{"id":3664,"date":"2020-04-21T04:14:03","date_gmt":"2020-04-21T04:14:03","guid":{"rendered":"https:\/\/ailab.ijs.si\/?page_id=3664"},"modified":"2021-01-06T04:57:49","modified_gmt":"2021-01-06T04:57:49","slug":"seminars-in-2011","status":"publish","type":"page","link":"https:\/\/ailab.ijs.si\/si\/internal-seminar\/seminars-in-2011\/","title":{"rendered":"Seminarji v 2011"},"content":{"rendered":"<table width=\"568\">\n<tbody>\n<tr>\n<td width=\"84\"><strong>21.12.2011<\/strong><\/td>\n<td width=\"423\"><strong>Ruben Sipo\u0161, JSI<\/strong><\/td>\n<\/tr>\n<tr>\n<td><\/td>\n<td width=\"423\">- Large-Margin Learning of Submodular Summarization Methods<\/td>\n<\/tr>\n<tr>\n<td><\/td>\n<td width=\"423\">- Discovering the most influential documents in a corpus by using only word content and publication time by optimizing submodular\u00a0coverage objective<\/td>\n<\/tr>\n<tr>\n<td><\/td>\n<td width=\"423\"><\/td>\n<\/tr>\n<tr>\n<td><strong>14.12.2011<\/strong><\/td>\n<td width=\"423\"><strong>Mario Karlov\u010dec, JSI<\/strong><\/td>\n<\/tr>\n<tr>\n<td><\/td>\n<td width=\"423\">Matching business and research with atlas of slovenian science<\/td>\n<\/tr>\n<tr>\n<td><\/td>\n<td width=\"423\"><\/td>\n<\/tr>\n<tr>\n<td><strong>7.12.2011<\/strong><\/td>\n<td width=\"423\"><strong>Lorand Dali, JSI<\/strong><\/td>\n<\/tr>\n<tr>\n<td><\/td>\n<td width=\"423\">Visualisation od Document Atlas<\/td>\n<\/tr>\n<tr>\n<td><\/td>\n<td width=\"423\"><\/td>\n<\/tr>\n<tr>\n<td><strong>30.11.2011<\/strong><\/td>\n<td width=\"423\"><strong>Bla\u017e Fortuna, JSI<\/strong><\/td>\n<\/tr>\n<tr>\n<td><\/td>\n<td width=\"423\">Kc OPCOMM poro\u010danje<\/td>\n<\/tr>\n<tr>\n<td><\/td>\n<td width=\"423\"><\/td>\n<\/tr>\n<tr>\n<td><strong>23.11.2011<\/strong><\/td>\n<td width=\"423\"><strong>Mojca K. Zavrl, JSI<\/strong><\/td>\n<\/tr>\n<tr>\n<td><\/td>\n<td width=\"423\">Pregled dela na projektih<\/td>\n<\/tr>\n<tr>\n<td><\/td>\n<td width=\"423\"><\/td>\n<\/tr>\n<tr>\n<td><strong>16.11.2011<\/strong><\/td>\n<td width=\"423\"><strong>Tadej \u0160tajner, JSI<\/strong><\/td>\n<\/tr>\n<tr>\n<td><\/td>\n<td width=\"423\">Poro\u010dilo o delu na Yahoo!<\/td>\n<\/tr>\n<tr>\n<td><\/td>\n<td width=\"423\"><\/td>\n<\/tr>\n<tr>\n<td><strong>2.11.2011<\/strong><\/td>\n<td width=\"423\"><strong>Luka Brade\u0161ko, JSI<\/strong><\/td>\n<\/tr>\n<tr>\n<td><\/td>\n<td width=\"423\">Presentation of Demos<\/td>\n<\/tr>\n<tr>\n<td><\/td>\n<td width=\"423\"><\/td>\n<\/tr>\n<tr>\n<td><strong>26.10.2011<\/strong><\/td>\n<td width=\"423\"><strong>Bla\u017e Fortuna, Gregor Leban, JSI<\/strong><\/td>\n<\/tr>\n<tr>\n<td><\/td>\n<td width=\"423\">Presentation of Demos<\/td>\n<\/tr>\n<tr>\n<td><\/td>\n<td width=\"423\"><\/td>\n<\/tr>\n<tr>\n<td><strong>19.10.2011<\/strong><\/td>\n<td width=\"423\"><strong>Inna Novalija, JSI<\/strong><\/td>\n<\/tr>\n<tr>\n<td><\/td>\n<td width=\"423\">Presentation of Demos<\/td>\n<\/tr>\n<tr>\n<td><\/td>\n<td width=\"423\"><\/td>\n<\/tr>\n<tr>\n<td><strong>12.10.2011<\/strong><\/td>\n<td width=\"423\"><strong>Jasna \u0160krbec, Alexandra Moraru, Mario Karlov\u010dec, JSI<\/strong><\/td>\n<\/tr>\n<tr>\n<td><\/td>\n<td width=\"423\">Presentation of Demos<\/td>\n<\/tr>\n<tr>\n<td><\/td>\n<td width=\"423\"><\/td>\n<\/tr>\n<tr>\n<td><strong>5.10.2011<\/strong><\/td>\n<td width=\"423\"><strong>Lorand Dali, JSI<\/strong><\/td>\n<\/tr>\n<tr>\n<td><\/td>\n<td width=\"423\">- A brief report about the European Summer School of Information Retrieval<\/td>\n<\/tr>\n<tr>\n<td><\/td>\n<td width=\"423\">- BICIKELJ: Data mining on the bicycle<\/td>\n<\/tr>\n<tr>\n<td><\/td>\n<td width=\"423\"><\/td>\n<\/tr>\n<tr>\n<td><strong>14.9.2011<\/strong><\/td>\n<td width=\"423\"><strong>Andrej Muhi\u010d, JSI<\/strong><\/td>\n<\/tr>\n<tr>\n<td><\/td>\n<td width=\"423\">Work related to cross-lingual document similarity computation and Wikipedia<\/td>\n<\/tr>\n<tr>\n<td><\/td>\n<td width=\"423\"><\/td>\n<\/tr>\n<tr>\n<td><strong>7.9.2011<\/strong><\/td>\n<td width=\"423\"><strong>Bla\u017e Fortuna, JSI<\/strong><\/td>\n<\/tr>\n<tr>\n<td><\/td>\n<td width=\"423\">Highlights of the KDD 2011 conference<\/td>\n<\/tr>\n<tr>\n<td><\/td>\n<td width=\"423\"><\/td>\n<\/tr>\n<tr>\n<td><strong>31.8.2011<\/strong><\/td>\n<td width=\"423\"><strong>Marko Grobelnik, JSI<\/strong><\/td>\n<\/tr>\n<tr>\n<td><\/td>\n<td width=\"423\">Highlights of the AAAI 2011 conference<\/td>\n<\/tr>\n<tr>\n<td><\/td>\n<td width=\"423\"><\/td>\n<\/tr>\n<tr>\n<td><strong>24.8.2011<\/strong><\/td>\n<td width=\"423\"><strong>Mitja Trampu\u0161, Alexandra Moraru, Mario Karlov\u010dec, JSI<\/strong><\/td>\n<\/tr>\n<tr>\n<td><\/td>\n<td width=\"423\">Summer school on language, logic and inference;\u00a0 ESSLLI 2011<\/td>\n<\/tr>\n<tr>\n<td><\/td>\n<td width=\"423\"><\/td>\n<\/tr>\n<tr>\n<td><strong>17.8.2011<\/strong><\/td>\n<td width=\"423\"><strong>Mario Karlov\u010dec, JSI<\/strong><\/td>\n<\/tr>\n<tr>\n<td><\/td>\n<td width=\"423\">PSLC Summer School highlights<\/td>\n<\/tr>\n<tr>\n<td><\/td>\n<td width=\"423\"><\/td>\n<\/tr>\n<tr>\n<td><strong>10.8.2011<\/strong><\/td>\n<td width=\"423\"><strong>Nenad Toma\u0161ev, JSI<\/strong><\/td>\n<\/tr>\n<tr>\n<td><\/td>\n<td width=\"423\">PAKDD 2011 conference highlights<\/td>\n<\/tr>\n<tr>\n<td><\/td>\n<td width=\"423\"><\/td>\n<\/tr>\n<tr>\n<td><strong>3.8.2011<\/strong><\/td>\n<td width=\"423\"><strong>Mario Karlov\u010dec, JSI<\/strong><\/td>\n<\/tr>\n<tr>\n<td><\/td>\n<td width=\"423\">Atlas Slovenske Znanosti \u2013 collaboration diagram and competence map<\/td>\n<\/tr>\n<tr>\n<td><\/td>\n<td width=\"423\"><\/td>\n<\/tr>\n<tr>\n<td><strong>13.7.2011<\/strong><\/td>\n<td width=\"423\"><strong>Luka Brade\u0161ko, JSI<\/strong><\/td>\n<\/tr>\n<tr>\n<td><\/td>\n<td width=\"423\">Paper from ITI 2011 :Contextualized question answering<\/td>\n<\/tr>\n<tr>\n<td><\/td>\n<td width=\"423\"><\/td>\n<\/tr>\n<tr>\n<td><strong>6.7.2011<\/strong><\/td>\n<td width=\"423\"><strong>Klemen Kenda, JSI<\/strong><\/td>\n<\/tr>\n<tr>\n<td><\/td>\n<td width=\"423\">Videk, mashup for enviromental intelligence<\/td>\n<\/tr>\n<tr>\n<td><\/td>\n<td width=\"423\"><\/td>\n<\/tr>\n<tr>\n<td><strong>29.6.2011<\/strong><\/td>\n<td width=\"423\"><strong>Primo\u017e \u0160kraba, JSI<\/strong><\/td>\n<\/tr>\n<tr>\n<td><\/td>\n<td>Overview of the symposium of computational geometry<\/td>\n<\/tr>\n<tr>\n<td><\/td>\n<td width=\"423\"><\/td>\n<\/tr>\n<tr>\n<td><strong>22.6.2011<\/strong><\/td>\n<td width=\"423\"><strong>Jasna \u0160krbec, JSI<\/strong><\/td>\n<\/tr>\n<tr>\n<td><\/td>\n<td>Web application for archives<\/td>\n<\/tr>\n<tr>\n<td><\/td>\n<td width=\"423\"><\/td>\n<\/tr>\n<tr>\n<td><strong>15.6.2011<\/strong><\/td>\n<td width=\"423\"><strong>Grigoris Antoniou, University of Greece<\/strong><\/td>\n<\/tr>\n<tr>\n<td><\/td>\n<td width=\"423\">Semantic computing research @ forth<\/td>\n<\/tr>\n<tr>\n<td><\/td>\n<td><\/td>\n<\/tr>\n<tr>\n<td><\/td>\n<td width=\"423\"><strong>Andrej Muhi\u010d, JSI<\/strong><\/td>\n<\/tr>\n<tr>\n<td><\/td>\n<td>Short introduction to cross-lingual document similarity<\/td>\n<\/tr>\n<tr>\n<td><\/td>\n<td width=\"423\"><\/td>\n<\/tr>\n<tr>\n<td><strong>8.6.2011<\/strong><\/td>\n<td width=\"423\"><strong>Mirjana Ivanovi\u0107, Deparment of Mathematics and Informatics, Novi Sad<\/strong><\/td>\n<\/tr>\n<tr>\n<td><\/td>\n<td>Technology-Enhanced Learning in Different Learning Environments<\/td>\n<\/tr>\n<tr>\n<td><\/td>\n<td width=\"423\"><\/td>\n<\/tr>\n<tr>\n<td><strong>25.5.2011<\/strong><\/td>\n<td width=\"423\"><strong>Bla\u017e Fortuna, JSI<\/strong><\/td>\n<\/tr>\n<tr>\n<td><\/td>\n<td>Current setup on GitHub for code sharing<\/td>\n<\/tr>\n<tr>\n<td><\/td>\n<td width=\"423\"><\/td>\n<\/tr>\n<tr>\n<td><strong>18.5.2011<\/strong><\/td>\n<td width=\"423\"><strong>Ale\u0161 Buh, JSI<\/strong><\/td>\n<\/tr>\n<tr>\n<td><\/td>\n<td>GIT HUB software za source control in social network<\/td>\n<\/tr>\n<tr>\n<td><\/td>\n<td width=\"423\"><\/td>\n<\/tr>\n<tr>\n<td><strong>11.5.2011<\/strong><\/td>\n<td width=\"423\"><strong>Tadej \u0160taner, JSI<\/strong><\/td>\n<\/tr>\n<tr>\n<td><\/td>\n<td>Named entity extraction from Slovene text<\/td>\n<\/tr>\n<tr>\n<td><\/td>\n<td width=\"423\"><\/td>\n<\/tr>\n<tr>\n<td><strong>20.4.2011<\/strong><\/td>\n<td width=\"423\"><strong>Primo\u017e \u0160kraba, JSI<\/strong><\/td>\n<\/tr>\n<tr>\n<td><\/td>\n<td width=\"423\">Demo: 'Analyzing Dynamical Systems with Computational Topology'<\/td>\n<\/tr>\n<tr>\n<td><\/td>\n<td width=\"423\"><\/td>\n<\/tr>\n<tr>\n<td><strong>13.4.2011<\/strong><\/td>\n<td width=\"423\"><strong>Loran Dali, JSI<\/strong><\/td>\n<\/tr>\n<tr>\n<td><\/td>\n<td width=\"423\">A short summary of the\u00a0 tutorial 'Ranking on Large-Scale Graphs with Rich Metadata' at WWW 2011 conference<\/td>\n<\/tr>\n<tr>\n<td><\/td>\n<td width=\"423\"><\/td>\n<\/tr>\n<tr>\n<td><\/td>\n<td width=\"423\"><strong>Alexandra Moraru, JSI<\/strong><\/td>\n<\/tr>\n<tr>\n<td><\/td>\n<td>Two papers from WWW2011<\/td>\n<\/tr>\n<tr>\n<td><\/td>\n<td width=\"423\">- EP-SPARQL: A Uni\ufb01ed Language for Event Processing and Stream Reasoning<\/td>\n<\/tr>\n<tr>\n<td><\/td>\n<td>- Uni\ufb01ed Analysis of Streaming News<\/td>\n<\/tr>\n<tr>\n<td><\/td>\n<td width=\"423\"><\/td>\n<\/tr>\n<tr>\n<td><strong>6.4.2011<\/strong><\/td>\n<td width=\"423\"><strong>Mitja Trampu\u0161, JSI<\/strong><\/td>\n<\/tr>\n<tr>\n<td><\/td>\n<td>Two papers from WWW2011<\/td>\n<\/tr>\n<tr>\n<td><\/td>\n<td>- Computing Word Relatedness Using Temporal Semantic Analysis<\/td>\n<\/tr>\n<tr>\n<td><\/td>\n<td>- Improving Recommendations for Long-Tail Queries via Templates<\/td>\n<\/tr>\n<tr>\n<td><\/td>\n<td width=\"423\"><\/td>\n<\/tr>\n<tr>\n<td><\/td>\n<td width=\"423\"><strong>Gregor Leban, JSI<\/strong><\/td>\n<\/tr>\n<tr>\n<td><\/td>\n<td>Two papers from WWW2011<\/td>\n<\/tr>\n<tr>\n<td><\/td>\n<td>- Information credibility on Twitter<\/td>\n<\/tr>\n<tr>\n<td><\/td>\n<td>- Finding hierarchy in directed online social networks<\/td>\n<\/tr>\n<tr>\n<td><\/td>\n<td width=\"423\"><\/td>\n<\/tr>\n<tr>\n<td><strong>23.3.2011<\/strong><\/td>\n<td width=\"423\"><strong>Bo\u0161tjan Pajntar, JSI<\/strong><\/td>\n<\/tr>\n<tr>\n<td><\/td>\n<td>Mulitilngual corpus crawler<\/td>\n<\/tr>\n<tr>\n<td><\/td>\n<td width=\"423\"><\/td>\n<\/tr>\n<tr>\n<td><strong>16.3.2011<\/strong><\/td>\n<td width=\"423\"><strong>Matja\u017e Rihtar, Gregor Leban, JSI<\/strong><\/td>\n<\/tr>\n<tr>\n<td><\/td>\n<td>Overview of the european project ALERT<\/td>\n<\/tr>\n<tr>\n<td><\/td>\n<td width=\"423\"><\/td>\n<\/tr>\n<tr>\n<td><strong>9.3.2011<\/strong><\/td>\n<td width=\"423\"><strong>Bla\u017e Fortuna, JSI<\/strong><\/td>\n<\/tr>\n<tr>\n<td><\/td>\n<td>'Miner'' infrastructure inside Glib<\/td>\n<\/tr>\n<tr>\n<td><\/td>\n<td width=\"423\"><\/td>\n<\/tr>\n<tr>\n<td><\/td>\n<td width=\"423\"><strong>Delia Rusu, Mitja Trampu\u0161, JSI<\/strong><\/td>\n<\/tr>\n<tr>\n<td><\/td>\n<td width=\"423\">A summary of publications under LIBSCOM - Large Analytics Library for Large Scale Concept Ontology for Multimedia<\/td>\n<\/tr>\n<tr>\n<td><\/td>\n<td width=\"423\"><\/td>\n<\/tr>\n<tr>\n<td><\/td>\n<td width=\"423\"><strong>Klemen Kenda, JSI<\/strong><\/td>\n<\/tr>\n<tr>\n<td><\/td>\n<td>Slides about implementation of miner for SensorLab<\/td>\n<\/tr>\n<tr>\n<td><\/td>\n<td><\/td>\n<\/tr>\n<tr>\n<td><\/td>\n<td width=\"423\"><strong>Luka Brade\u0161ko, JSI<\/strong><\/td>\n<\/tr>\n<tr>\n<td><\/td>\n<td>A short discussion regarding E3 group on Mendeley<\/td>\n<\/tr>\n<tr>\n<td><\/td>\n<td width=\"423\"><\/td>\n<\/tr>\n<tr>\n<td><\/td>\n<td width=\"423\"><strong>Nenad Toma\u0161ev, JSI<\/strong><\/td>\n<\/tr>\n<tr>\n<td><\/td>\n<td width=\"423\">A discussion of possible presentation of our group at the following new media event in Belgrade:<\/td>\n<\/tr>\n<tr>\n<td><\/td>\n<td>http:\/\/www.shareconference.net\/en<\/td>\n<\/tr>\n<tr>\n<td><\/td>\n<td><\/td>\n<\/tr>\n<tr>\n<td><strong>2.3.2011<\/strong><\/td>\n<td width=\"423\"><strong>Jasna \u0160krbec, JSI<\/strong><\/td>\n<\/tr>\n<tr>\n<td><\/td>\n<td width=\"423\">Uporabniku prijazen arhiv za u\u010dinkovit pregled znanja iz korpusov besedil<\/td>\n<\/tr>\n<tr>\n<td><\/td>\n<td width=\"423\"><\/td>\n<\/tr>\n<tr>\n<td><\/td>\n<td width=\"423\"><strong>Nenad Toma\u0161ev, JSI<\/strong><\/td>\n<\/tr>\n<tr>\n<td><\/td>\n<td>- Hubness proportional clustering<\/td>\n<\/tr>\n<tr>\n<td><\/td>\n<td>- Using class hubness for high-dimensional kNN classification<\/td>\n<\/tr>\n<tr>\n<td><\/td>\n<td width=\"423\"><\/td>\n<\/tr>\n<tr>\n<td><strong>23.2.2011<\/strong><\/td>\n<td width=\"423\"><strong>Tadej \u0160tajner, Bla\u017e Fortuna, Primo\u017e \u0160kraba, JSI<\/strong><\/td>\n<\/tr>\n<tr>\n<td><\/td>\n<td>FET ideas<\/td>\n<\/tr>\n<tr>\n<td><\/td>\n<td width=\"423\"><\/td>\n<\/tr>\n<tr>\n<td><strong>16.2.2011<\/strong><\/td>\n<td width=\"423\"><strong>Bojan Bla\u017eica, xLab d.o.o.<\/strong><\/td>\n<\/tr>\n<tr>\n<td><\/td>\n<td>Seminar on Shoebox<\/td>\n<\/tr>\n<tr>\n<td><\/td>\n<td width=\"423\"><\/td>\n<\/tr>\n<tr>\n<td><strong>19.1.2011<\/strong><\/td>\n<td width=\"423\"><strong>Bla\u017e Fortuna, Delia Rusu, JSI<\/strong><\/td>\n<\/tr>\n<tr>\n<td><\/td>\n<td>Presenting the RENDER project<\/td>\n<\/tr>\n<tr>\n<td><\/td>\n<td width=\"423\"><\/td>\n<\/tr>\n<tr>\n<td><strong>9.1.2011<\/strong><\/td>\n<td width=\"423\"><strong>Delia Rusu, JSI<\/strong><\/td>\n<\/tr>\n<tr>\n<td><\/td>\n<td width=\"423\">Presenting a paper on opinion mining and social media - predicting box-office revenues for movies based on Twitter: Predicting the Future With Social Media<\/td>\n<\/tr>\n<\/tbody>\n<\/table>\n","protected":false},"excerpt":{"rendered":"<p>21.12.2011 Ruben Sipo\u0161, JSI - Large-Margin Learning of Submodular Summarization Methods - Discovering the most influential documents in a corpus by using only word content and publication time by optimizing submodular\u00a0coverage objective 14.12.2011 Mario Karlov\u010dec, JSI Matching business and research with atlas of slovenian science 7.12.2011 Lorand Dali, JSI Visualisation od Document Atlas 30.11.2011 Bla\u017e [&hellip;]<\/p>\n","protected":false},"author":42,"featured_media":0,"parent":674,"menu_order":9,"comment_status":"closed","ping_status":"closed","template":"","meta":{"footnotes":"","_links_to":"","_links_to_target":""},"class_list":["post-3664","page","type-page","status-publish","hentry"],"_links":{"self":[{"href":"https:\/\/ailab.ijs.si\/si\/wp-json\/wp\/v2\/pages\/3664","targetHints":{"allow":["GET"]}}],"collection":[{"href":"https:\/\/ailab.ijs.si\/si\/wp-json\/wp\/v2\/pages"}],"about":[{"href":"https:\/\/ailab.ijs.si\/si\/wp-json\/wp\/v2\/types\/page"}],"author":[{"embeddable":true,"href":"https:\/\/ailab.ijs.si\/si\/wp-json\/wp\/v2\/users\/42"}],"replies":[{"embeddable":true,"href":"https:\/\/ailab.ijs.si\/si\/wp-json\/wp\/v2\/comments?post=3664"}],"version-history":[{"count":22,"href":"https:\/\/ailab.ijs.si\/si\/wp-json\/wp\/v2\/pages\/3664\/revisions"}],"predecessor-version":[{"id":4002,"href":"https:\/\/ailab.ijs.si\/si\/wp-json\/wp\/v2\/pages\/3664\/revisions\/4002"}],"up":[{"embeddable":true,"href":"https:\/\/ailab.ijs.si\/si\/wp-json\/wp\/v2\/pages\/674"}],"wp:attachment":[{"href":"https:\/\/ailab.ijs.si\/si\/wp-json\/wp\/v2\/media?parent=3664"}],"curies":[{"name":"wp","href":"https:\/\/api.w.org\/{rel}","templated":true}]}}