{"id":28,"date":"2010-12-06T12:50:45","date_gmt":"2010-12-06T12:50:45","guid":{"rendered":"http:\/\/ailab.ijs.si\/ailab\/?page_id=28"},"modified":"2020-05-04T21:29:28","modified_gmt":"2020-05-04T21:29:28","slug":"projects","status":"publish","type":"page","link":"https:\/\/ailab.ijs.si\/si\/projects\/","title":{"rendered":"Projekti"},"content":{"rendered":"<p>Laboratorij je aktivno vpleten v Evropski raziskovalni prostor \u017ee od leta 2000, od koder je pridobil financiranje\u00a0 v Okvirnih programih <strong>FP5<\/strong>, <strong>FP6,<\/strong> <strong>FP7 <\/strong>in trenutno<strong> Obzorje 2020.<\/strong><\/p>\n<p><a href=\"https:\/\/ec.europa.eu\/info\/research-and-innovation\/strategy\/era_en\">Evropski raziskovalni prostor (ERA)<\/a> je sistem znanstveno raziskovalnih programov, ki vklju\u010dujejo znanstvene vire Evropske unije (EU). Spodbuja ve\u010dnacionalno sodelovanje na razli\u010dnih raziskovalnih podro\u010djih. Njegov namen je pove\u010dati konkuren\u010dnost evropskih raziskovalnih institucij z zdru\u017eevanjem in spodbujanjem bolj vklju\u010dujo\u010dega na\u010dina dela. \"Okvirni programi\" (FPs) so bila glavna finan\u010dna orodja, s katerimi Evropska unija podpira raziskovalne in razvojne dejavnosti, ki pokrivajo skoraj vse znanstvene discipline.<\/p>\n<p>Laboratorij aktivno sodeluje tudi v nacionalnih in mednarodnih znanstvenih, uporabnih in industrijskih projektih.<\/p>\n<p><a href=\"https:\/\/ailab.ijs.si\/projects\/current-projects\/\"><strong><u>Pregled trenutnih projektov<\/u><\/strong><\/a><\/p>\n<p><a href=\"https:\/\/ailab.ijs.si\/projects\/past-projects\/\"><strong><u>Pregled preteklih projektov<\/u><\/strong><\/a><\/p>\n<p><a href=\"https:\/\/ailab.ijs.si\/projects\/slovenian-drugo\/\">Drugo<\/a><\/p>","protected":false},"excerpt":{"rendered":"<p>Laboratorij je aktivno vpleten v Evropski raziskovalni prostor \u017ee od leta 2000, od koder je pridobil financiranje\u00a0 v Okvirnih programih FP5, FP6, FP7 in trenutno Obzorje 2020. Evropski raziskovalni prostor (ERA) je sistem znanstveno raziskovalnih programov, ki vklju\u010dujejo znanstvene vire Evropske unije (EU). Spodbuja ve\u010dnacionalno sodelovanje na razli\u010dnih raziskovalnih podro\u010djih. Njegov namen je pove\u010dati konkuren\u010dnost [&hellip;]<\/p>\n","protected":false},"author":2,"featured_media":0,"parent":0,"menu_order":2,"comment_status":"closed","ping_status":"closed","template":"","meta":{"footnotes":"","_links_to":"","_links_to_target":""},"class_list":["post-28","page","type-page","status-publish","hentry"],"_links":{"self":[{"href":"https:\/\/ailab.ijs.si\/si\/wp-json\/wp\/v2\/pages\/28","targetHints":{"allow":["GET"]}}],"collection":[{"href":"https:\/\/ailab.ijs.si\/si\/wp-json\/wp\/v2\/pages"}],"about":[{"href":"https:\/\/ailab.ijs.si\/si\/wp-json\/wp\/v2\/types\/page"}],"author":[{"embeddable":true,"href":"https:\/\/ailab.ijs.si\/si\/wp-json\/wp\/v2\/users\/2"}],"replies":[{"embeddable":true,"href":"https:\/\/ailab.ijs.si\/si\/wp-json\/wp\/v2\/comments?post=28"}],"version-history":[{"count":7,"href":"https:\/\/ailab.ijs.si\/si\/wp-json\/wp\/v2\/pages\/28\/revisions"}],"predecessor-version":[{"id":4034,"href":"https:\/\/ailab.ijs.si\/si\/wp-json\/wp\/v2\/pages\/28\/revisions\/4034"}],"wp:attachment":[{"href":"https:\/\/ailab.ijs.si\/si\/wp-json\/wp\/v2\/media?parent=28"}],"curies":[{"name":"wp","href":"https:\/\/api.w.org\/{rel}","templated":true}]}}