{"id":2684,"date":"2013-12-10T09:10:58","date_gmt":"2013-12-10T09:10:58","guid":{"rendered":"http:\/\/ailab.ijs.si\/?page_id=2684"},"modified":"2014-06-12T12:43:49","modified_gmt":"2014-06-12T12:43:49","slug":"idiversinews","status":"publish","type":"page","link":"https:\/\/ailab.ijs.si\/si\/tools\/idiversinews\/","title":{"rendered":"iDiversiNews"},"content":{"rendered":"<p><div id=\"attachment_2756\" style=\"width: 90px\" class=\"wp-caption alignleft\"><a href=\"https:\/\/ailab.ijs.si\/wp-content\/uploads\/2013\/12\/iDN-76.png\"><img loading=\"lazy\" decoding=\"async\" aria-describedby=\"caption-attachment-2756\" class=\" wp-image-2756  \" alt=\"iDiversiNews icon\" src=\"https:\/\/ailab.ijs.si\/wp-content\/uploads\/2013\/12\/iDN-76.png\" width=\"80\" height=\"80\" srcset=\"https:\/\/ailab.ijs.si\/wp-content\/uploads\/2013\/12\/iDN-76.png 76w, https:\/\/ailab.ijs.si\/wp-content\/uploads\/2013\/12\/iDN-76-75x76.png 75w\" sizes=\"auto, (max-width: 80px) 100vw, 80px\" \/><\/a><p id=\"caption-attachment-2756\" class=\"wp-caption-text\">iDiversiNews<\/p><\/div><\/p>\n<p>iDiversiNews za iPad je alternativa klasi\u010dnim aplikacijam za branje novic v realnem \u010dasu. Novice lahko sami filtrirate in razvr\u0161\u010date po temi, geografski lokaciji zalo\u017enika in \u010dustvenem naboju (naklonjenosti).<\/p>\n<p>Razli\u010dne poglede na isto zgodbo je mogo\u010de raziskati s poudarkom na dolo\u010deno geografsko obmo\u010dje (\"Kako <b>lokalni<\/b> mediji poro\u010dajo o najnovej\u0161ih nemirih?\"), podtemo (\"Med poro\u010dili o novem iPhone-u, katera so tista, ki govorijo predvsem o <b>poslovnih posledicah<\/b>?\"), in \u010dustveni naboj (\"Katera so bolj <b>negativna<\/b> poro\u010dila o zadnji seji parlamenta?\"). Izbira se uporabi za razvrstitev seznama novic in izdelavo povzetka.<\/p>\n<p>Zaenkrat sistem obdeluje in prikazuje angle\u0161ke novice.<\/p>\n<div id=\"attachment_2735\" style=\"width: 235px\" class=\"wp-caption alignleft\"><a href=\"https:\/\/ailab.ijs.si\/wp-content\/uploads\/2013\/12\/dn-01.png\"><img loading=\"lazy\" decoding=\"async\" aria-describedby=\"caption-attachment-2735\" class=\"size-medium wp-image-2735 \" alt=\"Za\u010detni prikaz\" src=\"https:\/\/ailab.ijs.si\/wp-content\/uploads\/2013\/12\/dn-01-225x300.png\" width=\"225\" height=\"300\" srcset=\"https:\/\/ailab.ijs.si\/wp-content\/uploads\/2013\/12\/dn-01-225x300.png 225w, https:\/\/ailab.ijs.si\/wp-content\/uploads\/2013\/12\/dn-01-768x1024.png 768w, https:\/\/ailab.ijs.si\/wp-content\/uploads\/2013\/12\/dn-01-75x100.png 75w, https:\/\/ailab.ijs.si\/wp-content\/uploads\/2013\/12\/dn-01.png 1536w\" sizes=\"auto, (max-width: 225px) 100vw, 225px\" \/><\/a><p id=\"caption-attachment-2735\" class=\"wp-caption-text\">Za\u010detni prikaz<\/p><\/div>\n<div id=\"attachment_2736\" style=\"width: 235px\" class=\"wp-caption alignleft\"><a href=\"https:\/\/ailab.ijs.si\/wp-content\/uploads\/2013\/12\/dn-03.png\"><img loading=\"lazy\" decoding=\"async\" aria-describedby=\"caption-attachment-2736\" class=\"size-medium wp-image-2736 \" alt=\"Osrednji prikaz\" src=\"https:\/\/ailab.ijs.si\/wp-content\/uploads\/2013\/12\/dn-03-225x300.png\" width=\"225\" height=\"300\" srcset=\"https:\/\/ailab.ijs.si\/wp-content\/uploads\/2013\/12\/dn-03-225x300.png 225w, https:\/\/ailab.ijs.si\/wp-content\/uploads\/2013\/12\/dn-03-768x1024.png 768w, https:\/\/ailab.ijs.si\/wp-content\/uploads\/2013\/12\/dn-03-75x100.png 75w, https:\/\/ailab.ijs.si\/wp-content\/uploads\/2013\/12\/dn-03.png 1536w\" sizes=\"auto, (max-width: 225px) 100vw, 225px\" \/><\/a><p id=\"caption-attachment-2736\" class=\"wp-caption-text\">Osrednji prikaz<\/p><\/div>\n<p>Aplikacije je prilagojena \u010dim la\u017ejemu raziskovanju razli\u010dnih vidikov zgodb. Zgodbe je mo\u017eno razvrstiti glede na najaktivnej\u0161e kategorije, najaktivnej\u0161a mesta objav ali preprosto s seznamom vseh nedavno objavljenih zgodb. Osrednji prikaz ponuja pregled zgodbe in orodja za iskanje raznolikosti. Izbor zgodb lahko zo\u017eimo z izbiro klju\u010dnih besed, izborom svetovnih regij ali z izborom tem. Vsako novico iz seznama si je mogo\u010de podrobneje ogledati.<\/p>\n<h2>Povezave<\/h2>\n<p><strong>Podpora:<\/strong> <a href=\"mailto:e3dev@ijs.si\">e3dev@ijs.si<\/a><\/p>\n<p><strong>O projektu:<\/strong> <a href=\"http:\/\/render-project.eu\/about-us\/partners\/\">Render project<\/a><\/p>\n<p><a href=\"https:\/\/itunes.apple.com\/us\/app\/idiversinews\/id833382894?mt=8\"><img loading=\"lazy\" decoding=\"async\" class=\"size-full wp-image-2768 alignright\" alt=\"badge_appstore-lrg\" src=\"https:\/\/ailab.ijs.si\/wp-content\/uploads\/2013\/12\/badge_appstore-lrg.png\" width=\"135\" height=\"40\" \/><\/a><\/p>","protected":false},"excerpt":{"rendered":"<p>iDiversiNews za iPad je alternativa klasi\u010dnim aplikacijam za branje novic v realnem \u010dasu. Novice lahko sami filtrirate in razvr\u0161\u010date po temi, geografski lokaciji zalo\u017enika in \u010dustvenem naboju (naklonjenosti). Razli\u010dne poglede na isto zgodbo je mogo\u010de raziskati s poudarkom na dolo\u010deno geografsko obmo\u010dje (\"Kako lokalni mediji poro\u010dajo o najnovej\u0161ih nemirih?\"), podtemo (\"Med poro\u010dili o novem iPhone-u, [&hellip;]<\/p>\n","protected":false},"author":1,"featured_media":0,"parent":1006,"menu_order":0,"comment_status":"closed","ping_status":"closed","template":"","meta":{"footnotes":"","_links_to":"","_links_to_target":""},"class_list":["post-2684","page","type-page","status-publish","hentry"],"_links":{"self":[{"href":"https:\/\/ailab.ijs.si\/si\/wp-json\/wp\/v2\/pages\/2684","targetHints":{"allow":["GET"]}}],"collection":[{"href":"https:\/\/ailab.ijs.si\/si\/wp-json\/wp\/v2\/pages"}],"about":[{"href":"https:\/\/ailab.ijs.si\/si\/wp-json\/wp\/v2\/types\/page"}],"author":[{"embeddable":true,"href":"https:\/\/ailab.ijs.si\/si\/wp-json\/wp\/v2\/users\/1"}],"replies":[{"embeddable":true,"href":"https:\/\/ailab.ijs.si\/si\/wp-json\/wp\/v2\/comments?post=2684"}],"version-history":[{"count":0,"href":"https:\/\/ailab.ijs.si\/si\/wp-json\/wp\/v2\/pages\/2684\/revisions"}],"up":[{"embeddable":true,"href":"https:\/\/ailab.ijs.si\/si\/wp-json\/wp\/v2\/pages\/1006"}],"wp:attachment":[{"href":"https:\/\/ailab.ijs.si\/si\/wp-json\/wp\/v2\/media?parent=2684"}],"curies":[{"name":"wp","href":"https:\/\/api.w.org\/{rel}","templated":true}]}}