{"id":2,"date":"2010-11-29T11:01:10","date_gmt":"2010-11-29T11:01:10","guid":{"rendered":"http:\/\/ailab.ijs.si\/ailab\/?page_id=2"},"modified":"2022-03-31T20:08:38","modified_gmt":"2022-03-31T20:08:38","slug":"about","status":"publish","type":"page","link":"https:\/\/ailab.ijs.si\/si\/","title":{"rendered":"Home"},"content":{"rendered":"<p><a href=\"https:\/\/ailab.ijs.si\/wp-content\/uploads\/2014\/05\/promo.jpg\"><img loading=\"lazy\" decoding=\"async\" class=\"alignnone wp-image-2882\" src=\"https:\/\/ailab.ijs.si\/wp-content\/uploads\/2014\/05\/promo-180x180.jpg\" alt=\"promo 2014\" width=\"82\" height=\"82\" \/><\/a><img loading=\"lazy\" decoding=\"async\" class=\"size-full wp-image-55 alignleft\" src=\"https:\/\/ailab.ijs.si\/wp-content\/uploads\/2011\/03\/pillango_lightgreen.png\" alt=\"\" width=\"170\" height=\"170\" \/><\/p>\n<p><strong>Odsek za umetno inteligenco<\/strong><\/p>\n<p><strong><a href=\"http:\/\/www.ijs.si\/ijsw\/JSI\">Institut 'Jo\u017eef Stefan'<\/a><\/strong><\/p>\n<p><strong><a href=\"http:\/\/www.ljubljana.si\/en\/\"> Ljubljana<\/a>, <a href=\"http:\/\/www.slovenia.info\/?lng=2\">Slovenija<\/a><\/strong><\/p>\n<p>Podro\u010dje dela Odseka za umetno inteligenco so informacijske tehnologije s poudarkom na tehnologijah umetne inteligence. Najpomembnej\u0161a podro\u010dja raziskav in razvoja so: (a) analiza podatkov s poudarkom na tekstovnih, spletnih, ve\u010dpredstavnih in dinami\u010dnih podatkih, (b) tehnike za analizo velikih koli\u010din podatkov v realnem \u010dasu, (c) vizualizacija kompleksnih podatkov, (d) semanti\u010dne tehnologije, (e) jezikovne tehnologije.<\/p>\n<p>V sodelovanju z <a href=\"http:\/\/www-e6.ijs.si\/\" target=\"_blank\" rel=\"noopener noreferrer\">Odsekom za komunikacijske sisteme (E6) <\/a>in <a href=\"http:\/\/ct3.ijs.si\/\" target=\"_blank\" rel=\"noopener noreferrer\">Centrom za prenos znanja na podro\u010dju informacijskih tehnologij (CT3)<\/a> smo ustanovili neformalni medodse\u010dni laboratorij za brez\u017ei\u010dna senzorska omre\u017eja. Cilj je razvoj platforme, ki bo povezovala (a) zajem senzorskih podatkov, (b) komunikacijo senzorskih naprav, (c) statisti\u010dno analizo podatkov v realnem \u010dasu, (c) semanti\u010dno podporo procesu, in omogo\u010dala \u0161irok krog aplikacij na razli\u010dnih podro\u010djih (energetika, ekologija, promet, varnost, logistika).<\/p>\n<p>Odsek za umetno inteligenco posve\u010da posebno pozornost <a href=\"http:\/\/sciencewithart.ijs.si\/si_site\/index_si.html\" target=\"_blank\" rel=\"noopener noreferrer\">promociji znanosti<\/a>, posebej med mladimi, kjer v sodelovanju s <a href=\"http:\/\/ct3.ijs.si\/\" target=\"_blank\" rel=\"noopener noreferrer\">Centrom za prenos znanja na podro\u010dju informacijskih tehnologij (CT3)<\/a> razvijamo izobra\u017eevalni portal <a href=\"http:\/\/videolectures.net\/\" target=\"_blank\" rel=\"noopener noreferrer\">VideoLectures.NET<\/a> in vrsto let organiziramo<a href=\"http:\/\/rtk.ijs.si\/index.html\" target=\"_blank\" rel=\"noopener noreferrer\"> tekmovanja ACM<\/a> iz znanja ra\u010dunalni\u0161tva.<\/p>\n<p>Odsek tesno sodeluje s<a href=\"http:\/\/www.stanford.edu\/\" target=\"_blank\" rel=\"noopener noreferrer\"> Stanford University<\/a>, <a href=\"http:\/\/www.ucl.ac.uk\/\">University College London<\/a>, <a href=\"http:\/\/www.mps.si\/splet\/index.asp\" target=\"_blank\" rel=\"noopener noreferrer\">Mednarodno podiplomsko \u0161olo Jo\u017eefa Stefana<\/a> ter podjetji <a href=\"http:\/\/quintelligence.com\/\" target=\"_blank\" rel=\"noopener noreferrer\">Quintelligence<\/a>, <a href=\"http:\/\/www.cyc.com\/\" target=\"_blank\" rel=\"noopener noreferrer\">Cycorp Europe<\/a>, <a href=\"http:\/\/www.livenetlife.com\/DefaultNoLogin.aspx?RetAdd=\/Default.aspx\" target=\"_blank\" rel=\"noopener noreferrer\">LifeNetLive<\/a>, Modro Oko in Envigence. \u010clani odseka so delno zaposleni na prej na\u0161tetih institucijah.<\/p>","protected":false},"excerpt":{"rendered":"<p>Odsek za umetno inteligenco Institut 'Jo\u017eef Stefan' Ljubljana, Slovenija Podro\u010dje dela Odseka za umetno inteligenco so informacijske tehnologije s poudarkom na tehnologijah umetne inteligence. Najpomembnej\u0161a podro\u010dja raziskav in razvoja so: (a) analiza podatkov s poudarkom na tekstovnih, spletnih, ve\u010dpredstavnih in dinami\u010dnih podatkih, (b) tehnike za analizo velikih koli\u010din podatkov v realnem \u010dasu, (c) vizualizacija kompleksnih [&hellip;]<\/p>\n","protected":false},"author":1,"featured_media":0,"parent":0,"menu_order":0,"comment_status":"closed","ping_status":"closed","template":"","meta":{"footnotes":"","_links_to":"","_links_to_target":""},"class_list":["post-2","page","type-page","status-publish","hentry"],"_links":{"self":[{"href":"https:\/\/ailab.ijs.si\/si\/wp-json\/wp\/v2\/pages\/2","targetHints":{"allow":["GET"]}}],"collection":[{"href":"https:\/\/ailab.ijs.si\/si\/wp-json\/wp\/v2\/pages"}],"about":[{"href":"https:\/\/ailab.ijs.si\/si\/wp-json\/wp\/v2\/types\/page"}],"author":[{"embeddable":true,"href":"https:\/\/ailab.ijs.si\/si\/wp-json\/wp\/v2\/users\/1"}],"replies":[{"embeddable":true,"href":"https:\/\/ailab.ijs.si\/si\/wp-json\/wp\/v2\/comments?post=2"}],"version-history":[{"count":12,"href":"https:\/\/ailab.ijs.si\/si\/wp-json\/wp\/v2\/pages\/2\/revisions"}],"predecessor-version":[{"id":4722,"href":"https:\/\/ailab.ijs.si\/si\/wp-json\/wp\/v2\/pages\/2\/revisions\/4722"}],"wp:attachment":[{"href":"https:\/\/ailab.ijs.si\/si\/wp-json\/wp\/v2\/media?parent=2"}],"curies":[{"name":"wp","href":"https:\/\/api.w.org\/{rel}","templated":true}]}}