{"id":1733,"date":"2012-06-07T07:53:16","date_gmt":"2012-06-07T07:53:16","guid":{"rendered":"http:\/\/ailab.ijs.si\/?page_id=1733"},"modified":"2014-06-12T12:43:19","modified_gmt":"2014-06-12T12:43:19","slug":"archive-explorer","status":"publish","type":"page","link":"https:\/\/ailab.ijs.si\/si\/tools\/archive-explorer\/","title":{"rendered":"Archive Explorer"},"content":{"rendered":"<p>...predstavlja spletno aplikacijo za iskanje in brskanje po \u010dasopisnih \u010dlankih, ki so shranjeni v velikih digitalnih arhivih<\/p>\n<p>...zdru\u017euje uporabo rudarjenja podatkov, njihovo obogatitev in algoritme za prikazovanje velike koli\u010dine podatkov, z namenom pomagati uporabniku pri pregledovanju \u00a0velike koli\u010dine podatkov, ki so ponavadi shranjeni v \u010dasopisnih arhivih.<\/p>\n<p>...se lahko preizkusi na\u00a0<a href=\"http:\/\/www.archiveexplorer.com\" target=\"_blank\">SPLETNI STRANI APLIKACIJE.<\/a><\/p>\n<p>...je osvojil 2. mesto za <a href=\"http:\/\/2012.eswc-conferences.org\/sites\/default\/files\/eswc2012_submission_325.pdf\">Best Demonstation Award na ESWC2012<\/a>.<\/p>\n<p><strong>Brskanje in Iskanje.<\/strong><\/p>\n<p>Klasi\u010dno iskanje z enim poljem je nadgrajeno z vmesnikom za usmerjeno iskanje, ki omogo\u010da uporabniku la\u017eje brskanje po arhivu in mu hkrati nudi hitrej\u0161i pregled nad arhivom. \u010ce je uporabnikovo znanje o iskanih podatkih bolj podrobno, lahko uporabi iskanje po ve\u010d dimenzijah hkrati. Rezultati iskanja so prikazani z veliko dodatnimi informacijami, ki pomagajo razumeti njihov kontekst. \u00a0Archive Explorer poizku\u0161a zdru\u017eiti mo\u010d poizvedb s prednostjo algoritmov za prikazovanje ve\u010djih koli\u010din podatkov za la\u017eje pregledovanje in transparentnost velikih arhivov.<\/p>\n<p><strong>Kontekstualizacija in \u00a0Povzetje.<\/strong><\/p>\n<p>Besedilo \u010dasopisnih \u010dlankov je lahko zelo dolgo ali \u010disto kratko. Pri pregledovanju velike koli\u010dine \u010dlankov \u017eelimo, da se pregledovalec ne izgubi v neskon\u010dnih vrsticah besedila. Namesto velike vsebine teksta uporabimo samo podatke, ki smo jih pridobili z rudarjenjem. Tako lahko uporabnik ob prebiranju razli\u010dih tem hitro vidi, kateri ljudje so sodelovali, katere organizacije so bile vpletene in na katerih lokacijah so se stvari odvijale. Entitete in klju\u010dne besede so uporabne za prikazovanje povezav med vsebinami razli\u010dnih \u010dlankov, kar omogo\u010da la\u017eje razumevanje, odkrivanje in povzetje tem v \u010dasopisnih \u010dlankih.<\/p>\n<p><strong>Arhitektura.<\/strong><\/p>\n<p><a href=\"https:\/\/ailab.ijs.si\/tools\/archive-explorer\/architecture\/\" rel=\"attachment wp-att-1747\"><img loading=\"lazy\" decoding=\"async\" class=\"alignnone size-large wp-image-1747\" alt=\"\" src=\"https:\/\/ailab.ijs.si\/wp-content\/uploads\/2012\/06\/Architecture-1024x667.jpg\" width=\"500\" height=\"325\" srcset=\"https:\/\/ailab.ijs.si\/wp-content\/uploads\/2012\/06\/Architecture-1024x667.jpg 1024w, https:\/\/ailab.ijs.si\/wp-content\/uploads\/2012\/06\/Architecture-300x195.jpg 300w, https:\/\/ailab.ijs.si\/wp-content\/uploads\/2012\/06\/Architecture.jpg 1344w\" sizes=\"auto, (max-width: 500px) 100vw, 500px\" \/><\/a><\/p>\n<p><strong>Publikacije.<\/strong><\/p>\n<ul>\n<li><a href=\"http:\/\/videolectures.net\/sikdd2011_skrbec_archives\/\" target=\"_blank\">\u0160KRBEC, Jasna, GROBELNIK, Marko, FORTUNA, Bla\u017e, PAJNTAR, Bo\u0161tjan. Exploring History through Newspaper Archives.\u00a0<em>In\u00a0Proceedings of the 14th International Multiconference Information Society,\u00a0<em><em>10 \u2013 14 October 2011, Ljubljana, Slovenia<\/em>.<\/em><\/em><\/a><\/li>\n<li>\u0160KRBEC, Jasna, GROBELNIK, Marko, FORTUNA, Bla\u017e. Exploring History through Newspaper Archives.\u00a0<em>In Workshop and Demo Proceedings of the 9th Extended Semantic Web Conference, 27 - 31 May 2012, Heraklion, Crete, Greece.<\/em><\/li>\n<\/ul>\n<p><\/p>","protected":false},"excerpt":{"rendered":"<p>...predstavlja spletno aplikacijo za iskanje in brskanje po \u010dasopisnih \u010dlankih, ki so shranjeni v velikih digitalnih arhivih ...zdru\u017euje uporabo rudarjenja podatkov, njihovo obogatitev in algoritme za prikazovanje velike koli\u010dine podatkov, z namenom pomagati uporabniku pri pregledovanju \u00a0velike koli\u010dine podatkov, ki so ponavadi shranjeni v \u010dasopisnih arhivih. ...se lahko preizkusi na\u00a0SPLETNI STRANI APLIKACIJE. ...je osvojil 2. [&hellip;]<\/p>\n","protected":false},"author":1,"featured_media":0,"parent":1006,"menu_order":0,"comment_status":"closed","ping_status":"closed","template":"","meta":{"footnotes":"","_links_to":"","_links_to_target":""},"class_list":["post-1733","page","type-page","status-publish","hentry"],"_links":{"self":[{"href":"https:\/\/ailab.ijs.si\/si\/wp-json\/wp\/v2\/pages\/1733","targetHints":{"allow":["GET"]}}],"collection":[{"href":"https:\/\/ailab.ijs.si\/si\/wp-json\/wp\/v2\/pages"}],"about":[{"href":"https:\/\/ailab.ijs.si\/si\/wp-json\/wp\/v2\/types\/page"}],"author":[{"embeddable":true,"href":"https:\/\/ailab.ijs.si\/si\/wp-json\/wp\/v2\/users\/1"}],"replies":[{"embeddable":true,"href":"https:\/\/ailab.ijs.si\/si\/wp-json\/wp\/v2\/comments?post=1733"}],"version-history":[{"count":0,"href":"https:\/\/ailab.ijs.si\/si\/wp-json\/wp\/v2\/pages\/1733\/revisions"}],"up":[{"embeddable":true,"href":"https:\/\/ailab.ijs.si\/si\/wp-json\/wp\/v2\/pages\/1006"}],"wp:attachment":[{"href":"https:\/\/ailab.ijs.si\/si\/wp-json\/wp\/v2\/media?parent=1733"}],"curies":[{"name":"wp","href":"https:\/\/api.w.org\/{rel}","templated":true}]}}