{"id":1025,"date":"2011-07-27T09:21:23","date_gmt":"2011-07-27T09:21:23","guid":{"rendered":"http:\/\/ailab.ijs.si\/?page_id=1025"},"modified":"2014-06-12T12:43:19","modified_gmt":"2014-06-12T12:43:19","slug":"enrycher","status":"publish","type":"page","link":"https:\/\/ailab.ijs.si\/si\/tools\/enrycher\/","title":{"rendered":"Enrycher"},"content":{"rendered":"<p><\/p>\n<table width=\"155\" border=\"1\" cellspacing=\"0\" cellpadding=\"0\">\n<col width=\"195\" \/>\n<tbody>\n<tr>\n<td style=\"text-align: center\" width=\"145\" height=\"20\"><strong><a href=\"http:\/\/enrycher.ijs.si\" target=\"_blank\">Enrycher DEMO<\/a><\/strong><br \/>\n<strong><a href=\"https:\/\/github.com\/JozefStefanInstitute\/EnrycherAPI\" target=\"_blank\">Enrycher JAVA API<\/a><\/strong><\/td>\n<\/tr>\n<\/tbody>\n<\/table>\n<p>Enrycher is a service-oriented system, providing shallow as well as deep text processing functionality at the text document level.<\/p>\n<p><iframe loading=\"lazy\" title=\"Enrycher - an AILab demo (HD)\" width=\"1140\" height=\"641\" src=\"https:\/\/www.youtube.com\/embed\/scFepvcTAcM?feature=oembed\" frameborder=\"0\" allow=\"accelerometer; autoplay; clipboard-write; encrypted-media; gyroscope; picture-in-picture\" allowfullscreen><\/iframe><\/p>\n<p>Shallow text processing:<\/p>\n<ul>\n<li>topic and keyword detection<\/li>\n<li>named entity extraction: names of people, locations and organizations, dates, percentages and money amounts<\/li>\n<\/ul>\n<p>Deep text processing:<\/p>\n<ul>\n<li>named entity resolution with respect to existing Linked datasets: DBpedia, YAGO, OpenCyc<\/li>\n<li>named entity merging: co-reference and anaphora resolution<\/li>\n<li>word sense disambiguation into WordNet<\/li>\n<li>assertion extraction, by identifying subject \u2013 predicate \u2013 object sentence elements together with their modifiers (adjectives, adverbs) and negations<\/li>\n<\/ul>\n<p><strong>Enrycher Services<\/strong><\/p>\n<p>The Fact Extraction Service is composed of 9 services, depicted in the figure below. The services are grouped in 3 types: Enrycher Pre-processing Services, marked in green, Enrycher Extraction Services marked in blue and Enrycher Transformation Services marked in red. The figure shows the dependencies between services, some of them mandatory (depicted with a filled line), some optional (depicted with a dashed line). All services rely on a text pre-processing step handled within the Text Pre-Processing Service, and consisting of sentence splitting and tokenization.<\/p>\n<p><a href=\"https:\/\/ailab.ijs.si\/tools\/enrycher\/dependencies_scale1\/\" rel=\"attachment wp-att-1263\"><img loading=\"lazy\" decoding=\"async\" class=\"aligncenter size-full wp-image-1263\" alt=\"\" src=\"https:\/\/ailab.ijs.si\/wp-content\/uploads\/2011\/07\/Dependencies_Scale1.png\" width=\"550\" height=\"271\" srcset=\"https:\/\/ailab.ijs.si\/wp-content\/uploads\/2011\/07\/Dependencies_Scale1.png 550w, https:\/\/ailab.ijs.si\/wp-content\/uploads\/2011\/07\/Dependencies_Scale1-300x147.png 300w\" sizes=\"auto, (max-width: 550px) 100vw, 550px\" \/><\/a><\/p>\n<p><strong>Example Calls<\/strong><\/p>\n<p>The Enrycher Web Service API exposes each service functionality.<\/p>\n<div>\n<p>In order to call the Enrycher services, we provide the following URLs:<\/p>\n<ul>\n<li>for XML output: enrycher.ijs.si\/run<\/li>\n<li>for RDF output: enrycher.ijs.si\/run-rdf<\/li>\n<\/ul>\n<p>To execute the service, one should send an HTTP POST request, with the raw text in the body:<\/p>\n<table width=\"555\" border=\"1\" cellspacing=\"0\" cellpadding=\"0\">\n<col width=\"185\" \/>\n<tbody>\n<tr>\n<td width=\"185\" height=\"40\">curl -d \"Enrycher was developed at JSI, a research institute in Ljubljana. Ljubljana is the capital of Slovenia.\" http:\/\/enrycher.ijs.si\/run<\/td>\n<\/tr>\n<\/tbody>\n<\/table>\n<p>The Java API for calling the Enrycher services can be now found on <a title=\"Enrycher Java API on GitHub\" href=\"https:\/\/github.com\/JozefStefanInstitute\/EnrycherAPI\" target=\"_blank\">GitHub<\/a>.<strong><\/strong><\/p>\n<p><strong>Publications<\/strong><\/p>\n<\/div>\n<ul>\n<li>\u0160TAJNER, Tadej, RUSU, Delia, DALI, Lorand, FORTUNA, Bla\u017e, MLADENI\u0106, Dunja, GROBELNIK, Marko. A service oriented framework for natural language text enrichment.<em> <em>Informatica (Ljublj.)<\/em>, 2010, vol. 34, no. 3, 307-313.<\/em><\/li>\n<li><em><\/em>\u0160TAJNER, Tadej, MLADENI\u0106, Dunja. Entity resolution from texts using statistical learning and ontologies. <em>In<\/em> <em>Proceedings of the 4th Asian Conference on The Semantic Web, 2009, 91-104.<\/em><\/li>\n<li>RUSU, Delia, FORTUNA, Bla\u017e, MLADENI\u0106, Dunja, GROBELNIK, Marko, SIPO\u0160, Ruben. Document visualizayion based on semantic graphs.<em><em> In <em>Proceedings : Information Visualization, IV 2009, 15-17 July 2009, Barcelona, Spain<\/em>. 292-297.<\/em><\/em><\/li>\n<li>RUSU, Delia, FORTUNA, Bla\u017e, GROBELNIK, Marko, MLADENI\u0106, Dunja. Semantic graphs derived from triplets with application in document summarization.<em><em> <em>Informatica (Ljublj.)<\/em>, 2009, vol. 33, no. 3, 357-362.<\/em><\/em><\/li>\n<li>\u0160TAJNER, Tadej: From unstructured to linked data: entity extraction and disambiguation by collective similarity maximization. <em>In <em>Identity and Reference in web<\/em>-<em>based Knowledge Representation<\/em> (IR-KR): <em>Proceedings<\/em> of the <em>IJCAI<\/em>-09 workshop, 29-34.<\/em><\/li>\n<li>RUSU, Delia, LORAND, Dali, FORTUNA, Bla\u017e, GROBELNIK, Marko, MLADENI\u0106, Dunja. Triplet extraction from sentences. <em>In Proceedings of the 10th International Multiconference Information Society 2007, 218-222.<\/em><\/li>\n<li>GROBELNIK, Marko, MLADENI\u0106, Dunja. Simple classification into large topic ontology of web documents. <em>CIT. Journal of Comput. Inf. Technol., 2005, vol. 13, 279-285<\/em>.<em><\/em><\/li>\n<\/ul>\n<p><\/p>","protected":false},"excerpt":{"rendered":"<p>Enrycher DEMO Enrycher JAVA API Enrycher is a service-oriented system, providing shallow as well as deep text processing functionality at the text document level. Shallow text processing: topic and keyword detection named entity extraction: names of people, locations and organizations, dates, percentages and money amounts Deep text processing: named entity resolution with respect to existing [&hellip;]<\/p>\n","protected":false},"author":1,"featured_media":0,"parent":1006,"menu_order":0,"comment_status":"closed","ping_status":"closed","template":"","meta":{"footnotes":"","_links_to":"","_links_to_target":""},"class_list":["post-1025","page","type-page","status-publish","hentry"],"_links":{"self":[{"href":"https:\/\/ailab.ijs.si\/si\/wp-json\/wp\/v2\/pages\/1025","targetHints":{"allow":["GET"]}}],"collection":[{"href":"https:\/\/ailab.ijs.si\/si\/wp-json\/wp\/v2\/pages"}],"about":[{"href":"https:\/\/ailab.ijs.si\/si\/wp-json\/wp\/v2\/types\/page"}],"author":[{"embeddable":true,"href":"https:\/\/ailab.ijs.si\/si\/wp-json\/wp\/v2\/users\/1"}],"replies":[{"embeddable":true,"href":"https:\/\/ailab.ijs.si\/si\/wp-json\/wp\/v2\/comments?post=1025"}],"version-history":[{"count":0,"href":"https:\/\/ailab.ijs.si\/si\/wp-json\/wp\/v2\/pages\/1025\/revisions"}],"up":[{"embeddable":true,"href":"https:\/\/ailab.ijs.si\/si\/wp-json\/wp\/v2\/pages\/1006"}],"wp:attachment":[{"href":"https:\/\/ailab.ijs.si\/si\/wp-json\/wp\/v2\/media?parent=1025"}],"curies":[{"name":"wp","href":"https:\/\/api.w.org\/{rel}","templated":true}]}}