{"id":33,"date":"2011-05-11T13:30:30","date_gmt":"2011-05-11T11:30:30","guid":{"rendered":"http:\/\/ailab.ijs.si\/mitja_jermol\/?page_id=33"},"modified":"2017-01-03T23:18:43","modified_gmt":"2017-01-03T22:18:43","slug":"publications","status":"publish","type":"page","link":"https:\/\/ailab.ijs.si\/mitja_jermol\/publications\/","title":{"rendered":"Publications"},"content":{"rendered":"<ul>\n<li><strong>Smart Cargo for Multimodal Freight Transport: When \u201cCloud\u201d becomes \u201cFog\u201d<\/strong>, R Costa, R Jardim-Goncalves, P Figueiras, Margherita Forcolin, Mitja Jermol, Richard Stevens: 2016\/12\/31, IFAC-PapersOnLine, Elsevier<\/li>\n<\/ul>\n<ul>\n<li><strong><a href=\"http:\/\/www.emeraldinsight.com\/doi\/abs\/10.1108\/EL-01-2014-0015\">Conceptualization of science using collaboration and competences<\/a><\/strong>.<a name=\"1\"><\/a>KARLOV\u010cEC, Mario, MLADENI\u0106, Dunja, GROBELNIK, Marko, JERMOL, Mitja.\u00a0 <i>Electronic library<\/i>, ISSN 0264-0473, 2016, vol. 34<\/li>\n<\/ul>\n<ul>\n<li>\n<div><strong><a href=\"http:\/\/wwwold.fhv.at\/media\/pdf\/forschung\/prozess-und-produktengineering\/projekte\/euridice\/euridice-white-paper\">The EURIDICE Project -European Inter-Disciplinary Research on Intelligent Cargo for Efficient, Safe and Environment-friendly Logistics<\/a>,<\/strong> white paper, Paolo Paganelli, Ed, Vassiliou Charalampos, Erik Cornelisse, Agnieszka Damentka, Margherita Forcolin, Mitja Jermol, Ryszard Styczynski, Wojciech Szczurek, Donatella Vedovato.<\/div>\n<div><\/div>\n<\/li>\n<li><strong>MobiS\u2014personalized mobility services for energy efficiency and security through advanced artificial intelligence techniques.\u00a0<\/strong> Ruben Costa, Paulo Figueiras, Pedro Mal\u00f3, Mitja Jermol, Kostas Kalaboukas:<br \/>\n2013\/6\/13 in Neves-Silva, R., Watada, J., Phillips-Wren, G., Jain, LC, Howlett, RJ (eds.) Intelligent Decision Technologies. Frontiers in Artificial Intelligence and Applications<\/li>\n<\/ul>\n<ul>\n<li><a href=\"http:\/\/springerlink.com\/content\/u3288qt6w80m7hk2\/\"><strong>Supporting a Public Health Care Virtual Organization by Knowledge Technologies<\/strong><\/a>; Authors: Mitja Jermol, Nada Lavra\u010d, Tanja Urban\u010di\u010d and Tadeja Kopa\u010d; <em>IFIP International Federation for Information Processing, 2004, Volume 149, Virtual Enterprises and Collaborative Networks, Pages 567-576.<\/em><\/li>\n<\/ul>\n<ul style=\"text-align: justify\">\n<li><a href=\"http:\/\/springerlink.com\/content\/w195020732723vr7\/\"><strong>A Decision Support Approach to Trust Modeling in Networked Organizations<\/strong><\/a>; Authors: Nada Lavra\u010d, <a href=\"http:\/\/perro.si\/\" target=\"_blank\">Peter Ljubi\u010d<\/a>, Mitja Jermol and Stefan Bollhalter; <em>IFIP International Federation for Information Processing, 2005, Volume 186, Collaborative Networks and Their Breeding Environments, Pages 167-174<\/em>.<\/li>\n<\/ul>\n<ul style=\"text-align: justify\">\n<li><a href=\"http:\/\/springerlink.com\/content\/cdky2bdqxeunenxq\/\"><strong>Resource Modeling and Analysis of Regional Public Health Care Data by Means of Knowledge Technologies<\/strong><\/a>; Authors: Nada Lavra\u010d, Marko Bohanec, Aleksander Pur, Bojan Cestnik and Mitja Jermol, et al.; <em>Lecture Notes in Computer Science, 2005, Volume 3581, Artificial Intelligence in Medicine, Pages 414-418<\/em>.<\/li>\n<\/ul>\n<ul style=\"text-align: justify\">\n<li><a href=\"http:\/\/springerlink.com\/content\/ubjde9ne68xt2ywj\/\"><strong>A Decision Support Approach to Modeling Trust in Networked Organizations<\/strong><\/a>; Authors: Nada Lavra\u010d, <a href=\"http:\/\/perro.si\/\" target=\"_blank\">Peter Ljubi\u010d<\/a>, Mitja Jermol and Gregor Papa; <em>Lecture Notes in Computer Science, 2005, Volume 3533, Innovations in Applied Artificial Intelligence, Pages 123-127.<\/em><\/li>\n<\/ul>\n<ul style=\"text-align: justify\">\n<li><a href=\"http:\/\/books.google.com\/books?id=4MB-NAAACAAJ&amp;dq=mitja+jermol&amp;hl=sl&amp;ei=K3DKTbihGIPMswbrtqWWAw&amp;sa=X&amp;oi=book_result&amp;ct=result&amp;resnum=1&amp;ved=0CCgQ6AEwAA\" target=\"_blank\"><strong>Uvajanje C-tehnologij v individualno in maloserijsko proizvodnjo<\/strong><\/a>; Authors: Janez Peklenik, Peter Butala, Jo\u017ee Duhovnik, Alojzij Sluga, Bojan Logar, Marko Starbek, Janez Ku\u0161ar, Darko Menart, Robert Ur\u0161i\u010d, Peter \u010cerne, Mitja Jermol, Mirko Klanj\u0161\u010dek, Mojca No\u010d Razinger, Ljubo Oble\u0161\u010dak, Roman \u017davbi, Jo\u017ee Tav\u010dar, Leon Kos, Janez Buh; Fakulteta za strojni\u0161tvo, 1995.<\/li>\n<\/ul>\n<ul style=\"text-align: justify\">\n<li><a href=\"http:\/\/books.google.com\/books?id=NC5gOQAACAAJ&amp;dq=mitja+jermol&amp;hl=sl&amp;ei=K3DKTbihGIPMswbrtqWWAw&amp;sa=X&amp;oi=book_result&amp;ct=result&amp;resnum=2&amp;ved=0CC4Q6AEwAQ\" target=\"_blank\"><strong>Integration of generic CAD\/CAPP into flexible manufacturing system LAKOS 250<\/strong><\/a>; Authors: Mitja Jermol, CoWorker: Janez Peklenik; M. Jermol, 1996.<\/li>\n<\/ul>\n<ul style=\"text-align: justify\">\n<li><a href=\"http:\/\/books.google.com\/books?id=xSAROQAACAAJ&amp;dq=mitja+jermol&amp;hl=sl&amp;ei=K3DKTbihGIPMswbrtqWWAw&amp;sa=X&amp;oi=book_result&amp;ct=result&amp;resnum=3&amp;ved=0CDIQ6AEwAg\" target=\"_blank\"><strong>Razvoj CAPP &#8211; modula za izbor orodij<\/strong><\/a>; Authors: Mitja Jermol, CoWorker: Janez Peklenik; M. Jermol, 1992.<\/li>\n<\/ul>\n<p>&nbsp;<\/p>\n<p>&#8211; <a href=\"https:\/\/ailab.ijs.si\/mitja_jermol\/original-scientific-article\/\">Original scientific article<\/a><br \/>\n&#8211; <a href=\"https:\/\/ailab.ijs.si\/mitja_jermol\/published-scientific-conference-contribution\/\">Published scientific conference contribution<\/a><\/p>\n","protected":false},"excerpt":{"rendered":"<p>Smart Cargo for Multimodal Freight Transport: When \u201cCloud\u201d becomes \u201cFog\u201d, R Costa, R Jardim-Goncalves, P Figueiras, Margherita Forcolin, Mitja Jermol, Richard Stevens: 2016\/12\/31, IFAC-PapersOnLine, Elsevier Conceptualization of science using collaboration and competences.KARLOV\u010cEC, Mario, MLADENI\u0106, Dunja, GROBELNIK, Marko, JERMOL, Mitja.\u00a0 Electronic library, ISSN 0264-0473, 2016, vol. 34 The EURIDICE Project -European Inter-Disciplinary Research on Intelligent Cargo [&hellip;]<\/p>\n","protected":false},"author":53,"featured_media":0,"parent":0,"menu_order":0,"comment_status":"closed","ping_status":"open","template":"","meta":{"vkexunit_cta_each_option":"","footnotes":"","_links_to":"","_links_to_target":""},"class_list":["post-33","page","type-page","status-publish","hentry"],"_links":{"self":[{"href":"https:\/\/ailab.ijs.si\/mitja_jermol\/wp-json\/wp\/v2\/pages\/33","targetHints":{"allow":["GET"]}}],"collection":[{"href":"https:\/\/ailab.ijs.si\/mitja_jermol\/wp-json\/wp\/v2\/pages"}],"about":[{"href":"https:\/\/ailab.ijs.si\/mitja_jermol\/wp-json\/wp\/v2\/types\/page"}],"author":[{"embeddable":true,"href":"https:\/\/ailab.ijs.si\/mitja_jermol\/wp-json\/wp\/v2\/users\/53"}],"replies":[{"embeddable":true,"href":"https:\/\/ailab.ijs.si\/mitja_jermol\/wp-json\/wp\/v2\/comments?post=33"}],"version-history":[{"count":13,"href":"https:\/\/ailab.ijs.si\/mitja_jermol\/wp-json\/wp\/v2\/pages\/33\/revisions"}],"predecessor-version":[{"id":103,"href":"https:\/\/ailab.ijs.si\/mitja_jermol\/wp-json\/wp\/v2\/pages\/33\/revisions\/103"}],"wp:attachment":[{"href":"https:\/\/ailab.ijs.si\/mitja_jermol\/wp-json\/wp\/v2\/media?parent=33"}],"curies":[{"name":"wp","href":"https:\/\/api.w.org\/{rel}","templated":true}]}}