{"id":770,"date":"2020-09-22T22:30:55","date_gmt":"2020-09-22T20:30:55","guid":{"rendered":"https:\/\/ailab.ijs.si\/marko_grobelnik\/?page_id=770"},"modified":"2021-03-23T21:22:29","modified_gmt":"2021-03-23T20:22:29","slug":"interviews","status":"publish","type":"page","link":"https:\/\/ailab.ijs.si\/marko_grobelnik\/interviews\/","title":{"rendered":"Interviews"},"content":{"rendered":"<p><strong>2021<\/strong><\/p>\n<ul>\n<li>Radio \u0160tudent: <a href=\"https:\/\/radiostudent.si\/znanost\/frequenza-della-scienza\/draga-kje-je-moja-inteligenca\">DRAGA! KJE JE MOJA INTELIGENCA?<\/a>, 23 March 2021 (in slovene)<\/li>\n<li>RTV Slovenija \/ Radio Si program <a href=\"https:\/\/4d.rtvslo.si\/arhiv\/euranet-plus\/174745025?fbclid=IwAR2CCa9JxciWog-dJsiSm5FGxcNuIbPXa21LIB-x0gj9aar6F6rsNcFWJmY\">Euranet Plus: Odeuropa bo &#8216;ustekleni\u010dil&#8217; vonjave evropske kulturne dedi\u0161\u010dine<\/a>, 9 January 2021 (in Slovene)<\/li>\n<\/ul>\n<p><strong>2020<\/strong><\/p>\n<ul>\n<li>STA Znanost: <a href=\"http:\/\/znanost.sta.si\/2845599\/omizje-robotov-in-umetne-inteligence-se-ni-treba-bati?fbclid=IwAR1yhyuh7PxryGPr6lBqkSMJytCAmNYvjri3xFqCqYQjoSU0qD69D05c7fc\">Omizje: Robotov in umetne inteligence se ni treba bati<\/a>, 18 December 2020 (in slovene)<\/li>\n<li>Delo Znanoteh: <a href=\"https:\/\/www.delo.si\/novice\/znanoteh\/kako-so-disale-picassove-slike-in-ulice-pariza\/\">Kako so di\u0161ale Picassove slike in ulice Pariza<\/a> [<a href=\"https:\/\/ailab.ijs.si\/marko_grobelnik\/files\/2020\/12\/Vonji.pdf\">pdf<\/a>], 10 December 2020 (in slovene)<\/li>\n<li>Kongres Magazine: <a href=\"https:\/\/kongres-magazine.eu\/2020\/09\/interview-with-marko-grobelnik-ai-researcher-digital-champion-of-slovenia-at-ec\/\">Interview with Marko Grobelnik, AI Researcher &amp; Digital Champion of Slovenia at EC<\/a>,\u00a024 September 2020 (<a href=\"https:\/\/www.slovenia-convention.com\/sl\/intervju-revije-kongres-marko-grobelnik\/\">also in slovene<\/a>)<\/li>\n<li>RTV Slovenija, Prvi: <a href=\"https:\/\/radioprvi.rtvslo.si\/2020\/06\/studio-ob-17-00-299\/\">Slovenska aplikacija za covid 19 \u2013 kako jo narediti neopore\u010dno?<\/a>, 3 July 2020 (in slovene)<\/li>\n<li>RTV Slovenija, ARS Glasovi svetov:<a href=\"https:\/\/ars.rtvslo.si\/2020\/06\/mednarodni-raziskovalni-center-za-umetno-inteligenco\/\"> Kako bi razvoj in rabo umetne inteligence usmerili v trajnostno smer?<\/a>, 1 July 2020 (in slovene)<\/li>\n<li>Ve\u010der: Digitalna tehnologija: <a href=\"https:\/\/www.vecer.com\/v-soboto\/intervju-digitalna-tehnologija-zasebnost-ali-varnost-kaj-bi-izbrali-10173894\">Zasebnost ali varnost. Kaj bi izbrali?<\/a>, 23 May 2020 (in slovene)<\/li>\n<li>RAI, Znanost in tehnologija: <a href=\"https:\/\/www.rainews.it\/tgr\/fjk\/video\/2020\/04\/tdd-v-ljubljani-prvi-globalni-center-za-umetno-inteligenco-ircai-b175fc96-4d20-40b0-93b7-5df9c6c46ad1.html?wt_mc\">Ljubljana ima od marca prvi globalni center za umetno inteligenco<\/a>, 29 April 2020 (in slovene)<\/li>\n<li>National radio Val 202, Koronavirus: <a href=\"https:\/\/val202.rtvslo.si\/2020\/03\/slovenska-aplikacija-ki-sledi-objavam-o-virusu\/\" target=\"_blank\" rel=\"noopener noreferrer\">Slovenska aplikacija, ki sledi objavam o virusu,<\/a> 24 March 2020 (in slovene)<\/li>\n<li>RTV Slovenija, Moje mnenje: Digitalna prihodnost je tu. Ali smo pripravljeni nanjo?, 4 March 2020, (in slovene)<\/li>\n<\/ul>\n<p><strong>2019<\/strong><\/p>\n<ul>\n<li>RTV Slovenija, Prvi: <a href=\"https:\/\/radioprvi.rtvslo.si\/2019\/09\/studio-ob-17-00-112\/\" target=\"_blank\" rel=\"noopener noreferrer\">Smo lahke tar\u010de kibernetskih napadalcev?,<\/a> 8 October 2020 (in slovene)<\/li>\n<li>RTV Slovenija, Odmevi: <a href=\"https:\/\/4d.rtvslo.si\/arhiv\/odmevi\/174593373\" target=\"_blank\" rel=\"noopener noreferrer\">15 obletnica Facebook-a<\/a>, 4 February 2019 (in slovene)<\/li>\n<\/ul>\n<p><strong>2018<\/strong><\/p>\n<ul>\n<li>Mladina: <a href=\"https:\/\/www.mladina.si\/187556\/podatki-so-nova-nafta-kdor-ima-dostop-do-podatkov-lahko-resuje-probleme\/\" target=\"_blank\" rel=\"noopener noreferrer\">Podatki so nova nafta. Kdor ima dostop do podatkov, lahko re\u0161uje probleme<\/a>, 28 September 2018 (in slovene)<\/li>\n<li>Studio City: <a href=\"https:\/\/4d.rtvslo.si\/arhiv\/studio-city\/174562860\" target=\"_blank\" rel=\"noopener noreferrer\">Umetna inteligenca,<\/a> 17 September 2018 (in slovene)<\/li>\n<li>Turbulenca: <a href=\"https:\/\/4d.rtvslo.si\/arhiv\/turbulenca\/174533521\" target=\"_blank\" rel=\"noopener noreferrer\">V poplavi spletnih informacij,<\/a> 18 April 2018 (in slovene)<\/li>\n<li>National radio Val 202, Odbita do bita: <a href=\"https:\/\/val202.rtvslo.si\/2018\/03\/odbita-do-bita-91\/\" target=\"_blank\" rel=\"noopener noreferrer\">Kako stroj nau\u010diti pameti,<\/a> 5 April 2018 (in slovene)<\/li>\n<\/ul>\n<p><strong>2017<\/strong><\/p>\n<ul>\n<li>RTV Slovenija, Prvi: Mo\u017egani na dlani: <a href=\"https:\/\/radioprvi.rtvslo.si\/2017\/04\/mozgani-na-dlani-nevron-pred-mikrofon-71\/\" target=\"_blank\" rel=\"noopener noreferrer\">Zavest, ob\u010dutki in umetna inteligenca,<\/a> 27 April 2017 (in slovene)<\/li>\n<li>National radio Val 202, Odbita do bita: <a href=\"https:\/\/val202.rtvslo.si\/2017\/01\/odbita-do-bita-37\/\" target=\"_blank\" rel=\"noopener noreferrer\">Digitalizacijo moramo razumeti kot del vsakdanje kulture,<\/a> 5 January 2017 (in slovene)<\/li>\n<\/ul>\n<p><strong>2016<\/strong><\/p>\n<ul>\n<li>Studio City: <a href=\"https:\/\/4d.rtvslo.si\/arhiv\/studio-city-prispevki\/174440159\" target=\"_blank\" rel=\"noopener noreferrer\">Digitalizacija Slovenije,<\/a> 28 November 2016 (in slovene)<\/li>\n<li>STAznanost: <a href=\"http:\/\/znanost.sta.si\/2312994\/novi-glasnik-digitalne-tehnologije-digitalna-tehnologija-prinasa-priloznosti-za-prijetnejse-zivljenje\" target=\"_blank\" rel=\"noopener noreferrer\">Novi glasnik digitalne tehnologije: Digitalna tehnologija prina\u0161a prilo\u017enosti za prijetnej\u0161e \u017eivljenje,<\/a> 12 October 2016\u00a0(in slovene)<\/li>\n<\/ul>\n<p><strong>2015<\/strong><\/p>\n<ul>\n<li>STAznanost: <a href=\"http:\/\/znanost.sta.si\/2197573\/grobelnik-tehnologija-masivnih-podatkov-ni-nic-drugega-kot-ocala-ki-nam-pomagajo-videti-bolje\" target=\"_blank\" rel=\"noopener noreferrer\">Tehnologija masivnih podatkov ni ni\u010d drugega kot o\u010dala, ki nam pomagajo videti bolje<\/a> (in slovene)<\/li>\n<\/ul>\n<p><strong>2014<\/strong><\/p>\n<ul>\n<li>Finance: \u0160e dale\u010d od ra\u010dunalnika ki misli namesto nas [<a href=\"https:\/\/ailab.ijs.si\/marko_grobelnik\/files\/2020\/09\/finance.pdf\">pdf<\/a>], 2 February 2014 (in slovene)<\/li>\n<\/ul>\n<p><strong>2013<\/strong><\/p>\n<ul>\n<li>RTV Slovenija, Odmevi: <a href=\"https:\/\/4d.rtvslo.si\/arhiv\/odmevi\/162237390\" target=\"_blank\" rel=\"noopener noreferrer\">Na poti k ra\u010dunalni\u0161kemu poliglotu<\/a>, 26 March 2013 (in slovene)<\/li>\n<\/ul>\n<p><strong>2012<\/strong><\/p>\n<ul>\n<li>National radio Val 202, Odbita do bita: <a href=\"https:\/\/val202.rtvslo.si\/2012\/11\/google-napoveduje-zmagal-bo-borut-pahor\/\" target=\"_blank\" rel=\"noopener noreferrer\">Predvolilne analize tvitov in trendov<\/a>, 7 November 2012 (in slovene)<\/li>\n<\/ul>\n","protected":false},"excerpt":{"rendered":"<p>2021 Radio \u0160tudent: DRAGA! KJE JE MOJA INTELIGENCA?, 23 March 2021 (in slovene) RTV Slovenija \/ Radio Si program Euranet Plus: Odeuropa bo &#8216;ustekleni\u010dil&#8217; vonjave evropske kulturne dedi\u0161\u010dine, 9 January 2021 (in Slovene) 2020 STA Znanost: Omizje: Robotov in umetne inteligence se ni treba bati, 18 December 2020 (in slovene) Delo Znanoteh: Kako so di\u0161ale &hellip; <a href=\"https:\/\/ailab.ijs.si\/marko_grobelnik\/interviews\/\" class=\"more-link\">Continue reading <span class=\"screen-reader-text\">Interviews<\/span><\/a><\/p>\n","protected":false},"author":42,"featured_media":0,"parent":0,"menu_order":6,"comment_status":"closed","ping_status":"closed","template":"","meta":{"vkexunit_cta_each_option":"","footnotes":""},"class_list":["post-770","page","type-page","status-publish","hentry"],"_links":{"self":[{"href":"https:\/\/ailab.ijs.si\/marko_grobelnik\/wp-json\/wp\/v2\/pages\/770","targetHints":{"allow":["GET"]}}],"collection":[{"href":"https:\/\/ailab.ijs.si\/marko_grobelnik\/wp-json\/wp\/v2\/pages"}],"about":[{"href":"https:\/\/ailab.ijs.si\/marko_grobelnik\/wp-json\/wp\/v2\/types\/page"}],"author":[{"embeddable":true,"href":"https:\/\/ailab.ijs.si\/marko_grobelnik\/wp-json\/wp\/v2\/users\/42"}],"replies":[{"embeddable":true,"href":"https:\/\/ailab.ijs.si\/marko_grobelnik\/wp-json\/wp\/v2\/comments?post=770"}],"version-history":[{"count":28,"href":"https:\/\/ailab.ijs.si\/marko_grobelnik\/wp-json\/wp\/v2\/pages\/770\/revisions"}],"predecessor-version":[{"id":834,"href":"https:\/\/ailab.ijs.si\/marko_grobelnik\/wp-json\/wp\/v2\/pages\/770\/revisions\/834"}],"wp:attachment":[{"href":"https:\/\/ailab.ijs.si\/marko_grobelnik\/wp-json\/wp\/v2\/media?parent=770"}],"curies":[{"name":"wp","href":"https:\/\/api.w.org\/{rel}","templated":true}]}}