{"id":259,"date":"2011-02-22T11:41:35","date_gmt":"2011-02-22T10:41:35","guid":{"rendered":"http:\/\/ailab.ijs.si\/marko_grobelnik\/"},"modified":"2020-04-28T22:49:13","modified_gmt":"2020-04-28T20:49:13","slug":"selected-book-chapters","status":"publish","type":"page","link":"https:\/\/ailab.ijs.si\/marko_grobelnik\/publications-2\/selected-book-chapters\/","title":{"rendered":"Selected Book Chapters"},"content":{"rendered":"<ul style=\"text-align: justify;\">\n<li>BRATKO, Ivan, GROBELNIK, Marko. Inductive learning applied to program construction and verification: CUENA, Jos\u00e9 (ed.). <strong>Knowledge oriented software design<\/strong> : extended papers from the IFIP TC12 Workshop on Artificial Intelligence from the Information Processing Perspective &#8211; AIFIPP&#8217;92, Madrid, Spain, 14-15 September, 1992, (IFIP transactions, A, Computer science and technology, A-27). Amsterdam [etc.]: North-Holland, 1993.<\/li>\n<\/ul>\n<ul style=\"text-align: justify;\">\n<li>MLADENI\u0106, Dunja, GROBELNIK, Marko. Text and web mining: MLADENI\u0106, Dunja (ed.), LAVRA\u010c, Nada (ed.), BOHANEC, Marko (ed.), MOYLE, Steve (ed.). <strong>Data mining and decision support<\/strong>: integration and collaboration, (The Kluwer international series in engineering and computer science, SECS 745). Boston; Dordrecht; London: Kluwer Academic Publishers, 2003.<\/li>\n<\/ul>\n<ul style=\"text-align: justify;\">\n<li>FLACH, Peter A., GROBELNIK, Marko, KAV\u0160EK, Branko, LAVRA\u010c, Nada, LJUBI\u010c, Peter, MLADENI\u0106, Dunja, TODOROVSKI, Ljup\u010do. <strong>On the road to knowledge<\/strong>: mining 21 years of UK traffic accident reports: MLADENI\u0106, Dunja (ed.), LAVRA\u010c, Nada (ed.), BOHANEC, Marko (ed.), MOYLE, Steve (ed.). Data mining and decision support: integration and collaboration, (The Kluwer international series in engineering and computer science, SECS 745). Boston; Dordrecht; London: Kluwer Academic Publishers, 2003, str. 143-155. [COBISS.SI-ID <a href=\"http:\/\/cobiss.izum.si\/scripts\/cobiss?command=DISPLAY&amp;lani=en&amp;base=COBIB&amp;RID=17700903\" target=\"_blank\" rel=\"noopener noreferrer\">17700903<\/a>]<\/li>\n<\/ul>\n<ul style=\"text-align: justify;\">\n<li>GROBELNIK, Marko, MLADENI\u0106, Dunja. <strong>Analysis of a database of research projects using text mining and link analysis<\/strong>: MLADENI\u0106, Dunja (ed.), LAVRA\u010c, Nada (ed.), BOHANEC, Marko (ed.), MOYLE, Steve (Ed.). Data mining and decision support: integration and collaboration, (The Kluwer international series in engineering and computer science, SECS 745). Boston; Dordrecht; London: Kluwer Academic Publishers, 2003.<\/li>\n<\/ul>\n<ul style=\"text-align: justify;\">\n<li>JORGE, Al\u00edpio, ALVES, M\u00e1rio A., GROBELNIK, Marko, MLADENI\u0106, Dunja, PETRAK, Johann. <strong>Web site access analysis for a national statistical agency:<\/strong> MLADENI\u0106, Dunja (ed.), LAVRA\u010c, Nada (ed.), BOHANEC, Marko (ed.), MOYLE, Steve (ed.). Data mining and decision support: integration and collaboration, (The Kluwer international series in engineering and computer science, SECS 745). Boston; Dordrecht; London: Kluwer Academic Publishers, 2003.<\/li>\n<\/ul>\n<ul style=\"text-align: justify;\">\n<li>MLADENI\u0106, Dunja, GROBELNIK, Marko. Mapping documents onto web page ontology.: BERENDT, Bettina (ed.), HOTHO, Andreas (ed.), MLADENI\u0106, Dunja (ed.), SOMEREN, Maarten W. van (ed.), SPILIOPOULOU, Myra (ed.), STUMME, Gerd (ed.). <strong>Web mining; from web to semantic web<\/strong>: First European Web Mining Forum, EWMF 2003, Cavtat-Dubrovnik, Croatia, September 22, 2003: invited and selected revised papers, (Lecture notes in artificial intelligence, Lecture notes in computer science, vol. 3209). Berlin; Heidelberg; New York: Springer, 2004.<\/li>\n<\/ul>\n<ul style=\"text-align: justify;\">\n<li>MLADENI\u0106, Dunja, GROBELNIK, Marko. <strong>Summarization and visualization<\/strong>: ZANASI, A. (ed.). Text mining and its applications to intelligence, CRM and knowledge management, (Advances in management information, vol. 2). Southampton; Boston: WIT, 2003.<\/li>\n<\/ul>\n<ul style=\"text-align: justify;\">\n<li>J\u00d6RG, Brigitte, JERMOL, Mitja, USZKOREIT, Hans, GROBELNIK, Marko, FERLE\u017d, Jure, KIRYAKOV, Atanas. <strong>Analytical information services for the European research area<\/strong>: CUNNINGHAM, Paul (ed.), CUNNINGHAM, Miriam (ed.). Exploiting the knowledge economy: issues, applications and case studies, (Information and communication technologies and the knowledge economy, Vol. 3). Amsterdam [etc.]: IOS Press, 2006.<\/li>\n<\/ul>\n<ul style=\"text-align: justify;\">\n<li>GROBELNIK, Marko, MLADENI\u0106, Dunja. <strong>Knowledge discovery for ontology construction<\/strong>: DAVIES, J. (ed.), STUDER, Rudi (ed.), WARREN, Paul (ed.), DAVIES, J. Semantic web technologies: trends and research in ontology-based systems. Chichester: John Wiley &amp; Sons, cop. 2006.<\/li>\n<\/ul>\n<h3>More<\/h3>\n<ul>\n<li><a href=\"https:\/\/ailab.ijs.si\/marko_grobelnik\/selected-conference-papers\/\">Selected Conference Papers<\/a><\/li>\n<li><a href=\"https:\/\/ailab.ijs.si\/marko_grobelnik\/selected-journal-papers\/\">Selected Journal Papers<\/a><\/li>\n<\/ul>\n","protected":false},"excerpt":{"rendered":"<p>BRATKO, Ivan, GROBELNIK, Marko. Inductive learning applied to program construction and verification: CUENA, Jos\u00e9 (ed.). Knowledge oriented software design : extended papers from the IFIP TC12 Workshop on Artificial Intelligence from the Information Processing Perspective &#8211; AIFIPP&#8217;92, Madrid, Spain, 14-15 September, 1992, (IFIP transactions, A, Computer science and technology, A-27). Amsterdam [etc.]: North-Holland, 1993. MLADENI\u0106, &hellip; <a href=\"https:\/\/ailab.ijs.si\/marko_grobelnik\/publications-2\/selected-book-chapters\/\" class=\"more-link\">Continue reading <span class=\"screen-reader-text\">Selected Book Chapters<\/span><\/a><\/p>\n","protected":false},"author":53,"featured_media":0,"parent":510,"menu_order":0,"comment_status":"closed","ping_status":"open","template":"","meta":{"vkexunit_cta_each_option":"","footnotes":""},"class_list":["post-259","page","type-page","status-publish","hentry"],"_links":{"self":[{"href":"https:\/\/ailab.ijs.si\/marko_grobelnik\/wp-json\/wp\/v2\/pages\/259","targetHints":{"allow":["GET"]}}],"collection":[{"href":"https:\/\/ailab.ijs.si\/marko_grobelnik\/wp-json\/wp\/v2\/pages"}],"about":[{"href":"https:\/\/ailab.ijs.si\/marko_grobelnik\/wp-json\/wp\/v2\/types\/page"}],"author":[{"embeddable":true,"href":"https:\/\/ailab.ijs.si\/marko_grobelnik\/wp-json\/wp\/v2\/users\/53"}],"replies":[{"embeddable":true,"href":"https:\/\/ailab.ijs.si\/marko_grobelnik\/wp-json\/wp\/v2\/comments?post=259"}],"version-history":[{"count":8,"href":"https:\/\/ailab.ijs.si\/marko_grobelnik\/wp-json\/wp\/v2\/pages\/259\/revisions"}],"predecessor-version":[{"id":605,"href":"https:\/\/ailab.ijs.si\/marko_grobelnik\/wp-json\/wp\/v2\/pages\/259\/revisions\/605"}],"up":[{"embeddable":true,"href":"https:\/\/ailab.ijs.si\/marko_grobelnik\/wp-json\/wp\/v2\/pages\/510"}],"wp:attachment":[{"href":"https:\/\/ailab.ijs.si\/marko_grobelnik\/wp-json\/wp\/v2\/media?parent=259"}],"curies":[{"name":"wp","href":"https:\/\/api.w.org\/{rel}","templated":true}]}}