{"id":189,"date":"2011-02-21T13:41:36","date_gmt":"2011-02-21T12:41:36","guid":{"rendered":"http:\/\/ailab.ijs.si\/marko_grobelnik\/"},"modified":"2020-06-25T04:26:46","modified_gmt":"2020-06-25T02:26:46","slug":"bilateral-and-national-projects","status":"publish","type":"page","link":"https:\/\/ailab.ijs.si\/marko_grobelnik\/projects\/bilateral-and-national-projects\/","title":{"rendered":"Bilateral and National Projects"},"content":{"rendered":"<p><strong>Marko Grobelnik<\/strong> is also involved in bilateral and national projects:<\/p>\n<h4><strong>Joint projects with Microsoft Research, Cambridge, UK <\/strong><\/h4>\n<p>(<a href=\"https:\/\/ailab.ijs.si\/projects\/joint-projects-with-microsoft-research-cambridge-uk\/\" target=\"_blank\" rel=\"noopener noreferrer\">https:\/\/ailab.ijs.si\/projects\/joint-projects-with-microsoft-research-cambridge-uk\/<\/a>)<\/p>\n<ul>\n<li>Application of Advanced Natural Language Processing to Text Mining and Summarization (2002-2003)<\/li>\n<li>Text Analysis using Natural Language Processing (2000-2001)<\/li>\n<\/ul>\n<h4><strong>Bilateral projects with national support<\/strong><\/h4>\n<ul>\n<li>Bilateral project with Romania\u00a0<em>Understanding Human Behavior for Video Surveillance Applications <\/em><em>(Razumevanje \u010dlove\u0161kega obna\u0161anja za aplikacijo video nadzora )<\/em>\u00a0(2010-2011)<\/li>\n<li>Bilateral project with\u00a0<em>Serbia Povezovanje slik in besedila: raz\u0161iritev analize slik z uporabo strojnega u\u010denja in semanti\u010dnih tehnologij\u00a0<\/em>(2010-2011)<\/li>\n<li>Analysis of Dynamic Networks with Graph and Text Mining Methods, join project with Carnegie Mellon University (2006 \u2013 2007)<\/li>\n<li>Web Page Classification for Croatian and Slovenian Web, join project with University of Zagreb, Croatia (2005 \u2013 2006)<\/li>\n<li>Using Artificial Intelligence in Text and Web Mining, joint project with University of Novi Sad, Serbia (2005 \u2013 2006)<\/li>\n<\/ul>\n<h4><strong>National projects <\/strong><\/h4>\n<ul>\n<li>Project: System for measuring and supervising quality of user\u2019s experience in multimedia communication environments (Sistem za merjenje in nadzor kvalitete storitve\u00a0 in kvalitete uporabni\u0161ke izku\u0161nje v ve\u010dpredstavnostnih komunikacijskih okoljih) (2011-2014)<\/li>\n<li>Project: Slovenian researchers co-authorship networks: theoretical analysis and development of users visualization interface (Omre\u017eja soavtorstev slovenskih raziskovalcev: teoreti\u010dna analiza in razvoj uporabni\u0161kega vmesnika za vizualizacijo) 2011-2014)<\/li>\n<li>Project :Information-Communication technologies and transformation of survey research in Social Science (Informacijsko-komunikacijske tehnologije in preobrazba anketnega raziskovanja v dru\u017eboslovju) (2011-2014)<\/li>\n<li>KC OPCOMM: Open Communication Platform for Service Integration (Odprta komunikacijska platforma za integracijo storitev) (2011-2013)<\/li>\n<li>KC CLASS: Cloud Assisted Services (Storitve podprte z ra\u010dunalni\u0161tvom v oblaku) (2011-2013)<\/li>\n<li>Targeted\u00a0 Research Project: Slovene Research Atlas (Atlas slovenske znanosti) ( 2010 \u2013 2013)<\/li>\n<li>Project: Network of research values development in youth SM-RIS (Mladinska mre\u017ea razvoja raziskovalnih vrednost mladih) (2009 \u2013 2012)<\/li>\n<li><a href=\"http:\/\/www.slovenscina.eu\/\"><em>European Social Fund project \u201cCommunication in Slovene\u201d<\/em><em>(Sporazumevanje v slovenskem jeziku)<\/em><\/a>\u00a0(2008-2013)<\/li>\n<li>Targeted Research Project: Statistical semantic web systems (Sistemi za statisti\u010dni semanti\u010dni splet) (2006 \u2013 2008)<\/li>\n<li>Targeted Research Project: Metaservices \u2013 Semantic reasoning Grid services (MetaStoritev \u2013 Semanti\u010dno sklapljanje Grid storitev ) (2006 \u2013 2008)<\/li>\n<li>VIZIPIN \u2013 Secure infrastructure for implementing command and control (Varna infrastruktura za izvajanje poveljevanja in nadzora)(2007-2009)<\/li>\n<li>Targeted Research Project: SKU \u2013 Crisis management simulator (Simulator kriznega upravljanja) (2007 \u2013 2009)<\/li>\n<li>Targeted Research Project: Development of Knowledge Management System for SV (Razvoj sistema upravljanja z znanji v SV)(2006 \u2013 2009)<\/li>\n<li>Construction of archive for Slovenian Web publications, joint project with\u00a0<a href=\"http:\/\/www.nuk.uni-lj.si\/vstop.cgi?jezik=eng\">National and University Library<\/a>of Slovenia (2002-2004)<\/li>\n<li>Design and analysis of Slovenian digitalized electronic publications of national importance, joint project with\u00a0<a href=\"http:\/\/www.nuk.uni-lj.si\/vstop.cgi?jezik=eng\">National and University Library<\/a>of Slovenia (2002-2004)<\/li>\n<li>Language resources for the Slovene language, joint project with <a href=\"http:\/\/www.uni-lj.si\/\">University of Ljubljana\u00a0<\/a>(Faculty of Arts, Faculty of Social Studies), publishing company DZS d.d. and a software development company Amebis d.o.o. (2002-2005)<\/li>\n<\/ul>\n<h4>Other<\/h4>\n<p><a href=\"https:\/\/ailab.ijs.si\/marko_grobelnik\/projects\/\">Current European projects<\/a><br \/>\n<a href=\"https:\/\/ailab.ijs.si\/marko_grobelnik\/projects\/european-projects\/\">Past European Projects<\/a><br \/>\n<a href=\"https:\/\/ailab.ijs.si\/marko_grobelnik\/projects\/deployed-software-systems\/\">Deployed Software Systems<\/a><\/p>\n","protected":false},"excerpt":{"rendered":"<p>Marko Grobelnik is also involved in bilateral and national projects: Joint projects with Microsoft Research, Cambridge, UK (https:\/\/ailab.ijs.si\/projects\/joint-projects-with-microsoft-research-cambridge-uk\/) Application of Advanced Natural Language Processing to Text Mining and Summarization (2002-2003) Text Analysis using Natural Language Processing (2000-2001) Bilateral projects with national support Bilateral project with Romania\u00a0Understanding Human Behavior for Video Surveillance Applications (Razumevanje \u010dlove\u0161kega obna\u0161anja &hellip; <a href=\"https:\/\/ailab.ijs.si\/marko_grobelnik\/projects\/bilateral-and-national-projects\/\" class=\"more-link\">Continue reading <span class=\"screen-reader-text\">Bilateral and National Projects<\/span><\/a><\/p>\n","protected":false},"author":53,"featured_media":0,"parent":171,"menu_order":0,"comment_status":"closed","ping_status":"open","template":"","meta":{"vkexunit_cta_each_option":"","footnotes":""},"class_list":["post-189","page","type-page","status-publish","hentry"],"_links":{"self":[{"href":"https:\/\/ailab.ijs.si\/marko_grobelnik\/wp-json\/wp\/v2\/pages\/189","targetHints":{"allow":["GET"]}}],"collection":[{"href":"https:\/\/ailab.ijs.si\/marko_grobelnik\/wp-json\/wp\/v2\/pages"}],"about":[{"href":"https:\/\/ailab.ijs.si\/marko_grobelnik\/wp-json\/wp\/v2\/types\/page"}],"author":[{"embeddable":true,"href":"https:\/\/ailab.ijs.si\/marko_grobelnik\/wp-json\/wp\/v2\/users\/53"}],"replies":[{"embeddable":true,"href":"https:\/\/ailab.ijs.si\/marko_grobelnik\/wp-json\/wp\/v2\/comments?post=189"}],"version-history":[{"count":19,"href":"https:\/\/ailab.ijs.si\/marko_grobelnik\/wp-json\/wp\/v2\/pages\/189\/revisions"}],"predecessor-version":[{"id":712,"href":"https:\/\/ailab.ijs.si\/marko_grobelnik\/wp-json\/wp\/v2\/pages\/189\/revisions\/712"}],"up":[{"embeddable":true,"href":"https:\/\/ailab.ijs.si\/marko_grobelnik\/wp-json\/wp\/v2\/pages\/171"}],"wp:attachment":[{"href":"https:\/\/ailab.ijs.si\/marko_grobelnik\/wp-json\/wp\/v2\/media?parent=189"}],"curies":[{"name":"wp","href":"https:\/\/api.w.org\/{rel}","templated":true}]}}