{"id":99,"date":"2016-06-15T06:52:40","date_gmt":"2016-06-15T06:52:40","guid":{"rendered":"http:\/\/ailab.ijs.si\/globalex\/?page_id=99"},"modified":"2019-01-16T18:56:36","modified_gmt":"2019-01-16T18:56:36","slug":"proceedings","status":"publish","type":"page","link":"https:\/\/ailab.ijs.si\/globalex\/proceedings\/","title":{"rendered":"Proceedings"},"content":{"rendered":"<h2>Download <a href=\"https:\/\/ailab.ijs.si\/globalex\/files\/2016\/06\/LREC2016Workshop-GLOBALEX_Proceedings-v2.pdf\">Globalex 2016 Proceedings, final version<\/a><\/h2>\n<h3>Table of Contents<\/h3>\n<table>\n<tbody>\n<tr>\n<td>Jana Kl\u00edmov\u00e1, Veronika Kol\u00e1\u0159ov\u00e1 and Anna Vernerov\u00e1<\/td>\n<td>Towards a corpus-based valency lexicon of Czech nouns<\/td>\n<td>1<\/td>\n<\/tr>\n<tr>\n<td>Sara Carvalho, Rute Costa and Christophe Roche<\/td>\n<td>Ontoterminology meets Lexicography<\/td>\n<td>8<\/td>\n<\/tr>\n<tr>\n<td>Jan Haji\u010d, Eva Fu\u010d\u00edkov\u00e1, Jana \u0160indlerov\u00e1 and Zde\u0148ka Ure\u0161ov\u00e1<\/td>\n<td>Verb Argument Pairing in Czech-English Parallel Treebank<\/td>\n<td>16<\/td>\n<\/tr>\n<tr>\n<td>Luis Espinosa-Anke, Roberto Carlini, Horacio Saggion and Francesco Ronzano<\/td>\n<td>DEFEXT: A Semi Supervised Definition Extraction Tool<\/td>\n<td>24<\/td>\n<\/tr>\n<tr>\n<td>Lu\u00eds Morgado da Costa, Francis Bond and Franti\u0161ek Kratochv\u00edl<\/td>\n<td>Linking and Disambiguating Swadesh Lists: Expanding the Open Multilingual<br \/>\nWordnet Using Open Language Resources<\/td>\n<td>29<\/td>\n<\/tr>\n<tr>\n<td>Sonja Bosch and Laurette Pretorius<\/td>\n<td>The Role of Computational Zulu Verb Morphology in Multilingual Lexicographic Applications<\/td>\n<td>37<\/td>\n<\/tr>\n<tr>\n<td>Valentina Piunno<\/td>\n<td>CombiNet. A Corpus-based Online Database of Italian Word Combinations<\/td>\n<td>45<\/td>\n<\/tr>\n<tr>\n<td>Ivett Benyeda, P\u00e9ter Koczka and Tam\u00e1s V\u00e1radi<\/td>\n<td>Creating seed lexicons for under-resourced languages<\/td>\n<td>52<\/td>\n<\/tr>\n<tr>\n<td>Irena Srdanovi\u0107 and Iztok Kosem<\/td>\n<td>GDEX for Japanese: Automatic extraction of good dictionary example candidates<\/td>\n<td>57<\/td>\n<\/tr>\n<tr>\n<td>Julia Bosque-Gil, Jorge Gracia, Elena Montiel-Ponsoda and Guadalupe Aguado-de-Cea<\/td>\n<td>Modelling Multilingual Lexicographic Resources for the Web of Data: the K Dictionaries case<\/td>\n<td>65<\/td>\n<\/tr>\n<tr>\n<td>Pamela Faber, Pilar Le\u00f3n-Ara\u00faz and Arianne Reimerink<\/td>\n<td>EcoLexicon: New Features and Challenges<\/td>\n<td>73<\/td>\n<\/tr>\n<tr>\n<td>Gregory Grefenstette and Lawrence Muchemi<\/td>\n<td>Determining the Characteristic Vocabulary for a Specialized Dictionary using Word2vec and a Directed Crawler<\/td>\n<td>81<\/td>\n<\/tr>\n<tr>\n<td>Ivelina Stoyanova, Svetla Koeva, Maria Todorova and Svetlozara Leseva<\/td>\n<td>Semi-automatic Compilation of a Very Large Multiword Expression Dictionary for Bulgarian<\/td>\n<td>86<\/td>\n<\/tr>\n<\/tbody>\n<\/table>\n<p>&nbsp;<\/p>\n","protected":false},"excerpt":{"rendered":"<p>Download Globalex 2016 Proceedings, final version Table of Contents Jana Kl\u00edmov\u00e1, Veronika Kol\u00e1\u0159ov\u00e1 and Anna Vernerov\u00e1 Towards a corpus-based valency lexicon of Czech nouns 1 Sara Carvalho, Rute Costa and Christophe Roche Ontoterminology meets Lexicography 8 Jan Haji\u010d, Eva Fu\u010d\u00edkov\u00e1, Jana \u0160indlerov\u00e1 and Zde\u0148ka Ure\u0161ov\u00e1 Verb Argument Pairing in Czech-English Parallel Treebank 16 Luis Espinosa-Anke, [&hellip;]<\/p>\n","protected":false},"author":19,"featured_media":0,"parent":0,"menu_order":1,"comment_status":"closed","ping_status":"closed","template":"","meta":{"vkexunit_cta_each_option":"","footnotes":""},"class_list":["post-99","page","type-page","status-publish","hentry"],"_links":{"self":[{"href":"https:\/\/ailab.ijs.si\/globalex\/wp-json\/wp\/v2\/pages\/99","targetHints":{"allow":["GET"]}}],"collection":[{"href":"https:\/\/ailab.ijs.si\/globalex\/wp-json\/wp\/v2\/pages"}],"about":[{"href":"https:\/\/ailab.ijs.si\/globalex\/wp-json\/wp\/v2\/types\/page"}],"author":[{"embeddable":true,"href":"https:\/\/ailab.ijs.si\/globalex\/wp-json\/wp\/v2\/users\/19"}],"replies":[{"embeddable":true,"href":"https:\/\/ailab.ijs.si\/globalex\/wp-json\/wp\/v2\/comments?post=99"}],"version-history":[{"count":11,"href":"https:\/\/ailab.ijs.si\/globalex\/wp-json\/wp\/v2\/pages\/99\/revisions"}],"predecessor-version":[{"id":118,"href":"https:\/\/ailab.ijs.si\/globalex\/wp-json\/wp\/v2\/pages\/99\/revisions\/118"}],"wp:attachment":[{"href":"https:\/\/ailab.ijs.si\/globalex\/wp-json\/wp\/v2\/media?parent=99"}],"curies":[{"name":"wp","href":"https:\/\/api.w.org\/{rel}","templated":true}]}}