{"id":63,"date":"2016-03-05T11:43:54","date_gmt":"2016-03-05T11:43:54","guid":{"rendered":"http:\/\/ailab.ijs.si\/globalex\/?page_id=63"},"modified":"2016-06-15T07:00:47","modified_gmt":"2016-06-15T07:00:47","slug":"programme","status":"publish","type":"page","link":"https:\/\/ailab.ijs.si\/globalex\/programme\/","title":{"rendered":"Programme"},"content":{"rendered":"<p>&nbsp;<\/p>\n<p>Globalex 2016 programme &#8211; May 24th, Room 2, Hotel Bernardin, Portoro\u017e, Slovenia:<\/p>\n<table>\n<tbody>\n<tr>\n<td style=\"width:85px\"><span>9.00 \u2013 9.10<\/span><\/td>\n<td><\/td>\n<td><b>Welcome <\/b><\/td>\n<\/tr>\n<tr>\n<td><span>9.10 \u2013 9.30<\/span><\/td>\n<td><span>Patrick Hanks<\/span><\/td>\n<td><span>A common-sense paradigm for linguistic research<\/span><\/td>\n<\/tr>\n<tr>\n<td><span>9.30 &#8211; 9.50<\/span><\/td>\n<td><span>Pamela Faber, Pilar Le\u00f3n-Ara\u00faz and Arianne Reimerink<\/span><\/td>\n<td><span>EcoLexicon: New Features and Challenges<\/span><\/td>\n<\/tr>\n<tr>\n<td><span>9.50 &#8211; 10.10<\/span><\/td>\n<td><span>Sara Carvalho, Rute Costa and Christophe Roche<\/span><\/td>\n<td><span>Ontoterminology meets Lexicography<\/span><\/td>\n<\/tr>\n<tr>\n<td><span>10.10 \u2013 10.30<\/span><\/td>\n<td><span>Gregory Grefenstette and Lawrence Muchemi<\/span><\/td>\n<td><span>Determining the Characteristic Vocabulary for a Specialized Dictionary using Word2vec and a Directed Crawler<\/span><\/td>\n<\/tr>\n<tr>\n<td><span>10.30 \u2013 11.00<\/span><\/td>\n<td><\/td>\n<td><b>Coffee break<\/b><\/td>\n<\/tr>\n<tr>\n<td><span>11.00 \u2013 11.20<\/span><\/td>\n<td><span>Malin Ahlberg, Lars Borin, Markus Forsberg, Olof Olsson, Anne Schumacher and Jonatan Uppstr\u00f6m<\/span><\/td>\n<td><span>Karp: Spr\u00e5kbanken\u2019s open lexical infrastructure<\/span><\/td>\n<\/tr>\n<tr>\n<td><span>11.20 \u2013 11.40<\/span><\/td>\n<td><span>Ivelina Stoyanova, Svetla Koeva, Maria Todorova and Svetlozara Leseva<\/span><\/td>\n<td><span>Semi-automatic Compilation of a Very Large Multiword Expression Dictionary for Bulgarian<\/span><\/td>\n<\/tr>\n<tr>\n<td><span>11.40 \u2013 12.00<\/span><\/td>\n<td><span>Raffaele Simone and Valentina Piunno<\/span><\/td>\n<td><span>CombiNet. Italian word combinations in an online lexicographic tool<\/span><\/td>\n<\/tr>\n<tr>\n<td><span>12.00 \u2013 12.20<\/span><\/td>\n<td><span>Irena Srdanovic and Iztok Kosem<\/span><\/td>\n<td><span>GDEX for Japanese: Automatic extraction of good dictionary example candidates<\/span><\/td>\n<\/tr>\n<tr>\n<td><span>12.20 &#8211; 12.40<\/span><\/td>\n<td><span>Jana Kl\u00edmov\u00e1, Veronika Kol\u00e1\u0159ov\u00e1 and Anna Vernerov\u00e1<\/span><\/td>\n<td><span>Towards a corpus-based valency lexicon of Czech nouns<\/span><\/td>\n<\/tr>\n<tr>\n<td><span>12.40 \u2013 14.20<\/span><\/td>\n<td><\/td>\n<td><b>Lunch<\/b><\/td>\n<\/tr>\n<tr>\n<td><span>14.20 \u2013 14.40<\/span><\/td>\n<td><span>Jan Hajic, Eva Fucikova, Jana Sindlerova and Zdenka Uresova<\/span><\/td>\n<td><span>Verb Argument Pairing in Czech-English Parallel Treebank<\/span><\/td>\n<\/tr>\n<tr>\n<td><span>14.40 \u2013 15.00<\/span><\/td>\n<td><span>Sonja Bosch and Laurette Pretorius<\/span><\/td>\n<td><span>The Role of Computational Zulu Verb Morphology in Multilingual Lexicographic Applications<\/span><\/td>\n<\/tr>\n<tr>\n<td><span>15.00 &#8211; 15.20<\/span><\/td>\n<td><span>Martin Benjamin<\/span><\/td>\n<td><span>Toward a Global Online Living Dictionary: A Model and Obstacles for Big Linguistic Data<\/span><\/td>\n<\/tr>\n<tr>\n<td><span>15.20 &#8211; 15.40<\/span><\/td>\n<td><span>Lu\u00eds Morgado da Costa, Francis Bond and Franti\u0161ek Kratochv\u00edl<\/span><\/td>\n<td><span>Linking and Disambiguating Swadesh Lists<\/span><\/td>\n<\/tr>\n<tr>\n<td><span>15.40 \u2013 16.00<\/span><\/td>\n<td><span>Luis Espinosa Anke, Horacio Saggion and Francesco Ronzano<\/span><\/td>\n<td><span>DEFEXT: A Semi Supervised Definition Extraction Tool<\/span><\/td>\n<\/tr>\n<tr>\n<td><span>16.00 \u2013 16.30<\/span><\/td>\n<td><\/td>\n<td><b>Coffee break<\/b><\/td>\n<\/tr>\n<tr>\n<td><span>16.30 &#8211; 16.50<\/span><\/td>\n<td><span>Julia Bosque-Gil, Jorge Gracia, Elena Montiel-Ponsoda and Guadalupe Aguado-de-Cea<\/span><\/td>\n<td><span>Modelling Multilingual Lexicographic Resources for the Web of Data: the K Dictionaries case<\/span><\/td>\n<\/tr>\n<tr>\n<td><span>16:50 &#8211; 17:10<\/span><\/td>\n<td><span>Ivett Benyeda, P\u00e9ter Koczka and Tam\u00e1s V\u00e1radi<\/span><\/td>\n<td><span>Creating seed lexicons for under-resourced languages<\/span><\/td>\n<\/tr>\n<tr>\n<td><span>17.10 \u2013 18.00<\/span><\/td>\n<td><\/td>\n<td><b>Globalex Discussion and closing<\/b><\/td>\n<\/tr>\n<\/tbody>\n<\/table>\n<p>&nbsp;<\/p>\n","protected":false},"excerpt":{"rendered":"<p>&nbsp; Globalex 2016 programme &#8211; May 24th, Room 2, Hotel Bernardin, Portoro\u017e, Slovenia: 9.00 \u2013 9.10 Welcome 9.10 \u2013 9.30 Patrick Hanks A common-sense paradigm for linguistic research 9.30 &#8211; 9.50 Pamela Faber, Pilar Le\u00f3n-Ara\u00faz and Arianne Reimerink EcoLexicon: New Features and Challenges 9.50 &#8211; 10.10 Sara Carvalho, Rute Costa and Christophe Roche Ontoterminology meets [&hellip;]<\/p>\n","protected":false},"author":19,"featured_media":0,"parent":0,"menu_order":0,"comment_status":"closed","ping_status":"closed","template":"","meta":{"vkexunit_cta_each_option":"","footnotes":""},"class_list":["post-63","page","type-page","status-publish","hentry"],"_links":{"self":[{"href":"https:\/\/ailab.ijs.si\/globalex\/wp-json\/wp\/v2\/pages\/63","targetHints":{"allow":["GET"]}}],"collection":[{"href":"https:\/\/ailab.ijs.si\/globalex\/wp-json\/wp\/v2\/pages"}],"about":[{"href":"https:\/\/ailab.ijs.si\/globalex\/wp-json\/wp\/v2\/types\/page"}],"author":[{"embeddable":true,"href":"https:\/\/ailab.ijs.si\/globalex\/wp-json\/wp\/v2\/users\/19"}],"replies":[{"embeddable":true,"href":"https:\/\/ailab.ijs.si\/globalex\/wp-json\/wp\/v2\/comments?post=63"}],"version-history":[{"count":25,"href":"https:\/\/ailab.ijs.si\/globalex\/wp-json\/wp\/v2\/pages\/63\/revisions"}],"predecessor-version":[{"id":102,"href":"https:\/\/ailab.ijs.si\/globalex\/wp-json\/wp\/v2\/pages\/63\/revisions\/102"}],"wp:attachment":[{"href":"https:\/\/ailab.ijs.si\/globalex\/wp-json\/wp\/v2\/media?parent=63"}],"curies":[{"name":"wp","href":"https:\/\/api.w.org\/{rel}","templated":true}]}}