{"id":166,"date":"2011-03-31T10:37:52","date_gmt":"2011-03-31T08:37:52","guid":{"rendered":"http:\/\/ailab.ijs.si\/dunja_mladenic\/"},"modified":"2014-05-19T14:40:13","modified_gmt":"2014-05-19T12:40:13","slug":"tutorials","status":"publish","type":"page","link":"https:\/\/ailab.ijs.si\/dunja_mladenic\/tutorials\/","title":{"rendered":"Tutorials"},"content":{"rendered":"<ul style=\"text-align: justify;\">\n<li><a href=\"https:\/\/ailab.ijs.si\/marko_grobelnik\/\">GROBELNIK, Marko<\/a>, FORTUNA, Bla\u017e, MLADENI\u0106, Dunja, <a href=\"http:\/\/www2013.org\/2013\/04\/15\/16th-tutorial-5-big-data-analytics-tutorial\/\">Big Data Analytics<\/a>, <a href=\"http:\/\/www2013.org\">WWW-2013<\/a>, Rio de Janeiro, Brazil, May 2013.<\/li>\n<li>MLADENI\u0106, Dunja, <a href=\"https:\/\/ailab.ijs.si\/marko_grobelnik\/\">GROBELNIK, Marko<\/a>, RUSU, Delia, <a href=\"http:\/\/software.ucv.ro\/Wims12\/keynote.html\">Text Stream Processing<\/a>, WIMS-2012, Craiova, Romania, June 2012.<\/li>\n<li><a href=\"https:\/\/ailab.ijs.si\/marko_grobelnik\/\">GROBELNIK, Marko<\/a>, MLADENI\u0106, Dunja. <a href=\"http:\/\/ijcai.org\/~ijcai09\/tutorials\/tutorial-SP4.html\">Text mining and link analysis for web and semantic web : tutorial at 21st International Joint Conference on Artificial Intelligence, IJCAI 2009, Pasadena, LA, USA, July 2009<\/a>. Ljubljana: Jo\u017eef Stefan Institute,\u00a0 2009. [<a href=\"http:\/\/videolectures.net\/ijcai09_mladenic_grobelnik_tmala\/\">Watch Video<\/a>]<\/li>\n<\/ul>\n<ul style=\"text-align: justify;\">\n<li><a href=\"https:\/\/ailab.ijs.si\/marko_grobelnik\/\">GROBELNIK, Marko<\/a>, MLADENI\u0106, Dunja. <a href=\"http:\/\/www.ecmlpkdd2008.org\/tutorials\">Text mining and link analysis for web and semantic web : tutorial at European Conference on Machine Learning and Principles and Practice of Knowledge Discovery in Databases &#8211; ECML\/PKDD 2008, September 2008, Antwerp, Belgium<\/a>. Ljubljana: Jo\u017eef Stefan Institute, 2008.<\/li>\n<\/ul>\n<ul style=\"text-align: justify;\">\n<li>MLADENI\u0106, Dunja, <a href=\"https:\/\/ailab.ijs.si\/marko_grobelnik\/\">GROBELNIK, Marko<\/a>, <a href=\"http:\/\/www.cyc.com\/cyc\/company\/witbrock\">WITBROCK, Michael<\/a>, <a href=\"http:\/\/blazfortuna.com\/\">FORTUNA, Blaz<\/a>. <a href=\"http:\/\/iswc2008.semanticweb.org\/tutorials\/free-semantic-content-using-opencyc-in-semantic-web-applications\/\">Free Semantic Content: Using OpenCyc in Semantic Web Applications; tutorial at 7th International Semantic Web Conference, ISWC, October 2008, Karlsruhe, Germany.<\/a> Ljubljana: Jo\u017eef Stefan Institute, Department of knowledge technologies, 2008. [<a href=\"http:\/\/videolectures.net\/iswc08_witbrock_fsc\/\">Watch Video<\/a>]<\/li>\n<\/ul>\n<ul style=\"text-align: justify;\">\n<li><a href=\"https:\/\/ailab.ijs.si\/marko_grobelnik\/\">GROBELNIK, Marko<\/a>, MLADENI\u0106, Dunja. <a href=\"http:\/\/www.ijcai-07.org\/tutorialdesc.php#t15\">Text mining and link analysis for web and semantic web : tutorial at 20th International Joint Conference on Artificial Intelligence 2007, IJCAI 2007, Januar 2007, Hyderabad, India<\/a>. Ljubljana: Jo\u017eef Stefan Institute, 2007.<\/li>\n<\/ul>\n<ul style=\"text-align: justify;\">\n<li>MLADENI\u0106, Dunja. What Semantic Web researchers need to know about Machine Learning? <a href=\"http:\/\/videolectures.net\/iswc07_busan\/\" target=\"_blank\">The 6th International Semantic Web Conference and the 2nd Asian Semantic Web Conference, 2007, ISWC-ASWC, Busan, South Korea.<\/a> Ljubljana: Jo\u017eef Stefan Institute,\u00a0 2007. [<a href=\"http:\/\/videolectures.net\/iswc07_mladenic_wsw\/\">Watch Video<\/a>]<\/li>\n<\/ul>\n<ul style=\"text-align: justify;\">\n<li>MLADENI\u0106, Dunja, <a href=\"https:\/\/ailab.ijs.si\/marko_grobelnik\/\">GROBELNIK, Marko<\/a>, <a href=\"http:\/\/blazfortuna.com\/\">FORTUNA, Bla\u017e<\/a>. <strong>What semantic web researchers need to know about machine learning?<\/strong> : tutorial at Semantic web aplications and perspectives &#8211; SWAP 2007, [and] 4th Italian Semantic Web Workshop, December 2007, Bari. Ljubljana: Jo\u017eef Stefan Institute, 2007.<\/li>\n<\/ul>\n<ul style=\"text-align: justify;\">\n<li>MLADENI\u0106, Dunja, <a href=\"https:\/\/ailab.ijs.si\/marko_grobelnik\/\">GROBELNIK, Marko<\/a>. <a href=\"http:\/\/www.sigkdd.org\/kdd2007\/tutorials.html\">Text mining and link analysis for web and semantic web<\/a>, (<a href=\"http:\/\/www.sigkdd.org\/kdd2007\/tutorials\/t_4_content.pdf\">KDD 2007 tutorial notes, T4<\/a>). [S. l.: s. n.], 2007. [<a href=\"http:\/\/videolectures.net\/kdd07_grobelnik_tmala\/\">Watch Video<\/a>]<\/li>\n<\/ul>\n<ul style=\"text-align: justify;\">\n<li><a href=\"https:\/\/ailab.ijs.si\/marko_grobelnik\/\">G<\/a><a href=\"https:\/\/ailab.ijs.si\/marko_grobelnik\/\">ROBELNIK, Marko<\/a>, MLADENI\u0106, Dunja. <a href=\"http:\/\/www.eswc2005.org\/submissions\/tutorials\/index.html#mining\">Text mining for semiautomatic ontology construction : tutorial at 2nd European Semantic Web Conference 2005, ESWC2005, May 2005, Heraclion, Greece<\/a>. Ljubljana: Jo\u017eef Stefan Institute,\u00a0 2005.<\/li>\n<\/ul>\n<ul style=\"text-align: justify;\">\n<li>MLADENI\u0106, Dunja, <a href=\"https:\/\/ailab.ijs.si\/marko_grobelnik\/\">GROBELNIK, Marko<\/a>. WWW-2004 Tutorial on <strong>Text Mining and Link Analysis for Web Data<\/strong>, World Wide Web Conference, May 2004, New York,USA. Ljubljana: Jo\u017eef Stefan Institute, 2004.<\/li>\n<\/ul>\n<ul style=\"text-align: justify;\">\n<li>MLADENI\u0106, Dunja, <a href=\"https:\/\/ailab.ijs.si\/marko_grobelnik\/\">GROBELNIK, Marko<\/a>. <strong>Text mining : what if your data is made of words?<\/strong> : invited tutorial at ECMl\/PKDD-2001, 12th European Conference on Machine Learning\/5th European Conference on Principles and Practice of Knowledge Discovery in Databases, Freiburg, September 7, 2001.<\/li>\n<\/ul>\n<h5>Video Tutorials &amp; Lectures:<\/h5>\n<p><a href=\"http:\/\/videolectures.net\/iswc07_mladenic_wsw\/\"><img loading=\"lazy\" decoding=\"async\" alt=\"\" src=\"http:\/\/videolectures.net\/iswc07_mladenic_wsw\/thumb.jpg\" width=\"146\" height=\"95\" border=\"0\" \/><\/a> <a href=\"http:\/\/videolectures.net\/ict08_mladenic_rtip\/\"><img loading=\"lazy\" decoding=\"async\" alt=\"\" src=\"http:\/\/videolectures.net\/ict08_mladenic_rtip\/thumb.jpg\" width=\"146\" height=\"95\" border=\"0\" \/> <\/a> <a href=\"http:\/\/videolectures.net\/wict07_mladenic_cecwy\/\"><img loading=\"lazy\" decoding=\"async\" alt=\"\" src=\"http:\/\/videolectures.net\/wict07_mladenic_cecwy\/thumb.jpg\" width=\"146\" height=\"95\" border=\"0\" \/> <\/a><a href=\"http:\/\/videolectures.net\/is02_mladenic_ddsdm\/\"><img loading=\"lazy\" decoding=\"async\" alt=\"\" src=\"http:\/\/videolectures.net\/is02_mladenic_ddsdm\/thumb.jpg\" width=\"146\" height=\"95\" border=\"0\" \/> <\/a><a href=\"http:\/\/videolectures.net\/ekom08_mladenic_kdd\/\"><img loading=\"lazy\" decoding=\"async\" alt=\"\" src=\"http:\/\/videolectures.net\/ekom08_mladenic_kdd\/thumb.jpg\" width=\"146\" height=\"95\" border=\"0\" \/> <\/a><a href=\"http:\/\/videolectures.net\/cov05_mladenic_gi\/\"><img loading=\"lazy\" decoding=\"async\" alt=\"\" src=\"http:\/\/videolectures.net\/cov05_mladenic_gi\/thumb.jpg\" width=\"146\" height=\"95\" border=\"0\" \/><\/a><\/p>\n<p><a href=\"http:\/\/videolectures.net\/dunja_mladenic\/\">More Dunja&#8217;s Videography &gt;&gt;<\/a><\/p>\n","protected":false},"excerpt":{"rendered":"<p>GROBELNIK, Marko, FORTUNA, Bla\u017e, MLADENI\u0106, Dunja, Big Data Analytics, WWW-2013, Rio de Janeiro, Brazil, May 2013. MLADENI\u0106, Dunja, GROBELNIK, Marko, RUSU, Delia, Text Stream Processing, WIMS-2012, Craiova, Romania, June 2012. GROBELNIK, Marko, MLADENI\u0106, Dunja. Text mining and link analysis for web and semantic web : tutorial at 21st International Joint Conference on Artificial Intelligence, IJCAI [&hellip;]<\/p>\n","protected":false},"author":53,"featured_media":0,"parent":0,"menu_order":3,"comment_status":"closed","ping_status":"open","template":"","meta":{"vkexunit_cta_each_option":"","footnotes":"","_links_to":"","_links_to_target":""},"class_list":["post-166","page","type-page","status-publish","hentry"],"_links":{"self":[{"href":"https:\/\/ailab.ijs.si\/dunja_mladenic\/wp-json\/wp\/v2\/pages\/166","targetHints":{"allow":["GET"]}}],"collection":[{"href":"https:\/\/ailab.ijs.si\/dunja_mladenic\/wp-json\/wp\/v2\/pages"}],"about":[{"href":"https:\/\/ailab.ijs.si\/dunja_mladenic\/wp-json\/wp\/v2\/types\/page"}],"author":[{"embeddable":true,"href":"https:\/\/ailab.ijs.si\/dunja_mladenic\/wp-json\/wp\/v2\/users\/53"}],"replies":[{"embeddable":true,"href":"https:\/\/ailab.ijs.si\/dunja_mladenic\/wp-json\/wp\/v2\/comments?post=166"}],"version-history":[{"count":19,"href":"https:\/\/ailab.ijs.si\/dunja_mladenic\/wp-json\/wp\/v2\/pages\/166\/revisions"}],"predecessor-version":[{"id":270,"href":"https:\/\/ailab.ijs.si\/dunja_mladenic\/wp-json\/wp\/v2\/pages\/166\/revisions\/270"}],"wp:attachment":[{"href":"https:\/\/ailab.ijs.si\/dunja_mladenic\/wp-json\/wp\/v2\/media?parent=166"}],"curies":[{"name":"wp","href":"https:\/\/api.w.org\/{rel}","templated":true}]}}