{"id":161,"date":"2011-03-31T10:31:08","date_gmt":"2011-03-31T08:31:08","guid":{"rendered":"http:\/\/ailab.ijs.si\/dunja_mladenic\/"},"modified":"2014-05-19T14:40:13","modified_gmt":"2014-05-19T12:40:13","slug":"books","status":"publish","type":"page","link":"https:\/\/ailab.ijs.si\/dunja_mladenic\/books\/","title":{"rendered":"Books"},"content":{"rendered":"<h5 style=\"text-align: justify\">Data Mining and Machine Learning<\/h5>\n<p><\/p>\n<p style=\"text-align: justify\"><a href=\"http:\/\/www.springer.com\/computer\/database+management+%26+information+retrieval\/book\/978-3-540-74950-9\"><img loading=\"lazy\" decoding=\"async\" class=\"size-full wp-image-237 alignleft\" src=\"https:\/\/ailab.ijs.si\/dunja_mladenic\/files\/2011\/03\/BookSocialWeb.jpg\" alt=\"\" width=\"59\" height=\"96\" \/><\/a>Berendt, Bettina, Hotho, Andreas, Mladeni\u0107, Dunja, Semeraro Giovanni (eds.) <strong>From Web to social Web: discovering and deploying user and content profiles<\/strong>, (Lecture Notes In Artificial Intelligence, Lecture Notes In Computer Science, Vol. 4737). Berlin; Heidelberg; New York: Springer, 2007.<\/p>\n<p><\/br><br \/>\n<\/p>\n<p style=\"text-align: justify\"><a href=\"http:\/\/www.amazon.com\/Web-Mining-Cavtat-Dubrovnik-Artificial-Intelligence\/dp\/3540232583\/ref=sr_1_1?s=books&amp;ie=UTF8&amp;qid=1302163121&amp;sr=1-1\"><img loading=\"lazy\" decoding=\"async\" class=\"size-full wp-image-235 alignleft\" src=\"https:\/\/ailab.ijs.si\/dunja_mladenic\/files\/2011\/03\/BookWebMining.jpg\" alt=\"\" width=\"57\" height=\"94\" \/><\/a>Berendt, Bettina, Hotho, Andreas, Mladeni\u0107, Dunja, Someren, Maarten W. Van, Spiliopoulou, Myra, Stumme, Gerd. (eds.) <strong>Web Mining : From Web To Semantic Web<\/strong>, (Lecture Notes In Artificial Intelligence, Lecture Notes In Computer Science, Vol. 3209). Berlin; Heidelberg; New York: Springer, 2004.<\/p>\n<p><\/br><br \/>\n<\/p>\n<p style=\"text-align: justify\"><a href=\"http:\/\/www.amazon.com\/Data-Mining-Decision-Support-Collaboration\/dp\/1402073887\/ref=sr_1_1?s=books&amp;ie=UTF8&amp;qid=1302161736&amp;sr=1-1\"><img loading=\"lazy\" decoding=\"async\" class=\"size-full wp-image-233 alignleft\" src=\"https:\/\/ailab.ijs.si\/dunja_mladenic\/files\/2011\/03\/BookDataMining.jpg\" alt=\"\" width=\"57\" height=\"92\" \/><\/a>Mladeni\u0107, D. Lavra\u010d, N., Bohanec, M., Moyle, S. (eds.). <strong>Data mining and decision support: integration and collaboration<\/strong>, (The Kluwer international series in engineering and computer science, secs 745). Boston; Dordrecht; London: Kluwer Academic Publishers, 2003.<\/p>\n<p><\/br><br \/>\n<\/br><\/p>\n<h5 style=\"text-align: justify\">Semantic Tehnologies<\/h5>\n<p><\/p>\n<p style=\"text-align: justify\"><a href=\"http:\/\/www.amazon.com\/Semantic-Knowledge-Management-Integrating-Technologies\/dp\/3540888446\"><img loading=\"lazy\" decoding=\"async\" class=\"size-full wp-image-243 alignleft\" src=\"https:\/\/ailab.ijs.si\/dunja_mladenic\/files\/2011\/03\/BookSemanticKnowledge.jpg\" alt=\"\" width=\"57\" height=\"94\" \/><\/a>Davies, John, Grobelnik, Marko, Mladeni\u0107, Dunja (eds.). <strong>Semantic knowledge management: integrating ontology management, knowledge discovery, and human language technology<\/strong>, Berlin; Heidelberg: Springer, 2009.<\/p>\n<p><\/br><br \/>\n<\/br><br \/>\n<\/p>\n<p style=\"text-align: justify\"><a href=\"http:\/\/www.springer.com\/engineering\/mathematical\/book\/978-3-642-01890-9\"><img loading=\"lazy\" decoding=\"async\" class=\"size-full wp-image-239 alignleft\" src=\"https:\/\/ailab.ijs.si\/dunja_mladenic\/files\/2011\/03\/BookSocialSemanticInformation.jpg\" alt=\"\" width=\"59\" height=\"96\" \/><\/a>Berendt, B.; Mladeni\u0107, D.; Gemmis, M.; Semeraro, G.; Spiliopoulou, M.; Stumme, G.; Svatek, V.; \u017delezn\u00fd, F. (eds.) <strong>Knowledge Discovery Enhanced with Semantic and Social Information\u201d<\/strong> , Springer, 2009.<\/p>\n<p><\/br><br \/>\n<\/br><br \/>\n<\/p>\n<p style=\"text-align: justify\"><a href=\"http:\/\/www.springer.com\/computer\/ai\/book\/978-3-540-47697-9\"><img loading=\"lazy\" decoding=\"async\" class=\"size-full wp-image-256 alignleft\" src=\"https:\/\/ailab.ijs.si\/dunja_mladenic\/files\/2011\/03\/BookSemanticWebMining.jpg\" alt=\"\" width=\"59\" height=\"96\" \/><\/a>Berendt, Bettina, Hotho,\u00a0 Andreas, Mladeni\u0107, Dunja, Maarten W. Van, Spiliopoulou, Myra, Stumme, Gerd. (eds.) <strong>Semantics, Web and Mining<\/strong>, (Lecture Notes in Computer Science). Berlin; Heidelberg; New York: Springer, 2006.<\/p>\n<p><\/br><br \/>\n<\/br><\/p>\n<h5 style=\"text-align: justify\">Science and Society<\/h5>\n<p><\/p>\n<p style=\"text-align: justify\"><a href=\"http:\/\/sciencewithart.ijs.si\/pdf\/NationalReportSI_November2007_sl.pdf\"><img loading=\"lazy\" decoding=\"async\" class=\"size-full wp-image-267 alignleft\" src=\"https:\/\/ailab.ijs.si\/dunja_mladenic\/files\/2011\/03\/pdf_picture_report_science_si.jpg\" alt=\"\" width=\"59\" height=\"96\" \/><\/a>Mladeni\u0107, Dunja. <strong>To be or not to be woman in science : discussion on women in science in Slovenia<\/strong>, Ljubljana: Jo\u017eef Stefan Institute, 2007.<\/p>\n<p><\/br><br \/>\n<\/br><br \/>\n<br \/>\n<\/br><\/p>\n<p style=\"text-align: justify\"><a href=\"https:\/\/ailab.ijs.si\/dunja\/CEC-WYS\/NationalReportSI.pdf\"><img loading=\"lazy\" decoding=\"async\" class=\"size-full wp-image-261 alignleft\" src=\"https:\/\/ailab.ijs.si\/dunja_mladenic\/files\/2011\/03\/Mladenic-Enakost-zensk-2006.jpg\" alt=\"\" width=\"59\" height=\"98\" \/><\/a>Mladeni\u0107, Dunja (ed.) <strong>Equality of women and men in science and research of Slovenia<\/strong>, Grosuplje: Partner graf, 2006.<\/p>\n<p><\/br><br \/>\n<\/br><br \/>\n<\/p>\n<p style=\"text-align: justify\"><a href=\"http:\/\/ec.europa.eu\/research\/science-society\/pdf\/enwise_report.pdf\"><img loading=\"lazy\" decoding=\"async\" class=\"size-full wp-image-262 alignleft\" src=\"https:\/\/ailab.ijs.si\/dunja_mladenic\/files\/2011\/03\/Waste-of-talents2004.jpg\" alt=\"\" width=\"59\" height=\"96\" \/><\/a>Blagojevi\u0107, Marina, Bundule, Maija, Burkhardt, Anke, Calloni, Marina, Ergma, Ene, Glover, Judith, Gro\u00f3, D\u00f3ra, Havelkov\u00e1, Hana, Mladeni\u0107, Dunja, Oleksy, El\u017cbieta H., Sretenova, Nikolina, Tripsa, Mioara Florica, Velichov\u00e1, Daniela, Zvinliene, Alina (eds.) <strong>Waste of talents: turning private struggles into a public issue, Women and science in the Enwise countries\u201d, (Science and society). <\/strong>Luxembourg: Office for Official Publications of the European.<\/p>\n<p><\/p>\n","protected":false},"excerpt":{"rendered":"<p>Data Mining and Machine Learning Berendt, Bettina, Hotho, Andreas, Mladeni\u0107, Dunja, Semeraro Giovanni (eds.) From Web to social Web: discovering and deploying user and content profiles, (Lecture Notes In Artificial Intelligence, Lecture Notes In Computer Science, Vol. 4737). Berlin; Heidelberg; New York: Springer, 2007. Berendt, Bettina, Hotho, Andreas, Mladeni\u0107, Dunja, Someren, Maarten W. Van, Spiliopoulou, [&hellip;]<\/p>\n","protected":false},"author":53,"featured_media":0,"parent":0,"menu_order":2,"comment_status":"closed","ping_status":"open","template":"","meta":{"vkexunit_cta_each_option":"","footnotes":"","_links_to":"","_links_to_target":""},"class_list":["post-161","page","type-page","status-publish","hentry"],"_links":{"self":[{"href":"https:\/\/ailab.ijs.si\/dunja_mladenic\/wp-json\/wp\/v2\/pages\/161","targetHints":{"allow":["GET"]}}],"collection":[{"href":"https:\/\/ailab.ijs.si\/dunja_mladenic\/wp-json\/wp\/v2\/pages"}],"about":[{"href":"https:\/\/ailab.ijs.si\/dunja_mladenic\/wp-json\/wp\/v2\/types\/page"}],"author":[{"embeddable":true,"href":"https:\/\/ailab.ijs.si\/dunja_mladenic\/wp-json\/wp\/v2\/users\/53"}],"replies":[{"embeddable":true,"href":"https:\/\/ailab.ijs.si\/dunja_mladenic\/wp-json\/wp\/v2\/comments?post=161"}],"version-history":[{"count":28,"href":"https:\/\/ailab.ijs.si\/dunja_mladenic\/wp-json\/wp\/v2\/pages\/161\/revisions"}],"predecessor-version":[{"id":378,"href":"https:\/\/ailab.ijs.si\/dunja_mladenic\/wp-json\/wp\/v2\/pages\/161\/revisions\/378"}],"wp:attachment":[{"href":"https:\/\/ailab.ijs.si\/dunja_mladenic\/wp-json\/wp\/v2\/media?parent=161"}],"curies":[{"name":"wp","href":"https:\/\/api.w.org\/{rel}","templated":true}]}}